{"id":1951,"date":"2021-01-24T17:44:58","date_gmt":"2021-01-24T16:44:58","guid":{"rendered":"https:\/\/chtululu.be\/?post_type=product&#038;p=1951"},"modified":"2021-03-26T09:51:44","modified_gmt":"2021-03-26T08:51:44","slug":"lelixir-damour","status":"publish","type":"product","link":"https:\/\/chtululu.be\/index.php\/produit\/lelixir-damour\/","title":{"rendered":"L&rsquo;\u00e9lixir d&rsquo;amour (Eric-Emmanuel Schmitt)"},"content":{"rendered":"<p>L&rsquo;\u00e9lixir d&rsquo;amour d&rsquo;Eric-Emmanuel Schmitt<\/p>\n<h3>R\u00e9sum\u00e9<\/h3>\n<p>\u00ab L&rsquo;amour rel\u00e8ve-t-il d&rsquo;un processus chimique ou d&rsquo;un miracle spirituel ? Existe-t-il un moyen infaillible pour d\u00e9clencher la passion, comme l&rsquo;\u00e9lixir qui jadis unit Tristan et Iseult ? Est-on, au contraire, totalement libre d&rsquo;aimer ? \u00bb<br \/>\nAnciens amants, Adam et Louise vivent d\u00e9sormais \u00e0 des milliers de kilom\u00e8tres l&rsquo;un de l&rsquo;autre, lui \u00e0 Paris, elle a Montr\u00e9al. Par lettres, tout en \u00e9voquant les blessures du pass\u00e9 et en s&rsquo;avouant leurs nouvelles aventures, puis se lancent un d\u00e9fi : provoquer l&rsquo;amour. Mais ce jeu ne cache-t-il pas un pi\u00e8ge ?<\/p>\n<p>Observateur pertinent des caprices du c\u0153ur, Eric-Emmanuel Schmitt explore le myst\u00e8re des attirances et des sentiments.<br \/>\n(Quatri\u00e8me de couverture de l&rsquo;\u00e9dition Albin Michel 2014)<\/p>\n","protected":false},"excerpt":{"rendered":"<p>L&rsquo;\u00e9lixir d&rsquo;amour (Eric-Emmanuel Schmitt)<\/p>\n","protected":false},"featured_media":1952,"template":"","meta":{"_acf_changed":false,"_exactmetrics_skip_tracking":false,"_exactmetrics_sitenote_active":false,"_exactmetrics_sitenote_note":"","_exactmetrics_sitenote_category":0},"product_brand":[],"product_cat":[24],"product_tag":[265],"class_list":{"0":"post-1951","1":"product","2":"type-product","3":"status-publish","4":"has-post-thumbnail","6":"product_cat-roman","7":"product_tag-schmitt-eric-emmanuel","9":"first","10":"instock","11":"sold-individually","12":"taxable","13":"shipping-taxable","14":"purchasable","15":"product-type-simple"},"acf":[],"yoast_head":"<!-- This site is optimized with the Yoast SEO plugin v26.6 - https:\/\/yoast.com\/wordpress\/plugins\/seo\/ -->\n<title>L&#039;\u00e9lixir d&#039;amour (Eric-Emmanuel Schmitt) en seconde main au Chtululu<\/title>\n<meta name=\"description\" content=\"L&#039;\u00e9lixir d&#039;amour d&#039;Eric-Emmanuel Schmitt est disponible en seconde main au Chtululu (gare de Soignies). R\u00e9servez-le d\u00e8s maintenant.\" \/>\n<meta name=\"robots\" content=\"index, follow, max-snippet:-1, max-image-preview:large, max-video-preview:-1\" \/>\n<link rel=\"canonical\" href=\"https:\/\/chtululu.be\/index.php\/produit\/lelixir-damour\/\" \/>\n<meta property=\"og:locale\" content=\"fr_FR\" \/>\n<meta property=\"og:type\" content=\"article\" \/>\n<meta property=\"og:title\" content=\"L&#039;\u00e9lixir d&#039;amour (Eric-Emmanuel Schmitt) en seconde main au Chtululu\" \/>\n<meta property=\"og:description\" content=\"L&#039;\u00e9lixir d&#039;amour d&#039;Eric-Emmanuel Schmitt est disponible en seconde main au Chtululu (gare de Soignies). R\u00e9servez-le d\u00e8s maintenant.\" \/>\n<meta property=\"og:url\" content=\"https:\/\/chtululu.be\/index.php\/produit\/lelixir-damour\/\" \/>\n<meta property=\"og:site_name\" content=\"Le Chtululu\" \/>\n<meta property=\"article:modified_time\" content=\"2021-03-26T08:51:44+00:00\" \/>\n<meta property=\"og:image\" content=\"https:\/\/chtululu.be\/wp-content\/uploads\/2021\/01\/IMG_20210124_172924-scaled.jpg\" \/>\n\t<meta property=\"og:image:width\" content=\"1920\" \/>\n\t<meta property=\"og:image:height\" content=\"2560\" \/>\n\t<meta property=\"og:image:type\" content=\"image\/jpeg\" \/>\n<meta name=\"twitter:card\" content=\"summary_large_image\" \/>\n<meta name=\"twitter:label1\" content=\"Dur\u00e9e de lecture estim\u00e9e\" \/>\n\t<meta name=\"twitter:data1\" content=\"1 minute\" \/>\n<script type=\"application\/ld+json\" class=\"yoast-schema-graph\">{\"@context\":\"https:\/\/schema.org\",\"@graph\":[{\"@type\":\"WebPage\",\"@id\":\"https:\/\/chtululu.be\/index.php\/produit\/lelixir-damour\/\",\"url\":\"https:\/\/chtululu.be\/index.php\/produit\/lelixir-damour\/\",\"name\":\"L'\u00e9lixir d'amour (Eric-Emmanuel Schmitt) en seconde main au Chtululu\",\"isPartOf\":{\"@id\":\"https:\/\/chtululu.be\/#website\"},\"primaryImageOfPage\":{\"@id\":\"https:\/\/chtululu.be\/index.php\/produit\/lelixir-damour\/#primaryimage\"},\"image\":{\"@id\":\"https:\/\/chtululu.be\/index.php\/produit\/lelixir-damour\/#primaryimage\"},\"thumbnailUrl\":\"https:\/\/chtululu.be\/wp-content\/uploads\/2021\/01\/IMG_20210124_172924-scaled.jpg\",\"datePublished\":\"2021-01-24T16:44:58+00:00\",\"dateModified\":\"2021-03-26T08:51:44+00:00\",\"description\":\"L'\u00e9lixir d'amour d'Eric-Emmanuel Schmitt est disponible en seconde main au Chtululu (gare de Soignies). R\u00e9servez-le d\u00e8s maintenant.\",\"breadcrumb\":{\"@id\":\"https:\/\/chtululu.be\/index.php\/produit\/lelixir-damour\/#breadcrumb\"},\"inLanguage\":\"fr-FR\",\"potentialAction\":[{\"@type\":\"ReadAction\",\"target\":[\"https:\/\/chtululu.be\/index.php\/produit\/lelixir-damour\/\"]}]},{\"@type\":\"ImageObject\",\"inLanguage\":\"fr-FR\",\"@id\":\"https:\/\/chtululu.be\/index.php\/produit\/lelixir-damour\/#primaryimage\",\"url\":\"https:\/\/chtululu.be\/wp-content\/uploads\/2021\/01\/IMG_20210124_172924-scaled.jpg\",\"contentUrl\":\"https:\/\/chtululu.be\/wp-content\/uploads\/2021\/01\/IMG_20210124_172924-scaled.jpg\",\"width\":1920,\"height\":2560,\"caption\":\"L'\u00e9lixir d'amour\"},{\"@type\":\"BreadcrumbList\",\"@id\":\"https:\/\/chtululu.be\/index.php\/produit\/lelixir-damour\/#breadcrumb\",\"itemListElement\":[{\"@type\":\"ListItem\",\"position\":1,\"name\":\"Accueil\",\"item\":\"https:\/\/chtululu.be\/\"},{\"@type\":\"ListItem\",\"position\":2,\"name\":\"Les livres\",\"item\":\"https:\/\/chtululu.be\/index.php\/livres-doccasion\/\"},{\"@type\":\"ListItem\",\"position\":3,\"name\":\"L&rsquo;\u00e9lixir d&rsquo;amour (Eric-Emmanuel Schmitt)\"}]},{\"@type\":\"WebSite\",\"@id\":\"https:\/\/chtululu.be\/#website\",\"url\":\"https:\/\/chtululu.be\/\",\"name\":\"Le Chtululu\",\"description\":\"Votre librairie de seconde main \u00e0 Soignies\",\"publisher\":{\"@id\":\"https:\/\/chtululu.be\/#organization\"},\"potentialAction\":[{\"@type\":\"SearchAction\",\"target\":{\"@type\":\"EntryPoint\",\"urlTemplate\":\"https:\/\/chtululu.be\/?s={search_term_string}\"},\"query-input\":{\"@type\":\"PropertyValueSpecification\",\"valueRequired\":true,\"valueName\":\"search_term_string\"}}],\"inLanguage\":\"fr-FR\"},{\"@type\":\"Organization\",\"@id\":\"https:\/\/chtululu.be\/#organization\",\"name\":\"Le Chtululu\",\"url\":\"https:\/\/chtululu.be\/\",\"logo\":{\"@type\":\"ImageObject\",\"inLanguage\":\"fr-FR\",\"@id\":\"https:\/\/chtululu.be\/#\/schema\/logo\/image\/\",\"url\":\"https:\/\/chtululu.be\/wp-content\/uploads\/2016\/05\/logo-def-blanc.jpg\",\"contentUrl\":\"https:\/\/chtululu.be\/wp-content\/uploads\/2016\/05\/logo-def-blanc.jpg\",\"width\":2048,\"height\":1901,\"caption\":\"Le Chtululu\"},\"image\":{\"@id\":\"https:\/\/chtululu.be\/#\/schema\/logo\/image\/\"}}]}<\/script>\n<!-- \/ Yoast SEO plugin. -->","yoast_head_json":{"title":"L'\u00e9lixir d'amour (Eric-Emmanuel Schmitt) en seconde main au Chtululu","description":"L'\u00e9lixir d'amour d'Eric-Emmanuel Schmitt est disponible en seconde main au Chtululu (gare de Soignies). R\u00e9servez-le d\u00e8s maintenant.","robots":{"index":"index","follow":"follow","max-snippet":"max-snippet:-1","max-image-preview":"max-image-preview:large","max-video-preview":"max-video-preview:-1"},"canonical":"https:\/\/chtululu.be\/index.php\/produit\/lelixir-damour\/","og_locale":"fr_FR","og_type":"article","og_title":"L'\u00e9lixir d'amour (Eric-Emmanuel Schmitt) en seconde main au Chtululu","og_description":"L'\u00e9lixir d'amour d'Eric-Emmanuel Schmitt est disponible en seconde main au Chtululu (gare de Soignies). R\u00e9servez-le d\u00e8s maintenant.","og_url":"https:\/\/chtululu.be\/index.php\/produit\/lelixir-damour\/","og_site_name":"Le Chtululu","article_modified_time":"2021-03-26T08:51:44+00:00","og_image":[{"width":1920,"height":2560,"url":"https:\/\/chtululu.be\/wp-content\/uploads\/2021\/01\/IMG_20210124_172924-scaled.jpg","type":"image\/jpeg"}],"twitter_card":"summary_large_image","twitter_misc":{"Dur\u00e9e de lecture estim\u00e9e":"1 minute"},"schema":{"@context":"https:\/\/schema.org","@graph":[{"@type":"WebPage","@id":"https:\/\/chtululu.be\/index.php\/produit\/lelixir-damour\/","url":"https:\/\/chtululu.be\/index.php\/produit\/lelixir-damour\/","name":"L'\u00e9lixir d'amour (Eric-Emmanuel Schmitt) en seconde main au Chtululu","isPartOf":{"@id":"https:\/\/chtululu.be\/#website"},"primaryImageOfPage":{"@id":"https:\/\/chtululu.be\/index.php\/produit\/lelixir-damour\/#primaryimage"},"image":{"@id":"https:\/\/chtululu.be\/index.php\/produit\/lelixir-damour\/#primaryimage"},"thumbnailUrl":"https:\/\/chtululu.be\/wp-content\/uploads\/2021\/01\/IMG_20210124_172924-scaled.jpg","datePublished":"2021-01-24T16:44:58+00:00","dateModified":"2021-03-26T08:51:44+00:00","description":"L'\u00e9lixir d'amour d'Eric-Emmanuel Schmitt est disponible en seconde main au Chtululu (gare de Soignies). R\u00e9servez-le d\u00e8s maintenant.","breadcrumb":{"@id":"https:\/\/chtululu.be\/index.php\/produit\/lelixir-damour\/#breadcrumb"},"inLanguage":"fr-FR","potentialAction":[{"@type":"ReadAction","target":["https:\/\/chtululu.be\/index.php\/produit\/lelixir-damour\/"]}]},{"@type":"ImageObject","inLanguage":"fr-FR","@id":"https:\/\/chtululu.be\/index.php\/produit\/lelixir-damour\/#primaryimage","url":"https:\/\/chtululu.be\/wp-content\/uploads\/2021\/01\/IMG_20210124_172924-scaled.jpg","contentUrl":"https:\/\/chtululu.be\/wp-content\/uploads\/2021\/01\/IMG_20210124_172924-scaled.jpg","width":1920,"height":2560,"caption":"L'\u00e9lixir d'amour"},{"@type":"BreadcrumbList","@id":"https:\/\/chtululu.be\/index.php\/produit\/lelixir-damour\/#breadcrumb","itemListElement":[{"@type":"ListItem","position":1,"name":"Accueil","item":"https:\/\/chtululu.be\/"},{"@type":"ListItem","position":2,"name":"Les livres","item":"https:\/\/chtululu.be\/index.php\/livres-doccasion\/"},{"@type":"ListItem","position":3,"name":"L&rsquo;\u00e9lixir d&rsquo;amour (Eric-Emmanuel Schmitt)"}]},{"@type":"WebSite","@id":"https:\/\/chtululu.be\/#website","url":"https:\/\/chtululu.be\/","name":"Le Chtululu","description":"Votre librairie de seconde main \u00e0 Soignies","publisher":{"@id":"https:\/\/chtululu.be\/#organization"},"potentialAction":[{"@type":"SearchAction","target":{"@type":"EntryPoint","urlTemplate":"https:\/\/chtululu.be\/?s={search_term_string}"},"query-input":{"@type":"PropertyValueSpecification","valueRequired":true,"valueName":"search_term_string"}}],"inLanguage":"fr-FR"},{"@type":"Organization","@id":"https:\/\/chtululu.be\/#organization","name":"Le Chtululu","url":"https:\/\/chtululu.be\/","logo":{"@type":"ImageObject","inLanguage":"fr-FR","@id":"https:\/\/chtululu.be\/#\/schema\/logo\/image\/","url":"https:\/\/chtululu.be\/wp-content\/uploads\/2016\/05\/logo-def-blanc.jpg","contentUrl":"https:\/\/chtululu.be\/wp-content\/uploads\/2016\/05\/logo-def-blanc.jpg","width":2048,"height":1901,"caption":"Le Chtululu"},"image":{"@id":"https:\/\/chtululu.be\/#\/schema\/logo\/image\/"}}]}},"_links":{"self":[{"href":"https:\/\/chtululu.be\/index.php\/wp-json\/wp\/v2\/product\/1951","targetHints":{"allow":["GET"]}}],"collection":[{"href":"https:\/\/chtululu.be\/index.php\/wp-json\/wp\/v2\/product"}],"about":[{"href":"https:\/\/chtululu.be\/index.php\/wp-json\/wp\/v2\/types\/product"}],"wp:featuredmedia":[{"embeddable":true,"href":"https:\/\/chtululu.be\/index.php\/wp-json\/wp\/v2\/media\/1952"}],"wp:attachment":[{"href":"https:\/\/chtululu.be\/index.php\/wp-json\/wp\/v2\/media?parent=1951"}],"wp:term":[{"taxonomy":"product_brand","embeddable":true,"href":"https:\/\/chtululu.be\/index.php\/wp-json\/wp\/v2\/product_brand?post=1951"},{"taxonomy":"product_cat","embeddable":true,"href":"https:\/\/chtululu.be\/index.php\/wp-json\/wp\/v2\/product_cat?post=1951"},{"taxonomy":"product_tag","embeddable":true,"href":"https:\/\/chtululu.be\/index.php\/wp-json\/wp\/v2\/product_tag?post=1951"}],"curies":[{"name":"wp","href":"https:\/\/api.w.org\/{rel}","templated":true}]}}