{"id":1903,"date":"2021-01-02T21:09:42","date_gmt":"2021-01-02T20:09:42","guid":{"rendered":"https:\/\/chtululu.be\/?post_type=product&#038;p=1903"},"modified":"2021-03-26T09:52:36","modified_gmt":"2021-03-26T08:52:36","slug":"le-montespan-jean-teule","status":"publish","type":"product","link":"https:\/\/chtululu.be\/index.php\/produit\/le-montespan-jean-teule\/","title":{"rendered":"Le Montespan (Jean Teul\u00e9)"},"content":{"rendered":"<p>Le Montespan de Jean Teul\u00e9<\/p>\n<h3>R\u00e9sum\u00e9 de Le Montespan<\/h3>\n<p>Au temps du Roi-Soleil, avoir sa femme dans le lit du monarque \u00e9tait pour les nobles une source de privil\u00e8ges in\u00e9puisable. Le jour o\u00f9 Louis XIV jeta son d\u00e9volu sur Mme de Montespan, chacun, \u00e0 Versailles, f\u00e9licita le mari de sa bonne fortune. C&rsquo;\u00e9tait mal conna\u00eetre Louis-Henri de Pardaillan, marquis de Montespan&#8230; Gascon fi\u00e9vreux et passionn\u00e9ment amoureux de son \u00e9pouse, Louis-Henri prit tr\u00e8s mal la chose. D\u00e8s qu&rsquo;il eut connaissance de son infortune, il orna son carrosse de cornes gigantesques et entreprit de mener une guerre impitoyable contre l&rsquo;homme qui profanait une union si parfaite. Refusant les honneurs et les pr\u00e9bendes, indiff\u00e9rent aux menaces r\u00e9p\u00e9t\u00e9es, aux proc\u00e8s en tous genres, emprisonnements, ruine ou tentatives d&rsquo;assassinat, il poursuivit de sa haine l&rsquo;homme le plus puissant de la plan\u00e8te pour tenter de r\u00e9cup\u00e9rer sa femme&#8230;<\/p>\n","protected":false},"excerpt":{"rendered":"<p>Le Montespan (Jean Teul\u00e9)<\/p>\n","protected":false},"featured_media":1909,"template":"","meta":{"_acf_changed":false,"_exactmetrics_skip_tracking":false,"_exactmetrics_sitenote_active":false,"_exactmetrics_sitenote_note":"","_exactmetrics_sitenote_category":0},"product_brand":[],"product_cat":[24],"product_tag":[377],"class_list":{"0":"post-1903","1":"product","2":"type-product","3":"status-publish","4":"has-post-thumbnail","6":"product_cat-roman","7":"product_tag-teule-jean","9":"first","10":"instock","11":"taxable","12":"shipping-taxable","13":"purchasable","14":"product-type-simple"},"acf":[],"yoast_head":"<!-- This site is optimized with the Yoast SEO plugin v26.6 - https:\/\/yoast.com\/wordpress\/plugins\/seo\/ -->\n<title>Le Montespan (Jean Teul\u00e9) - Le Chtululu \u00e0 la gare de Soignies<\/title>\n<meta name=\"description\" content=\"Le Montespan de Jean Teul\u00e9 est disponible en seconde main au Chtululu (gare de Soignies). R\u00e9servez-le d\u00e8s \u00e0 pr\u00e9sent ou faites-le vous livrer.\" \/>\n<meta name=\"robots\" content=\"index, follow, max-snippet:-1, max-image-preview:large, max-video-preview:-1\" \/>\n<link rel=\"canonical\" href=\"https:\/\/chtululu.be\/index.php\/produit\/le-montespan-jean-teule\/\" \/>\n<meta property=\"og:locale\" content=\"fr_FR\" \/>\n<meta property=\"og:type\" content=\"article\" \/>\n<meta property=\"og:title\" content=\"Le Montespan (Jean Teul\u00e9) - Le Chtululu \u00e0 la gare de Soignies\" \/>\n<meta property=\"og:description\" content=\"Le Montespan de Jean Teul\u00e9 est disponible en seconde main au Chtululu (gare de Soignies). R\u00e9servez-le d\u00e8s \u00e0 pr\u00e9sent ou faites-le vous livrer.\" \/>\n<meta property=\"og:url\" content=\"https:\/\/chtululu.be\/index.php\/produit\/le-montespan-jean-teule\/\" \/>\n<meta property=\"og:site_name\" content=\"Le Chtululu\" \/>\n<meta property=\"article:modified_time\" content=\"2021-03-26T08:52:36+00:00\" \/>\n<meta property=\"og:image\" content=\"https:\/\/chtululu.be\/wp-content\/uploads\/2021\/01\/teule2.jpg\" \/>\n\t<meta property=\"og:image:width\" content=\"200\" \/>\n\t<meta property=\"og:image:height\" content=\"319\" \/>\n\t<meta property=\"og:image:type\" content=\"image\/jpeg\" \/>\n<meta name=\"twitter:card\" content=\"summary_large_image\" \/>\n<meta name=\"twitter:label1\" content=\"Dur\u00e9e de lecture estim\u00e9e\" \/>\n\t<meta name=\"twitter:data1\" content=\"1 minute\" \/>\n<script type=\"application\/ld+json\" class=\"yoast-schema-graph\">{\"@context\":\"https:\/\/schema.org\",\"@graph\":[{\"@type\":\"WebPage\",\"@id\":\"https:\/\/chtululu.be\/index.php\/produit\/le-montespan-jean-teule\/\",\"url\":\"https:\/\/chtululu.be\/index.php\/produit\/le-montespan-jean-teule\/\",\"name\":\"Le Montespan (Jean Teul\u00e9) - Le Chtululu \u00e0 la gare de Soignies\",\"isPartOf\":{\"@id\":\"https:\/\/chtululu.be\/#website\"},\"primaryImageOfPage\":{\"@id\":\"https:\/\/chtululu.be\/index.php\/produit\/le-montespan-jean-teule\/#primaryimage\"},\"image\":{\"@id\":\"https:\/\/chtululu.be\/index.php\/produit\/le-montespan-jean-teule\/#primaryimage\"},\"thumbnailUrl\":\"https:\/\/chtululu.be\/wp-content\/uploads\/2021\/01\/teule2.jpg\",\"datePublished\":\"2021-01-02T20:09:42+00:00\",\"dateModified\":\"2021-03-26T08:52:36+00:00\",\"description\":\"Le Montespan de Jean Teul\u00e9 est disponible en seconde main au Chtululu (gare de Soignies). R\u00e9servez-le d\u00e8s \u00e0 pr\u00e9sent ou faites-le vous livrer.\",\"breadcrumb\":{\"@id\":\"https:\/\/chtululu.be\/index.php\/produit\/le-montespan-jean-teule\/#breadcrumb\"},\"inLanguage\":\"fr-FR\",\"potentialAction\":[{\"@type\":\"ReadAction\",\"target\":[\"https:\/\/chtululu.be\/index.php\/produit\/le-montespan-jean-teule\/\"]}]},{\"@type\":\"ImageObject\",\"inLanguage\":\"fr-FR\",\"@id\":\"https:\/\/chtululu.be\/index.php\/produit\/le-montespan-jean-teule\/#primaryimage\",\"url\":\"https:\/\/chtululu.be\/wp-content\/uploads\/2021\/01\/teule2.jpg\",\"contentUrl\":\"https:\/\/chtululu.be\/wp-content\/uploads\/2021\/01\/teule2.jpg\",\"width\":200,\"height\":319,\"caption\":\"Le Montespan\"},{\"@type\":\"BreadcrumbList\",\"@id\":\"https:\/\/chtululu.be\/index.php\/produit\/le-montespan-jean-teule\/#breadcrumb\",\"itemListElement\":[{\"@type\":\"ListItem\",\"position\":1,\"name\":\"Accueil\",\"item\":\"https:\/\/chtululu.be\/\"},{\"@type\":\"ListItem\",\"position\":2,\"name\":\"Les livres\",\"item\":\"https:\/\/chtululu.be\/index.php\/livres-doccasion\/\"},{\"@type\":\"ListItem\",\"position\":3,\"name\":\"Le Montespan (Jean Teul\u00e9)\"}]},{\"@type\":\"WebSite\",\"@id\":\"https:\/\/chtululu.be\/#website\",\"url\":\"https:\/\/chtululu.be\/\",\"name\":\"Le Chtululu\",\"description\":\"Votre librairie de seconde main \u00e0 Soignies\",\"publisher\":{\"@id\":\"https:\/\/chtululu.be\/#organization\"},\"potentialAction\":[{\"@type\":\"SearchAction\",\"target\":{\"@type\":\"EntryPoint\",\"urlTemplate\":\"https:\/\/chtululu.be\/?s={search_term_string}\"},\"query-input\":{\"@type\":\"PropertyValueSpecification\",\"valueRequired\":true,\"valueName\":\"search_term_string\"}}],\"inLanguage\":\"fr-FR\"},{\"@type\":\"Organization\",\"@id\":\"https:\/\/chtululu.be\/#organization\",\"name\":\"Le Chtululu\",\"url\":\"https:\/\/chtululu.be\/\",\"logo\":{\"@type\":\"ImageObject\",\"inLanguage\":\"fr-FR\",\"@id\":\"https:\/\/chtululu.be\/#\/schema\/logo\/image\/\",\"url\":\"https:\/\/chtululu.be\/wp-content\/uploads\/2016\/05\/logo-def-blanc.jpg\",\"contentUrl\":\"https:\/\/chtululu.be\/wp-content\/uploads\/2016\/05\/logo-def-blanc.jpg\",\"width\":2048,\"height\":1901,\"caption\":\"Le Chtululu\"},\"image\":{\"@id\":\"https:\/\/chtululu.be\/#\/schema\/logo\/image\/\"}}]}<\/script>\n<!-- \/ Yoast SEO plugin. -->","yoast_head_json":{"title":"Le Montespan (Jean Teul\u00e9) - Le Chtululu \u00e0 la gare de Soignies","description":"Le Montespan de Jean Teul\u00e9 est disponible en seconde main au Chtululu (gare de Soignies). R\u00e9servez-le d\u00e8s \u00e0 pr\u00e9sent ou faites-le vous livrer.","robots":{"index":"index","follow":"follow","max-snippet":"max-snippet:-1","max-image-preview":"max-image-preview:large","max-video-preview":"max-video-preview:-1"},"canonical":"https:\/\/chtululu.be\/index.php\/produit\/le-montespan-jean-teule\/","og_locale":"fr_FR","og_type":"article","og_title":"Le Montespan (Jean Teul\u00e9) - Le Chtululu \u00e0 la gare de Soignies","og_description":"Le Montespan de Jean Teul\u00e9 est disponible en seconde main au Chtululu (gare de Soignies). R\u00e9servez-le d\u00e8s \u00e0 pr\u00e9sent ou faites-le vous livrer.","og_url":"https:\/\/chtululu.be\/index.php\/produit\/le-montespan-jean-teule\/","og_site_name":"Le Chtululu","article_modified_time":"2021-03-26T08:52:36+00:00","og_image":[{"width":200,"height":319,"url":"https:\/\/chtululu.be\/wp-content\/uploads\/2021\/01\/teule2.jpg","type":"image\/jpeg"}],"twitter_card":"summary_large_image","twitter_misc":{"Dur\u00e9e de lecture estim\u00e9e":"1 minute"},"schema":{"@context":"https:\/\/schema.org","@graph":[{"@type":"WebPage","@id":"https:\/\/chtululu.be\/index.php\/produit\/le-montespan-jean-teule\/","url":"https:\/\/chtululu.be\/index.php\/produit\/le-montespan-jean-teule\/","name":"Le Montespan (Jean Teul\u00e9) - Le Chtululu \u00e0 la gare de Soignies","isPartOf":{"@id":"https:\/\/chtululu.be\/#website"},"primaryImageOfPage":{"@id":"https:\/\/chtululu.be\/index.php\/produit\/le-montespan-jean-teule\/#primaryimage"},"image":{"@id":"https:\/\/chtululu.be\/index.php\/produit\/le-montespan-jean-teule\/#primaryimage"},"thumbnailUrl":"https:\/\/chtululu.be\/wp-content\/uploads\/2021\/01\/teule2.jpg","datePublished":"2021-01-02T20:09:42+00:00","dateModified":"2021-03-26T08:52:36+00:00","description":"Le Montespan de Jean Teul\u00e9 est disponible en seconde main au Chtululu (gare de Soignies). R\u00e9servez-le d\u00e8s \u00e0 pr\u00e9sent ou faites-le vous livrer.","breadcrumb":{"@id":"https:\/\/chtululu.be\/index.php\/produit\/le-montespan-jean-teule\/#breadcrumb"},"inLanguage":"fr-FR","potentialAction":[{"@type":"ReadAction","target":["https:\/\/chtululu.be\/index.php\/produit\/le-montespan-jean-teule\/"]}]},{"@type":"ImageObject","inLanguage":"fr-FR","@id":"https:\/\/chtululu.be\/index.php\/produit\/le-montespan-jean-teule\/#primaryimage","url":"https:\/\/chtululu.be\/wp-content\/uploads\/2021\/01\/teule2.jpg","contentUrl":"https:\/\/chtululu.be\/wp-content\/uploads\/2021\/01\/teule2.jpg","width":200,"height":319,"caption":"Le Montespan"},{"@type":"BreadcrumbList","@id":"https:\/\/chtululu.be\/index.php\/produit\/le-montespan-jean-teule\/#breadcrumb","itemListElement":[{"@type":"ListItem","position":1,"name":"Accueil","item":"https:\/\/chtululu.be\/"},{"@type":"ListItem","position":2,"name":"Les livres","item":"https:\/\/chtululu.be\/index.php\/livres-doccasion\/"},{"@type":"ListItem","position":3,"name":"Le Montespan (Jean Teul\u00e9)"}]},{"@type":"WebSite","@id":"https:\/\/chtululu.be\/#website","url":"https:\/\/chtululu.be\/","name":"Le Chtululu","description":"Votre librairie de seconde main \u00e0 Soignies","publisher":{"@id":"https:\/\/chtululu.be\/#organization"},"potentialAction":[{"@type":"SearchAction","target":{"@type":"EntryPoint","urlTemplate":"https:\/\/chtululu.be\/?s={search_term_string}"},"query-input":{"@type":"PropertyValueSpecification","valueRequired":true,"valueName":"search_term_string"}}],"inLanguage":"fr-FR"},{"@type":"Organization","@id":"https:\/\/chtululu.be\/#organization","name":"Le Chtululu","url":"https:\/\/chtululu.be\/","logo":{"@type":"ImageObject","inLanguage":"fr-FR","@id":"https:\/\/chtululu.be\/#\/schema\/logo\/image\/","url":"https:\/\/chtululu.be\/wp-content\/uploads\/2016\/05\/logo-def-blanc.jpg","contentUrl":"https:\/\/chtululu.be\/wp-content\/uploads\/2016\/05\/logo-def-blanc.jpg","width":2048,"height":1901,"caption":"Le Chtululu"},"image":{"@id":"https:\/\/chtululu.be\/#\/schema\/logo\/image\/"}}]}},"_links":{"self":[{"href":"https:\/\/chtululu.be\/index.php\/wp-json\/wp\/v2\/product\/1903","targetHints":{"allow":["GET"]}}],"collection":[{"href":"https:\/\/chtululu.be\/index.php\/wp-json\/wp\/v2\/product"}],"about":[{"href":"https:\/\/chtululu.be\/index.php\/wp-json\/wp\/v2\/types\/product"}],"wp:featuredmedia":[{"embeddable":true,"href":"https:\/\/chtululu.be\/index.php\/wp-json\/wp\/v2\/media\/1909"}],"wp:attachment":[{"href":"https:\/\/chtululu.be\/index.php\/wp-json\/wp\/v2\/media?parent=1903"}],"wp:term":[{"taxonomy":"product_brand","embeddable":true,"href":"https:\/\/chtululu.be\/index.php\/wp-json\/wp\/v2\/product_brand?post=1903"},{"taxonomy":"product_cat","embeddable":true,"href":"https:\/\/chtululu.be\/index.php\/wp-json\/wp\/v2\/product_cat?post=1903"},{"taxonomy":"product_tag","embeddable":true,"href":"https:\/\/chtululu.be\/index.php\/wp-json\/wp\/v2\/product_tag?post=1903"}],"curies":[{"name":"wp","href":"https:\/\/api.w.org\/{rel}","templated":true}]}}