{"id":1886,"date":"2021-01-02T20:30:14","date_gmt":"2021-01-02T19:30:14","guid":{"rendered":"https:\/\/chtululu.be\/?post_type=product&#038;p=1886"},"modified":"2021-03-26T09:53:25","modified_gmt":"2021-03-26T08:53:25","slug":"histoire-do","status":"publish","type":"product","link":"https:\/\/chtululu.be\/index.php\/produit\/histoire-do\/","title":{"rendered":"Histoire d&rsquo;O (Pauline R\u00e9age)"},"content":{"rendered":"<h3>Histoire d&rsquo;O de Pauline R\u00e9age<\/h3>\n<p>Paru en 1954, Histoire d&rsquo;O provoqua l&rsquo;un des scandales les plus retentissants de la litt\u00e9rature fran\u00e7aise contemporaine. D&rsquo;abord interdit, souvent saisi, vendu sous le manteau, ce chef-d&rsquo;\u0153uvre de l&rsquo;\u00e9rotisme est le livre fran\u00e7ais contemporain le plus lu depuis Le Petit Prince de Saint-Exup\u00e9ry. Sans doute l&rsquo;Histoire d&rsquo;O est-elle la plus farouche lettre d&rsquo;amour qu&rsquo;un homme ait jamais re\u00e7ue. Jean Paulhan. Le paradoxe d&rsquo;O est celui de la visionnaire qui mourait de ne pas mourir, c&rsquo;est le martyre o\u00f9 le bourreau est le complice de la victime. Ce livre est le d\u00e9passement de la parole qui est en lui, dans la mesure o\u00f9, \u00e0 lui seul, il se d\u00e9chire, o\u00f9 il r\u00e9sout la fascination de l&rsquo;\u00e9rotisme dans la fascination la plus grande de l&rsquo;impossible. Georges Bataille, La Nouvelle Revue fran\u00e7aise. L&rsquo;\u00e9criture de Pauline R\u00e9age est d&rsquo;une incroyable d\u00e9cence par rapport aux sujets trait\u00e9s. Si ce n&rsquo;est pas la plus grande merveille du livre, ce n&rsquo;en est pas la moindre que cette \u00e9criture-l\u00e0, chaste comme la langue de La Princesse de Cl\u00e8ves, chaude je ne dirai comme quoi, et d&rsquo;une simple densit\u00e9 qui appuie, ou provoque, le mouvement du c\u0153ur. Andr\u00e9 Pieyre de Mandiargues, Critique. &#8211; sur Decitre<\/p>\n","protected":false},"excerpt":{"rendered":"<p>Histoire d&rsquo;O de Pauline R\u00e9age, un classique de la litt\u00e9rature \u00e9rotique.<\/p>\n","protected":false},"featured_media":1887,"template":"","meta":{"_acf_changed":false,"_exactmetrics_skip_tracking":false,"_exactmetrics_sitenote_active":false,"_exactmetrics_sitenote_note":"","_exactmetrics_sitenote_category":0},"product_brand":[],"product_cat":[368],"product_tag":[372],"class_list":{"0":"post-1886","1":"product","2":"type-product","3":"status-publish","4":"has-post-thumbnail","6":"product_cat-erotique","7":"product_tag-reage-pauline","9":"first","10":"instock","11":"taxable","12":"shipping-taxable","13":"purchasable","14":"product-type-simple"},"acf":[],"yoast_head":"<!-- This site is optimized with the Yoast SEO plugin v26.6 - https:\/\/yoast.com\/wordpress\/plugins\/seo\/ -->\n<title>Histoire d&#039;O de Pauline R\u00e9age, classique \u00e9rotique au Chtululu (Soignies)<\/title>\n<meta name=\"description\" content=\"Histoire d&#039;O de Pauline R\u00e9age est un classique de la litt\u00e9rature \u00e9rotique et est disponible en seconde main au Chtululu (Soignies).\" \/>\n<meta name=\"robots\" content=\"index, follow, max-snippet:-1, max-image-preview:large, max-video-preview:-1\" \/>\n<link rel=\"canonical\" href=\"https:\/\/chtululu.be\/index.php\/produit\/histoire-do\/\" \/>\n<meta property=\"og:locale\" content=\"fr_FR\" \/>\n<meta property=\"og:type\" content=\"article\" \/>\n<meta property=\"og:title\" content=\"Histoire d&#039;O de Pauline R\u00e9age, classique \u00e9rotique au Chtululu (Soignies)\" \/>\n<meta property=\"og:description\" content=\"Histoire d&#039;O de Pauline R\u00e9age est un classique de la litt\u00e9rature \u00e9rotique et est disponible en seconde main au Chtululu (Soignies).\" \/>\n<meta property=\"og:url\" content=\"https:\/\/chtululu.be\/index.php\/produit\/histoire-do\/\" \/>\n<meta property=\"og:site_name\" content=\"Le Chtululu\" \/>\n<meta property=\"article:modified_time\" content=\"2021-03-26T08:53:25+00:00\" \/>\n<meta property=\"og:image\" content=\"https:\/\/chtululu.be\/wp-content\/uploads\/2021\/01\/o.jpg\" \/>\n\t<meta property=\"og:image:width\" content=\"360\" \/>\n\t<meta property=\"og:image:height\" content=\"480\" \/>\n\t<meta property=\"og:image:type\" content=\"image\/jpeg\" \/>\n<meta name=\"twitter:card\" content=\"summary_large_image\" \/>\n<meta name=\"twitter:label1\" content=\"Dur\u00e9e de lecture estim\u00e9e\" \/>\n\t<meta name=\"twitter:data1\" content=\"1 minute\" \/>\n<script type=\"application\/ld+json\" class=\"yoast-schema-graph\">{\"@context\":\"https:\/\/schema.org\",\"@graph\":[{\"@type\":\"WebPage\",\"@id\":\"https:\/\/chtululu.be\/index.php\/produit\/histoire-do\/\",\"url\":\"https:\/\/chtululu.be\/index.php\/produit\/histoire-do\/\",\"name\":\"Histoire d'O de Pauline R\u00e9age, classique \u00e9rotique au Chtululu (Soignies)\",\"isPartOf\":{\"@id\":\"https:\/\/chtululu.be\/#website\"},\"primaryImageOfPage\":{\"@id\":\"https:\/\/chtululu.be\/index.php\/produit\/histoire-do\/#primaryimage\"},\"image\":{\"@id\":\"https:\/\/chtululu.be\/index.php\/produit\/histoire-do\/#primaryimage\"},\"thumbnailUrl\":\"https:\/\/chtululu.be\/wp-content\/uploads\/2021\/01\/o.jpg\",\"datePublished\":\"2021-01-02T19:30:14+00:00\",\"dateModified\":\"2021-03-26T08:53:25+00:00\",\"description\":\"Histoire d'O de Pauline R\u00e9age est un classique de la litt\u00e9rature \u00e9rotique et est disponible en seconde main au Chtululu (Soignies).\",\"breadcrumb\":{\"@id\":\"https:\/\/chtululu.be\/index.php\/produit\/histoire-do\/#breadcrumb\"},\"inLanguage\":\"fr-FR\",\"potentialAction\":[{\"@type\":\"ReadAction\",\"target\":[\"https:\/\/chtululu.be\/index.php\/produit\/histoire-do\/\"]}]},{\"@type\":\"ImageObject\",\"inLanguage\":\"fr-FR\",\"@id\":\"https:\/\/chtululu.be\/index.php\/produit\/histoire-do\/#primaryimage\",\"url\":\"https:\/\/chtululu.be\/wp-content\/uploads\/2021\/01\/o.jpg\",\"contentUrl\":\"https:\/\/chtululu.be\/wp-content\/uploads\/2021\/01\/o.jpg\",\"width\":360,\"height\":480,\"caption\":\"Histoire d'O\"},{\"@type\":\"BreadcrumbList\",\"@id\":\"https:\/\/chtululu.be\/index.php\/produit\/histoire-do\/#breadcrumb\",\"itemListElement\":[{\"@type\":\"ListItem\",\"position\":1,\"name\":\"Accueil\",\"item\":\"https:\/\/chtululu.be\/\"},{\"@type\":\"ListItem\",\"position\":2,\"name\":\"Les livres\",\"item\":\"https:\/\/chtululu.be\/index.php\/livres-doccasion\/\"},{\"@type\":\"ListItem\",\"position\":3,\"name\":\"Histoire d&rsquo;O (Pauline R\u00e9age)\"}]},{\"@type\":\"WebSite\",\"@id\":\"https:\/\/chtululu.be\/#website\",\"url\":\"https:\/\/chtululu.be\/\",\"name\":\"Le Chtululu\",\"description\":\"Votre librairie de seconde main \u00e0 Soignies\",\"publisher\":{\"@id\":\"https:\/\/chtululu.be\/#organization\"},\"potentialAction\":[{\"@type\":\"SearchAction\",\"target\":{\"@type\":\"EntryPoint\",\"urlTemplate\":\"https:\/\/chtululu.be\/?s={search_term_string}\"},\"query-input\":{\"@type\":\"PropertyValueSpecification\",\"valueRequired\":true,\"valueName\":\"search_term_string\"}}],\"inLanguage\":\"fr-FR\"},{\"@type\":\"Organization\",\"@id\":\"https:\/\/chtululu.be\/#organization\",\"name\":\"Le Chtululu\",\"url\":\"https:\/\/chtululu.be\/\",\"logo\":{\"@type\":\"ImageObject\",\"inLanguage\":\"fr-FR\",\"@id\":\"https:\/\/chtululu.be\/#\/schema\/logo\/image\/\",\"url\":\"https:\/\/chtululu.be\/wp-content\/uploads\/2016\/05\/logo-def-blanc.jpg\",\"contentUrl\":\"https:\/\/chtululu.be\/wp-content\/uploads\/2016\/05\/logo-def-blanc.jpg\",\"width\":2048,\"height\":1901,\"caption\":\"Le Chtululu\"},\"image\":{\"@id\":\"https:\/\/chtululu.be\/#\/schema\/logo\/image\/\"}}]}<\/script>\n<!-- \/ Yoast SEO plugin. -->","yoast_head_json":{"title":"Histoire d'O de Pauline R\u00e9age, classique \u00e9rotique au Chtululu (Soignies)","description":"Histoire d'O de Pauline R\u00e9age est un classique de la litt\u00e9rature \u00e9rotique et est disponible en seconde main au Chtululu (Soignies).","robots":{"index":"index","follow":"follow","max-snippet":"max-snippet:-1","max-image-preview":"max-image-preview:large","max-video-preview":"max-video-preview:-1"},"canonical":"https:\/\/chtululu.be\/index.php\/produit\/histoire-do\/","og_locale":"fr_FR","og_type":"article","og_title":"Histoire d'O de Pauline R\u00e9age, classique \u00e9rotique au Chtululu (Soignies)","og_description":"Histoire d'O de Pauline R\u00e9age est un classique de la litt\u00e9rature \u00e9rotique et est disponible en seconde main au Chtululu (Soignies).","og_url":"https:\/\/chtululu.be\/index.php\/produit\/histoire-do\/","og_site_name":"Le Chtululu","article_modified_time":"2021-03-26T08:53:25+00:00","og_image":[{"width":360,"height":480,"url":"https:\/\/chtululu.be\/wp-content\/uploads\/2021\/01\/o.jpg","type":"image\/jpeg"}],"twitter_card":"summary_large_image","twitter_misc":{"Dur\u00e9e de lecture estim\u00e9e":"1 minute"},"schema":{"@context":"https:\/\/schema.org","@graph":[{"@type":"WebPage","@id":"https:\/\/chtululu.be\/index.php\/produit\/histoire-do\/","url":"https:\/\/chtululu.be\/index.php\/produit\/histoire-do\/","name":"Histoire d'O de Pauline R\u00e9age, classique \u00e9rotique au Chtululu (Soignies)","isPartOf":{"@id":"https:\/\/chtululu.be\/#website"},"primaryImageOfPage":{"@id":"https:\/\/chtululu.be\/index.php\/produit\/histoire-do\/#primaryimage"},"image":{"@id":"https:\/\/chtululu.be\/index.php\/produit\/histoire-do\/#primaryimage"},"thumbnailUrl":"https:\/\/chtululu.be\/wp-content\/uploads\/2021\/01\/o.jpg","datePublished":"2021-01-02T19:30:14+00:00","dateModified":"2021-03-26T08:53:25+00:00","description":"Histoire d'O de Pauline R\u00e9age est un classique de la litt\u00e9rature \u00e9rotique et est disponible en seconde main au Chtululu (Soignies).","breadcrumb":{"@id":"https:\/\/chtululu.be\/index.php\/produit\/histoire-do\/#breadcrumb"},"inLanguage":"fr-FR","potentialAction":[{"@type":"ReadAction","target":["https:\/\/chtululu.be\/index.php\/produit\/histoire-do\/"]}]},{"@type":"ImageObject","inLanguage":"fr-FR","@id":"https:\/\/chtululu.be\/index.php\/produit\/histoire-do\/#primaryimage","url":"https:\/\/chtululu.be\/wp-content\/uploads\/2021\/01\/o.jpg","contentUrl":"https:\/\/chtululu.be\/wp-content\/uploads\/2021\/01\/o.jpg","width":360,"height":480,"caption":"Histoire d'O"},{"@type":"BreadcrumbList","@id":"https:\/\/chtululu.be\/index.php\/produit\/histoire-do\/#breadcrumb","itemListElement":[{"@type":"ListItem","position":1,"name":"Accueil","item":"https:\/\/chtululu.be\/"},{"@type":"ListItem","position":2,"name":"Les livres","item":"https:\/\/chtululu.be\/index.php\/livres-doccasion\/"},{"@type":"ListItem","position":3,"name":"Histoire d&rsquo;O (Pauline R\u00e9age)"}]},{"@type":"WebSite","@id":"https:\/\/chtululu.be\/#website","url":"https:\/\/chtululu.be\/","name":"Le Chtululu","description":"Votre librairie de seconde main \u00e0 Soignies","publisher":{"@id":"https:\/\/chtululu.be\/#organization"},"potentialAction":[{"@type":"SearchAction","target":{"@type":"EntryPoint","urlTemplate":"https:\/\/chtululu.be\/?s={search_term_string}"},"query-input":{"@type":"PropertyValueSpecification","valueRequired":true,"valueName":"search_term_string"}}],"inLanguage":"fr-FR"},{"@type":"Organization","@id":"https:\/\/chtululu.be\/#organization","name":"Le Chtululu","url":"https:\/\/chtululu.be\/","logo":{"@type":"ImageObject","inLanguage":"fr-FR","@id":"https:\/\/chtululu.be\/#\/schema\/logo\/image\/","url":"https:\/\/chtululu.be\/wp-content\/uploads\/2016\/05\/logo-def-blanc.jpg","contentUrl":"https:\/\/chtululu.be\/wp-content\/uploads\/2016\/05\/logo-def-blanc.jpg","width":2048,"height":1901,"caption":"Le Chtululu"},"image":{"@id":"https:\/\/chtululu.be\/#\/schema\/logo\/image\/"}}]}},"_links":{"self":[{"href":"https:\/\/chtululu.be\/index.php\/wp-json\/wp\/v2\/product\/1886","targetHints":{"allow":["GET"]}}],"collection":[{"href":"https:\/\/chtululu.be\/index.php\/wp-json\/wp\/v2\/product"}],"about":[{"href":"https:\/\/chtululu.be\/index.php\/wp-json\/wp\/v2\/types\/product"}],"wp:featuredmedia":[{"embeddable":true,"href":"https:\/\/chtululu.be\/index.php\/wp-json\/wp\/v2\/media\/1887"}],"wp:attachment":[{"href":"https:\/\/chtululu.be\/index.php\/wp-json\/wp\/v2\/media?parent=1886"}],"wp:term":[{"taxonomy":"product_brand","embeddable":true,"href":"https:\/\/chtululu.be\/index.php\/wp-json\/wp\/v2\/product_brand?post=1886"},{"taxonomy":"product_cat","embeddable":true,"href":"https:\/\/chtululu.be\/index.php\/wp-json\/wp\/v2\/product_cat?post=1886"},{"taxonomy":"product_tag","embeddable":true,"href":"https:\/\/chtululu.be\/index.php\/wp-json\/wp\/v2\/product_tag?post=1886"}],"curies":[{"name":"wp","href":"https:\/\/api.w.org\/{rel}","templated":true}]}}