{"id":1879,"date":"2021-01-01T20:47:14","date_gmt":"2021-01-01T19:47:14","guid":{"rendered":"https:\/\/chtululu.be\/?post_type=product&#038;p=1879"},"modified":"2021-03-26T09:53:34","modified_gmt":"2021-03-26T08:53:34","slug":"love-redemption","status":"publish","type":"product","link":"https:\/\/chtululu.be\/index.php\/produit\/love-redemption\/","title":{"rendered":"Love redemption (Laura Brown)"},"content":{"rendered":"<p>Love redemption (Laura Brown) &#8211; Hugo New adult<\/p>\n<h3>R\u00e9sum\u00e9 de Love redemption<\/h3>\n<p>Seules les histoires d&rsquo;amour qui peuvent nous blesser m\u00e9ritent d&rsquo;\u00eatre v\u00e9cues<\/p>\n<p>Ne rien attendre de personne et contr\u00f4ler chaque aspect de sa vie, c\u2019est le seul moyen que Carli a trouv\u00e9 de se prot\u00e9ger. Alors oui, \u00e7a veut dire laisser la peur guider ses choix, mais dans un monde o\u00f9 elle n\u2019a jamais r\u00e9ussi \u00e0 s\u2019int\u00e9grer en tant que malentendante, \u00e7a veut surtout dire survivre, tout simplement. Mais \u00e7a, c\u2019\u00e9tait avant de rencontrer Reed, avec son charme \u00e0 couper le souffle et sa fa\u00e7on intense de la regarder\u2026 D\u00e9sormais, survivre ne suffit plus. Carli veut vivre. Seulement elle n\u2019a jamais eu aussi peur de sa vie. Car prendre le risque de vivre, c\u2019est aussi prendre celui de tout perdre\u2026 y compris Reed.<\/p>\n","protected":false},"excerpt":{"rendered":"<p>Love redemption (Laura Brown) &#8211; Hugo New adult<\/p>\n","protected":false},"featured_media":1880,"template":"","meta":{"_acf_changed":false,"_exactmetrics_skip_tracking":false,"_exactmetrics_sitenote_active":false,"_exactmetrics_sitenote_note":"","_exactmetrics_sitenote_category":0},"product_brand":[],"product_cat":[368],"product_tag":[371],"class_list":{"0":"post-1879","1":"product","2":"type-product","3":"status-publish","4":"has-post-thumbnail","6":"product_cat-erotique","7":"product_tag-brown-laura","9":"first","10":"instock","11":"taxable","12":"shipping-taxable","13":"purchasable","14":"product-type-simple"},"acf":[],"yoast_head":"<!-- This site is optimized with the Yoast SEO plugin v26.6 - https:\/\/yoast.com\/wordpress\/plugins\/seo\/ -->\n<title>Love redemption (Laura Brown) en seconde main au Chtululu<\/title>\n<meta name=\"description\" content=\"Love redemption de Laura Brown en seconde main est disponible au Chtululu (Soignies). Commandez, r\u00e9servez ce livre ou d&#039;autres en Young Adult\" \/>\n<meta name=\"robots\" content=\"index, follow, max-snippet:-1, max-image-preview:large, max-video-preview:-1\" \/>\n<link rel=\"canonical\" href=\"https:\/\/chtululu.be\/index.php\/produit\/love-redemption\/\" \/>\n<meta property=\"og:locale\" content=\"fr_FR\" \/>\n<meta property=\"og:type\" content=\"article\" \/>\n<meta property=\"og:title\" content=\"Love redemption (Laura Brown) en seconde main au Chtululu\" \/>\n<meta property=\"og:description\" content=\"Love redemption de Laura Brown en seconde main est disponible au Chtululu (Soignies). Commandez, r\u00e9servez ce livre ou d&#039;autres en Young Adult\" \/>\n<meta property=\"og:url\" content=\"https:\/\/chtululu.be\/index.php\/produit\/love-redemption\/\" \/>\n<meta property=\"og:site_name\" content=\"Le Chtululu\" \/>\n<meta property=\"article:modified_time\" content=\"2021-03-26T08:53:34+00:00\" \/>\n<meta property=\"og:image\" content=\"https:\/\/chtululu.be\/wp-content\/uploads\/2021\/01\/love-scaled.jpg\" \/>\n\t<meta property=\"og:image:width\" content=\"1920\" \/>\n\t<meta property=\"og:image:height\" content=\"2560\" \/>\n\t<meta property=\"og:image:type\" content=\"image\/jpeg\" \/>\n<meta name=\"twitter:card\" content=\"summary_large_image\" \/>\n<meta name=\"twitter:label1\" content=\"Dur\u00e9e de lecture estim\u00e9e\" \/>\n\t<meta name=\"twitter:data1\" content=\"1 minute\" \/>\n<script type=\"application\/ld+json\" class=\"yoast-schema-graph\">{\"@context\":\"https:\/\/schema.org\",\"@graph\":[{\"@type\":\"WebPage\",\"@id\":\"https:\/\/chtululu.be\/index.php\/produit\/love-redemption\/\",\"url\":\"https:\/\/chtululu.be\/index.php\/produit\/love-redemption\/\",\"name\":\"Love redemption (Laura Brown) en seconde main au Chtululu\",\"isPartOf\":{\"@id\":\"https:\/\/chtululu.be\/#website\"},\"primaryImageOfPage\":{\"@id\":\"https:\/\/chtululu.be\/index.php\/produit\/love-redemption\/#primaryimage\"},\"image\":{\"@id\":\"https:\/\/chtululu.be\/index.php\/produit\/love-redemption\/#primaryimage\"},\"thumbnailUrl\":\"https:\/\/chtululu.be\/wp-content\/uploads\/2021\/01\/love-scaled.jpg\",\"datePublished\":\"2021-01-01T19:47:14+00:00\",\"dateModified\":\"2021-03-26T08:53:34+00:00\",\"description\":\"Love redemption de Laura Brown en seconde main est disponible au Chtululu (Soignies). Commandez, r\u00e9servez ce livre ou d'autres en Young Adult\",\"breadcrumb\":{\"@id\":\"https:\/\/chtululu.be\/index.php\/produit\/love-redemption\/#breadcrumb\"},\"inLanguage\":\"fr-FR\",\"potentialAction\":[{\"@type\":\"ReadAction\",\"target\":[\"https:\/\/chtululu.be\/index.php\/produit\/love-redemption\/\"]}]},{\"@type\":\"ImageObject\",\"inLanguage\":\"fr-FR\",\"@id\":\"https:\/\/chtululu.be\/index.php\/produit\/love-redemption\/#primaryimage\",\"url\":\"https:\/\/chtululu.be\/wp-content\/uploads\/2021\/01\/love-scaled.jpg\",\"contentUrl\":\"https:\/\/chtululu.be\/wp-content\/uploads\/2021\/01\/love-scaled.jpg\",\"width\":1920,\"height\":2560,\"caption\":\"Love redemption\"},{\"@type\":\"BreadcrumbList\",\"@id\":\"https:\/\/chtululu.be\/index.php\/produit\/love-redemption\/#breadcrumb\",\"itemListElement\":[{\"@type\":\"ListItem\",\"position\":1,\"name\":\"Accueil\",\"item\":\"https:\/\/chtululu.be\/\"},{\"@type\":\"ListItem\",\"position\":2,\"name\":\"Les livres\",\"item\":\"https:\/\/chtululu.be\/index.php\/livres-doccasion\/\"},{\"@type\":\"ListItem\",\"position\":3,\"name\":\"Love redemption (Laura Brown)\"}]},{\"@type\":\"WebSite\",\"@id\":\"https:\/\/chtululu.be\/#website\",\"url\":\"https:\/\/chtululu.be\/\",\"name\":\"Le Chtululu\",\"description\":\"Votre librairie de seconde main \u00e0 Soignies\",\"publisher\":{\"@id\":\"https:\/\/chtululu.be\/#organization\"},\"potentialAction\":[{\"@type\":\"SearchAction\",\"target\":{\"@type\":\"EntryPoint\",\"urlTemplate\":\"https:\/\/chtululu.be\/?s={search_term_string}\"},\"query-input\":{\"@type\":\"PropertyValueSpecification\",\"valueRequired\":true,\"valueName\":\"search_term_string\"}}],\"inLanguage\":\"fr-FR\"},{\"@type\":\"Organization\",\"@id\":\"https:\/\/chtululu.be\/#organization\",\"name\":\"Le Chtululu\",\"url\":\"https:\/\/chtululu.be\/\",\"logo\":{\"@type\":\"ImageObject\",\"inLanguage\":\"fr-FR\",\"@id\":\"https:\/\/chtululu.be\/#\/schema\/logo\/image\/\",\"url\":\"https:\/\/chtululu.be\/wp-content\/uploads\/2016\/05\/logo-def-blanc.jpg\",\"contentUrl\":\"https:\/\/chtululu.be\/wp-content\/uploads\/2016\/05\/logo-def-blanc.jpg\",\"width\":2048,\"height\":1901,\"caption\":\"Le Chtululu\"},\"image\":{\"@id\":\"https:\/\/chtululu.be\/#\/schema\/logo\/image\/\"}}]}<\/script>\n<!-- \/ Yoast SEO plugin. -->","yoast_head_json":{"title":"Love redemption (Laura Brown) en seconde main au Chtululu","description":"Love redemption de Laura Brown en seconde main est disponible au Chtululu (Soignies). Commandez, r\u00e9servez ce livre ou d'autres en Young Adult","robots":{"index":"index","follow":"follow","max-snippet":"max-snippet:-1","max-image-preview":"max-image-preview:large","max-video-preview":"max-video-preview:-1"},"canonical":"https:\/\/chtululu.be\/index.php\/produit\/love-redemption\/","og_locale":"fr_FR","og_type":"article","og_title":"Love redemption (Laura Brown) en seconde main au Chtululu","og_description":"Love redemption de Laura Brown en seconde main est disponible au Chtululu (Soignies). Commandez, r\u00e9servez ce livre ou d'autres en Young Adult","og_url":"https:\/\/chtululu.be\/index.php\/produit\/love-redemption\/","og_site_name":"Le Chtululu","article_modified_time":"2021-03-26T08:53:34+00:00","og_image":[{"width":1920,"height":2560,"url":"https:\/\/chtululu.be\/wp-content\/uploads\/2021\/01\/love-scaled.jpg","type":"image\/jpeg"}],"twitter_card":"summary_large_image","twitter_misc":{"Dur\u00e9e de lecture estim\u00e9e":"1 minute"},"schema":{"@context":"https:\/\/schema.org","@graph":[{"@type":"WebPage","@id":"https:\/\/chtululu.be\/index.php\/produit\/love-redemption\/","url":"https:\/\/chtululu.be\/index.php\/produit\/love-redemption\/","name":"Love redemption (Laura Brown) en seconde main au Chtululu","isPartOf":{"@id":"https:\/\/chtululu.be\/#website"},"primaryImageOfPage":{"@id":"https:\/\/chtululu.be\/index.php\/produit\/love-redemption\/#primaryimage"},"image":{"@id":"https:\/\/chtululu.be\/index.php\/produit\/love-redemption\/#primaryimage"},"thumbnailUrl":"https:\/\/chtululu.be\/wp-content\/uploads\/2021\/01\/love-scaled.jpg","datePublished":"2021-01-01T19:47:14+00:00","dateModified":"2021-03-26T08:53:34+00:00","description":"Love redemption de Laura Brown en seconde main est disponible au Chtululu (Soignies). Commandez, r\u00e9servez ce livre ou d'autres en Young Adult","breadcrumb":{"@id":"https:\/\/chtululu.be\/index.php\/produit\/love-redemption\/#breadcrumb"},"inLanguage":"fr-FR","potentialAction":[{"@type":"ReadAction","target":["https:\/\/chtululu.be\/index.php\/produit\/love-redemption\/"]}]},{"@type":"ImageObject","inLanguage":"fr-FR","@id":"https:\/\/chtululu.be\/index.php\/produit\/love-redemption\/#primaryimage","url":"https:\/\/chtululu.be\/wp-content\/uploads\/2021\/01\/love-scaled.jpg","contentUrl":"https:\/\/chtululu.be\/wp-content\/uploads\/2021\/01\/love-scaled.jpg","width":1920,"height":2560,"caption":"Love redemption"},{"@type":"BreadcrumbList","@id":"https:\/\/chtululu.be\/index.php\/produit\/love-redemption\/#breadcrumb","itemListElement":[{"@type":"ListItem","position":1,"name":"Accueil","item":"https:\/\/chtululu.be\/"},{"@type":"ListItem","position":2,"name":"Les livres","item":"https:\/\/chtululu.be\/index.php\/livres-doccasion\/"},{"@type":"ListItem","position":3,"name":"Love redemption (Laura Brown)"}]},{"@type":"WebSite","@id":"https:\/\/chtululu.be\/#website","url":"https:\/\/chtululu.be\/","name":"Le Chtululu","description":"Votre librairie de seconde main \u00e0 Soignies","publisher":{"@id":"https:\/\/chtululu.be\/#organization"},"potentialAction":[{"@type":"SearchAction","target":{"@type":"EntryPoint","urlTemplate":"https:\/\/chtululu.be\/?s={search_term_string}"},"query-input":{"@type":"PropertyValueSpecification","valueRequired":true,"valueName":"search_term_string"}}],"inLanguage":"fr-FR"},{"@type":"Organization","@id":"https:\/\/chtululu.be\/#organization","name":"Le Chtululu","url":"https:\/\/chtululu.be\/","logo":{"@type":"ImageObject","inLanguage":"fr-FR","@id":"https:\/\/chtululu.be\/#\/schema\/logo\/image\/","url":"https:\/\/chtululu.be\/wp-content\/uploads\/2016\/05\/logo-def-blanc.jpg","contentUrl":"https:\/\/chtululu.be\/wp-content\/uploads\/2016\/05\/logo-def-blanc.jpg","width":2048,"height":1901,"caption":"Le Chtululu"},"image":{"@id":"https:\/\/chtululu.be\/#\/schema\/logo\/image\/"}}]}},"_links":{"self":[{"href":"https:\/\/chtululu.be\/index.php\/wp-json\/wp\/v2\/product\/1879","targetHints":{"allow":["GET"]}}],"collection":[{"href":"https:\/\/chtululu.be\/index.php\/wp-json\/wp\/v2\/product"}],"about":[{"href":"https:\/\/chtululu.be\/index.php\/wp-json\/wp\/v2\/types\/product"}],"wp:featuredmedia":[{"embeddable":true,"href":"https:\/\/chtululu.be\/index.php\/wp-json\/wp\/v2\/media\/1880"}],"wp:attachment":[{"href":"https:\/\/chtululu.be\/index.php\/wp-json\/wp\/v2\/media?parent=1879"}],"wp:term":[{"taxonomy":"product_brand","embeddable":true,"href":"https:\/\/chtululu.be\/index.php\/wp-json\/wp\/v2\/product_brand?post=1879"},{"taxonomy":"product_cat","embeddable":true,"href":"https:\/\/chtululu.be\/index.php\/wp-json\/wp\/v2\/product_cat?post=1879"},{"taxonomy":"product_tag","embeddable":true,"href":"https:\/\/chtululu.be\/index.php\/wp-json\/wp\/v2\/product_tag?post=1879"}],"curies":[{"name":"wp","href":"https:\/\/api.w.org\/{rel}","templated":true}]}}