{"id":1876,"date":"2021-01-01T20:43:19","date_gmt":"2021-01-01T19:43:19","guid":{"rendered":"https:\/\/chtululu.be\/?post_type=product&#038;p=1876"},"modified":"2021-03-26T09:53:44","modified_gmt":"2021-03-26T08:53:44","slug":"indecise","status":"publish","type":"product","link":"https:\/\/chtululu.be\/index.php\/produit\/indecise\/","title":{"rendered":"Ind\u00e9cise (S. C. Stephens)"},"content":{"rendered":"<p>Ind\u00e9cise (S. C. Stephens) Tome 1 de la trilogie Thoughtless &#8211; Hugo Roman<\/p>\n<h3>R\u00e9sum\u00e9 de Ind\u00e9cise<\/h3>\n<p>Depuis pr\u00e8s de deux ans, Kiera a une relation amoureuse paisible avec Denny, petit ami attentionn\u00e9, tendre et d\u00e9vou\u00e9e. Une vie de couple parfaite s\u2019annonce. Mais rien n\u2019est jamais si simple en amour\u2026 Lorsque Denny obtient le job de ses r\u00eaves, Kiera le suit \u00e0 l\u2019autre bout du pays et poursuit ses \u00e9tudes. Ils font alors une collocation avec Kellan, chanteur de rock et incorrigible tombeur. Kiera, serveuse dans ce m\u00eame bar, est troubl\u00e9e par ses regards appuy\u00e9s, au point que son gentil petit ami lui semble bien fade. Ce dernier, gar\u00e7on studieux et courageux, ne manque pourtant pas de qualit\u00e9s. Quand Denny annonce qu\u2019il doit partir deux mois pour son travail, c\u2019est Kellan qui console Kiera. En ami\u2026 Une amiti\u00e9 qui aide la jeune femme \u00e0 supporter la solitude. Mais en une nuit, tout va basculer et aucun des trois n\u2019en sortira indemne. Entre amour, amiti\u00e9 et passion, 500 pages d\u2019h\u00e9sitations qui portent Kiera d\u2019un homme \u00e0 l\u2019autre : ici la stabilit\u00e9, l\u00e0 au danger.<\/p>\n","protected":false},"excerpt":{"rendered":"<p>Ind\u00e9cise (S. C. Stephens) Tome 1 de la trilogie Thoughtless &#8211; Hugo Roman<\/p>\n","protected":false},"featured_media":1877,"template":"","meta":{"_acf_changed":false,"_exactmetrics_skip_tracking":false,"_exactmetrics_sitenote_active":false,"_exactmetrics_sitenote_note":"","_exactmetrics_sitenote_category":0},"product_brand":[],"product_cat":[368],"product_tag":[370],"class_list":{"0":"post-1876","1":"product","2":"type-product","3":"status-publish","4":"has-post-thumbnail","6":"product_cat-erotique","7":"product_tag-stephens-s-c","9":"first","10":"instock","11":"taxable","12":"shipping-taxable","13":"purchasable","14":"product-type-simple"},"acf":[],"yoast_head":"<!-- This site is optimized with the Yoast SEO plugin v26.6 - https:\/\/yoast.com\/wordpress\/plugins\/seo\/ -->\n<title>Ind\u00e9cise (S. C. Stephens) en seconde main au Chtululu<\/title>\n<meta name=\"description\" content=\"Ind\u00e9cise (S. C. Stephens), le tome 1 de la trilogie Thoughtless en seconde main au Chtululu (Soignies). Commandez ou r\u00e9servez ce livre !\" \/>\n<meta name=\"robots\" content=\"index, follow, max-snippet:-1, max-image-preview:large, max-video-preview:-1\" \/>\n<link rel=\"canonical\" href=\"https:\/\/chtululu.be\/index.php\/produit\/indecise\/\" \/>\n<meta property=\"og:locale\" content=\"fr_FR\" \/>\n<meta property=\"og:type\" content=\"article\" \/>\n<meta property=\"og:title\" content=\"Ind\u00e9cise (S. C. Stephens) en seconde main au Chtululu\" \/>\n<meta property=\"og:description\" content=\"Ind\u00e9cise (S. C. Stephens), le tome 1 de la trilogie Thoughtless en seconde main au Chtululu (Soignies). Commandez ou r\u00e9servez ce livre !\" \/>\n<meta property=\"og:url\" content=\"https:\/\/chtululu.be\/index.php\/produit\/indecise\/\" \/>\n<meta property=\"og:site_name\" content=\"Le Chtululu\" \/>\n<meta property=\"article:modified_time\" content=\"2021-03-26T08:53:44+00:00\" \/>\n<meta property=\"og:image\" content=\"https:\/\/chtululu.be\/wp-content\/uploads\/2021\/01\/indecise-scaled.jpg\" \/>\n\t<meta property=\"og:image:width\" content=\"1920\" \/>\n\t<meta property=\"og:image:height\" content=\"2560\" \/>\n\t<meta property=\"og:image:type\" content=\"image\/jpeg\" \/>\n<meta name=\"twitter:card\" content=\"summary_large_image\" \/>\n<meta name=\"twitter:label1\" content=\"Dur\u00e9e de lecture estim\u00e9e\" \/>\n\t<meta name=\"twitter:data1\" content=\"1 minute\" \/>\n<script type=\"application\/ld+json\" class=\"yoast-schema-graph\">{\"@context\":\"https:\/\/schema.org\",\"@graph\":[{\"@type\":\"WebPage\",\"@id\":\"https:\/\/chtululu.be\/index.php\/produit\/indecise\/\",\"url\":\"https:\/\/chtululu.be\/index.php\/produit\/indecise\/\",\"name\":\"Ind\u00e9cise (S. C. Stephens) en seconde main au Chtululu\",\"isPartOf\":{\"@id\":\"https:\/\/chtululu.be\/#website\"},\"primaryImageOfPage\":{\"@id\":\"https:\/\/chtululu.be\/index.php\/produit\/indecise\/#primaryimage\"},\"image\":{\"@id\":\"https:\/\/chtululu.be\/index.php\/produit\/indecise\/#primaryimage\"},\"thumbnailUrl\":\"https:\/\/chtululu.be\/wp-content\/uploads\/2021\/01\/indecise-scaled.jpg\",\"datePublished\":\"2021-01-01T19:43:19+00:00\",\"dateModified\":\"2021-03-26T08:53:44+00:00\",\"description\":\"Ind\u00e9cise (S. C. Stephens), le tome 1 de la trilogie Thoughtless en seconde main au Chtululu (Soignies). Commandez ou r\u00e9servez ce livre !\",\"breadcrumb\":{\"@id\":\"https:\/\/chtululu.be\/index.php\/produit\/indecise\/#breadcrumb\"},\"inLanguage\":\"fr-FR\",\"potentialAction\":[{\"@type\":\"ReadAction\",\"target\":[\"https:\/\/chtululu.be\/index.php\/produit\/indecise\/\"]}]},{\"@type\":\"ImageObject\",\"inLanguage\":\"fr-FR\",\"@id\":\"https:\/\/chtululu.be\/index.php\/produit\/indecise\/#primaryimage\",\"url\":\"https:\/\/chtululu.be\/wp-content\/uploads\/2021\/01\/indecise-scaled.jpg\",\"contentUrl\":\"https:\/\/chtululu.be\/wp-content\/uploads\/2021\/01\/indecise-scaled.jpg\",\"width\":1920,\"height\":2560,\"caption\":\"Ind\u00e9cise\"},{\"@type\":\"BreadcrumbList\",\"@id\":\"https:\/\/chtululu.be\/index.php\/produit\/indecise\/#breadcrumb\",\"itemListElement\":[{\"@type\":\"ListItem\",\"position\":1,\"name\":\"Accueil\",\"item\":\"https:\/\/chtululu.be\/\"},{\"@type\":\"ListItem\",\"position\":2,\"name\":\"Les livres\",\"item\":\"https:\/\/chtululu.be\/index.php\/livres-doccasion\/\"},{\"@type\":\"ListItem\",\"position\":3,\"name\":\"Ind\u00e9cise (S. C. Stephens)\"}]},{\"@type\":\"WebSite\",\"@id\":\"https:\/\/chtululu.be\/#website\",\"url\":\"https:\/\/chtululu.be\/\",\"name\":\"Le Chtululu\",\"description\":\"Votre librairie de seconde main \u00e0 Soignies\",\"publisher\":{\"@id\":\"https:\/\/chtululu.be\/#organization\"},\"potentialAction\":[{\"@type\":\"SearchAction\",\"target\":{\"@type\":\"EntryPoint\",\"urlTemplate\":\"https:\/\/chtululu.be\/?s={search_term_string}\"},\"query-input\":{\"@type\":\"PropertyValueSpecification\",\"valueRequired\":true,\"valueName\":\"search_term_string\"}}],\"inLanguage\":\"fr-FR\"},{\"@type\":\"Organization\",\"@id\":\"https:\/\/chtululu.be\/#organization\",\"name\":\"Le Chtululu\",\"url\":\"https:\/\/chtululu.be\/\",\"logo\":{\"@type\":\"ImageObject\",\"inLanguage\":\"fr-FR\",\"@id\":\"https:\/\/chtululu.be\/#\/schema\/logo\/image\/\",\"url\":\"https:\/\/chtululu.be\/wp-content\/uploads\/2016\/05\/logo-def-blanc.jpg\",\"contentUrl\":\"https:\/\/chtululu.be\/wp-content\/uploads\/2016\/05\/logo-def-blanc.jpg\",\"width\":2048,\"height\":1901,\"caption\":\"Le Chtululu\"},\"image\":{\"@id\":\"https:\/\/chtululu.be\/#\/schema\/logo\/image\/\"}}]}<\/script>\n<!-- \/ Yoast SEO plugin. -->","yoast_head_json":{"title":"Ind\u00e9cise (S. C. Stephens) en seconde main au Chtululu","description":"Ind\u00e9cise (S. C. Stephens), le tome 1 de la trilogie Thoughtless en seconde main au Chtululu (Soignies). Commandez ou r\u00e9servez ce livre !","robots":{"index":"index","follow":"follow","max-snippet":"max-snippet:-1","max-image-preview":"max-image-preview:large","max-video-preview":"max-video-preview:-1"},"canonical":"https:\/\/chtululu.be\/index.php\/produit\/indecise\/","og_locale":"fr_FR","og_type":"article","og_title":"Ind\u00e9cise (S. C. Stephens) en seconde main au Chtululu","og_description":"Ind\u00e9cise (S. C. Stephens), le tome 1 de la trilogie Thoughtless en seconde main au Chtululu (Soignies). Commandez ou r\u00e9servez ce livre !","og_url":"https:\/\/chtululu.be\/index.php\/produit\/indecise\/","og_site_name":"Le Chtululu","article_modified_time":"2021-03-26T08:53:44+00:00","og_image":[{"width":1920,"height":2560,"url":"https:\/\/chtululu.be\/wp-content\/uploads\/2021\/01\/indecise-scaled.jpg","type":"image\/jpeg"}],"twitter_card":"summary_large_image","twitter_misc":{"Dur\u00e9e de lecture estim\u00e9e":"1 minute"},"schema":{"@context":"https:\/\/schema.org","@graph":[{"@type":"WebPage","@id":"https:\/\/chtululu.be\/index.php\/produit\/indecise\/","url":"https:\/\/chtululu.be\/index.php\/produit\/indecise\/","name":"Ind\u00e9cise (S. C. Stephens) en seconde main au Chtululu","isPartOf":{"@id":"https:\/\/chtululu.be\/#website"},"primaryImageOfPage":{"@id":"https:\/\/chtululu.be\/index.php\/produit\/indecise\/#primaryimage"},"image":{"@id":"https:\/\/chtululu.be\/index.php\/produit\/indecise\/#primaryimage"},"thumbnailUrl":"https:\/\/chtululu.be\/wp-content\/uploads\/2021\/01\/indecise-scaled.jpg","datePublished":"2021-01-01T19:43:19+00:00","dateModified":"2021-03-26T08:53:44+00:00","description":"Ind\u00e9cise (S. C. Stephens), le tome 1 de la trilogie Thoughtless en seconde main au Chtululu (Soignies). Commandez ou r\u00e9servez ce livre !","breadcrumb":{"@id":"https:\/\/chtululu.be\/index.php\/produit\/indecise\/#breadcrumb"},"inLanguage":"fr-FR","potentialAction":[{"@type":"ReadAction","target":["https:\/\/chtululu.be\/index.php\/produit\/indecise\/"]}]},{"@type":"ImageObject","inLanguage":"fr-FR","@id":"https:\/\/chtululu.be\/index.php\/produit\/indecise\/#primaryimage","url":"https:\/\/chtululu.be\/wp-content\/uploads\/2021\/01\/indecise-scaled.jpg","contentUrl":"https:\/\/chtululu.be\/wp-content\/uploads\/2021\/01\/indecise-scaled.jpg","width":1920,"height":2560,"caption":"Ind\u00e9cise"},{"@type":"BreadcrumbList","@id":"https:\/\/chtululu.be\/index.php\/produit\/indecise\/#breadcrumb","itemListElement":[{"@type":"ListItem","position":1,"name":"Accueil","item":"https:\/\/chtululu.be\/"},{"@type":"ListItem","position":2,"name":"Les livres","item":"https:\/\/chtululu.be\/index.php\/livres-doccasion\/"},{"@type":"ListItem","position":3,"name":"Ind\u00e9cise (S. C. Stephens)"}]},{"@type":"WebSite","@id":"https:\/\/chtululu.be\/#website","url":"https:\/\/chtululu.be\/","name":"Le Chtululu","description":"Votre librairie de seconde main \u00e0 Soignies","publisher":{"@id":"https:\/\/chtululu.be\/#organization"},"potentialAction":[{"@type":"SearchAction","target":{"@type":"EntryPoint","urlTemplate":"https:\/\/chtululu.be\/?s={search_term_string}"},"query-input":{"@type":"PropertyValueSpecification","valueRequired":true,"valueName":"search_term_string"}}],"inLanguage":"fr-FR"},{"@type":"Organization","@id":"https:\/\/chtululu.be\/#organization","name":"Le Chtululu","url":"https:\/\/chtululu.be\/","logo":{"@type":"ImageObject","inLanguage":"fr-FR","@id":"https:\/\/chtululu.be\/#\/schema\/logo\/image\/","url":"https:\/\/chtululu.be\/wp-content\/uploads\/2016\/05\/logo-def-blanc.jpg","contentUrl":"https:\/\/chtululu.be\/wp-content\/uploads\/2016\/05\/logo-def-blanc.jpg","width":2048,"height":1901,"caption":"Le Chtululu"},"image":{"@id":"https:\/\/chtululu.be\/#\/schema\/logo\/image\/"}}]}},"_links":{"self":[{"href":"https:\/\/chtululu.be\/index.php\/wp-json\/wp\/v2\/product\/1876","targetHints":{"allow":["GET"]}}],"collection":[{"href":"https:\/\/chtululu.be\/index.php\/wp-json\/wp\/v2\/product"}],"about":[{"href":"https:\/\/chtululu.be\/index.php\/wp-json\/wp\/v2\/types\/product"}],"wp:featuredmedia":[{"embeddable":true,"href":"https:\/\/chtululu.be\/index.php\/wp-json\/wp\/v2\/media\/1877"}],"wp:attachment":[{"href":"https:\/\/chtululu.be\/index.php\/wp-json\/wp\/v2\/media?parent=1876"}],"wp:term":[{"taxonomy":"product_brand","embeddable":true,"href":"https:\/\/chtululu.be\/index.php\/wp-json\/wp\/v2\/product_brand?post=1876"},{"taxonomy":"product_cat","embeddable":true,"href":"https:\/\/chtululu.be\/index.php\/wp-json\/wp\/v2\/product_cat?post=1876"},{"taxonomy":"product_tag","embeddable":true,"href":"https:\/\/chtululu.be\/index.php\/wp-json\/wp\/v2\/product_tag?post=1876"}],"curies":[{"name":"wp","href":"https:\/\/api.w.org\/{rel}","templated":true}]}}