{"id":1858,"date":"2021-01-01T19:54:29","date_gmt":"2021-01-01T18:54:29","guid":{"rendered":"https:\/\/chtululu.be\/?post_type=product&#038;p=1858"},"modified":"2021-03-26T09:54:12","modified_gmt":"2021-03-26T08:54:12","slug":"les-aventures-dolivier-twist","status":"publish","type":"product","link":"https:\/\/chtululu.be\/index.php\/produit\/les-aventures-dolivier-twist\/","title":{"rendered":"Les Aventures d&rsquo;Olivier Twist (Charles Dickens)"},"content":{"rendered":"<p>Les Aventures d&rsquo;Olivier Twist (Charles Dickens)<\/p>\n<h3>R\u00e9sum\u00e9 de Les Aventures d&rsquo;Olivier Twist<\/h3>\n<p>Un ang\u00e9lique orphelin \u00e9chappe aux s\u00e9vices que les institutions charitables de l\u2019Angleterre victorienne r\u00e9servent aux enfants abandonn\u00e9s pour tomber dans les plus fangeux cloaques des bas-fonds londoniens. L\u2019apprentissage pr\u00e9coce du vice et du crime y est de r\u00e8gle pour \u00e9chapper \u00e0 la mis\u00e8re et \u00e0 la faim. On n\u2019oubliera gu\u00e8re, apr\u00e8s les avoir crois\u00e9s, ni l\u2019abominable Bumble ni le t\u00e9n\u00e9breux Fagin, cette saisissante pr\u00e9figuration des gibiers de bagne qui hanteront\u00a0<i>Les Mis\u00e9rables<\/i>\u00a0de Victor Hugo.<\/p>\n","protected":false},"excerpt":{"rendered":"<p>Les Aventures d&rsquo;Olivier Twist (Charles Dickens) &#8211; Classique Garnier<\/p>\n","protected":false},"featured_media":1859,"template":"","meta":{"_acf_changed":false,"_exactmetrics_skip_tracking":false,"_exactmetrics_sitenote_active":false,"_exactmetrics_sitenote_note":"","_exactmetrics_sitenote_category":0},"product_brand":[],"product_cat":[365,24],"product_tag":[364],"class_list":{"0":"post-1858","1":"product","2":"type-product","3":"status-publish","4":"has-post-thumbnail","6":"product_cat-classique","7":"product_cat-roman","8":"product_tag-dickens-charles","10":"first","11":"instock","12":"taxable","13":"shipping-taxable","14":"purchasable","15":"product-type-simple"},"acf":[],"yoast_head":"<!-- This site is optimized with the Yoast SEO plugin v26.6 - https:\/\/yoast.com\/wordpress\/plugins\/seo\/ -->\n<title>Les Aventures d&#039;Olivier Twist (Charles Dickens) en seconde main<\/title>\n<meta name=\"description\" content=\"Les Aventures d&#039;Olivier Twist (Charles Dickens) en seconde main au Chtululu. Commandez ou r\u00e9servez ce livre ou d&#039;autres de l&#039;auteur !\" \/>\n<meta name=\"robots\" content=\"index, follow, max-snippet:-1, max-image-preview:large, max-video-preview:-1\" \/>\n<link rel=\"canonical\" href=\"https:\/\/chtululu.be\/index.php\/produit\/les-aventures-dolivier-twist\/\" \/>\n<meta property=\"og:locale\" content=\"fr_FR\" \/>\n<meta property=\"og:type\" content=\"article\" \/>\n<meta property=\"og:title\" content=\"Les Aventures d&#039;Olivier Twist (Charles Dickens) en seconde main\" \/>\n<meta property=\"og:description\" content=\"Les Aventures d&#039;Olivier Twist (Charles Dickens) en seconde main au Chtululu. Commandez ou r\u00e9servez ce livre ou d&#039;autres de l&#039;auteur !\" \/>\n<meta property=\"og:url\" content=\"https:\/\/chtululu.be\/index.php\/produit\/les-aventures-dolivier-twist\/\" \/>\n<meta property=\"og:site_name\" content=\"Le Chtululu\" \/>\n<meta property=\"article:modified_time\" content=\"2021-03-26T08:54:12+00:00\" \/>\n<meta property=\"og:image\" content=\"https:\/\/chtululu.be\/wp-content\/uploads\/2021\/01\/twist-scaled.jpg\" \/>\n\t<meta property=\"og:image:width\" content=\"1920\" \/>\n\t<meta property=\"og:image:height\" content=\"2560\" \/>\n\t<meta property=\"og:image:type\" content=\"image\/jpeg\" \/>\n<meta name=\"twitter:card\" content=\"summary_large_image\" \/>\n<meta name=\"twitter:label1\" content=\"Dur\u00e9e de lecture estim\u00e9e\" \/>\n\t<meta name=\"twitter:data1\" content=\"1 minute\" \/>\n<script type=\"application\/ld+json\" class=\"yoast-schema-graph\">{\"@context\":\"https:\/\/schema.org\",\"@graph\":[{\"@type\":\"WebPage\",\"@id\":\"https:\/\/chtululu.be\/index.php\/produit\/les-aventures-dolivier-twist\/\",\"url\":\"https:\/\/chtululu.be\/index.php\/produit\/les-aventures-dolivier-twist\/\",\"name\":\"Les Aventures d'Olivier Twist (Charles Dickens) en seconde main\",\"isPartOf\":{\"@id\":\"https:\/\/chtululu.be\/#website\"},\"primaryImageOfPage\":{\"@id\":\"https:\/\/chtululu.be\/index.php\/produit\/les-aventures-dolivier-twist\/#primaryimage\"},\"image\":{\"@id\":\"https:\/\/chtululu.be\/index.php\/produit\/les-aventures-dolivier-twist\/#primaryimage\"},\"thumbnailUrl\":\"https:\/\/chtululu.be\/wp-content\/uploads\/2021\/01\/twist-scaled.jpg\",\"datePublished\":\"2021-01-01T18:54:29+00:00\",\"dateModified\":\"2021-03-26T08:54:12+00:00\",\"description\":\"Les Aventures d'Olivier Twist (Charles Dickens) en seconde main au Chtululu. Commandez ou r\u00e9servez ce livre ou d'autres de l'auteur !\",\"breadcrumb\":{\"@id\":\"https:\/\/chtululu.be\/index.php\/produit\/les-aventures-dolivier-twist\/#breadcrumb\"},\"inLanguage\":\"fr-FR\",\"potentialAction\":[{\"@type\":\"ReadAction\",\"target\":[\"https:\/\/chtululu.be\/index.php\/produit\/les-aventures-dolivier-twist\/\"]}]},{\"@type\":\"ImageObject\",\"inLanguage\":\"fr-FR\",\"@id\":\"https:\/\/chtululu.be\/index.php\/produit\/les-aventures-dolivier-twist\/#primaryimage\",\"url\":\"https:\/\/chtululu.be\/wp-content\/uploads\/2021\/01\/twist-scaled.jpg\",\"contentUrl\":\"https:\/\/chtululu.be\/wp-content\/uploads\/2021\/01\/twist-scaled.jpg\",\"width\":1920,\"height\":2560,\"caption\":\"Les Aventures d'Olivier Twist\"},{\"@type\":\"BreadcrumbList\",\"@id\":\"https:\/\/chtululu.be\/index.php\/produit\/les-aventures-dolivier-twist\/#breadcrumb\",\"itemListElement\":[{\"@type\":\"ListItem\",\"position\":1,\"name\":\"Accueil\",\"item\":\"https:\/\/chtululu.be\/\"},{\"@type\":\"ListItem\",\"position\":2,\"name\":\"Les livres\",\"item\":\"https:\/\/chtululu.be\/index.php\/livres-doccasion\/\"},{\"@type\":\"ListItem\",\"position\":3,\"name\":\"Les Aventures d&rsquo;Olivier Twist (Charles Dickens)\"}]},{\"@type\":\"WebSite\",\"@id\":\"https:\/\/chtululu.be\/#website\",\"url\":\"https:\/\/chtululu.be\/\",\"name\":\"Le Chtululu\",\"description\":\"Votre librairie de seconde main \u00e0 Soignies\",\"publisher\":{\"@id\":\"https:\/\/chtululu.be\/#organization\"},\"potentialAction\":[{\"@type\":\"SearchAction\",\"target\":{\"@type\":\"EntryPoint\",\"urlTemplate\":\"https:\/\/chtululu.be\/?s={search_term_string}\"},\"query-input\":{\"@type\":\"PropertyValueSpecification\",\"valueRequired\":true,\"valueName\":\"search_term_string\"}}],\"inLanguage\":\"fr-FR\"},{\"@type\":\"Organization\",\"@id\":\"https:\/\/chtululu.be\/#organization\",\"name\":\"Le Chtululu\",\"url\":\"https:\/\/chtululu.be\/\",\"logo\":{\"@type\":\"ImageObject\",\"inLanguage\":\"fr-FR\",\"@id\":\"https:\/\/chtululu.be\/#\/schema\/logo\/image\/\",\"url\":\"https:\/\/chtululu.be\/wp-content\/uploads\/2016\/05\/logo-def-blanc.jpg\",\"contentUrl\":\"https:\/\/chtululu.be\/wp-content\/uploads\/2016\/05\/logo-def-blanc.jpg\",\"width\":2048,\"height\":1901,\"caption\":\"Le Chtululu\"},\"image\":{\"@id\":\"https:\/\/chtululu.be\/#\/schema\/logo\/image\/\"}}]}<\/script>\n<!-- \/ Yoast SEO plugin. -->","yoast_head_json":{"title":"Les Aventures d'Olivier Twist (Charles Dickens) en seconde main","description":"Les Aventures d'Olivier Twist (Charles Dickens) en seconde main au Chtululu. Commandez ou r\u00e9servez ce livre ou d'autres de l'auteur !","robots":{"index":"index","follow":"follow","max-snippet":"max-snippet:-1","max-image-preview":"max-image-preview:large","max-video-preview":"max-video-preview:-1"},"canonical":"https:\/\/chtululu.be\/index.php\/produit\/les-aventures-dolivier-twist\/","og_locale":"fr_FR","og_type":"article","og_title":"Les Aventures d'Olivier Twist (Charles Dickens) en seconde main","og_description":"Les Aventures d'Olivier Twist (Charles Dickens) en seconde main au Chtululu. Commandez ou r\u00e9servez ce livre ou d'autres de l'auteur !","og_url":"https:\/\/chtululu.be\/index.php\/produit\/les-aventures-dolivier-twist\/","og_site_name":"Le Chtululu","article_modified_time":"2021-03-26T08:54:12+00:00","og_image":[{"width":1920,"height":2560,"url":"https:\/\/chtululu.be\/wp-content\/uploads\/2021\/01\/twist-scaled.jpg","type":"image\/jpeg"}],"twitter_card":"summary_large_image","twitter_misc":{"Dur\u00e9e de lecture estim\u00e9e":"1 minute"},"schema":{"@context":"https:\/\/schema.org","@graph":[{"@type":"WebPage","@id":"https:\/\/chtululu.be\/index.php\/produit\/les-aventures-dolivier-twist\/","url":"https:\/\/chtululu.be\/index.php\/produit\/les-aventures-dolivier-twist\/","name":"Les Aventures d'Olivier Twist (Charles Dickens) en seconde main","isPartOf":{"@id":"https:\/\/chtululu.be\/#website"},"primaryImageOfPage":{"@id":"https:\/\/chtululu.be\/index.php\/produit\/les-aventures-dolivier-twist\/#primaryimage"},"image":{"@id":"https:\/\/chtululu.be\/index.php\/produit\/les-aventures-dolivier-twist\/#primaryimage"},"thumbnailUrl":"https:\/\/chtululu.be\/wp-content\/uploads\/2021\/01\/twist-scaled.jpg","datePublished":"2021-01-01T18:54:29+00:00","dateModified":"2021-03-26T08:54:12+00:00","description":"Les Aventures d'Olivier Twist (Charles Dickens) en seconde main au Chtululu. Commandez ou r\u00e9servez ce livre ou d'autres de l'auteur !","breadcrumb":{"@id":"https:\/\/chtululu.be\/index.php\/produit\/les-aventures-dolivier-twist\/#breadcrumb"},"inLanguage":"fr-FR","potentialAction":[{"@type":"ReadAction","target":["https:\/\/chtululu.be\/index.php\/produit\/les-aventures-dolivier-twist\/"]}]},{"@type":"ImageObject","inLanguage":"fr-FR","@id":"https:\/\/chtululu.be\/index.php\/produit\/les-aventures-dolivier-twist\/#primaryimage","url":"https:\/\/chtululu.be\/wp-content\/uploads\/2021\/01\/twist-scaled.jpg","contentUrl":"https:\/\/chtululu.be\/wp-content\/uploads\/2021\/01\/twist-scaled.jpg","width":1920,"height":2560,"caption":"Les Aventures d'Olivier Twist"},{"@type":"BreadcrumbList","@id":"https:\/\/chtululu.be\/index.php\/produit\/les-aventures-dolivier-twist\/#breadcrumb","itemListElement":[{"@type":"ListItem","position":1,"name":"Accueil","item":"https:\/\/chtululu.be\/"},{"@type":"ListItem","position":2,"name":"Les livres","item":"https:\/\/chtululu.be\/index.php\/livres-doccasion\/"},{"@type":"ListItem","position":3,"name":"Les Aventures d&rsquo;Olivier Twist (Charles Dickens)"}]},{"@type":"WebSite","@id":"https:\/\/chtululu.be\/#website","url":"https:\/\/chtululu.be\/","name":"Le Chtululu","description":"Votre librairie de seconde main \u00e0 Soignies","publisher":{"@id":"https:\/\/chtululu.be\/#organization"},"potentialAction":[{"@type":"SearchAction","target":{"@type":"EntryPoint","urlTemplate":"https:\/\/chtululu.be\/?s={search_term_string}"},"query-input":{"@type":"PropertyValueSpecification","valueRequired":true,"valueName":"search_term_string"}}],"inLanguage":"fr-FR"},{"@type":"Organization","@id":"https:\/\/chtululu.be\/#organization","name":"Le Chtululu","url":"https:\/\/chtululu.be\/","logo":{"@type":"ImageObject","inLanguage":"fr-FR","@id":"https:\/\/chtululu.be\/#\/schema\/logo\/image\/","url":"https:\/\/chtululu.be\/wp-content\/uploads\/2016\/05\/logo-def-blanc.jpg","contentUrl":"https:\/\/chtululu.be\/wp-content\/uploads\/2016\/05\/logo-def-blanc.jpg","width":2048,"height":1901,"caption":"Le Chtululu"},"image":{"@id":"https:\/\/chtululu.be\/#\/schema\/logo\/image\/"}}]}},"_links":{"self":[{"href":"https:\/\/chtululu.be\/index.php\/wp-json\/wp\/v2\/product\/1858","targetHints":{"allow":["GET"]}}],"collection":[{"href":"https:\/\/chtululu.be\/index.php\/wp-json\/wp\/v2\/product"}],"about":[{"href":"https:\/\/chtululu.be\/index.php\/wp-json\/wp\/v2\/types\/product"}],"wp:featuredmedia":[{"embeddable":true,"href":"https:\/\/chtululu.be\/index.php\/wp-json\/wp\/v2\/media\/1859"}],"wp:attachment":[{"href":"https:\/\/chtululu.be\/index.php\/wp-json\/wp\/v2\/media?parent=1858"}],"wp:term":[{"taxonomy":"product_brand","embeddable":true,"href":"https:\/\/chtululu.be\/index.php\/wp-json\/wp\/v2\/product_brand?post=1858"},{"taxonomy":"product_cat","embeddable":true,"href":"https:\/\/chtululu.be\/index.php\/wp-json\/wp\/v2\/product_cat?post=1858"},{"taxonomy":"product_tag","embeddable":true,"href":"https:\/\/chtululu.be\/index.php\/wp-json\/wp\/v2\/product_tag?post=1858"}],"curies":[{"name":"wp","href":"https:\/\/api.w.org\/{rel}","templated":true}]}}