{"id":1846,"date":"2021-01-01T19:27:50","date_gmt":"2021-01-01T18:27:50","guid":{"rendered":"https:\/\/chtululu.be\/?post_type=product&#038;p=1846"},"modified":"2021-03-26T09:54:37","modified_gmt":"2021-03-26T08:54:37","slug":"un-homme-tres-recherche","status":"publish","type":"product","link":"https:\/\/chtululu.be\/index.php\/produit\/un-homme-tres-recherche\/","title":{"rendered":"Un homme tr\u00e8s recherch\u00e9 (John le Carr\u00e9)"},"content":{"rendered":"<p>Un homme tr\u00e8s recherch\u00e9 de John le Carr\u00e9 (\u00e9d. Le Seuil)<\/p>\n<h3>R\u00e9sum\u00e9 de Un homme tr\u00e8s recherch\u00e9<\/h3>\n<p>Issa, jeune musulman russe affam\u00e9, arrive clandestinement \u00e0 Hambourg en pleine nuit, avec autour du cou une bourse renfermant une somme substantielle d\u2019argent liquide et les reliques d\u2019un pass\u00e9 myst\u00e9rieux.<\/p>\n<p>Annabel, jeune avocate id\u00e9aliste travaillant pour une association d\u2019aide aux immigr\u00e9s, se jure de sauver Issa de l\u2019expulsion, au point de faire passer la survie de son client avant sa propre carri\u00e8re.<\/p>\n<p>Tommy Brue, patron sexag\u00e9naire d\u2019une banque anglaise en perdition sise \u00e0 Hambourg, d\u00e9tient les clefs de l\u2019h\u00e9ritage interlope du p\u00e8re d\u2019Issa.<\/p>\n<p>Ces trois \u00e2mes innocentes forment un triangle amoureux d\u00e9sesp\u00e9r\u00e9, sur lequel vont fondre les espions de trois nations diff\u00e9rentes, tous r\u00e9solus \u00e0 marquer des points pour leur camp dans la guerre avou\u00e9e contre le terrorisme et la guerre inavouable entre leurs services respectifs.<\/p>\n","protected":false},"excerpt":{"rendered":"<p>\u00ab\u00a0Oh&#8230;\u00a0\u00bb de Philippe Djian (\u00e9d. Gallimard)<\/p>\n","protected":false},"featured_media":1899,"template":"","meta":{"_acf_changed":false,"_exactmetrics_skip_tracking":false,"_exactmetrics_sitenote_active":false,"_exactmetrics_sitenote_note":"","_exactmetrics_sitenote_category":0},"product_brand":[],"product_cat":[385],"product_tag":[361],"class_list":{"0":"post-1846","1":"product","2":"type-product","3":"status-publish","4":"has-post-thumbnail","6":"product_cat-thrillers-policiers","7":"product_tag-le-carre-john","9":"first","10":"instock","11":"taxable","12":"shipping-taxable","13":"purchasable","14":"product-type-simple"},"acf":[],"yoast_head":"<!-- This site is optimized with the Yoast SEO plugin v26.6 - https:\/\/yoast.com\/wordpress\/plugins\/seo\/ -->\n<title>Un homme tr\u00e8s recherch\u00e9 de John le Carr\u00e9 en seconde main au Chtululu<\/title>\n<meta name=\"description\" content=\"Un homme tr\u00e8s recherch\u00e9 de John le Carr\u00e9 en seconde main au Chtululu (Soignies). Commandez ou r\u00e9servez ce livre ou d&#039;autres de l&#039;auteur !\" \/>\n<meta name=\"robots\" content=\"index, follow, max-snippet:-1, max-image-preview:large, max-video-preview:-1\" \/>\n<link rel=\"canonical\" href=\"https:\/\/chtululu.be\/index.php\/produit\/un-homme-tres-recherche\/\" \/>\n<meta property=\"og:locale\" content=\"fr_FR\" \/>\n<meta property=\"og:type\" content=\"article\" \/>\n<meta property=\"og:title\" content=\"Un homme tr\u00e8s recherch\u00e9 de John le Carr\u00e9 en seconde main au Chtululu\" \/>\n<meta property=\"og:description\" content=\"Un homme tr\u00e8s recherch\u00e9 de John le Carr\u00e9 en seconde main au Chtululu (Soignies). Commandez ou r\u00e9servez ce livre ou d&#039;autres de l&#039;auteur !\" \/>\n<meta property=\"og:url\" content=\"https:\/\/chtululu.be\/index.php\/produit\/un-homme-tres-recherche\/\" \/>\n<meta property=\"og:site_name\" content=\"Le Chtululu\" \/>\n<meta property=\"article:modified_time\" content=\"2021-03-26T08:54:37+00:00\" \/>\n<meta property=\"og:image\" content=\"https:\/\/chtululu.be\/wp-content\/uploads\/2021\/01\/carre.jpg\" \/>\n\t<meta property=\"og:image:width\" content=\"200\" \/>\n\t<meta property=\"og:image:height\" content=\"319\" \/>\n\t<meta property=\"og:image:type\" content=\"image\/jpeg\" \/>\n<meta name=\"twitter:card\" content=\"summary_large_image\" \/>\n<meta name=\"twitter:label1\" content=\"Dur\u00e9e de lecture estim\u00e9e\" \/>\n\t<meta name=\"twitter:data1\" content=\"1 minute\" \/>\n<script type=\"application\/ld+json\" class=\"yoast-schema-graph\">{\"@context\":\"https:\/\/schema.org\",\"@graph\":[{\"@type\":\"WebPage\",\"@id\":\"https:\/\/chtululu.be\/index.php\/produit\/un-homme-tres-recherche\/\",\"url\":\"https:\/\/chtululu.be\/index.php\/produit\/un-homme-tres-recherche\/\",\"name\":\"Un homme tr\u00e8s recherch\u00e9 de John le Carr\u00e9 en seconde main au Chtululu\",\"isPartOf\":{\"@id\":\"https:\/\/chtululu.be\/#website\"},\"primaryImageOfPage\":{\"@id\":\"https:\/\/chtululu.be\/index.php\/produit\/un-homme-tres-recherche\/#primaryimage\"},\"image\":{\"@id\":\"https:\/\/chtululu.be\/index.php\/produit\/un-homme-tres-recherche\/#primaryimage\"},\"thumbnailUrl\":\"https:\/\/chtululu.be\/wp-content\/uploads\/2021\/01\/carre.jpg\",\"datePublished\":\"2021-01-01T18:27:50+00:00\",\"dateModified\":\"2021-03-26T08:54:37+00:00\",\"description\":\"Un homme tr\u00e8s recherch\u00e9 de John le Carr\u00e9 en seconde main au Chtululu (Soignies). Commandez ou r\u00e9servez ce livre ou d'autres de l'auteur !\",\"breadcrumb\":{\"@id\":\"https:\/\/chtululu.be\/index.php\/produit\/un-homme-tres-recherche\/#breadcrumb\"},\"inLanguage\":\"fr-FR\",\"potentialAction\":[{\"@type\":\"ReadAction\",\"target\":[\"https:\/\/chtululu.be\/index.php\/produit\/un-homme-tres-recherche\/\"]}]},{\"@type\":\"ImageObject\",\"inLanguage\":\"fr-FR\",\"@id\":\"https:\/\/chtululu.be\/index.php\/produit\/un-homme-tres-recherche\/#primaryimage\",\"url\":\"https:\/\/chtululu.be\/wp-content\/uploads\/2021\/01\/carre.jpg\",\"contentUrl\":\"https:\/\/chtululu.be\/wp-content\/uploads\/2021\/01\/carre.jpg\",\"width\":200,\"height\":319,\"caption\":\"Un homme tr\u00e8s recherch\u00e9\"},{\"@type\":\"BreadcrumbList\",\"@id\":\"https:\/\/chtululu.be\/index.php\/produit\/un-homme-tres-recherche\/#breadcrumb\",\"itemListElement\":[{\"@type\":\"ListItem\",\"position\":1,\"name\":\"Accueil\",\"item\":\"https:\/\/chtululu.be\/\"},{\"@type\":\"ListItem\",\"position\":2,\"name\":\"Les livres\",\"item\":\"https:\/\/chtululu.be\/index.php\/livres-doccasion\/\"},{\"@type\":\"ListItem\",\"position\":3,\"name\":\"Un homme tr\u00e8s recherch\u00e9 (John le Carr\u00e9)\"}]},{\"@type\":\"WebSite\",\"@id\":\"https:\/\/chtululu.be\/#website\",\"url\":\"https:\/\/chtululu.be\/\",\"name\":\"Le Chtululu\",\"description\":\"Votre librairie de seconde main \u00e0 Soignies\",\"publisher\":{\"@id\":\"https:\/\/chtululu.be\/#organization\"},\"potentialAction\":[{\"@type\":\"SearchAction\",\"target\":{\"@type\":\"EntryPoint\",\"urlTemplate\":\"https:\/\/chtululu.be\/?s={search_term_string}\"},\"query-input\":{\"@type\":\"PropertyValueSpecification\",\"valueRequired\":true,\"valueName\":\"search_term_string\"}}],\"inLanguage\":\"fr-FR\"},{\"@type\":\"Organization\",\"@id\":\"https:\/\/chtululu.be\/#organization\",\"name\":\"Le Chtululu\",\"url\":\"https:\/\/chtululu.be\/\",\"logo\":{\"@type\":\"ImageObject\",\"inLanguage\":\"fr-FR\",\"@id\":\"https:\/\/chtululu.be\/#\/schema\/logo\/image\/\",\"url\":\"https:\/\/chtululu.be\/wp-content\/uploads\/2016\/05\/logo-def-blanc.jpg\",\"contentUrl\":\"https:\/\/chtululu.be\/wp-content\/uploads\/2016\/05\/logo-def-blanc.jpg\",\"width\":2048,\"height\":1901,\"caption\":\"Le Chtululu\"},\"image\":{\"@id\":\"https:\/\/chtululu.be\/#\/schema\/logo\/image\/\"}}]}<\/script>\n<!-- \/ Yoast SEO plugin. -->","yoast_head_json":{"title":"Un homme tr\u00e8s recherch\u00e9 de John le Carr\u00e9 en seconde main au Chtululu","description":"Un homme tr\u00e8s recherch\u00e9 de John le Carr\u00e9 en seconde main au Chtululu (Soignies). Commandez ou r\u00e9servez ce livre ou d'autres de l'auteur !","robots":{"index":"index","follow":"follow","max-snippet":"max-snippet:-1","max-image-preview":"max-image-preview:large","max-video-preview":"max-video-preview:-1"},"canonical":"https:\/\/chtululu.be\/index.php\/produit\/un-homme-tres-recherche\/","og_locale":"fr_FR","og_type":"article","og_title":"Un homme tr\u00e8s recherch\u00e9 de John le Carr\u00e9 en seconde main au Chtululu","og_description":"Un homme tr\u00e8s recherch\u00e9 de John le Carr\u00e9 en seconde main au Chtululu (Soignies). Commandez ou r\u00e9servez ce livre ou d'autres de l'auteur !","og_url":"https:\/\/chtululu.be\/index.php\/produit\/un-homme-tres-recherche\/","og_site_name":"Le Chtululu","article_modified_time":"2021-03-26T08:54:37+00:00","og_image":[{"width":200,"height":319,"url":"https:\/\/chtululu.be\/wp-content\/uploads\/2021\/01\/carre.jpg","type":"image\/jpeg"}],"twitter_card":"summary_large_image","twitter_misc":{"Dur\u00e9e de lecture estim\u00e9e":"1 minute"},"schema":{"@context":"https:\/\/schema.org","@graph":[{"@type":"WebPage","@id":"https:\/\/chtululu.be\/index.php\/produit\/un-homme-tres-recherche\/","url":"https:\/\/chtululu.be\/index.php\/produit\/un-homme-tres-recherche\/","name":"Un homme tr\u00e8s recherch\u00e9 de John le Carr\u00e9 en seconde main au Chtululu","isPartOf":{"@id":"https:\/\/chtululu.be\/#website"},"primaryImageOfPage":{"@id":"https:\/\/chtululu.be\/index.php\/produit\/un-homme-tres-recherche\/#primaryimage"},"image":{"@id":"https:\/\/chtululu.be\/index.php\/produit\/un-homme-tres-recherche\/#primaryimage"},"thumbnailUrl":"https:\/\/chtululu.be\/wp-content\/uploads\/2021\/01\/carre.jpg","datePublished":"2021-01-01T18:27:50+00:00","dateModified":"2021-03-26T08:54:37+00:00","description":"Un homme tr\u00e8s recherch\u00e9 de John le Carr\u00e9 en seconde main au Chtululu (Soignies). Commandez ou r\u00e9servez ce livre ou d'autres de l'auteur !","breadcrumb":{"@id":"https:\/\/chtululu.be\/index.php\/produit\/un-homme-tres-recherche\/#breadcrumb"},"inLanguage":"fr-FR","potentialAction":[{"@type":"ReadAction","target":["https:\/\/chtululu.be\/index.php\/produit\/un-homme-tres-recherche\/"]}]},{"@type":"ImageObject","inLanguage":"fr-FR","@id":"https:\/\/chtululu.be\/index.php\/produit\/un-homme-tres-recherche\/#primaryimage","url":"https:\/\/chtululu.be\/wp-content\/uploads\/2021\/01\/carre.jpg","contentUrl":"https:\/\/chtululu.be\/wp-content\/uploads\/2021\/01\/carre.jpg","width":200,"height":319,"caption":"Un homme tr\u00e8s recherch\u00e9"},{"@type":"BreadcrumbList","@id":"https:\/\/chtululu.be\/index.php\/produit\/un-homme-tres-recherche\/#breadcrumb","itemListElement":[{"@type":"ListItem","position":1,"name":"Accueil","item":"https:\/\/chtululu.be\/"},{"@type":"ListItem","position":2,"name":"Les livres","item":"https:\/\/chtululu.be\/index.php\/livres-doccasion\/"},{"@type":"ListItem","position":3,"name":"Un homme tr\u00e8s recherch\u00e9 (John le Carr\u00e9)"}]},{"@type":"WebSite","@id":"https:\/\/chtululu.be\/#website","url":"https:\/\/chtululu.be\/","name":"Le Chtululu","description":"Votre librairie de seconde main \u00e0 Soignies","publisher":{"@id":"https:\/\/chtululu.be\/#organization"},"potentialAction":[{"@type":"SearchAction","target":{"@type":"EntryPoint","urlTemplate":"https:\/\/chtululu.be\/?s={search_term_string}"},"query-input":{"@type":"PropertyValueSpecification","valueRequired":true,"valueName":"search_term_string"}}],"inLanguage":"fr-FR"},{"@type":"Organization","@id":"https:\/\/chtululu.be\/#organization","name":"Le Chtululu","url":"https:\/\/chtululu.be\/","logo":{"@type":"ImageObject","inLanguage":"fr-FR","@id":"https:\/\/chtululu.be\/#\/schema\/logo\/image\/","url":"https:\/\/chtululu.be\/wp-content\/uploads\/2016\/05\/logo-def-blanc.jpg","contentUrl":"https:\/\/chtululu.be\/wp-content\/uploads\/2016\/05\/logo-def-blanc.jpg","width":2048,"height":1901,"caption":"Le Chtululu"},"image":{"@id":"https:\/\/chtululu.be\/#\/schema\/logo\/image\/"}}]}},"_links":{"self":[{"href":"https:\/\/chtululu.be\/index.php\/wp-json\/wp\/v2\/product\/1846","targetHints":{"allow":["GET"]}}],"collection":[{"href":"https:\/\/chtululu.be\/index.php\/wp-json\/wp\/v2\/product"}],"about":[{"href":"https:\/\/chtululu.be\/index.php\/wp-json\/wp\/v2\/types\/product"}],"wp:featuredmedia":[{"embeddable":true,"href":"https:\/\/chtululu.be\/index.php\/wp-json\/wp\/v2\/media\/1899"}],"wp:attachment":[{"href":"https:\/\/chtululu.be\/index.php\/wp-json\/wp\/v2\/media?parent=1846"}],"wp:term":[{"taxonomy":"product_brand","embeddable":true,"href":"https:\/\/chtululu.be\/index.php\/wp-json\/wp\/v2\/product_brand?post=1846"},{"taxonomy":"product_cat","embeddable":true,"href":"https:\/\/chtululu.be\/index.php\/wp-json\/wp\/v2\/product_cat?post=1846"},{"taxonomy":"product_tag","embeddable":true,"href":"https:\/\/chtululu.be\/index.php\/wp-json\/wp\/v2\/product_tag?post=1846"}],"curies":[{"name":"wp","href":"https:\/\/api.w.org\/{rel}","templated":true}]}}