{"id":1840,"date":"2021-01-01T19:01:30","date_gmt":"2021-01-01T18:01:30","guid":{"rendered":"https:\/\/chtululu.be\/?post_type=product&#038;p=1840"},"modified":"2023-07-09T06:33:08","modified_gmt":"2023-07-09T05:33:08","slug":"oh","status":"publish","type":"product","link":"https:\/\/chtululu.be\/index.php\/produit\/oh\/","title":{"rendered":"\u00ab\u00a0Oh&#8230;\u00a0\u00bb (Philippe Djian)"},"content":{"rendered":"<p>\u00ab\u00a0Oh&#8230;\u00a0\u00bb de Philippe Djian (\u00e9d. Gallimard)<\/p>\n<h3>R\u00e9sum\u00e9 de \u00ab\u00a0Oh&#8230;\u00a0\u00bb<\/h3>\n<p>\u00abD\u00e9cembre est un mois o\u00f9 les hommes se saoulent &#8211; tuent, violent, se mettent en couple, reconnaissent des enfants qui ne sont pas les leurs, s&rsquo;enfuient, g\u00e9missent, meurent&#8230;\u00bb \u00ab\u00a0Oh&#8230;\u00a0\u00bb raconte trente jours d&rsquo;une vie sans r\u00e9pit, o\u00f9 les souvenirs, le sexe et la mort se court-circuitent \u00e0 tout instant.<\/p>\n","protected":false},"excerpt":{"rendered":"<p>\u00ab\u00a0Oh&#8230;\u00a0\u00bb de Philippe Djian (\u00e9d. Gallimard)<\/p>\n","protected":false},"featured_media":1841,"template":"","meta":{"_acf_changed":false,"_exactmetrics_skip_tracking":false,"_exactmetrics_sitenote_active":false,"_exactmetrics_sitenote_note":"","_exactmetrics_sitenote_category":0},"product_brand":[],"product_cat":[24],"product_tag":[360],"class_list":{"0":"post-1840","1":"product","2":"type-product","3":"status-publish","4":"has-post-thumbnail","6":"product_cat-roman","7":"product_tag-dijan-philippe","9":"first","10":"outofstock","11":"taxable","12":"shipping-taxable","13":"purchasable","14":"product-type-simple"},"acf":[],"yoast_head":"<!-- This site is optimized with the Yoast SEO plugin v26.6 - https:\/\/yoast.com\/wordpress\/plugins\/seo\/ -->\n<title>&quot;Oh...&quot; de Philippe Djian en seconde main au Chtululu (Soignies)<\/title>\n<meta name=\"description\" content=\"&quot;Oh...&quot; de Philippe Djian en seconde main au Chtululu (Soignies). Commandez ou r\u00e9servez ce livre ou d&#039;autres de l&#039;auteur d\u00e8s maintenant !\" \/>\n<meta name=\"robots\" content=\"index, follow, max-snippet:-1, max-image-preview:large, max-video-preview:-1\" \/>\n<link rel=\"canonical\" href=\"https:\/\/chtululu.be\/index.php\/produit\/oh\/\" \/>\n<meta property=\"og:locale\" content=\"fr_FR\" \/>\n<meta property=\"og:type\" content=\"article\" \/>\n<meta property=\"og:title\" content=\"&quot;Oh...&quot; de Philippe Djian en seconde main au Chtululu (Soignies)\" \/>\n<meta property=\"og:description\" content=\"&quot;Oh...&quot; de Philippe Djian en seconde main au Chtululu (Soignies). Commandez ou r\u00e9servez ce livre ou d&#039;autres de l&#039;auteur d\u00e8s maintenant !\" \/>\n<meta property=\"og:url\" content=\"https:\/\/chtululu.be\/index.php\/produit\/oh\/\" \/>\n<meta property=\"og:site_name\" content=\"Le Chtululu\" \/>\n<meta property=\"article:modified_time\" content=\"2023-07-09T05:33:08+00:00\" \/>\n<meta property=\"og:image\" content=\"https:\/\/chtululu.be\/wp-content\/uploads\/2021\/01\/oh.jpg\" \/>\n\t<meta property=\"og:image:width\" content=\"360\" \/>\n\t<meta property=\"og:image:height\" content=\"480\" \/>\n\t<meta property=\"og:image:type\" content=\"image\/jpeg\" \/>\n<meta name=\"twitter:card\" content=\"summary_large_image\" \/>\n<script type=\"application\/ld+json\" class=\"yoast-schema-graph\">{\"@context\":\"https:\/\/schema.org\",\"@graph\":[{\"@type\":\"WebPage\",\"@id\":\"https:\/\/chtululu.be\/index.php\/produit\/oh\/\",\"url\":\"https:\/\/chtululu.be\/index.php\/produit\/oh\/\",\"name\":\"\\\"Oh...\\\" de Philippe Djian en seconde main au Chtululu (Soignies)\",\"isPartOf\":{\"@id\":\"https:\/\/chtululu.be\/#website\"},\"primaryImageOfPage\":{\"@id\":\"https:\/\/chtululu.be\/index.php\/produit\/oh\/#primaryimage\"},\"image\":{\"@id\":\"https:\/\/chtululu.be\/index.php\/produit\/oh\/#primaryimage\"},\"thumbnailUrl\":\"https:\/\/chtululu.be\/wp-content\/uploads\/2021\/01\/oh.jpg\",\"datePublished\":\"2021-01-01T18:01:30+00:00\",\"dateModified\":\"2023-07-09T05:33:08+00:00\",\"description\":\"\\\"Oh...\\\" de Philippe Djian en seconde main au Chtululu (Soignies). Commandez ou r\u00e9servez ce livre ou d'autres de l'auteur d\u00e8s maintenant !\",\"breadcrumb\":{\"@id\":\"https:\/\/chtululu.be\/index.php\/produit\/oh\/#breadcrumb\"},\"inLanguage\":\"fr-FR\",\"potentialAction\":[{\"@type\":\"ReadAction\",\"target\":[\"https:\/\/chtululu.be\/index.php\/produit\/oh\/\"]}]},{\"@type\":\"ImageObject\",\"inLanguage\":\"fr-FR\",\"@id\":\"https:\/\/chtululu.be\/index.php\/produit\/oh\/#primaryimage\",\"url\":\"https:\/\/chtululu.be\/wp-content\/uploads\/2021\/01\/oh.jpg\",\"contentUrl\":\"https:\/\/chtululu.be\/wp-content\/uploads\/2021\/01\/oh.jpg\",\"width\":360,\"height\":480,\"caption\":\"Oh\"},{\"@type\":\"BreadcrumbList\",\"@id\":\"https:\/\/chtululu.be\/index.php\/produit\/oh\/#breadcrumb\",\"itemListElement\":[{\"@type\":\"ListItem\",\"position\":1,\"name\":\"Accueil\",\"item\":\"https:\/\/chtululu.be\/\"},{\"@type\":\"ListItem\",\"position\":2,\"name\":\"Les livres\",\"item\":\"https:\/\/chtululu.be\/index.php\/livres-doccasion\/\"},{\"@type\":\"ListItem\",\"position\":3,\"name\":\"\u00ab\u00a0Oh&#8230;\u00a0\u00bb (Philippe Djian)\"}]},{\"@type\":\"WebSite\",\"@id\":\"https:\/\/chtululu.be\/#website\",\"url\":\"https:\/\/chtululu.be\/\",\"name\":\"Le Chtululu\",\"description\":\"Votre librairie de seconde main \u00e0 Soignies\",\"publisher\":{\"@id\":\"https:\/\/chtululu.be\/#organization\"},\"potentialAction\":[{\"@type\":\"SearchAction\",\"target\":{\"@type\":\"EntryPoint\",\"urlTemplate\":\"https:\/\/chtululu.be\/?s={search_term_string}\"},\"query-input\":{\"@type\":\"PropertyValueSpecification\",\"valueRequired\":true,\"valueName\":\"search_term_string\"}}],\"inLanguage\":\"fr-FR\"},{\"@type\":\"Organization\",\"@id\":\"https:\/\/chtululu.be\/#organization\",\"name\":\"Le Chtululu\",\"url\":\"https:\/\/chtululu.be\/\",\"logo\":{\"@type\":\"ImageObject\",\"inLanguage\":\"fr-FR\",\"@id\":\"https:\/\/chtululu.be\/#\/schema\/logo\/image\/\",\"url\":\"https:\/\/chtululu.be\/wp-content\/uploads\/2016\/05\/logo-def-blanc.jpg\",\"contentUrl\":\"https:\/\/chtululu.be\/wp-content\/uploads\/2016\/05\/logo-def-blanc.jpg\",\"width\":2048,\"height\":1901,\"caption\":\"Le Chtululu\"},\"image\":{\"@id\":\"https:\/\/chtululu.be\/#\/schema\/logo\/image\/\"}}]}<\/script>\n<!-- \/ Yoast SEO plugin. -->","yoast_head_json":{"title":"\"Oh...\" de Philippe Djian en seconde main au Chtululu (Soignies)","description":"\"Oh...\" de Philippe Djian en seconde main au Chtululu (Soignies). Commandez ou r\u00e9servez ce livre ou d'autres de l'auteur d\u00e8s maintenant !","robots":{"index":"index","follow":"follow","max-snippet":"max-snippet:-1","max-image-preview":"max-image-preview:large","max-video-preview":"max-video-preview:-1"},"canonical":"https:\/\/chtululu.be\/index.php\/produit\/oh\/","og_locale":"fr_FR","og_type":"article","og_title":"\"Oh...\" de Philippe Djian en seconde main au Chtululu (Soignies)","og_description":"\"Oh...\" de Philippe Djian en seconde main au Chtululu (Soignies). Commandez ou r\u00e9servez ce livre ou d'autres de l'auteur d\u00e8s maintenant !","og_url":"https:\/\/chtululu.be\/index.php\/produit\/oh\/","og_site_name":"Le Chtululu","article_modified_time":"2023-07-09T05:33:08+00:00","og_image":[{"width":360,"height":480,"url":"https:\/\/chtululu.be\/wp-content\/uploads\/2021\/01\/oh.jpg","type":"image\/jpeg"}],"twitter_card":"summary_large_image","schema":{"@context":"https:\/\/schema.org","@graph":[{"@type":"WebPage","@id":"https:\/\/chtululu.be\/index.php\/produit\/oh\/","url":"https:\/\/chtululu.be\/index.php\/produit\/oh\/","name":"\"Oh...\" de Philippe Djian en seconde main au Chtululu (Soignies)","isPartOf":{"@id":"https:\/\/chtululu.be\/#website"},"primaryImageOfPage":{"@id":"https:\/\/chtululu.be\/index.php\/produit\/oh\/#primaryimage"},"image":{"@id":"https:\/\/chtululu.be\/index.php\/produit\/oh\/#primaryimage"},"thumbnailUrl":"https:\/\/chtululu.be\/wp-content\/uploads\/2021\/01\/oh.jpg","datePublished":"2021-01-01T18:01:30+00:00","dateModified":"2023-07-09T05:33:08+00:00","description":"\"Oh...\" de Philippe Djian en seconde main au Chtululu (Soignies). Commandez ou r\u00e9servez ce livre ou d'autres de l'auteur d\u00e8s maintenant !","breadcrumb":{"@id":"https:\/\/chtululu.be\/index.php\/produit\/oh\/#breadcrumb"},"inLanguage":"fr-FR","potentialAction":[{"@type":"ReadAction","target":["https:\/\/chtululu.be\/index.php\/produit\/oh\/"]}]},{"@type":"ImageObject","inLanguage":"fr-FR","@id":"https:\/\/chtululu.be\/index.php\/produit\/oh\/#primaryimage","url":"https:\/\/chtululu.be\/wp-content\/uploads\/2021\/01\/oh.jpg","contentUrl":"https:\/\/chtululu.be\/wp-content\/uploads\/2021\/01\/oh.jpg","width":360,"height":480,"caption":"Oh"},{"@type":"BreadcrumbList","@id":"https:\/\/chtululu.be\/index.php\/produit\/oh\/#breadcrumb","itemListElement":[{"@type":"ListItem","position":1,"name":"Accueil","item":"https:\/\/chtululu.be\/"},{"@type":"ListItem","position":2,"name":"Les livres","item":"https:\/\/chtululu.be\/index.php\/livres-doccasion\/"},{"@type":"ListItem","position":3,"name":"\u00ab\u00a0Oh&#8230;\u00a0\u00bb (Philippe Djian)"}]},{"@type":"WebSite","@id":"https:\/\/chtululu.be\/#website","url":"https:\/\/chtululu.be\/","name":"Le Chtululu","description":"Votre librairie de seconde main \u00e0 Soignies","publisher":{"@id":"https:\/\/chtululu.be\/#organization"},"potentialAction":[{"@type":"SearchAction","target":{"@type":"EntryPoint","urlTemplate":"https:\/\/chtululu.be\/?s={search_term_string}"},"query-input":{"@type":"PropertyValueSpecification","valueRequired":true,"valueName":"search_term_string"}}],"inLanguage":"fr-FR"},{"@type":"Organization","@id":"https:\/\/chtululu.be\/#organization","name":"Le Chtululu","url":"https:\/\/chtululu.be\/","logo":{"@type":"ImageObject","inLanguage":"fr-FR","@id":"https:\/\/chtululu.be\/#\/schema\/logo\/image\/","url":"https:\/\/chtululu.be\/wp-content\/uploads\/2016\/05\/logo-def-blanc.jpg","contentUrl":"https:\/\/chtululu.be\/wp-content\/uploads\/2016\/05\/logo-def-blanc.jpg","width":2048,"height":1901,"caption":"Le Chtululu"},"image":{"@id":"https:\/\/chtululu.be\/#\/schema\/logo\/image\/"}}]}},"_links":{"self":[{"href":"https:\/\/chtululu.be\/index.php\/wp-json\/wp\/v2\/product\/1840","targetHints":{"allow":["GET"]}}],"collection":[{"href":"https:\/\/chtululu.be\/index.php\/wp-json\/wp\/v2\/product"}],"about":[{"href":"https:\/\/chtululu.be\/index.php\/wp-json\/wp\/v2\/types\/product"}],"wp:featuredmedia":[{"embeddable":true,"href":"https:\/\/chtululu.be\/index.php\/wp-json\/wp\/v2\/media\/1841"}],"wp:attachment":[{"href":"https:\/\/chtululu.be\/index.php\/wp-json\/wp\/v2\/media?parent=1840"}],"wp:term":[{"taxonomy":"product_brand","embeddable":true,"href":"https:\/\/chtululu.be\/index.php\/wp-json\/wp\/v2\/product_brand?post=1840"},{"taxonomy":"product_cat","embeddable":true,"href":"https:\/\/chtululu.be\/index.php\/wp-json\/wp\/v2\/product_cat?post=1840"},{"taxonomy":"product_tag","embeddable":true,"href":"https:\/\/chtululu.be\/index.php\/wp-json\/wp\/v2\/product_tag?post=1840"}],"curies":[{"name":"wp","href":"https:\/\/api.w.org\/{rel}","templated":true}]}}