{"id":1838,"date":"2021-01-01T18:57:06","date_gmt":"2021-01-01T17:57:06","guid":{"rendered":"https:\/\/chtululu.be\/?post_type=product&#038;p=1838"},"modified":"2021-03-26T09:55:03","modified_gmt":"2021-03-26T08:55:03","slug":"echine","status":"publish","type":"product","link":"https:\/\/chtululu.be\/index.php\/produit\/echine\/","title":{"rendered":"Echine (Philippe Djian)"},"content":{"rendered":"<p>Echine de Philippe Djian (\u00e9d. Bernard Barrault)<\/p>\n<h3>R\u00e9sum\u00e9 de Echine<\/h3>\n<p>Dan a sacrifi\u00e9 ses nuits, ses jours, ses amis, ses amours \u00e0 l&rsquo;\u00e9criture.<br \/>\nIl avait du talent, il a eu du succ\u00e8s. Et puis, un jour, plus rien. La page est rest\u00e9e vierge, la source \u00e9tait tarie. Depuis, Dan \u00e9crit des sc\u00e9narios pour la t\u00e9l\u00e9vision. Sur commande. Sans honte et sans passion. Mais il y a son fils Hermann ; la bi\u00e8re mexicaine ; les femmes toujours belles parce qu&rsquo;on les aime, et qui s&rsquo;en vont parce qu&rsquo;on les aime trop &#8211; ou mal ; les voisins homosexuels et attendrissants ; et puis les couleurs de la rue, la transparence de l&rsquo;air.<br \/>\nEtres qui se cherchent \u00e0 t\u00e2tons et qui tous ont le mal de vivre, quotidien qui est le n\u00f4tre et qui, par la magie du verbe, devient litt\u00e9rature, m\u00e9lange de tendresse et de violence, d&rsquo;espoir et de d\u00e9sesp\u00e9rance, on retrouve ici l&rsquo;univers de Djian : \u00ab\u00a0Dans la rue, les gens parlaient de leur facture de gaz et de la fin du monde. \u00a0\u00bb (r\u00e9sum\u00e9 de Babelio)<\/p>\n","protected":false},"excerpt":{"rendered":"<p>Echine de Philippe Djian (\u00e9d. Bernard Barrault)<\/p>\n","protected":false},"featured_media":1839,"template":"","meta":{"_acf_changed":false,"_exactmetrics_skip_tracking":false,"_exactmetrics_sitenote_active":false,"_exactmetrics_sitenote_note":"","_exactmetrics_sitenote_category":0},"product_brand":[],"product_cat":[24],"product_tag":[360],"class_list":{"0":"post-1838","1":"product","2":"type-product","3":"status-publish","4":"has-post-thumbnail","6":"product_cat-roman","7":"product_tag-dijan-philippe","9":"first","10":"instock","11":"taxable","12":"shipping-taxable","13":"purchasable","14":"product-type-simple"},"acf":[],"yoast_head":"<!-- This site is optimized with the Yoast SEO plugin v26.6 - https:\/\/yoast.com\/wordpress\/plugins\/seo\/ -->\n<title>Echine de Philippe Djian en seconde main au Chtululu (Soignies)<\/title>\n<meta name=\"description\" content=\"Echine de Philippe Djian en seconde main au Chtululu (Soignies). Commandez ou r\u00e9servez ce livre ou d&#039;autres de l&#039;auteur d\u00e8s maintenant !\" \/>\n<meta name=\"robots\" content=\"index, follow, max-snippet:-1, max-image-preview:large, max-video-preview:-1\" \/>\n<link rel=\"canonical\" href=\"https:\/\/chtululu.be\/index.php\/produit\/echine\/\" \/>\n<meta property=\"og:locale\" content=\"fr_FR\" \/>\n<meta property=\"og:type\" content=\"article\" \/>\n<meta property=\"og:title\" content=\"Echine de Philippe Djian en seconde main au Chtululu (Soignies)\" \/>\n<meta property=\"og:description\" content=\"Echine de Philippe Djian en seconde main au Chtululu (Soignies). Commandez ou r\u00e9servez ce livre ou d&#039;autres de l&#039;auteur d\u00e8s maintenant !\" \/>\n<meta property=\"og:url\" content=\"https:\/\/chtululu.be\/index.php\/produit\/echine\/\" \/>\n<meta property=\"og:site_name\" content=\"Le Chtululu\" \/>\n<meta property=\"article:modified_time\" content=\"2021-03-26T08:55:03+00:00\" \/>\n<meta property=\"og:image\" content=\"https:\/\/chtululu.be\/wp-content\/uploads\/2021\/01\/echine.jpg\" \/>\n\t<meta property=\"og:image:width\" content=\"360\" \/>\n\t<meta property=\"og:image:height\" content=\"480\" \/>\n\t<meta property=\"og:image:type\" content=\"image\/jpeg\" \/>\n<meta name=\"twitter:card\" content=\"summary_large_image\" \/>\n<meta name=\"twitter:label1\" content=\"Dur\u00e9e de lecture estim\u00e9e\" \/>\n\t<meta name=\"twitter:data1\" content=\"1 minute\" \/>\n<script type=\"application\/ld+json\" class=\"yoast-schema-graph\">{\"@context\":\"https:\/\/schema.org\",\"@graph\":[{\"@type\":\"WebPage\",\"@id\":\"https:\/\/chtululu.be\/index.php\/produit\/echine\/\",\"url\":\"https:\/\/chtululu.be\/index.php\/produit\/echine\/\",\"name\":\"Echine de Philippe Djian en seconde main au Chtululu (Soignies)\",\"isPartOf\":{\"@id\":\"https:\/\/chtululu.be\/#website\"},\"primaryImageOfPage\":{\"@id\":\"https:\/\/chtululu.be\/index.php\/produit\/echine\/#primaryimage\"},\"image\":{\"@id\":\"https:\/\/chtululu.be\/index.php\/produit\/echine\/#primaryimage\"},\"thumbnailUrl\":\"https:\/\/chtululu.be\/wp-content\/uploads\/2021\/01\/echine.jpg\",\"datePublished\":\"2021-01-01T17:57:06+00:00\",\"dateModified\":\"2021-03-26T08:55:03+00:00\",\"description\":\"Echine de Philippe Djian en seconde main au Chtululu (Soignies). Commandez ou r\u00e9servez ce livre ou d'autres de l'auteur d\u00e8s maintenant !\",\"breadcrumb\":{\"@id\":\"https:\/\/chtululu.be\/index.php\/produit\/echine\/#breadcrumb\"},\"inLanguage\":\"fr-FR\",\"potentialAction\":[{\"@type\":\"ReadAction\",\"target\":[\"https:\/\/chtululu.be\/index.php\/produit\/echine\/\"]}]},{\"@type\":\"ImageObject\",\"inLanguage\":\"fr-FR\",\"@id\":\"https:\/\/chtululu.be\/index.php\/produit\/echine\/#primaryimage\",\"url\":\"https:\/\/chtululu.be\/wp-content\/uploads\/2021\/01\/echine.jpg\",\"contentUrl\":\"https:\/\/chtululu.be\/wp-content\/uploads\/2021\/01\/echine.jpg\",\"width\":360,\"height\":480,\"caption\":\"Echine\"},{\"@type\":\"BreadcrumbList\",\"@id\":\"https:\/\/chtululu.be\/index.php\/produit\/echine\/#breadcrumb\",\"itemListElement\":[{\"@type\":\"ListItem\",\"position\":1,\"name\":\"Accueil\",\"item\":\"https:\/\/chtululu.be\/\"},{\"@type\":\"ListItem\",\"position\":2,\"name\":\"Les livres\",\"item\":\"https:\/\/chtululu.be\/index.php\/livres-doccasion\/\"},{\"@type\":\"ListItem\",\"position\":3,\"name\":\"Echine (Philippe Djian)\"}]},{\"@type\":\"WebSite\",\"@id\":\"https:\/\/chtululu.be\/#website\",\"url\":\"https:\/\/chtululu.be\/\",\"name\":\"Le Chtululu\",\"description\":\"Votre librairie de seconde main \u00e0 Soignies\",\"publisher\":{\"@id\":\"https:\/\/chtululu.be\/#organization\"},\"potentialAction\":[{\"@type\":\"SearchAction\",\"target\":{\"@type\":\"EntryPoint\",\"urlTemplate\":\"https:\/\/chtululu.be\/?s={search_term_string}\"},\"query-input\":{\"@type\":\"PropertyValueSpecification\",\"valueRequired\":true,\"valueName\":\"search_term_string\"}}],\"inLanguage\":\"fr-FR\"},{\"@type\":\"Organization\",\"@id\":\"https:\/\/chtululu.be\/#organization\",\"name\":\"Le Chtululu\",\"url\":\"https:\/\/chtululu.be\/\",\"logo\":{\"@type\":\"ImageObject\",\"inLanguage\":\"fr-FR\",\"@id\":\"https:\/\/chtululu.be\/#\/schema\/logo\/image\/\",\"url\":\"https:\/\/chtululu.be\/wp-content\/uploads\/2016\/05\/logo-def-blanc.jpg\",\"contentUrl\":\"https:\/\/chtululu.be\/wp-content\/uploads\/2016\/05\/logo-def-blanc.jpg\",\"width\":2048,\"height\":1901,\"caption\":\"Le Chtululu\"},\"image\":{\"@id\":\"https:\/\/chtululu.be\/#\/schema\/logo\/image\/\"}}]}<\/script>\n<!-- \/ Yoast SEO plugin. -->","yoast_head_json":{"title":"Echine de Philippe Djian en seconde main au Chtululu (Soignies)","description":"Echine de Philippe Djian en seconde main au Chtululu (Soignies). Commandez ou r\u00e9servez ce livre ou d'autres de l'auteur d\u00e8s maintenant !","robots":{"index":"index","follow":"follow","max-snippet":"max-snippet:-1","max-image-preview":"max-image-preview:large","max-video-preview":"max-video-preview:-1"},"canonical":"https:\/\/chtululu.be\/index.php\/produit\/echine\/","og_locale":"fr_FR","og_type":"article","og_title":"Echine de Philippe Djian en seconde main au Chtululu (Soignies)","og_description":"Echine de Philippe Djian en seconde main au Chtululu (Soignies). Commandez ou r\u00e9servez ce livre ou d'autres de l'auteur d\u00e8s maintenant !","og_url":"https:\/\/chtululu.be\/index.php\/produit\/echine\/","og_site_name":"Le Chtululu","article_modified_time":"2021-03-26T08:55:03+00:00","og_image":[{"width":360,"height":480,"url":"https:\/\/chtululu.be\/wp-content\/uploads\/2021\/01\/echine.jpg","type":"image\/jpeg"}],"twitter_card":"summary_large_image","twitter_misc":{"Dur\u00e9e de lecture estim\u00e9e":"1 minute"},"schema":{"@context":"https:\/\/schema.org","@graph":[{"@type":"WebPage","@id":"https:\/\/chtululu.be\/index.php\/produit\/echine\/","url":"https:\/\/chtululu.be\/index.php\/produit\/echine\/","name":"Echine de Philippe Djian en seconde main au Chtululu (Soignies)","isPartOf":{"@id":"https:\/\/chtululu.be\/#website"},"primaryImageOfPage":{"@id":"https:\/\/chtululu.be\/index.php\/produit\/echine\/#primaryimage"},"image":{"@id":"https:\/\/chtululu.be\/index.php\/produit\/echine\/#primaryimage"},"thumbnailUrl":"https:\/\/chtululu.be\/wp-content\/uploads\/2021\/01\/echine.jpg","datePublished":"2021-01-01T17:57:06+00:00","dateModified":"2021-03-26T08:55:03+00:00","description":"Echine de Philippe Djian en seconde main au Chtululu (Soignies). Commandez ou r\u00e9servez ce livre ou d'autres de l'auteur d\u00e8s maintenant !","breadcrumb":{"@id":"https:\/\/chtululu.be\/index.php\/produit\/echine\/#breadcrumb"},"inLanguage":"fr-FR","potentialAction":[{"@type":"ReadAction","target":["https:\/\/chtululu.be\/index.php\/produit\/echine\/"]}]},{"@type":"ImageObject","inLanguage":"fr-FR","@id":"https:\/\/chtululu.be\/index.php\/produit\/echine\/#primaryimage","url":"https:\/\/chtululu.be\/wp-content\/uploads\/2021\/01\/echine.jpg","contentUrl":"https:\/\/chtululu.be\/wp-content\/uploads\/2021\/01\/echine.jpg","width":360,"height":480,"caption":"Echine"},{"@type":"BreadcrumbList","@id":"https:\/\/chtululu.be\/index.php\/produit\/echine\/#breadcrumb","itemListElement":[{"@type":"ListItem","position":1,"name":"Accueil","item":"https:\/\/chtululu.be\/"},{"@type":"ListItem","position":2,"name":"Les livres","item":"https:\/\/chtululu.be\/index.php\/livres-doccasion\/"},{"@type":"ListItem","position":3,"name":"Echine (Philippe Djian)"}]},{"@type":"WebSite","@id":"https:\/\/chtululu.be\/#website","url":"https:\/\/chtululu.be\/","name":"Le Chtululu","description":"Votre librairie de seconde main \u00e0 Soignies","publisher":{"@id":"https:\/\/chtululu.be\/#organization"},"potentialAction":[{"@type":"SearchAction","target":{"@type":"EntryPoint","urlTemplate":"https:\/\/chtululu.be\/?s={search_term_string}"},"query-input":{"@type":"PropertyValueSpecification","valueRequired":true,"valueName":"search_term_string"}}],"inLanguage":"fr-FR"},{"@type":"Organization","@id":"https:\/\/chtululu.be\/#organization","name":"Le Chtululu","url":"https:\/\/chtululu.be\/","logo":{"@type":"ImageObject","inLanguage":"fr-FR","@id":"https:\/\/chtululu.be\/#\/schema\/logo\/image\/","url":"https:\/\/chtululu.be\/wp-content\/uploads\/2016\/05\/logo-def-blanc.jpg","contentUrl":"https:\/\/chtululu.be\/wp-content\/uploads\/2016\/05\/logo-def-blanc.jpg","width":2048,"height":1901,"caption":"Le Chtululu"},"image":{"@id":"https:\/\/chtululu.be\/#\/schema\/logo\/image\/"}}]}},"_links":{"self":[{"href":"https:\/\/chtululu.be\/index.php\/wp-json\/wp\/v2\/product\/1838","targetHints":{"allow":["GET"]}}],"collection":[{"href":"https:\/\/chtululu.be\/index.php\/wp-json\/wp\/v2\/product"}],"about":[{"href":"https:\/\/chtululu.be\/index.php\/wp-json\/wp\/v2\/types\/product"}],"wp:featuredmedia":[{"embeddable":true,"href":"https:\/\/chtululu.be\/index.php\/wp-json\/wp\/v2\/media\/1839"}],"wp:attachment":[{"href":"https:\/\/chtululu.be\/index.php\/wp-json\/wp\/v2\/media?parent=1838"}],"wp:term":[{"taxonomy":"product_brand","embeddable":true,"href":"https:\/\/chtululu.be\/index.php\/wp-json\/wp\/v2\/product_brand?post=1838"},{"taxonomy":"product_cat","embeddable":true,"href":"https:\/\/chtululu.be\/index.php\/wp-json\/wp\/v2\/product_cat?post=1838"},{"taxonomy":"product_tag","embeddable":true,"href":"https:\/\/chtululu.be\/index.php\/wp-json\/wp\/v2\/product_tag?post=1838"}],"curies":[{"name":"wp","href":"https:\/\/api.w.org\/{rel}","templated":true}]}}