{"id":1801,"date":"2020-12-05T16:33:07","date_gmt":"2020-12-05T15:33:07","guid":{"rendered":"https:\/\/chtululu.be\/?post_type=product&#038;p=1801"},"modified":"2021-03-26T09:56:27","modified_gmt":"2021-03-26T08:56:27","slug":"comment-sauver-un-vampire-amoureux-2","status":"publish","type":"product","link":"https:\/\/chtululu.be\/index.php\/produit\/comment-sauver-un-vampire-amoureux-2\/","title":{"rendered":"Comment sauver un vampire amoureux &#8211; Beth Fantaskey"},"content":{"rendered":"<h1>Le r\u00e9sum\u00e9 du livre<\/h1>\n<p>La d\u00e9couverte de son appartenance \u00e0 une famille de vampires avait laiss\u00e9 Jessica Packwood un peu \u00e9branl\u00e9e l\u2019an dernier. Et ce n\u2019\u00e9tait que le d\u00e9but. \u00c0 pr\u00e9sent mari\u00e9e au prince Lucius Vladescu, elle doit s\u2019imposer en tant que souveraine devant une famille de vampires aux dents longues qui ne demandent qu\u2019\u00e0 l\u2019\u00e9carter du tr\u00f4ne. Autant dire que sa compl\u00e8te ignorance de la langue roumaine, des us et coutumes de la cour vampire et la terreur que lui inspire sa belle-famille ne l\u2019aident pas. Quand on retrouve le corps d\u2019un des Anciens, assassin\u00e9 avec le pieu de Lucius, tout accuse le prince-vampire. Emprisonn\u00e9 dans le ch\u00e2teau, affaibli par le manque de sang, il d\u00e9p\u00e9rit peu \u00e0 peu, laissant Jessica seule face \u00e0 son destin. Bien d\u00e9cid\u00e9 \u00e0 sauver son mari, elle demande l\u2019aide de ses seuls alli\u00e9s : sa meilleure amie Mindy, venue des \u00c9tats-Unis, et le cousin de Lucius, Raniero Lovatu. Mais a-t-elle raison de leur accorder sa confiance ? Quels secrets cachent-ils ? Alors qu\u2019elle est sur le point de perdre tout ce qui lui est cher, Jessica doit trouver un moyen de vaincre ses opposants et de s\u2019affirmer en tant que souveraine. Impr\u00e9gn\u00e9e de romance, de myst\u00e8re et de danger, la suite de Comment se d\u00e9barrasser d\u2019un vampire amoureux est la preuve que certaines princesses doivent m\u00e9riter leur happy end avec un pieu bien aiguis\u00e9.<\/p>\n","protected":false},"excerpt":{"rendered":"<p>Comment sauver un vampire amoureux de Beth Fantaskey (com\u00e9die romantique).<\/p>\n<p>Voir aussi Comment se d\u00e9barrasser d&rsquo;un vampire amoureux<\/p>\n","protected":false},"featured_media":1802,"template":"","meta":{"_acf_changed":false,"_exactmetrics_skip_tracking":false,"_exactmetrics_sitenote_active":false,"_exactmetrics_sitenote_note":"","_exactmetrics_sitenote_category":0},"product_brand":[],"product_cat":[384],"product_tag":[226],"class_list":{"0":"post-1801","1":"product","2":"type-product","3":"status-publish","4":"has-post-thumbnail","6":"product_cat-sf","7":"product_tag-bit-lit","9":"first","10":"instock","11":"taxable","12":"shipping-taxable","13":"purchasable","14":"product-type-simple"},"acf":[],"yoast_head":"<!-- This site is optimized with the Yoast SEO plugin v26.6 - https:\/\/yoast.com\/wordpress\/plugins\/seo\/ -->\n<title>Comment sauver un vampire amoureux (Beth Fantaskey)<\/title>\n<meta name=\"description\" content=\"Comment sauver un vampire amoureux (Beth Fantaskey) est en vente au Chtululu (gare de Soignies) ou via livraison (frais bpost en +)\" \/>\n<meta name=\"robots\" content=\"index, follow, max-snippet:-1, max-image-preview:large, max-video-preview:-1\" \/>\n<link rel=\"canonical\" href=\"https:\/\/chtululu.be\/index.php\/produit\/comment-sauver-un-vampire-amoureux-2\/\" \/>\n<meta property=\"og:locale\" content=\"fr_FR\" \/>\n<meta property=\"og:type\" content=\"article\" \/>\n<meta property=\"og:title\" content=\"Comment sauver un vampire amoureux (Beth Fantaskey)\" \/>\n<meta property=\"og:description\" content=\"Comment sauver un vampire amoureux (Beth Fantaskey) est en vente au Chtululu (gare de Soignies) ou via livraison (frais bpost en +)\" \/>\n<meta property=\"og:url\" content=\"https:\/\/chtululu.be\/index.php\/produit\/comment-sauver-un-vampire-amoureux-2\/\" \/>\n<meta property=\"og:site_name\" content=\"Le Chtululu\" \/>\n<meta property=\"article:modified_time\" content=\"2021-03-26T08:56:27+00:00\" \/>\n<meta property=\"og:image\" content=\"https:\/\/chtululu.be\/wp-content\/uploads\/2020\/12\/bm_18716_aj_m_532.jpg\" \/>\n\t<meta property=\"og:image:width\" content=\"250\" \/>\n\t<meta property=\"og:image:height\" content=\"333\" \/>\n\t<meta property=\"og:image:type\" content=\"image\/jpeg\" \/>\n<meta name=\"twitter:card\" content=\"summary_large_image\" \/>\n<meta name=\"twitter:label1\" content=\"Dur\u00e9e de lecture estim\u00e9e\" \/>\n\t<meta name=\"twitter:data1\" content=\"1 minute\" \/>\n<script type=\"application\/ld+json\" class=\"yoast-schema-graph\">{\"@context\":\"https:\/\/schema.org\",\"@graph\":[{\"@type\":\"WebPage\",\"@id\":\"https:\/\/chtululu.be\/index.php\/produit\/comment-sauver-un-vampire-amoureux-2\/\",\"url\":\"https:\/\/chtululu.be\/index.php\/produit\/comment-sauver-un-vampire-amoureux-2\/\",\"name\":\"Comment sauver un vampire amoureux (Beth Fantaskey)\",\"isPartOf\":{\"@id\":\"https:\/\/chtululu.be\/#website\"},\"primaryImageOfPage\":{\"@id\":\"https:\/\/chtululu.be\/index.php\/produit\/comment-sauver-un-vampire-amoureux-2\/#primaryimage\"},\"image\":{\"@id\":\"https:\/\/chtululu.be\/index.php\/produit\/comment-sauver-un-vampire-amoureux-2\/#primaryimage\"},\"thumbnailUrl\":\"https:\/\/chtululu.be\/wp-content\/uploads\/2020\/12\/bm_18716_aj_m_532.jpg\",\"datePublished\":\"2020-12-05T15:33:07+00:00\",\"dateModified\":\"2021-03-26T08:56:27+00:00\",\"description\":\"Comment sauver un vampire amoureux (Beth Fantaskey) est en vente au Chtululu (gare de Soignies) ou via livraison (frais bpost en +)\",\"breadcrumb\":{\"@id\":\"https:\/\/chtululu.be\/index.php\/produit\/comment-sauver-un-vampire-amoureux-2\/#breadcrumb\"},\"inLanguage\":\"fr-FR\",\"potentialAction\":[{\"@type\":\"ReadAction\",\"target\":[\"https:\/\/chtululu.be\/index.php\/produit\/comment-sauver-un-vampire-amoureux-2\/\"]}]},{\"@type\":\"ImageObject\",\"inLanguage\":\"fr-FR\",\"@id\":\"https:\/\/chtululu.be\/index.php\/produit\/comment-sauver-un-vampire-amoureux-2\/#primaryimage\",\"url\":\"https:\/\/chtululu.be\/wp-content\/uploads\/2020\/12\/bm_18716_aj_m_532.jpg\",\"contentUrl\":\"https:\/\/chtululu.be\/wp-content\/uploads\/2020\/12\/bm_18716_aj_m_532.jpg\",\"width\":250,\"height\":333,\"caption\":\"Comment sauver un vampire amoureux\"},{\"@type\":\"BreadcrumbList\",\"@id\":\"https:\/\/chtululu.be\/index.php\/produit\/comment-sauver-un-vampire-amoureux-2\/#breadcrumb\",\"itemListElement\":[{\"@type\":\"ListItem\",\"position\":1,\"name\":\"Accueil\",\"item\":\"https:\/\/chtululu.be\/\"},{\"@type\":\"ListItem\",\"position\":2,\"name\":\"Les livres\",\"item\":\"https:\/\/chtululu.be\/index.php\/livres-doccasion\/\"},{\"@type\":\"ListItem\",\"position\":3,\"name\":\"Comment sauver un vampire amoureux &#8211; Beth Fantaskey\"}]},{\"@type\":\"WebSite\",\"@id\":\"https:\/\/chtululu.be\/#website\",\"url\":\"https:\/\/chtululu.be\/\",\"name\":\"Le Chtululu\",\"description\":\"Votre librairie de seconde main \u00e0 Soignies\",\"publisher\":{\"@id\":\"https:\/\/chtululu.be\/#organization\"},\"potentialAction\":[{\"@type\":\"SearchAction\",\"target\":{\"@type\":\"EntryPoint\",\"urlTemplate\":\"https:\/\/chtululu.be\/?s={search_term_string}\"},\"query-input\":{\"@type\":\"PropertyValueSpecification\",\"valueRequired\":true,\"valueName\":\"search_term_string\"}}],\"inLanguage\":\"fr-FR\"},{\"@type\":\"Organization\",\"@id\":\"https:\/\/chtululu.be\/#organization\",\"name\":\"Le Chtululu\",\"url\":\"https:\/\/chtululu.be\/\",\"logo\":{\"@type\":\"ImageObject\",\"inLanguage\":\"fr-FR\",\"@id\":\"https:\/\/chtululu.be\/#\/schema\/logo\/image\/\",\"url\":\"https:\/\/chtululu.be\/wp-content\/uploads\/2016\/05\/logo-def-blanc.jpg\",\"contentUrl\":\"https:\/\/chtululu.be\/wp-content\/uploads\/2016\/05\/logo-def-blanc.jpg\",\"width\":2048,\"height\":1901,\"caption\":\"Le Chtululu\"},\"image\":{\"@id\":\"https:\/\/chtululu.be\/#\/schema\/logo\/image\/\"}}]}<\/script>\n<!-- \/ Yoast SEO plugin. -->","yoast_head_json":{"title":"Comment sauver un vampire amoureux (Beth Fantaskey)","description":"Comment sauver un vampire amoureux (Beth Fantaskey) est en vente au Chtululu (gare de Soignies) ou via livraison (frais bpost en +)","robots":{"index":"index","follow":"follow","max-snippet":"max-snippet:-1","max-image-preview":"max-image-preview:large","max-video-preview":"max-video-preview:-1"},"canonical":"https:\/\/chtululu.be\/index.php\/produit\/comment-sauver-un-vampire-amoureux-2\/","og_locale":"fr_FR","og_type":"article","og_title":"Comment sauver un vampire amoureux (Beth Fantaskey)","og_description":"Comment sauver un vampire amoureux (Beth Fantaskey) est en vente au Chtululu (gare de Soignies) ou via livraison (frais bpost en +)","og_url":"https:\/\/chtululu.be\/index.php\/produit\/comment-sauver-un-vampire-amoureux-2\/","og_site_name":"Le Chtululu","article_modified_time":"2021-03-26T08:56:27+00:00","og_image":[{"width":250,"height":333,"url":"https:\/\/chtululu.be\/wp-content\/uploads\/2020\/12\/bm_18716_aj_m_532.jpg","type":"image\/jpeg"}],"twitter_card":"summary_large_image","twitter_misc":{"Dur\u00e9e de lecture estim\u00e9e":"1 minute"},"schema":{"@context":"https:\/\/schema.org","@graph":[{"@type":"WebPage","@id":"https:\/\/chtululu.be\/index.php\/produit\/comment-sauver-un-vampire-amoureux-2\/","url":"https:\/\/chtululu.be\/index.php\/produit\/comment-sauver-un-vampire-amoureux-2\/","name":"Comment sauver un vampire amoureux (Beth Fantaskey)","isPartOf":{"@id":"https:\/\/chtululu.be\/#website"},"primaryImageOfPage":{"@id":"https:\/\/chtululu.be\/index.php\/produit\/comment-sauver-un-vampire-amoureux-2\/#primaryimage"},"image":{"@id":"https:\/\/chtululu.be\/index.php\/produit\/comment-sauver-un-vampire-amoureux-2\/#primaryimage"},"thumbnailUrl":"https:\/\/chtululu.be\/wp-content\/uploads\/2020\/12\/bm_18716_aj_m_532.jpg","datePublished":"2020-12-05T15:33:07+00:00","dateModified":"2021-03-26T08:56:27+00:00","description":"Comment sauver un vampire amoureux (Beth Fantaskey) est en vente au Chtululu (gare de Soignies) ou via livraison (frais bpost en +)","breadcrumb":{"@id":"https:\/\/chtululu.be\/index.php\/produit\/comment-sauver-un-vampire-amoureux-2\/#breadcrumb"},"inLanguage":"fr-FR","potentialAction":[{"@type":"ReadAction","target":["https:\/\/chtululu.be\/index.php\/produit\/comment-sauver-un-vampire-amoureux-2\/"]}]},{"@type":"ImageObject","inLanguage":"fr-FR","@id":"https:\/\/chtululu.be\/index.php\/produit\/comment-sauver-un-vampire-amoureux-2\/#primaryimage","url":"https:\/\/chtululu.be\/wp-content\/uploads\/2020\/12\/bm_18716_aj_m_532.jpg","contentUrl":"https:\/\/chtululu.be\/wp-content\/uploads\/2020\/12\/bm_18716_aj_m_532.jpg","width":250,"height":333,"caption":"Comment sauver un vampire amoureux"},{"@type":"BreadcrumbList","@id":"https:\/\/chtululu.be\/index.php\/produit\/comment-sauver-un-vampire-amoureux-2\/#breadcrumb","itemListElement":[{"@type":"ListItem","position":1,"name":"Accueil","item":"https:\/\/chtululu.be\/"},{"@type":"ListItem","position":2,"name":"Les livres","item":"https:\/\/chtululu.be\/index.php\/livres-doccasion\/"},{"@type":"ListItem","position":3,"name":"Comment sauver un vampire amoureux &#8211; Beth Fantaskey"}]},{"@type":"WebSite","@id":"https:\/\/chtululu.be\/#website","url":"https:\/\/chtululu.be\/","name":"Le Chtululu","description":"Votre librairie de seconde main \u00e0 Soignies","publisher":{"@id":"https:\/\/chtululu.be\/#organization"},"potentialAction":[{"@type":"SearchAction","target":{"@type":"EntryPoint","urlTemplate":"https:\/\/chtululu.be\/?s={search_term_string}"},"query-input":{"@type":"PropertyValueSpecification","valueRequired":true,"valueName":"search_term_string"}}],"inLanguage":"fr-FR"},{"@type":"Organization","@id":"https:\/\/chtululu.be\/#organization","name":"Le Chtululu","url":"https:\/\/chtululu.be\/","logo":{"@type":"ImageObject","inLanguage":"fr-FR","@id":"https:\/\/chtululu.be\/#\/schema\/logo\/image\/","url":"https:\/\/chtululu.be\/wp-content\/uploads\/2016\/05\/logo-def-blanc.jpg","contentUrl":"https:\/\/chtululu.be\/wp-content\/uploads\/2016\/05\/logo-def-blanc.jpg","width":2048,"height":1901,"caption":"Le Chtululu"},"image":{"@id":"https:\/\/chtululu.be\/#\/schema\/logo\/image\/"}}]}},"_links":{"self":[{"href":"https:\/\/chtululu.be\/index.php\/wp-json\/wp\/v2\/product\/1801","targetHints":{"allow":["GET"]}}],"collection":[{"href":"https:\/\/chtululu.be\/index.php\/wp-json\/wp\/v2\/product"}],"about":[{"href":"https:\/\/chtululu.be\/index.php\/wp-json\/wp\/v2\/types\/product"}],"wp:featuredmedia":[{"embeddable":true,"href":"https:\/\/chtululu.be\/index.php\/wp-json\/wp\/v2\/media\/1802"}],"wp:attachment":[{"href":"https:\/\/chtululu.be\/index.php\/wp-json\/wp\/v2\/media?parent=1801"}],"wp:term":[{"taxonomy":"product_brand","embeddable":true,"href":"https:\/\/chtululu.be\/index.php\/wp-json\/wp\/v2\/product_brand?post=1801"},{"taxonomy":"product_cat","embeddable":true,"href":"https:\/\/chtululu.be\/index.php\/wp-json\/wp\/v2\/product_cat?post=1801"},{"taxonomy":"product_tag","embeddable":true,"href":"https:\/\/chtululu.be\/index.php\/wp-json\/wp\/v2\/product_tag?post=1801"}],"curies":[{"name":"wp","href":"https:\/\/api.w.org\/{rel}","templated":true}]}}