{"id":1799,"date":"2020-12-05T16:32:54","date_gmt":"2020-12-05T15:32:54","guid":{"rendered":"https:\/\/chtululu.be\/?post_type=product&#038;p=1799"},"modified":"2021-03-26T09:58:23","modified_gmt":"2021-03-26T08:58:23","slug":"comment-se-debarrasser-dun-vampire-amoureux-beth-fantaskey","status":"publish","type":"product","link":"https:\/\/chtululu.be\/index.php\/produit\/comment-se-debarrasser-dun-vampire-amoureux-beth-fantaskey\/","title":{"rendered":"Comment se d\u00e9barrasser d&rsquo;un vampire amoureux &#8211; Beth Fantaskey"},"content":{"rendered":"<h1>Le r\u00e9sum\u00e9 du livre<\/h1>\n<p>Jessica attendait beaucoup de son ann\u00e9e de terminale: ind\u00e9pendance, f\u00eates \u00e0 n\u2019en plus finir\u2026 Elle n\u2019avait certainement pas vu venir Lucius Vladescu! Adopt\u00e9e seize ans plus t\u00f4t en Roumanie, Jessica d\u00e9couvre avec stupeur qu&rsquo;elle est fianc\u00e9e \u00e0 un prince vampire depuis sa plus tendre enfance, et qu&rsquo;il a bien l&rsquo;intention de r\u00e9clamer sa promise.<\/p>\n<p>S\u00e9duisant, t\u00e9n\u00e9breux, romantique, Lucius est persuad\u00e9 que Jessica va lui tomber dans les bras. Malheureusement, la jeune fille a d&rsquo;autres projets et pas la moindre envie de suivre un inconnu en Roumanie, tout prince vampire qu&rsquo;il soit.<\/p>\n","protected":false},"excerpt":{"rendered":"<p>Comment se d\u00e9barrasser d&rsquo;un vampire amoureux de Beth Fantaskey (com\u00e9die romantique)<\/p>\n","protected":false},"featured_media":1800,"template":"","meta":{"_acf_changed":false,"_exactmetrics_skip_tracking":false,"_exactmetrics_sitenote_active":false,"_exactmetrics_sitenote_note":"","_exactmetrics_sitenote_category":0},"product_brand":[],"product_cat":[384],"product_tag":[226],"class_list":{"0":"post-1799","1":"product","2":"type-product","3":"status-publish","4":"has-post-thumbnail","6":"product_cat-sf","7":"product_tag-bit-lit","9":"first","10":"instock","11":"taxable","12":"shipping-taxable","13":"purchasable","14":"product-type-simple"},"acf":[],"yoast_head":"<!-- This site is optimized with the Yoast SEO plugin v26.6 - https:\/\/yoast.com\/wordpress\/plugins\/seo\/ -->\n<title>Comment se d\u00e9barrasser d&#039;un vampire amoureux (Beth Fantaskey)<\/title>\n<meta name=\"description\" content=\"Comment se d\u00e9barrasser d&#039;un vampire amoureux (Beth Fantaskey) est en vente au Chtululu (gare de Soignies) ou via livraison (frais bpost en +)\" \/>\n<meta name=\"robots\" content=\"index, follow, max-snippet:-1, max-image-preview:large, max-video-preview:-1\" \/>\n<link rel=\"canonical\" href=\"https:\/\/chtululu.be\/index.php\/produit\/comment-se-debarrasser-dun-vampire-amoureux-beth-fantaskey\/\" \/>\n<meta property=\"og:locale\" content=\"fr_FR\" \/>\n<meta property=\"og:type\" content=\"article\" \/>\n<meta property=\"og:title\" content=\"Comment se d\u00e9barrasser d&#039;un vampire amoureux (Beth Fantaskey)\" \/>\n<meta property=\"og:description\" content=\"Comment se d\u00e9barrasser d&#039;un vampire amoureux (Beth Fantaskey) est en vente au Chtululu (gare de Soignies) ou via livraison (frais bpost en +)\" \/>\n<meta property=\"og:url\" content=\"https:\/\/chtululu.be\/index.php\/produit\/comment-se-debarrasser-dun-vampire-amoureux-beth-fantaskey\/\" \/>\n<meta property=\"og:site_name\" content=\"Le Chtululu\" \/>\n<meta property=\"article:modified_time\" content=\"2021-03-26T08:58:23+00:00\" \/>\n<meta property=\"og:image\" content=\"https:\/\/chtululu.be\/wp-content\/uploads\/2020\/12\/vampire-amoureux.jpg\" \/>\n\t<meta property=\"og:image:width\" content=\"250\" \/>\n\t<meta property=\"og:image:height\" content=\"383\" \/>\n\t<meta property=\"og:image:type\" content=\"image\/jpeg\" \/>\n<meta name=\"twitter:card\" content=\"summary_large_image\" \/>\n<meta name=\"twitter:label1\" content=\"Dur\u00e9e de lecture estim\u00e9e\" \/>\n\t<meta name=\"twitter:data1\" content=\"1 minute\" \/>\n<script type=\"application\/ld+json\" class=\"yoast-schema-graph\">{\"@context\":\"https:\/\/schema.org\",\"@graph\":[{\"@type\":\"WebPage\",\"@id\":\"https:\/\/chtululu.be\/index.php\/produit\/comment-se-debarrasser-dun-vampire-amoureux-beth-fantaskey\/\",\"url\":\"https:\/\/chtululu.be\/index.php\/produit\/comment-se-debarrasser-dun-vampire-amoureux-beth-fantaskey\/\",\"name\":\"Comment se d\u00e9barrasser d'un vampire amoureux (Beth Fantaskey)\",\"isPartOf\":{\"@id\":\"https:\/\/chtululu.be\/#website\"},\"primaryImageOfPage\":{\"@id\":\"https:\/\/chtululu.be\/index.php\/produit\/comment-se-debarrasser-dun-vampire-amoureux-beth-fantaskey\/#primaryimage\"},\"image\":{\"@id\":\"https:\/\/chtululu.be\/index.php\/produit\/comment-se-debarrasser-dun-vampire-amoureux-beth-fantaskey\/#primaryimage\"},\"thumbnailUrl\":\"https:\/\/chtululu.be\/wp-content\/uploads\/2020\/12\/vampire-amoureux.jpg\",\"datePublished\":\"2020-12-05T15:32:54+00:00\",\"dateModified\":\"2021-03-26T08:58:23+00:00\",\"description\":\"Comment se d\u00e9barrasser d'un vampire amoureux (Beth Fantaskey) est en vente au Chtululu (gare de Soignies) ou via livraison (frais bpost en +)\",\"breadcrumb\":{\"@id\":\"https:\/\/chtululu.be\/index.php\/produit\/comment-se-debarrasser-dun-vampire-amoureux-beth-fantaskey\/#breadcrumb\"},\"inLanguage\":\"fr-FR\",\"potentialAction\":[{\"@type\":\"ReadAction\",\"target\":[\"https:\/\/chtululu.be\/index.php\/produit\/comment-se-debarrasser-dun-vampire-amoureux-beth-fantaskey\/\"]}]},{\"@type\":\"ImageObject\",\"inLanguage\":\"fr-FR\",\"@id\":\"https:\/\/chtululu.be\/index.php\/produit\/comment-se-debarrasser-dun-vampire-amoureux-beth-fantaskey\/#primaryimage\",\"url\":\"https:\/\/chtululu.be\/wp-content\/uploads\/2020\/12\/vampire-amoureux.jpg\",\"contentUrl\":\"https:\/\/chtululu.be\/wp-content\/uploads\/2020\/12\/vampire-amoureux.jpg\",\"width\":250,\"height\":383,\"caption\":\"Comment se d\u00e9barrasser d'un vampire amoureux\"},{\"@type\":\"BreadcrumbList\",\"@id\":\"https:\/\/chtululu.be\/index.php\/produit\/comment-se-debarrasser-dun-vampire-amoureux-beth-fantaskey\/#breadcrumb\",\"itemListElement\":[{\"@type\":\"ListItem\",\"position\":1,\"name\":\"Accueil\",\"item\":\"https:\/\/chtululu.be\/\"},{\"@type\":\"ListItem\",\"position\":2,\"name\":\"Les livres\",\"item\":\"https:\/\/chtululu.be\/index.php\/livres-doccasion\/\"},{\"@type\":\"ListItem\",\"position\":3,\"name\":\"Comment se d\u00e9barrasser d&rsquo;un vampire amoureux &#8211; Beth Fantaskey\"}]},{\"@type\":\"WebSite\",\"@id\":\"https:\/\/chtululu.be\/#website\",\"url\":\"https:\/\/chtululu.be\/\",\"name\":\"Le Chtululu\",\"description\":\"Votre librairie de seconde main \u00e0 Soignies\",\"publisher\":{\"@id\":\"https:\/\/chtululu.be\/#organization\"},\"potentialAction\":[{\"@type\":\"SearchAction\",\"target\":{\"@type\":\"EntryPoint\",\"urlTemplate\":\"https:\/\/chtululu.be\/?s={search_term_string}\"},\"query-input\":{\"@type\":\"PropertyValueSpecification\",\"valueRequired\":true,\"valueName\":\"search_term_string\"}}],\"inLanguage\":\"fr-FR\"},{\"@type\":\"Organization\",\"@id\":\"https:\/\/chtululu.be\/#organization\",\"name\":\"Le Chtululu\",\"url\":\"https:\/\/chtululu.be\/\",\"logo\":{\"@type\":\"ImageObject\",\"inLanguage\":\"fr-FR\",\"@id\":\"https:\/\/chtululu.be\/#\/schema\/logo\/image\/\",\"url\":\"https:\/\/chtululu.be\/wp-content\/uploads\/2016\/05\/logo-def-blanc.jpg\",\"contentUrl\":\"https:\/\/chtululu.be\/wp-content\/uploads\/2016\/05\/logo-def-blanc.jpg\",\"width\":2048,\"height\":1901,\"caption\":\"Le Chtululu\"},\"image\":{\"@id\":\"https:\/\/chtululu.be\/#\/schema\/logo\/image\/\"}}]}<\/script>\n<!-- \/ Yoast SEO plugin. -->","yoast_head_json":{"title":"Comment se d\u00e9barrasser d'un vampire amoureux (Beth Fantaskey)","description":"Comment se d\u00e9barrasser d'un vampire amoureux (Beth Fantaskey) est en vente au Chtululu (gare de Soignies) ou via livraison (frais bpost en +)","robots":{"index":"index","follow":"follow","max-snippet":"max-snippet:-1","max-image-preview":"max-image-preview:large","max-video-preview":"max-video-preview:-1"},"canonical":"https:\/\/chtululu.be\/index.php\/produit\/comment-se-debarrasser-dun-vampire-amoureux-beth-fantaskey\/","og_locale":"fr_FR","og_type":"article","og_title":"Comment se d\u00e9barrasser d'un vampire amoureux (Beth Fantaskey)","og_description":"Comment se d\u00e9barrasser d'un vampire amoureux (Beth Fantaskey) est en vente au Chtululu (gare de Soignies) ou via livraison (frais bpost en +)","og_url":"https:\/\/chtululu.be\/index.php\/produit\/comment-se-debarrasser-dun-vampire-amoureux-beth-fantaskey\/","og_site_name":"Le Chtululu","article_modified_time":"2021-03-26T08:58:23+00:00","og_image":[{"width":250,"height":383,"url":"https:\/\/chtululu.be\/wp-content\/uploads\/2020\/12\/vampire-amoureux.jpg","type":"image\/jpeg"}],"twitter_card":"summary_large_image","twitter_misc":{"Dur\u00e9e de lecture estim\u00e9e":"1 minute"},"schema":{"@context":"https:\/\/schema.org","@graph":[{"@type":"WebPage","@id":"https:\/\/chtululu.be\/index.php\/produit\/comment-se-debarrasser-dun-vampire-amoureux-beth-fantaskey\/","url":"https:\/\/chtululu.be\/index.php\/produit\/comment-se-debarrasser-dun-vampire-amoureux-beth-fantaskey\/","name":"Comment se d\u00e9barrasser d'un vampire amoureux (Beth Fantaskey)","isPartOf":{"@id":"https:\/\/chtululu.be\/#website"},"primaryImageOfPage":{"@id":"https:\/\/chtululu.be\/index.php\/produit\/comment-se-debarrasser-dun-vampire-amoureux-beth-fantaskey\/#primaryimage"},"image":{"@id":"https:\/\/chtululu.be\/index.php\/produit\/comment-se-debarrasser-dun-vampire-amoureux-beth-fantaskey\/#primaryimage"},"thumbnailUrl":"https:\/\/chtululu.be\/wp-content\/uploads\/2020\/12\/vampire-amoureux.jpg","datePublished":"2020-12-05T15:32:54+00:00","dateModified":"2021-03-26T08:58:23+00:00","description":"Comment se d\u00e9barrasser d'un vampire amoureux (Beth Fantaskey) est en vente au Chtululu (gare de Soignies) ou via livraison (frais bpost en +)","breadcrumb":{"@id":"https:\/\/chtululu.be\/index.php\/produit\/comment-se-debarrasser-dun-vampire-amoureux-beth-fantaskey\/#breadcrumb"},"inLanguage":"fr-FR","potentialAction":[{"@type":"ReadAction","target":["https:\/\/chtululu.be\/index.php\/produit\/comment-se-debarrasser-dun-vampire-amoureux-beth-fantaskey\/"]}]},{"@type":"ImageObject","inLanguage":"fr-FR","@id":"https:\/\/chtululu.be\/index.php\/produit\/comment-se-debarrasser-dun-vampire-amoureux-beth-fantaskey\/#primaryimage","url":"https:\/\/chtululu.be\/wp-content\/uploads\/2020\/12\/vampire-amoureux.jpg","contentUrl":"https:\/\/chtululu.be\/wp-content\/uploads\/2020\/12\/vampire-amoureux.jpg","width":250,"height":383,"caption":"Comment se d\u00e9barrasser d'un vampire amoureux"},{"@type":"BreadcrumbList","@id":"https:\/\/chtululu.be\/index.php\/produit\/comment-se-debarrasser-dun-vampire-amoureux-beth-fantaskey\/#breadcrumb","itemListElement":[{"@type":"ListItem","position":1,"name":"Accueil","item":"https:\/\/chtululu.be\/"},{"@type":"ListItem","position":2,"name":"Les livres","item":"https:\/\/chtululu.be\/index.php\/livres-doccasion\/"},{"@type":"ListItem","position":3,"name":"Comment se d\u00e9barrasser d&rsquo;un vampire amoureux &#8211; Beth Fantaskey"}]},{"@type":"WebSite","@id":"https:\/\/chtululu.be\/#website","url":"https:\/\/chtululu.be\/","name":"Le Chtululu","description":"Votre librairie de seconde main \u00e0 Soignies","publisher":{"@id":"https:\/\/chtululu.be\/#organization"},"potentialAction":[{"@type":"SearchAction","target":{"@type":"EntryPoint","urlTemplate":"https:\/\/chtululu.be\/?s={search_term_string}"},"query-input":{"@type":"PropertyValueSpecification","valueRequired":true,"valueName":"search_term_string"}}],"inLanguage":"fr-FR"},{"@type":"Organization","@id":"https:\/\/chtululu.be\/#organization","name":"Le Chtululu","url":"https:\/\/chtululu.be\/","logo":{"@type":"ImageObject","inLanguage":"fr-FR","@id":"https:\/\/chtululu.be\/#\/schema\/logo\/image\/","url":"https:\/\/chtululu.be\/wp-content\/uploads\/2016\/05\/logo-def-blanc.jpg","contentUrl":"https:\/\/chtululu.be\/wp-content\/uploads\/2016\/05\/logo-def-blanc.jpg","width":2048,"height":1901,"caption":"Le Chtululu"},"image":{"@id":"https:\/\/chtululu.be\/#\/schema\/logo\/image\/"}}]}},"_links":{"self":[{"href":"https:\/\/chtululu.be\/index.php\/wp-json\/wp\/v2\/product\/1799","targetHints":{"allow":["GET"]}}],"collection":[{"href":"https:\/\/chtululu.be\/index.php\/wp-json\/wp\/v2\/product"}],"about":[{"href":"https:\/\/chtululu.be\/index.php\/wp-json\/wp\/v2\/types\/product"}],"wp:featuredmedia":[{"embeddable":true,"href":"https:\/\/chtululu.be\/index.php\/wp-json\/wp\/v2\/media\/1800"}],"wp:attachment":[{"href":"https:\/\/chtululu.be\/index.php\/wp-json\/wp\/v2\/media?parent=1799"}],"wp:term":[{"taxonomy":"product_brand","embeddable":true,"href":"https:\/\/chtululu.be\/index.php\/wp-json\/wp\/v2\/product_brand?post=1799"},{"taxonomy":"product_cat","embeddable":true,"href":"https:\/\/chtululu.be\/index.php\/wp-json\/wp\/v2\/product_cat?post=1799"},{"taxonomy":"product_tag","embeddable":true,"href":"https:\/\/chtululu.be\/index.php\/wp-json\/wp\/v2\/product_tag?post=1799"}],"curies":[{"name":"wp","href":"https:\/\/api.w.org\/{rel}","templated":true}]}}