{"id":1795,"date":"2020-12-05T15:59:09","date_gmt":"2020-12-05T14:59:09","guid":{"rendered":"https:\/\/chtululu.be\/?post_type=product&#038;p=1795"},"modified":"2022-03-27T16:10:52","modified_gmt":"2022-03-27T15:10:52","slug":"la-communaute-du-sud-true-blood-charlaine-harris","status":"publish","type":"product","link":"https:\/\/chtululu.be\/index.php\/produit\/la-communaute-du-sud-true-blood-charlaine-harris\/","title":{"rendered":"La communaut\u00e9 du Sud (True blood) &#8211; Charlaine Harris"},"content":{"rendered":"<p>La Communaut\u00e9 du Sud (Charlaine Harris), double tome :<\/p>\n<p>Quand le danger r\u00f4de suivi de Disparition \u00e0 Dallas (tomes 1 &amp; 2)<\/p>\n<p>Mortel corps \u00e0 corps suivi de Les Sorci\u00e8res de Shreveport (tomes 3 &amp; 4)<\/p>\n<p>La Morsure de la panth\u00e8re suivi de La Reine des vampires (tomes 5 &amp; 6)<\/p>\n<p>La conspiration suivi de Pire que la mort (tomes 7 &amp; 8)<\/p>\n<p>&nbsp;<\/p>\n","protected":false},"excerpt":{"rendered":"<p>D\u00e9couvrez la s\u00e9rie La communaut\u00e9 du Sud, adapt\u00e9e en s\u00e9rie TV, True Blood !<\/p>\n","protected":false},"featured_media":1796,"template":"","meta":{"_acf_changed":false,"_exactmetrics_skip_tracking":false,"_exactmetrics_sitenote_active":false,"_exactmetrics_sitenote_note":"","_exactmetrics_sitenote_category":0},"product_brand":[],"product_cat":[320,384],"product_tag":[155,226],"class_list":{"0":"post-1795","1":"product","2":"type-product","3":"status-publish","4":"has-post-thumbnail","6":"product_cat-integrales-collections","7":"product_cat-sf","8":"product_tag-adaptation-au-cinema","9":"product_tag-bit-lit","11":"first","12":"instock","13":"taxable","14":"shipping-taxable","15":"purchasable","16":"product-type-simple"},"acf":[],"yoast_head":"<!-- This site is optimized with the Yoast SEO plugin v26.6 - https:\/\/yoast.com\/wordpress\/plugins\/seo\/ -->\n<title>La communaut\u00e9 du Sud (True blood) - Charlaine Harris - Le Chtululu<\/title>\n<meta name=\"description\" content=\"Les 8 premiers tomes de la Communaut\u00e9 du Sud (True Blood) de Charlaine Harris en au prix de 16\u20ac au Chtululu (sur place ou livraison).\" \/>\n<meta name=\"robots\" content=\"index, follow, max-snippet:-1, max-image-preview:large, max-video-preview:-1\" \/>\n<link rel=\"canonical\" href=\"https:\/\/chtululu.be\/index.php\/produit\/la-communaute-du-sud-true-blood-charlaine-harris\/\" \/>\n<meta property=\"og:locale\" content=\"fr_FR\" \/>\n<meta property=\"og:type\" content=\"article\" \/>\n<meta property=\"og:title\" content=\"La communaut\u00e9 du Sud (True blood) - Charlaine Harris - Le Chtululu\" \/>\n<meta property=\"og:description\" content=\"Les 8 premiers tomes de la Communaut\u00e9 du Sud (True Blood) de Charlaine Harris en au prix de 16\u20ac au Chtululu (sur place ou livraison).\" \/>\n<meta property=\"og:url\" content=\"https:\/\/chtululu.be\/index.php\/produit\/la-communaute-du-sud-true-blood-charlaine-harris\/\" \/>\n<meta property=\"og:site_name\" content=\"Le Chtululu\" \/>\n<meta property=\"article:modified_time\" content=\"2022-03-27T15:10:52+00:00\" \/>\n<meta property=\"og:image\" content=\"https:\/\/chtululu.be\/wp-content\/uploads\/2020\/12\/communaute.jpg\" \/>\n\t<meta property=\"og:image:width\" content=\"300\" \/>\n\t<meta property=\"og:image:height\" content=\"300\" \/>\n\t<meta property=\"og:image:type\" content=\"image\/jpeg\" \/>\n<meta name=\"twitter:card\" content=\"summary_large_image\" \/>\n<script type=\"application\/ld+json\" class=\"yoast-schema-graph\">{\"@context\":\"https:\/\/schema.org\",\"@graph\":[{\"@type\":\"WebPage\",\"@id\":\"https:\/\/chtululu.be\/index.php\/produit\/la-communaute-du-sud-true-blood-charlaine-harris\/\",\"url\":\"https:\/\/chtululu.be\/index.php\/produit\/la-communaute-du-sud-true-blood-charlaine-harris\/\",\"name\":\"La communaut\u00e9 du Sud (True blood) - Charlaine Harris - Le Chtululu\",\"isPartOf\":{\"@id\":\"https:\/\/chtululu.be\/#website\"},\"primaryImageOfPage\":{\"@id\":\"https:\/\/chtululu.be\/index.php\/produit\/la-communaute-du-sud-true-blood-charlaine-harris\/#primaryimage\"},\"image\":{\"@id\":\"https:\/\/chtululu.be\/index.php\/produit\/la-communaute-du-sud-true-blood-charlaine-harris\/#primaryimage\"},\"thumbnailUrl\":\"https:\/\/chtululu.be\/wp-content\/uploads\/2020\/12\/communaute.jpg\",\"datePublished\":\"2020-12-05T14:59:09+00:00\",\"dateModified\":\"2022-03-27T15:10:52+00:00\",\"description\":\"Les 8 premiers tomes de la Communaut\u00e9 du Sud (True Blood) de Charlaine Harris en au prix de 16\u20ac au Chtululu (sur place ou livraison).\",\"breadcrumb\":{\"@id\":\"https:\/\/chtululu.be\/index.php\/produit\/la-communaute-du-sud-true-blood-charlaine-harris\/#breadcrumb\"},\"inLanguage\":\"fr-FR\",\"potentialAction\":[{\"@type\":\"ReadAction\",\"target\":[\"https:\/\/chtululu.be\/index.php\/produit\/la-communaute-du-sud-true-blood-charlaine-harris\/\"]}]},{\"@type\":\"ImageObject\",\"inLanguage\":\"fr-FR\",\"@id\":\"https:\/\/chtululu.be\/index.php\/produit\/la-communaute-du-sud-true-blood-charlaine-harris\/#primaryimage\",\"url\":\"https:\/\/chtululu.be\/wp-content\/uploads\/2020\/12\/communaute.jpg\",\"contentUrl\":\"https:\/\/chtululu.be\/wp-content\/uploads\/2020\/12\/communaute.jpg\",\"width\":300,\"height\":300,\"caption\":\"Communaut\u00e9 du Sud\"},{\"@type\":\"BreadcrumbList\",\"@id\":\"https:\/\/chtululu.be\/index.php\/produit\/la-communaute-du-sud-true-blood-charlaine-harris\/#breadcrumb\",\"itemListElement\":[{\"@type\":\"ListItem\",\"position\":1,\"name\":\"Accueil\",\"item\":\"https:\/\/chtululu.be\/\"},{\"@type\":\"ListItem\",\"position\":2,\"name\":\"Les livres\",\"item\":\"https:\/\/chtululu.be\/index.php\/livres-doccasion\/\"},{\"@type\":\"ListItem\",\"position\":3,\"name\":\"La communaut\u00e9 du Sud (True blood) &#8211; Charlaine Harris\"}]},{\"@type\":\"WebSite\",\"@id\":\"https:\/\/chtululu.be\/#website\",\"url\":\"https:\/\/chtululu.be\/\",\"name\":\"Le Chtululu\",\"description\":\"Votre librairie de seconde main \u00e0 Soignies\",\"publisher\":{\"@id\":\"https:\/\/chtululu.be\/#organization\"},\"potentialAction\":[{\"@type\":\"SearchAction\",\"target\":{\"@type\":\"EntryPoint\",\"urlTemplate\":\"https:\/\/chtululu.be\/?s={search_term_string}\"},\"query-input\":{\"@type\":\"PropertyValueSpecification\",\"valueRequired\":true,\"valueName\":\"search_term_string\"}}],\"inLanguage\":\"fr-FR\"},{\"@type\":\"Organization\",\"@id\":\"https:\/\/chtululu.be\/#organization\",\"name\":\"Le Chtululu\",\"url\":\"https:\/\/chtululu.be\/\",\"logo\":{\"@type\":\"ImageObject\",\"inLanguage\":\"fr-FR\",\"@id\":\"https:\/\/chtululu.be\/#\/schema\/logo\/image\/\",\"url\":\"https:\/\/chtululu.be\/wp-content\/uploads\/2016\/05\/logo-def-blanc.jpg\",\"contentUrl\":\"https:\/\/chtululu.be\/wp-content\/uploads\/2016\/05\/logo-def-blanc.jpg\",\"width\":2048,\"height\":1901,\"caption\":\"Le Chtululu\"},\"image\":{\"@id\":\"https:\/\/chtululu.be\/#\/schema\/logo\/image\/\"}}]}<\/script>\n<!-- \/ Yoast SEO plugin. -->","yoast_head_json":{"title":"La communaut\u00e9 du Sud (True blood) - Charlaine Harris - Le Chtululu","description":"Les 8 premiers tomes de la Communaut\u00e9 du Sud (True Blood) de Charlaine Harris en au prix de 16\u20ac au Chtululu (sur place ou livraison).","robots":{"index":"index","follow":"follow","max-snippet":"max-snippet:-1","max-image-preview":"max-image-preview:large","max-video-preview":"max-video-preview:-1"},"canonical":"https:\/\/chtululu.be\/index.php\/produit\/la-communaute-du-sud-true-blood-charlaine-harris\/","og_locale":"fr_FR","og_type":"article","og_title":"La communaut\u00e9 du Sud (True blood) - Charlaine Harris - Le Chtululu","og_description":"Les 8 premiers tomes de la Communaut\u00e9 du Sud (True Blood) de Charlaine Harris en au prix de 16\u20ac au Chtululu (sur place ou livraison).","og_url":"https:\/\/chtululu.be\/index.php\/produit\/la-communaute-du-sud-true-blood-charlaine-harris\/","og_site_name":"Le Chtululu","article_modified_time":"2022-03-27T15:10:52+00:00","og_image":[{"width":300,"height":300,"url":"https:\/\/chtululu.be\/wp-content\/uploads\/2020\/12\/communaute.jpg","type":"image\/jpeg"}],"twitter_card":"summary_large_image","schema":{"@context":"https:\/\/schema.org","@graph":[{"@type":"WebPage","@id":"https:\/\/chtululu.be\/index.php\/produit\/la-communaute-du-sud-true-blood-charlaine-harris\/","url":"https:\/\/chtululu.be\/index.php\/produit\/la-communaute-du-sud-true-blood-charlaine-harris\/","name":"La communaut\u00e9 du Sud (True blood) - Charlaine Harris - Le Chtululu","isPartOf":{"@id":"https:\/\/chtululu.be\/#website"},"primaryImageOfPage":{"@id":"https:\/\/chtululu.be\/index.php\/produit\/la-communaute-du-sud-true-blood-charlaine-harris\/#primaryimage"},"image":{"@id":"https:\/\/chtululu.be\/index.php\/produit\/la-communaute-du-sud-true-blood-charlaine-harris\/#primaryimage"},"thumbnailUrl":"https:\/\/chtululu.be\/wp-content\/uploads\/2020\/12\/communaute.jpg","datePublished":"2020-12-05T14:59:09+00:00","dateModified":"2022-03-27T15:10:52+00:00","description":"Les 8 premiers tomes de la Communaut\u00e9 du Sud (True Blood) de Charlaine Harris en au prix de 16\u20ac au Chtululu (sur place ou livraison).","breadcrumb":{"@id":"https:\/\/chtululu.be\/index.php\/produit\/la-communaute-du-sud-true-blood-charlaine-harris\/#breadcrumb"},"inLanguage":"fr-FR","potentialAction":[{"@type":"ReadAction","target":["https:\/\/chtululu.be\/index.php\/produit\/la-communaute-du-sud-true-blood-charlaine-harris\/"]}]},{"@type":"ImageObject","inLanguage":"fr-FR","@id":"https:\/\/chtululu.be\/index.php\/produit\/la-communaute-du-sud-true-blood-charlaine-harris\/#primaryimage","url":"https:\/\/chtululu.be\/wp-content\/uploads\/2020\/12\/communaute.jpg","contentUrl":"https:\/\/chtululu.be\/wp-content\/uploads\/2020\/12\/communaute.jpg","width":300,"height":300,"caption":"Communaut\u00e9 du Sud"},{"@type":"BreadcrumbList","@id":"https:\/\/chtululu.be\/index.php\/produit\/la-communaute-du-sud-true-blood-charlaine-harris\/#breadcrumb","itemListElement":[{"@type":"ListItem","position":1,"name":"Accueil","item":"https:\/\/chtululu.be\/"},{"@type":"ListItem","position":2,"name":"Les livres","item":"https:\/\/chtululu.be\/index.php\/livres-doccasion\/"},{"@type":"ListItem","position":3,"name":"La communaut\u00e9 du Sud (True blood) &#8211; Charlaine Harris"}]},{"@type":"WebSite","@id":"https:\/\/chtululu.be\/#website","url":"https:\/\/chtululu.be\/","name":"Le Chtululu","description":"Votre librairie de seconde main \u00e0 Soignies","publisher":{"@id":"https:\/\/chtululu.be\/#organization"},"potentialAction":[{"@type":"SearchAction","target":{"@type":"EntryPoint","urlTemplate":"https:\/\/chtululu.be\/?s={search_term_string}"},"query-input":{"@type":"PropertyValueSpecification","valueRequired":true,"valueName":"search_term_string"}}],"inLanguage":"fr-FR"},{"@type":"Organization","@id":"https:\/\/chtululu.be\/#organization","name":"Le Chtululu","url":"https:\/\/chtululu.be\/","logo":{"@type":"ImageObject","inLanguage":"fr-FR","@id":"https:\/\/chtululu.be\/#\/schema\/logo\/image\/","url":"https:\/\/chtululu.be\/wp-content\/uploads\/2016\/05\/logo-def-blanc.jpg","contentUrl":"https:\/\/chtululu.be\/wp-content\/uploads\/2016\/05\/logo-def-blanc.jpg","width":2048,"height":1901,"caption":"Le Chtululu"},"image":{"@id":"https:\/\/chtululu.be\/#\/schema\/logo\/image\/"}}]}},"_links":{"self":[{"href":"https:\/\/chtululu.be\/index.php\/wp-json\/wp\/v2\/product\/1795","targetHints":{"allow":["GET"]}}],"collection":[{"href":"https:\/\/chtululu.be\/index.php\/wp-json\/wp\/v2\/product"}],"about":[{"href":"https:\/\/chtululu.be\/index.php\/wp-json\/wp\/v2\/types\/product"}],"wp:featuredmedia":[{"embeddable":true,"href":"https:\/\/chtululu.be\/index.php\/wp-json\/wp\/v2\/media\/1796"}],"wp:attachment":[{"href":"https:\/\/chtululu.be\/index.php\/wp-json\/wp\/v2\/media?parent=1795"}],"wp:term":[{"taxonomy":"product_brand","embeddable":true,"href":"https:\/\/chtululu.be\/index.php\/wp-json\/wp\/v2\/product_brand?post=1795"},{"taxonomy":"product_cat","embeddable":true,"href":"https:\/\/chtululu.be\/index.php\/wp-json\/wp\/v2\/product_cat?post=1795"},{"taxonomy":"product_tag","embeddable":true,"href":"https:\/\/chtululu.be\/index.php\/wp-json\/wp\/v2\/product_tag?post=1795"}],"curies":[{"name":"wp","href":"https:\/\/api.w.org\/{rel}","templated":true}]}}