{"id":1763,"date":"2020-11-08T11:26:37","date_gmt":"2020-11-08T10:26:37","guid":{"rendered":"http:\/\/chtululu.be\/?post_type=product&#038;p=1763"},"modified":"2021-03-26T09:59:20","modified_gmt":"2021-03-26T08:59:20","slug":"box-usa","status":"publish","type":"product","link":"https:\/\/chtululu.be\/index.php\/produit\/box-usa\/","title":{"rendered":"Box USA"},"content":{"rendered":"<p>La box USA comprend les livres de seconde main suivants :<\/p>\n<div class=\"\" data-block=\"true\" data-editor=\"4fb17\" data-offset-key=\"26s0c-0-0\">\n<ul>\n<li class=\"_1mf _1mj\" data-offset-key=\"26s0c-0-0\">Devenir (Michelle Obama)<\/li>\n<li class=\"_1mf _1mj\" data-offset-key=\"26s0c-0-0\">Les r\u00eaves de mon p\u00e8re (Barack Obama)<\/li>\n<li class=\"_1mf _1mj\" data-offset-key=\"26s0c-0-0\">Le Feu et la fureur &#8211; Trump \u00e0 la maison blanche (Michael Wolff)<\/li>\n<li class=\"_1mf _1mj\" data-offset-key=\"26s0c-0-0\">Mon histoire (Hillary Clinton)<\/li>\n<li class=\"_1mf _1mj\" data-offset-key=\"26s0c-0-0\">Made in USA &#8211; regards sur la civilisation am\u00e9ricaine (Guy Sorman)<\/li>\n<\/ul>\n<div class=\"_1mf _1mj\" data-offset-key=\"26s0c-0-0\"><\/div>\n<div class=\"_1mf _1mj\" data-offset-key=\"26s0c-0-0\"><span data-offset-key=\"26s0c-0-0\"> &#8211; Un paquet de th\u00e9 au choix <\/span><\/div>\n<div class=\"_1mf _1mj\" data-offset-key=\"26s0c-0-0\"><span data-offset-key=\"26s0c-0-0\">&#8211; Les frais de livraison (ou un cookie)<\/span><\/div>\n<\/div>\n<div class=\"\" data-block=\"true\" data-editor=\"4fb17\" data-offset-key=\"fpugv-0-0\"><\/div>\n<div class=\"\" data-block=\"true\" data-editor=\"4fb17\" data-offset-key=\"95qhn-0-0\"><\/div>\n","protected":false},"excerpt":{"rendered":"<p>La box USA comprend les livres de seconde main suivants : Devenir (Michelle Obama) Les r\u00eaves de mon p\u00e8re (Barack Obama) Le Feu et la fureur &#8211; Trump \u00e0 la maison blanche (Michael Wolff) Mon histoire (Hillary Clinton) Made in USA &#8211; regards sur la civilisation am\u00e9ricaine (Guy Sorman) &#8211; Un paquet de th\u00e9 au&#8230; <\/p>\n","protected":false},"featured_media":1928,"template":"","meta":{"_acf_changed":false,"_exactmetrics_skip_tracking":false,"_exactmetrics_sitenote_active":false,"_exactmetrics_sitenote_note":"","_exactmetrics_sitenote_category":0},"product_brand":[],"product_cat":[383],"product_tag":[379],"class_list":{"0":"post-1763","1":"product","2":"type-product","3":"status-publish","4":"has-post-thumbnail","6":"product_cat-biographies-temoignages","7":"product_tag-box","9":"first","10":"instock","11":"taxable","12":"shipping-taxable","13":"purchasable","14":"product-type-simple"},"acf":[],"yoast_head":"<!-- This site is optimized with the Yoast SEO plugin v26.6 - https:\/\/yoast.com\/wordpress\/plugins\/seo\/ -->\n<title>Box USA - Le Chtululu<\/title>\n<meta name=\"description\" content=\"Des livres, du th\u00e9 &amp; un cookie : le meilleur des mondes ! La box auteurs asiatiques vous emm\u00e8ne en Chine, en Inde, au Japon et au Vietnam !\" \/>\n<meta name=\"robots\" content=\"index, follow, max-snippet:-1, max-image-preview:large, max-video-preview:-1\" \/>\n<link rel=\"canonical\" href=\"https:\/\/chtululu.be\/index.php\/produit\/box-usa\/\" \/>\n<meta property=\"og:locale\" content=\"fr_FR\" \/>\n<meta property=\"og:type\" content=\"article\" \/>\n<meta property=\"og:title\" content=\"Box USA - Le Chtululu\" \/>\n<meta property=\"og:description\" content=\"Des livres, du th\u00e9 &amp; un cookie : le meilleur des mondes ! La box auteurs asiatiques vous emm\u00e8ne en Chine, en Inde, au Japon et au Vietnam !\" \/>\n<meta property=\"og:url\" content=\"https:\/\/chtululu.be\/index.php\/produit\/box-usa\/\" \/>\n<meta property=\"og:site_name\" content=\"Le Chtululu\" \/>\n<meta property=\"article:modified_time\" content=\"2021-03-26T08:59:20+00:00\" \/>\n<meta property=\"og:image\" content=\"https:\/\/chtululu.be\/wp-content\/uploads\/2020\/11\/121256374_1640465689475179_7749944583916262340_n.jpg\" \/>\n\t<meta property=\"og:image:width\" content=\"480\" \/>\n\t<meta property=\"og:image:height\" content=\"360\" \/>\n\t<meta property=\"og:image:type\" content=\"image\/jpeg\" \/>\n<meta name=\"twitter:card\" content=\"summary_large_image\" \/>\n<script type=\"application\/ld+json\" class=\"yoast-schema-graph\">{\"@context\":\"https:\/\/schema.org\",\"@graph\":[{\"@type\":\"WebPage\",\"@id\":\"https:\/\/chtululu.be\/index.php\/produit\/box-usa\/\",\"url\":\"https:\/\/chtululu.be\/index.php\/produit\/box-usa\/\",\"name\":\"Box USA - Le Chtululu\",\"isPartOf\":{\"@id\":\"https:\/\/chtululu.be\/#website\"},\"primaryImageOfPage\":{\"@id\":\"https:\/\/chtululu.be\/index.php\/produit\/box-usa\/#primaryimage\"},\"image\":{\"@id\":\"https:\/\/chtululu.be\/index.php\/produit\/box-usa\/#primaryimage\"},\"thumbnailUrl\":\"https:\/\/chtululu.be\/wp-content\/uploads\/2020\/11\/121256374_1640465689475179_7749944583916262340_n.jpg\",\"datePublished\":\"2020-11-08T10:26:37+00:00\",\"dateModified\":\"2021-03-26T08:59:20+00:00\",\"description\":\"Des livres, du th\u00e9 & un cookie : le meilleur des mondes ! La box auteurs asiatiques vous emm\u00e8ne en Chine, en Inde, au Japon et au Vietnam !\",\"breadcrumb\":{\"@id\":\"https:\/\/chtululu.be\/index.php\/produit\/box-usa\/#breadcrumb\"},\"inLanguage\":\"fr-FR\",\"potentialAction\":[{\"@type\":\"ReadAction\",\"target\":[\"https:\/\/chtululu.be\/index.php\/produit\/box-usa\/\"]}]},{\"@type\":\"ImageObject\",\"inLanguage\":\"fr-FR\",\"@id\":\"https:\/\/chtululu.be\/index.php\/produit\/box-usa\/#primaryimage\",\"url\":\"https:\/\/chtululu.be\/wp-content\/uploads\/2020\/11\/121256374_1640465689475179_7749944583916262340_n.jpg\",\"contentUrl\":\"https:\/\/chtululu.be\/wp-content\/uploads\/2020\/11\/121256374_1640465689475179_7749944583916262340_n.jpg\",\"width\":480,\"height\":360,\"caption\":\"USA\"},{\"@type\":\"BreadcrumbList\",\"@id\":\"https:\/\/chtululu.be\/index.php\/produit\/box-usa\/#breadcrumb\",\"itemListElement\":[{\"@type\":\"ListItem\",\"position\":1,\"name\":\"Accueil\",\"item\":\"https:\/\/chtululu.be\/\"},{\"@type\":\"ListItem\",\"position\":2,\"name\":\"Les livres\",\"item\":\"https:\/\/chtululu.be\/index.php\/livres-doccasion\/\"},{\"@type\":\"ListItem\",\"position\":3,\"name\":\"Box USA\"}]},{\"@type\":\"WebSite\",\"@id\":\"https:\/\/chtululu.be\/#website\",\"url\":\"https:\/\/chtululu.be\/\",\"name\":\"Le Chtululu\",\"description\":\"Votre librairie de seconde main \u00e0 Soignies\",\"publisher\":{\"@id\":\"https:\/\/chtululu.be\/#organization\"},\"potentialAction\":[{\"@type\":\"SearchAction\",\"target\":{\"@type\":\"EntryPoint\",\"urlTemplate\":\"https:\/\/chtululu.be\/?s={search_term_string}\"},\"query-input\":{\"@type\":\"PropertyValueSpecification\",\"valueRequired\":true,\"valueName\":\"search_term_string\"}}],\"inLanguage\":\"fr-FR\"},{\"@type\":\"Organization\",\"@id\":\"https:\/\/chtululu.be\/#organization\",\"name\":\"Le Chtululu\",\"url\":\"https:\/\/chtululu.be\/\",\"logo\":{\"@type\":\"ImageObject\",\"inLanguage\":\"fr-FR\",\"@id\":\"https:\/\/chtululu.be\/#\/schema\/logo\/image\/\",\"url\":\"https:\/\/chtululu.be\/wp-content\/uploads\/2016\/05\/logo-def-blanc.jpg\",\"contentUrl\":\"https:\/\/chtululu.be\/wp-content\/uploads\/2016\/05\/logo-def-blanc.jpg\",\"width\":2048,\"height\":1901,\"caption\":\"Le Chtululu\"},\"image\":{\"@id\":\"https:\/\/chtululu.be\/#\/schema\/logo\/image\/\"}}]}<\/script>\n<!-- \/ Yoast SEO plugin. -->","yoast_head_json":{"title":"Box USA - Le Chtululu","description":"Des livres, du th\u00e9 & un cookie : le meilleur des mondes ! La box auteurs asiatiques vous emm\u00e8ne en Chine, en Inde, au Japon et au Vietnam !","robots":{"index":"index","follow":"follow","max-snippet":"max-snippet:-1","max-image-preview":"max-image-preview:large","max-video-preview":"max-video-preview:-1"},"canonical":"https:\/\/chtululu.be\/index.php\/produit\/box-usa\/","og_locale":"fr_FR","og_type":"article","og_title":"Box USA - Le Chtululu","og_description":"Des livres, du th\u00e9 & un cookie : le meilleur des mondes ! La box auteurs asiatiques vous emm\u00e8ne en Chine, en Inde, au Japon et au Vietnam !","og_url":"https:\/\/chtululu.be\/index.php\/produit\/box-usa\/","og_site_name":"Le Chtululu","article_modified_time":"2021-03-26T08:59:20+00:00","og_image":[{"width":480,"height":360,"url":"https:\/\/chtululu.be\/wp-content\/uploads\/2020\/11\/121256374_1640465689475179_7749944583916262340_n.jpg","type":"image\/jpeg"}],"twitter_card":"summary_large_image","schema":{"@context":"https:\/\/schema.org","@graph":[{"@type":"WebPage","@id":"https:\/\/chtululu.be\/index.php\/produit\/box-usa\/","url":"https:\/\/chtululu.be\/index.php\/produit\/box-usa\/","name":"Box USA - Le Chtululu","isPartOf":{"@id":"https:\/\/chtululu.be\/#website"},"primaryImageOfPage":{"@id":"https:\/\/chtululu.be\/index.php\/produit\/box-usa\/#primaryimage"},"image":{"@id":"https:\/\/chtululu.be\/index.php\/produit\/box-usa\/#primaryimage"},"thumbnailUrl":"https:\/\/chtululu.be\/wp-content\/uploads\/2020\/11\/121256374_1640465689475179_7749944583916262340_n.jpg","datePublished":"2020-11-08T10:26:37+00:00","dateModified":"2021-03-26T08:59:20+00:00","description":"Des livres, du th\u00e9 & un cookie : le meilleur des mondes ! La box auteurs asiatiques vous emm\u00e8ne en Chine, en Inde, au Japon et au Vietnam !","breadcrumb":{"@id":"https:\/\/chtululu.be\/index.php\/produit\/box-usa\/#breadcrumb"},"inLanguage":"fr-FR","potentialAction":[{"@type":"ReadAction","target":["https:\/\/chtululu.be\/index.php\/produit\/box-usa\/"]}]},{"@type":"ImageObject","inLanguage":"fr-FR","@id":"https:\/\/chtululu.be\/index.php\/produit\/box-usa\/#primaryimage","url":"https:\/\/chtululu.be\/wp-content\/uploads\/2020\/11\/121256374_1640465689475179_7749944583916262340_n.jpg","contentUrl":"https:\/\/chtululu.be\/wp-content\/uploads\/2020\/11\/121256374_1640465689475179_7749944583916262340_n.jpg","width":480,"height":360,"caption":"USA"},{"@type":"BreadcrumbList","@id":"https:\/\/chtululu.be\/index.php\/produit\/box-usa\/#breadcrumb","itemListElement":[{"@type":"ListItem","position":1,"name":"Accueil","item":"https:\/\/chtululu.be\/"},{"@type":"ListItem","position":2,"name":"Les livres","item":"https:\/\/chtululu.be\/index.php\/livres-doccasion\/"},{"@type":"ListItem","position":3,"name":"Box USA"}]},{"@type":"WebSite","@id":"https:\/\/chtululu.be\/#website","url":"https:\/\/chtululu.be\/","name":"Le Chtululu","description":"Votre librairie de seconde main \u00e0 Soignies","publisher":{"@id":"https:\/\/chtululu.be\/#organization"},"potentialAction":[{"@type":"SearchAction","target":{"@type":"EntryPoint","urlTemplate":"https:\/\/chtululu.be\/?s={search_term_string}"},"query-input":{"@type":"PropertyValueSpecification","valueRequired":true,"valueName":"search_term_string"}}],"inLanguage":"fr-FR"},{"@type":"Organization","@id":"https:\/\/chtululu.be\/#organization","name":"Le Chtululu","url":"https:\/\/chtululu.be\/","logo":{"@type":"ImageObject","inLanguage":"fr-FR","@id":"https:\/\/chtululu.be\/#\/schema\/logo\/image\/","url":"https:\/\/chtululu.be\/wp-content\/uploads\/2016\/05\/logo-def-blanc.jpg","contentUrl":"https:\/\/chtululu.be\/wp-content\/uploads\/2016\/05\/logo-def-blanc.jpg","width":2048,"height":1901,"caption":"Le Chtululu"},"image":{"@id":"https:\/\/chtululu.be\/#\/schema\/logo\/image\/"}}]}},"_links":{"self":[{"href":"https:\/\/chtululu.be\/index.php\/wp-json\/wp\/v2\/product\/1763","targetHints":{"allow":["GET"]}}],"collection":[{"href":"https:\/\/chtululu.be\/index.php\/wp-json\/wp\/v2\/product"}],"about":[{"href":"https:\/\/chtululu.be\/index.php\/wp-json\/wp\/v2\/types\/product"}],"wp:featuredmedia":[{"embeddable":true,"href":"https:\/\/chtululu.be\/index.php\/wp-json\/wp\/v2\/media\/1928"}],"wp:attachment":[{"href":"https:\/\/chtululu.be\/index.php\/wp-json\/wp\/v2\/media?parent=1763"}],"wp:term":[{"taxonomy":"product_brand","embeddable":true,"href":"https:\/\/chtululu.be\/index.php\/wp-json\/wp\/v2\/product_brand?post=1763"},{"taxonomy":"product_cat","embeddable":true,"href":"https:\/\/chtululu.be\/index.php\/wp-json\/wp\/v2\/product_cat?post=1763"},{"taxonomy":"product_tag","embeddable":true,"href":"https:\/\/chtululu.be\/index.php\/wp-json\/wp\/v2\/product_tag?post=1763"}],"curies":[{"name":"wp","href":"https:\/\/api.w.org\/{rel}","templated":true}]}}