{"id":1696,"date":"2020-06-30T19:37:05","date_gmt":"2020-06-30T18:37:05","guid":{"rendered":"http:\/\/chtululu.be\/?post_type=product&#038;p=1696"},"modified":"2021-03-26T10:00:05","modified_gmt":"2021-03-26T09:00:05","slug":"nora-roberts","status":"publish","type":"product","link":"https:\/\/chtululu.be\/index.php\/produit\/nora-roberts\/","title":{"rendered":"Nora Roberts"},"content":{"rendered":"<p>12 livres de Nora Roberts en bon \u00e9tat.<\/p>\n<p>&#8211; Sasha &#8211; Les \u00e9toiles de la Fortune &#8211; 3\u20ac<br \/>\n&#8211; A l&rsquo;heure o\u00f9 les c\u0153urs d&rsquo;\u00e9veillent &#8211; Les h\u00e9ritiers de Sorcha &#8211; 2\u20ac<br \/>\n&#8211; Une femme dans la tourmente &#8211; 4\u20ac<br \/>\n&#8211; Bayou (encore emball\u00e9) &#8211; 5\u20ac<br \/>\n&#8211; Love &#8211; 4\u20ac<br \/>\n&#8211; La maison aux Souvenirs &#8211; 4\u20ac<br \/>\n&#8211; La force d&rsquo;un r\u00eave &#8211; 3\u20ac<br \/>\n&#8211; Affaires de c\u0153urs &#8211; 4\u20ac<br \/>\n&#8211; L&rsquo;ultime refuge &#8211; 4\u20ac<br \/>\n&#8211; Possession &#8211; 4\u20ac<br \/>\n&#8211; Douce revanche &#8211; 4\u20ac<br \/>\n&#8211; Le refuge de l&rsquo;ange &#8211; 4\u20ac<\/p>\n<p>+ frais de port bpost<\/p>\n","protected":false},"excerpt":{"rendered":"<p>Livres disponibles en lot ou \u00e0 la pi\u00e8ce.<\/p>\n<p>Prix affich\u00e9 hors frais de livraison.<\/p>\n","protected":false},"featured_media":1697,"template":"","meta":{"_acf_changed":false,"_exactmetrics_skip_tracking":false,"_exactmetrics_sitenote_active":false,"_exactmetrics_sitenote_note":"","_exactmetrics_sitenote_category":0},"product_brand":[],"product_cat":[320],"product_tag":[],"class_list":{"0":"post-1696","1":"product","2":"type-product","3":"status-publish","4":"has-post-thumbnail","6":"product_cat-integrales-collections","8":"first","9":"instock","10":"sold-individually","11":"taxable","12":"shipping-taxable","13":"purchasable","14":"product-type-simple"},"acf":[],"yoast_head":"<!-- This site is optimized with the Yoast SEO plugin v26.6 - https:\/\/yoast.com\/wordpress\/plugins\/seo\/ -->\n<title>Nora Roberts - Le Chtululu<\/title>\n<meta name=\"robots\" content=\"index, follow, max-snippet:-1, max-image-preview:large, max-video-preview:-1\" \/>\n<link rel=\"canonical\" href=\"https:\/\/chtululu.be\/index.php\/produit\/nora-roberts\/\" \/>\n<meta property=\"og:locale\" content=\"fr_FR\" \/>\n<meta property=\"og:type\" content=\"article\" \/>\n<meta property=\"og:title\" content=\"Nora Roberts - Le Chtululu\" \/>\n<meta property=\"og:description\" content=\"Livres disponibles en lot ou \u00e0 la pi\u00e8ce.  Prix affich\u00e9 hors frais de livraison.\" \/>\n<meta property=\"og:url\" content=\"https:\/\/chtululu.be\/index.php\/produit\/nora-roberts\/\" \/>\n<meta property=\"og:site_name\" content=\"Le Chtululu\" \/>\n<meta property=\"article:modified_time\" content=\"2021-03-26T09:00:05+00:00\" \/>\n<meta property=\"og:image\" content=\"https:\/\/chtululu.be\/wp-content\/uploads\/2020\/06\/roberts2-scaled.jpg\" \/>\n\t<meta property=\"og:image:width\" content=\"2560\" \/>\n\t<meta property=\"og:image:height\" content=\"1920\" \/>\n\t<meta property=\"og:image:type\" content=\"image\/jpeg\" \/>\n<meta name=\"twitter:card\" content=\"summary_large_image\" \/>\n<script type=\"application\/ld+json\" class=\"yoast-schema-graph\">{\"@context\":\"https:\/\/schema.org\",\"@graph\":[{\"@type\":\"WebPage\",\"@id\":\"https:\/\/chtululu.be\/index.php\/produit\/nora-roberts\/\",\"url\":\"https:\/\/chtululu.be\/index.php\/produit\/nora-roberts\/\",\"name\":\"Nora Roberts - Le Chtululu\",\"isPartOf\":{\"@id\":\"https:\/\/chtululu.be\/#website\"},\"primaryImageOfPage\":{\"@id\":\"https:\/\/chtululu.be\/index.php\/produit\/nora-roberts\/#primaryimage\"},\"image\":{\"@id\":\"https:\/\/chtululu.be\/index.php\/produit\/nora-roberts\/#primaryimage\"},\"thumbnailUrl\":\"https:\/\/chtululu.be\/wp-content\/uploads\/2020\/06\/roberts2-scaled.jpg\",\"datePublished\":\"2020-06-30T18:37:05+00:00\",\"dateModified\":\"2021-03-26T09:00:05+00:00\",\"breadcrumb\":{\"@id\":\"https:\/\/chtululu.be\/index.php\/produit\/nora-roberts\/#breadcrumb\"},\"inLanguage\":\"fr-FR\",\"potentialAction\":[{\"@type\":\"ReadAction\",\"target\":[\"https:\/\/chtululu.be\/index.php\/produit\/nora-roberts\/\"]}]},{\"@type\":\"ImageObject\",\"inLanguage\":\"fr-FR\",\"@id\":\"https:\/\/chtululu.be\/index.php\/produit\/nora-roberts\/#primaryimage\",\"url\":\"https:\/\/chtululu.be\/wp-content\/uploads\/2020\/06\/roberts2-scaled.jpg\",\"contentUrl\":\"https:\/\/chtululu.be\/wp-content\/uploads\/2020\/06\/roberts2-scaled.jpg\",\"width\":2560,\"height\":1920},{\"@type\":\"BreadcrumbList\",\"@id\":\"https:\/\/chtululu.be\/index.php\/produit\/nora-roberts\/#breadcrumb\",\"itemListElement\":[{\"@type\":\"ListItem\",\"position\":1,\"name\":\"Accueil\",\"item\":\"https:\/\/chtululu.be\/\"},{\"@type\":\"ListItem\",\"position\":2,\"name\":\"Les livres\",\"item\":\"https:\/\/chtululu.be\/index.php\/livres-doccasion\/\"},{\"@type\":\"ListItem\",\"position\":3,\"name\":\"Nora Roberts\"}]},{\"@type\":\"WebSite\",\"@id\":\"https:\/\/chtululu.be\/#website\",\"url\":\"https:\/\/chtululu.be\/\",\"name\":\"Le Chtululu\",\"description\":\"Votre librairie de seconde main \u00e0 Soignies\",\"publisher\":{\"@id\":\"https:\/\/chtululu.be\/#organization\"},\"potentialAction\":[{\"@type\":\"SearchAction\",\"target\":{\"@type\":\"EntryPoint\",\"urlTemplate\":\"https:\/\/chtululu.be\/?s={search_term_string}\"},\"query-input\":{\"@type\":\"PropertyValueSpecification\",\"valueRequired\":true,\"valueName\":\"search_term_string\"}}],\"inLanguage\":\"fr-FR\"},{\"@type\":\"Organization\",\"@id\":\"https:\/\/chtululu.be\/#organization\",\"name\":\"Le Chtululu\",\"url\":\"https:\/\/chtululu.be\/\",\"logo\":{\"@type\":\"ImageObject\",\"inLanguage\":\"fr-FR\",\"@id\":\"https:\/\/chtululu.be\/#\/schema\/logo\/image\/\",\"url\":\"https:\/\/chtululu.be\/wp-content\/uploads\/2016\/05\/logo-def-blanc.jpg\",\"contentUrl\":\"https:\/\/chtululu.be\/wp-content\/uploads\/2016\/05\/logo-def-blanc.jpg\",\"width\":2048,\"height\":1901,\"caption\":\"Le Chtululu\"},\"image\":{\"@id\":\"https:\/\/chtululu.be\/#\/schema\/logo\/image\/\"}}]}<\/script>\n<!-- \/ Yoast SEO plugin. -->","yoast_head_json":{"title":"Nora Roberts - Le Chtululu","robots":{"index":"index","follow":"follow","max-snippet":"max-snippet:-1","max-image-preview":"max-image-preview:large","max-video-preview":"max-video-preview:-1"},"canonical":"https:\/\/chtululu.be\/index.php\/produit\/nora-roberts\/","og_locale":"fr_FR","og_type":"article","og_title":"Nora Roberts - Le Chtululu","og_description":"Livres disponibles en lot ou \u00e0 la pi\u00e8ce.  Prix affich\u00e9 hors frais de livraison.","og_url":"https:\/\/chtululu.be\/index.php\/produit\/nora-roberts\/","og_site_name":"Le Chtululu","article_modified_time":"2021-03-26T09:00:05+00:00","og_image":[{"width":2560,"height":1920,"url":"https:\/\/chtululu.be\/wp-content\/uploads\/2020\/06\/roberts2-scaled.jpg","type":"image\/jpeg"}],"twitter_card":"summary_large_image","schema":{"@context":"https:\/\/schema.org","@graph":[{"@type":"WebPage","@id":"https:\/\/chtululu.be\/index.php\/produit\/nora-roberts\/","url":"https:\/\/chtululu.be\/index.php\/produit\/nora-roberts\/","name":"Nora Roberts - Le Chtululu","isPartOf":{"@id":"https:\/\/chtululu.be\/#website"},"primaryImageOfPage":{"@id":"https:\/\/chtululu.be\/index.php\/produit\/nora-roberts\/#primaryimage"},"image":{"@id":"https:\/\/chtululu.be\/index.php\/produit\/nora-roberts\/#primaryimage"},"thumbnailUrl":"https:\/\/chtululu.be\/wp-content\/uploads\/2020\/06\/roberts2-scaled.jpg","datePublished":"2020-06-30T18:37:05+00:00","dateModified":"2021-03-26T09:00:05+00:00","breadcrumb":{"@id":"https:\/\/chtululu.be\/index.php\/produit\/nora-roberts\/#breadcrumb"},"inLanguage":"fr-FR","potentialAction":[{"@type":"ReadAction","target":["https:\/\/chtululu.be\/index.php\/produit\/nora-roberts\/"]}]},{"@type":"ImageObject","inLanguage":"fr-FR","@id":"https:\/\/chtululu.be\/index.php\/produit\/nora-roberts\/#primaryimage","url":"https:\/\/chtululu.be\/wp-content\/uploads\/2020\/06\/roberts2-scaled.jpg","contentUrl":"https:\/\/chtululu.be\/wp-content\/uploads\/2020\/06\/roberts2-scaled.jpg","width":2560,"height":1920},{"@type":"BreadcrumbList","@id":"https:\/\/chtululu.be\/index.php\/produit\/nora-roberts\/#breadcrumb","itemListElement":[{"@type":"ListItem","position":1,"name":"Accueil","item":"https:\/\/chtululu.be\/"},{"@type":"ListItem","position":2,"name":"Les livres","item":"https:\/\/chtululu.be\/index.php\/livres-doccasion\/"},{"@type":"ListItem","position":3,"name":"Nora Roberts"}]},{"@type":"WebSite","@id":"https:\/\/chtululu.be\/#website","url":"https:\/\/chtululu.be\/","name":"Le Chtululu","description":"Votre librairie de seconde main \u00e0 Soignies","publisher":{"@id":"https:\/\/chtululu.be\/#organization"},"potentialAction":[{"@type":"SearchAction","target":{"@type":"EntryPoint","urlTemplate":"https:\/\/chtululu.be\/?s={search_term_string}"},"query-input":{"@type":"PropertyValueSpecification","valueRequired":true,"valueName":"search_term_string"}}],"inLanguage":"fr-FR"},{"@type":"Organization","@id":"https:\/\/chtululu.be\/#organization","name":"Le Chtululu","url":"https:\/\/chtululu.be\/","logo":{"@type":"ImageObject","inLanguage":"fr-FR","@id":"https:\/\/chtululu.be\/#\/schema\/logo\/image\/","url":"https:\/\/chtululu.be\/wp-content\/uploads\/2016\/05\/logo-def-blanc.jpg","contentUrl":"https:\/\/chtululu.be\/wp-content\/uploads\/2016\/05\/logo-def-blanc.jpg","width":2048,"height":1901,"caption":"Le Chtululu"},"image":{"@id":"https:\/\/chtululu.be\/#\/schema\/logo\/image\/"}}]}},"_links":{"self":[{"href":"https:\/\/chtululu.be\/index.php\/wp-json\/wp\/v2\/product\/1696","targetHints":{"allow":["GET"]}}],"collection":[{"href":"https:\/\/chtululu.be\/index.php\/wp-json\/wp\/v2\/product"}],"about":[{"href":"https:\/\/chtululu.be\/index.php\/wp-json\/wp\/v2\/types\/product"}],"wp:featuredmedia":[{"embeddable":true,"href":"https:\/\/chtululu.be\/index.php\/wp-json\/wp\/v2\/media\/1697"}],"wp:attachment":[{"href":"https:\/\/chtululu.be\/index.php\/wp-json\/wp\/v2\/media?parent=1696"}],"wp:term":[{"taxonomy":"product_brand","embeddable":true,"href":"https:\/\/chtululu.be\/index.php\/wp-json\/wp\/v2\/product_brand?post=1696"},{"taxonomy":"product_cat","embeddable":true,"href":"https:\/\/chtululu.be\/index.php\/wp-json\/wp\/v2\/product_cat?post=1696"},{"taxonomy":"product_tag","embeddable":true,"href":"https:\/\/chtululu.be\/index.php\/wp-json\/wp\/v2\/product_tag?post=1696"}],"curies":[{"name":"wp","href":"https:\/\/api.w.org\/{rel}","templated":true}]}}