{"id":1651,"date":"2020-05-24T18:01:01","date_gmt":"2020-05-24T17:01:01","guid":{"rendered":"http:\/\/chtululu.be\/?post_type=product&#038;p=1651"},"modified":"2021-05-13T14:06:42","modified_gmt":"2021-05-13T13:06:42","slug":"classiques-de-litterature-ed-atlas","status":"publish","type":"product","link":"https:\/\/chtululu.be\/index.php\/produit\/classiques-de-litterature-ed-atlas\/","title":{"rendered":"Classiques de la litt\u00e9rature (\u00e9d. Atlas)"},"content":{"rendered":"<h2>Classiques de la litt\u00e9rature \u00e0 2\u20ac pi\u00e8ce<\/h2>\n<p>Un livre vous int\u00e9resse ? Ajoutez-le au panier et indiquez le titre en commentaire (derni\u00e8re \u00e9tape: Notes de commande). Si vous en avez s\u00e9lectionn\u00e9 plusieurs, adaptez tout simplement la quantit\u00e9.<\/p>\n<p>&nbsp;<\/p>\n<table width=\"570\">\n<tbody>\n<tr>\n<td width=\"241\"><strong>Auteur<\/strong><\/td>\n<td width=\"329\"><strong>Titre<\/strong><\/td>\n<\/tr>\n<tr>\n<td>Prosper M\u00e9rim\u00e9e<\/td>\n<td>Carmen et autres nouvelles<\/td>\n<\/tr>\n<tr>\n<td>Fran\u00e7ois Villon<\/td>\n<td>Po\u00e8mes<\/td>\n<\/tr>\n<tr>\n<td>Alfred de Musset<\/td>\n<td>La confession d&rsquo;un enfant du si\u00e8cle<\/td>\n<\/tr>\n<tr>\n<td>Anatole France<\/td>\n<td>La r\u00f4tisserie de la reine P\u00e9dauque<\/td>\n<\/tr>\n<tr>\n<td>Gustave Flaubert<\/td>\n<td>Bouvard et P\u00e9cuchet<\/td>\n<\/tr>\n<tr>\n<td>Emile Zola<\/td>\n<td>Nana<\/td>\n<\/tr>\n<tr>\n<td>Alphonse Daudet<\/td>\n<td>Lettres de mon moulin<\/td>\n<\/tr>\n<tr>\n<td>Montesquieu<\/td>\n<td>Lettres persanes<\/td>\n<\/tr>\n<tr>\n<td>Voltaire<\/td>\n<td>Contes et romans<\/td>\n<\/tr>\n<tr>\n<td>Arthur Rimbaud<\/td>\n<td>\u0152uvres po\u00e9tiques<\/td>\n<\/tr>\n<tr>\n<td>Alphonse de Lamartine<\/td>\n<td>M\u00e9ditations po\u00e9tiques<\/td>\n<\/tr>\n<tr>\n<td>Alfred de Vigny<\/td>\n<td>Servitude et grandeur militaire<\/td>\n<\/tr>\n<tr>\n<td>Jules Vernes<\/td>\n<td>Le tour du monde en 80 jours<\/td>\n<\/tr>\n<tr>\n<td>Nicolas Gogol<\/td>\n<td>Les \u00e2mes mortes<\/td>\n<\/tr>\n<tr>\n<td>Denis Diderot<\/td>\n<td>Jacques le fataliste<\/td>\n<\/tr>\n<tr>\n<td>Chateaubriand<\/td>\n<td>Atala Ren\u00e9<\/td>\n<\/tr>\n<tr>\n<td>Jack London<\/td>\n<td>L&rsquo;appel de la for\u00eat et autres histoires du pays de l&rsquo;or<\/td>\n<\/tr>\n<tr>\n<td>Victor Hugo<\/td>\n<td>Quatre-vingt treize<\/td>\n<\/tr>\n<tr>\n<td>Benito P\u00e9rez Gald\u00f3s<\/td>\n<td>Nazarin<\/td>\n<\/tr>\n<tr>\n<td>Pascal Blaise<\/td>\n<td>Pens\u00e9es<\/td>\n<\/tr>\n<tr>\n<td>Guy de Maupassant<\/td>\n<td>Fort comme la mort<\/td>\n<\/tr>\n<tr>\n<td>Stendhal<\/td>\n<td>Le rouge et le noir<\/td>\n<\/tr>\n<tr>\n<td>Jonathan Swift<\/td>\n<td>Les voyages de Gulliver<\/td>\n<\/tr>\n<tr>\n<td>Charlotte Bront\u00eb<\/td>\n<td>Jane Eyre<\/td>\n<\/tr>\n<tr>\n<td>L&rsquo;abb\u00e9 Pr\u00e9vost<\/td>\n<td>Manon Lescaut<\/td>\n<\/tr>\n<tr>\n<td>Madame de La Fayette<\/td>\n<td>La princesse de Cl\u00e8ves<\/td>\n<\/tr>\n<tr>\n<td>La Comtesse de S\u00e9gur<\/td>\n<td>Le g\u00e9n\u00e9ral Dourakine<\/td>\n<\/tr>\n<tr>\n<td>Honor\u00e9 de Balzac<\/td>\n<td>Le lys dans la vall\u00e9e<\/td>\n<\/tr>\n<tr>\n<td>Eug\u00e8ne Fromentin<\/td>\n<td>Dominique<\/td>\n<\/tr>\n<tr>\n<td><\/td>\n<td><\/td>\n<\/tr>\n<tr>\n<td>Eschyle et Sophocle<\/td>\n<td>Chefs-d&rsquo;\u0153uvre de la trag\u00e9die grec<\/td>\n<\/tr>\n<tr>\n<td>Charles Perrault<\/td>\n<td>Contes<\/td>\n<\/tr>\n<tr>\n<td>Walter Scott<\/td>\n<td>Ivanho\u00e9<\/td>\n<\/tr>\n<tr>\n<td>Th\u00e9ophile Gauthier<\/td>\n<td>Le roman de la momie (dans une autre \u00e9dition)<\/td>\n<\/tr>\n<tr>\n<td>Marivaux<\/td>\n<td>Le triomphe de l&rsquo;amour et autres com\u00e9dies<\/td>\n<\/tr>\n<tr>\n<td>Jean Racine<\/td>\n<td>Athalie et autres trag\u00e9dies<\/td>\n<\/tr>\n<tr>\n<td>Claude Tillier<\/td>\n<td>Mon oncle Benjamin<\/td>\n<\/tr>\n<tr>\n<td>Jean de La Fontaine<\/td>\n<td>Contes et nouvelles en vers<\/td>\n<\/tr>\n<tr>\n<td>Johann Wolfgang von Goethe<\/td>\n<td>Les affinit\u00e9s \u00e9lectives<\/td>\n<\/tr>\n<tr>\n<td>Jean de La Bruy\u00e8re<\/td>\n<td>Les caract\u00e8res<\/td>\n<\/tr>\n<tr>\n<td>Maxime Gorki<\/td>\n<td>Enfance<\/td>\n<\/tr>\n<tr>\n<td>G\u00e9rard de Nerval<\/td>\n<td>Les filles du feu<\/td>\n<\/tr>\n<tr>\n<td>Jules Vall\u00e8s<\/td>\n<td>L&rsquo;enfant<\/td>\n<\/tr>\n<tr>\n<td>Arthur Conan Doyle<\/td>\n<td>Les aventures de Sherlock Holmes<\/td>\n<\/tr>\n<tr>\n<td>Charles Dickens<\/td>\n<td>Oliver Twist<\/td>\n<\/tr>\n<tr>\n<td>Pierre Corneille<\/td>\n<td>L&rsquo;illusion comique et autres pi\u00e8ces<\/td>\n<\/tr>\n<tr>\n<td>L\u00e9on Tolsto\u00ef<\/td>\n<td>Trois \u0153uvres<\/td>\n<\/tr>\n<tr>\n<td>Moli\u00e8re<\/td>\n<td>Le malade imaginaire et autres com\u00e9dies<\/td>\n<\/tr>\n<tr>\n<td>Jean-Jacques Rousseau<\/td>\n<td>Les r\u00eaveries du promeneur solitaire<\/td>\n<\/tr>\n<tr>\n<td>Jules Renard<\/td>\n<td>Poil de carotte<\/td>\n<\/tr>\n<tr>\n<td>Benjamin Constant<\/td>\n<td>Adolphe \/ Le cahier rouge<\/td>\n<\/tr>\n<tr>\n<td>Pierre de Ronsard<\/td>\n<td>Discours des mis\u00e8res de ce temps<\/td>\n<\/tr>\n<tr>\n<td>Ernest Renan<\/td>\n<td>Souvenirs d&rsquo;enfance et de jeunesse<\/td>\n<\/tr>\n<tr>\n<td>Fiodor Dostoievski<\/td>\n<td>Le joueur \/ L&rsquo;\u00e9ternel mari<\/td>\n<\/tr>\n<tr>\n<td>Bernardin de Saint-Pierre<\/td>\n<td>Paul et Virginie<\/td>\n<\/tr>\n<tr>\n<td>Nathaniel Hawthorne<\/td>\n<td>La lettre \u00e9carlate<\/td>\n<\/tr>\n<\/tbody>\n<\/table>\n","protected":false},"excerpt":{"rendered":"<p>Les livres sont disponibles \u00e0 la pi\u00e8ce ou en lot : faites votre choix !<\/p>\n","protected":false},"featured_media":1653,"template":"","meta":{"_acf_changed":false,"_exactmetrics_skip_tracking":false,"_exactmetrics_sitenote_active":false,"_exactmetrics_sitenote_note":"","_exactmetrics_sitenote_category":0},"product_brand":[],"product_cat":[365,320],"product_tag":[],"class_list":{"0":"post-1651","1":"product","2":"type-product","3":"status-publish","4":"has-post-thumbnail","6":"product_cat-classique","7":"product_cat-integrales-collections","9":"first","10":"instock","11":"taxable","12":"shipping-taxable","13":"purchasable","14":"product-type-simple"},"acf":[],"yoast_head":"<!-- This site is optimized with the Yoast SEO plugin v26.6 - https:\/\/yoast.com\/wordpress\/plugins\/seo\/ -->\n<title>Classiques de la litt\u00e9rature (\u00e9d. Atlas) - Le Chtululu<\/title>\n<meta name=\"robots\" content=\"index, follow, max-snippet:-1, max-image-preview:large, max-video-preview:-1\" \/>\n<link rel=\"canonical\" href=\"https:\/\/chtululu.be\/index.php\/produit\/classiques-de-litterature-ed-atlas\/\" \/>\n<meta property=\"og:locale\" content=\"fr_FR\" \/>\n<meta property=\"og:type\" content=\"article\" \/>\n<meta property=\"og:title\" content=\"Classiques de la litt\u00e9rature (\u00e9d. Atlas) - Le Chtululu\" \/>\n<meta property=\"og:description\" content=\"Les livres sont disponibles \u00e0 la pi\u00e8ce ou en lot : faites votre choix !\" \/>\n<meta property=\"og:url\" content=\"https:\/\/chtululu.be\/index.php\/produit\/classiques-de-litterature-ed-atlas\/\" \/>\n<meta property=\"og:site_name\" content=\"Le Chtululu\" \/>\n<meta property=\"article:modified_time\" content=\"2021-05-13T13:06:42+00:00\" \/>\n<meta property=\"og:image\" content=\"https:\/\/chtululu.be\/wp-content\/uploads\/2020\/05\/1.jpg\" \/>\n\t<meta property=\"og:image:width\" content=\"480\" \/>\n\t<meta property=\"og:image:height\" content=\"360\" \/>\n\t<meta property=\"og:image:type\" content=\"image\/jpeg\" \/>\n<meta name=\"twitter:card\" content=\"summary_large_image\" \/>\n<meta name=\"twitter:label1\" content=\"Dur\u00e9e de lecture estim\u00e9e\" \/>\n\t<meta name=\"twitter:data1\" content=\"2 minutes\" \/>\n<script type=\"application\/ld+json\" class=\"yoast-schema-graph\">{\"@context\":\"https:\/\/schema.org\",\"@graph\":[{\"@type\":\"WebPage\",\"@id\":\"https:\/\/chtululu.be\/index.php\/produit\/classiques-de-litterature-ed-atlas\/\",\"url\":\"https:\/\/chtululu.be\/index.php\/produit\/classiques-de-litterature-ed-atlas\/\",\"name\":\"Classiques de la litt\u00e9rature (\u00e9d. Atlas) - Le Chtululu\",\"isPartOf\":{\"@id\":\"https:\/\/chtululu.be\/#website\"},\"primaryImageOfPage\":{\"@id\":\"https:\/\/chtululu.be\/index.php\/produit\/classiques-de-litterature-ed-atlas\/#primaryimage\"},\"image\":{\"@id\":\"https:\/\/chtululu.be\/index.php\/produit\/classiques-de-litterature-ed-atlas\/#primaryimage\"},\"thumbnailUrl\":\"https:\/\/chtululu.be\/wp-content\/uploads\/2020\/05\/1.jpg\",\"datePublished\":\"2020-05-24T17:01:01+00:00\",\"dateModified\":\"2021-05-13T13:06:42+00:00\",\"breadcrumb\":{\"@id\":\"https:\/\/chtululu.be\/index.php\/produit\/classiques-de-litterature-ed-atlas\/#breadcrumb\"},\"inLanguage\":\"fr-FR\",\"potentialAction\":[{\"@type\":\"ReadAction\",\"target\":[\"https:\/\/chtululu.be\/index.php\/produit\/classiques-de-litterature-ed-atlas\/\"]}]},{\"@type\":\"ImageObject\",\"inLanguage\":\"fr-FR\",\"@id\":\"https:\/\/chtululu.be\/index.php\/produit\/classiques-de-litterature-ed-atlas\/#primaryimage\",\"url\":\"https:\/\/chtululu.be\/wp-content\/uploads\/2020\/05\/1.jpg\",\"contentUrl\":\"https:\/\/chtululu.be\/wp-content\/uploads\/2020\/05\/1.jpg\",\"width\":480,\"height\":360},{\"@type\":\"BreadcrumbList\",\"@id\":\"https:\/\/chtululu.be\/index.php\/produit\/classiques-de-litterature-ed-atlas\/#breadcrumb\",\"itemListElement\":[{\"@type\":\"ListItem\",\"position\":1,\"name\":\"Accueil\",\"item\":\"https:\/\/chtululu.be\/\"},{\"@type\":\"ListItem\",\"position\":2,\"name\":\"Les livres\",\"item\":\"https:\/\/chtululu.be\/index.php\/livres-doccasion\/\"},{\"@type\":\"ListItem\",\"position\":3,\"name\":\"Classiques de la litt\u00e9rature (\u00e9d. Atlas)\"}]},{\"@type\":\"WebSite\",\"@id\":\"https:\/\/chtululu.be\/#website\",\"url\":\"https:\/\/chtululu.be\/\",\"name\":\"Le Chtululu\",\"description\":\"Votre librairie de seconde main \u00e0 Soignies\",\"publisher\":{\"@id\":\"https:\/\/chtululu.be\/#organization\"},\"potentialAction\":[{\"@type\":\"SearchAction\",\"target\":{\"@type\":\"EntryPoint\",\"urlTemplate\":\"https:\/\/chtululu.be\/?s={search_term_string}\"},\"query-input\":{\"@type\":\"PropertyValueSpecification\",\"valueRequired\":true,\"valueName\":\"search_term_string\"}}],\"inLanguage\":\"fr-FR\"},{\"@type\":\"Organization\",\"@id\":\"https:\/\/chtululu.be\/#organization\",\"name\":\"Le Chtululu\",\"url\":\"https:\/\/chtululu.be\/\",\"logo\":{\"@type\":\"ImageObject\",\"inLanguage\":\"fr-FR\",\"@id\":\"https:\/\/chtululu.be\/#\/schema\/logo\/image\/\",\"url\":\"https:\/\/chtululu.be\/wp-content\/uploads\/2016\/05\/logo-def-blanc.jpg\",\"contentUrl\":\"https:\/\/chtululu.be\/wp-content\/uploads\/2016\/05\/logo-def-blanc.jpg\",\"width\":2048,\"height\":1901,\"caption\":\"Le Chtululu\"},\"image\":{\"@id\":\"https:\/\/chtululu.be\/#\/schema\/logo\/image\/\"}}]}<\/script>\n<!-- \/ Yoast SEO plugin. -->","yoast_head_json":{"title":"Classiques de la litt\u00e9rature (\u00e9d. Atlas) - Le Chtululu","robots":{"index":"index","follow":"follow","max-snippet":"max-snippet:-1","max-image-preview":"max-image-preview:large","max-video-preview":"max-video-preview:-1"},"canonical":"https:\/\/chtululu.be\/index.php\/produit\/classiques-de-litterature-ed-atlas\/","og_locale":"fr_FR","og_type":"article","og_title":"Classiques de la litt\u00e9rature (\u00e9d. Atlas) - Le Chtululu","og_description":"Les livres sont disponibles \u00e0 la pi\u00e8ce ou en lot : faites votre choix !","og_url":"https:\/\/chtululu.be\/index.php\/produit\/classiques-de-litterature-ed-atlas\/","og_site_name":"Le Chtululu","article_modified_time":"2021-05-13T13:06:42+00:00","og_image":[{"width":480,"height":360,"url":"https:\/\/chtululu.be\/wp-content\/uploads\/2020\/05\/1.jpg","type":"image\/jpeg"}],"twitter_card":"summary_large_image","twitter_misc":{"Dur\u00e9e de lecture estim\u00e9e":"2 minutes"},"schema":{"@context":"https:\/\/schema.org","@graph":[{"@type":"WebPage","@id":"https:\/\/chtululu.be\/index.php\/produit\/classiques-de-litterature-ed-atlas\/","url":"https:\/\/chtululu.be\/index.php\/produit\/classiques-de-litterature-ed-atlas\/","name":"Classiques de la litt\u00e9rature (\u00e9d. Atlas) - Le Chtululu","isPartOf":{"@id":"https:\/\/chtululu.be\/#website"},"primaryImageOfPage":{"@id":"https:\/\/chtululu.be\/index.php\/produit\/classiques-de-litterature-ed-atlas\/#primaryimage"},"image":{"@id":"https:\/\/chtululu.be\/index.php\/produit\/classiques-de-litterature-ed-atlas\/#primaryimage"},"thumbnailUrl":"https:\/\/chtululu.be\/wp-content\/uploads\/2020\/05\/1.jpg","datePublished":"2020-05-24T17:01:01+00:00","dateModified":"2021-05-13T13:06:42+00:00","breadcrumb":{"@id":"https:\/\/chtululu.be\/index.php\/produit\/classiques-de-litterature-ed-atlas\/#breadcrumb"},"inLanguage":"fr-FR","potentialAction":[{"@type":"ReadAction","target":["https:\/\/chtululu.be\/index.php\/produit\/classiques-de-litterature-ed-atlas\/"]}]},{"@type":"ImageObject","inLanguage":"fr-FR","@id":"https:\/\/chtululu.be\/index.php\/produit\/classiques-de-litterature-ed-atlas\/#primaryimage","url":"https:\/\/chtululu.be\/wp-content\/uploads\/2020\/05\/1.jpg","contentUrl":"https:\/\/chtululu.be\/wp-content\/uploads\/2020\/05\/1.jpg","width":480,"height":360},{"@type":"BreadcrumbList","@id":"https:\/\/chtululu.be\/index.php\/produit\/classiques-de-litterature-ed-atlas\/#breadcrumb","itemListElement":[{"@type":"ListItem","position":1,"name":"Accueil","item":"https:\/\/chtululu.be\/"},{"@type":"ListItem","position":2,"name":"Les livres","item":"https:\/\/chtululu.be\/index.php\/livres-doccasion\/"},{"@type":"ListItem","position":3,"name":"Classiques de la litt\u00e9rature (\u00e9d. Atlas)"}]},{"@type":"WebSite","@id":"https:\/\/chtululu.be\/#website","url":"https:\/\/chtululu.be\/","name":"Le Chtululu","description":"Votre librairie de seconde main \u00e0 Soignies","publisher":{"@id":"https:\/\/chtululu.be\/#organization"},"potentialAction":[{"@type":"SearchAction","target":{"@type":"EntryPoint","urlTemplate":"https:\/\/chtululu.be\/?s={search_term_string}"},"query-input":{"@type":"PropertyValueSpecification","valueRequired":true,"valueName":"search_term_string"}}],"inLanguage":"fr-FR"},{"@type":"Organization","@id":"https:\/\/chtululu.be\/#organization","name":"Le Chtululu","url":"https:\/\/chtululu.be\/","logo":{"@type":"ImageObject","inLanguage":"fr-FR","@id":"https:\/\/chtululu.be\/#\/schema\/logo\/image\/","url":"https:\/\/chtululu.be\/wp-content\/uploads\/2016\/05\/logo-def-blanc.jpg","contentUrl":"https:\/\/chtululu.be\/wp-content\/uploads\/2016\/05\/logo-def-blanc.jpg","width":2048,"height":1901,"caption":"Le Chtululu"},"image":{"@id":"https:\/\/chtululu.be\/#\/schema\/logo\/image\/"}}]}},"_links":{"self":[{"href":"https:\/\/chtululu.be\/index.php\/wp-json\/wp\/v2\/product\/1651","targetHints":{"allow":["GET"]}}],"collection":[{"href":"https:\/\/chtululu.be\/index.php\/wp-json\/wp\/v2\/product"}],"about":[{"href":"https:\/\/chtululu.be\/index.php\/wp-json\/wp\/v2\/types\/product"}],"wp:featuredmedia":[{"embeddable":true,"href":"https:\/\/chtululu.be\/index.php\/wp-json\/wp\/v2\/media\/1653"}],"wp:attachment":[{"href":"https:\/\/chtululu.be\/index.php\/wp-json\/wp\/v2\/media?parent=1651"}],"wp:term":[{"taxonomy":"product_brand","embeddable":true,"href":"https:\/\/chtululu.be\/index.php\/wp-json\/wp\/v2\/product_brand?post=1651"},{"taxonomy":"product_cat","embeddable":true,"href":"https:\/\/chtululu.be\/index.php\/wp-json\/wp\/v2\/product_cat?post=1651"},{"taxonomy":"product_tag","embeddable":true,"href":"https:\/\/chtululu.be\/index.php\/wp-json\/wp\/v2\/product_tag?post=1651"}],"curies":[{"name":"wp","href":"https:\/\/api.w.org\/{rel}","templated":true}]}}