{"id":1601,"date":"2020-04-02T13:23:55","date_gmt":"2020-04-02T12:23:55","guid":{"rendered":"http:\/\/chtululu.be\/?post_type=product&#038;p=1601"},"modified":"2021-03-26T10:02:04","modified_gmt":"2021-03-26T09:02:04","slug":"arsene-lupin-maurice-leblanc","status":"publish","type":"product","link":"https:\/\/chtululu.be\/index.php\/produit\/arsene-lupin-maurice-leblanc\/","title":{"rendered":"Ars\u00e8ne Lupin &#8211; Maurice Leblanc"},"content":{"rendered":"<p>D\u00e9couvrez les Ars\u00e8ne Lupin que nous avons \u00e0 disposition. Tous les livres ci-dessous sont en format poche et \u00e0 2\u20ac pi\u00e8ce ou \u00e0 25\u20ac pour le lot (hors frais de transport) :<\/p>\n<table style=\"width: 296px;\">\n<tbody>\n<tr>\n<td style=\"width: 288px;\"><strong>Titre<\/strong><\/td>\n<\/tr>\n<tr>\n<td style=\"width: 288px;\">Ars\u00e8ne Lupin contre Sherlock Holmes<\/td>\n<\/tr>\n<tr>\n<td style=\"width: 288px;\">Victor de la brigade mondaine<\/td>\n<\/tr>\n<tr>\n<td style=\"width: 288px;\">L&rsquo;aiguille creuse<\/td>\n<\/tr>\n<tr>\n<td style=\"width: 288px;\">Les dents du tigre<\/td>\n<\/tr>\n<tr>\n<td style=\"width: 288px;\">L&rsquo;\u00eele aux trente cercueils<\/td>\n<\/tr>\n<tr>\n<td style=\"width: 288px;\">La barre-y-va<\/td>\n<\/tr>\n<tr>\n<td style=\"width: 288px;\">Le triangle d&rsquo;or<\/td>\n<\/tr>\n<tr>\n<td style=\"width: 288px;\">Les confidences d&rsquo;Ars\u00e8ne Lupin<\/td>\n<\/tr>\n<tr>\n<td style=\"width: 288px;\">813<\/td>\n<\/tr>\n<tr>\n<td style=\"width: 288px;\">La demeure myst\u00e9rieuse<\/td>\n<\/tr>\n<tr>\n<td style=\"width: 288px;\">Gentleman grambrioleur<\/td>\n<\/tr>\n<tr>\n<td style=\"width: 288px;\">La comtesse de Cagliostro<\/td>\n<\/tr>\n<tr>\n<td style=\"width: 288px;\">Cagliostro se venge<\/td>\n<\/tr>\n<tr>\n<td style=\"width: 288px;\">La femme aux deux sourires<\/td>\n<\/tr>\n<\/tbody>\n<\/table>\n<p>&nbsp;<\/p>\n<p>&nbsp;<\/p>\n","protected":false},"excerpt":{"rendered":"<p>D\u00e9couvrez la liste de la s\u00e9rie Ars\u00e8ne Lupin de Maurice Leblanc.<\/p>\n","protected":false},"featured_media":1602,"template":"","meta":{"_acf_changed":false,"_exactmetrics_skip_tracking":false,"_exactmetrics_sitenote_active":false,"_exactmetrics_sitenote_note":"","_exactmetrics_sitenote_category":0},"product_brand":[],"product_cat":[320],"product_tag":[],"class_list":{"0":"post-1601","1":"product","2":"type-product","3":"status-publish","4":"has-post-thumbnail","6":"product_cat-integrales-collections","8":"first","9":"instock","10":"sale","11":"taxable","12":"shipping-taxable","13":"purchasable","14":"product-type-simple"},"acf":[],"yoast_head":"<!-- This site is optimized with the Yoast SEO plugin v26.6 - https:\/\/yoast.com\/wordpress\/plugins\/seo\/ -->\n<title>Ars\u00e8ne Lupin, gentleman cambrioleur (Maurice Leblanc)<\/title>\n<meta name=\"description\" content=\"D\u00e9couvrez notre liste d&#039;Ars\u00e8ne Lupin de Maurice Leblanc que nous avons actuellement \u00e0 disposition. Ils sont tous en format de poche.\" \/>\n<meta name=\"robots\" content=\"index, follow, max-snippet:-1, max-image-preview:large, max-video-preview:-1\" \/>\n<link rel=\"canonical\" href=\"https:\/\/chtululu.be\/index.php\/produit\/arsene-lupin-maurice-leblanc\/\" \/>\n<meta property=\"og:locale\" content=\"fr_FR\" \/>\n<meta property=\"og:type\" content=\"article\" \/>\n<meta property=\"og:title\" content=\"Ars\u00e8ne Lupin, gentleman cambrioleur (Maurice Leblanc)\" \/>\n<meta property=\"og:description\" content=\"D\u00e9couvrez notre liste d&#039;Ars\u00e8ne Lupin de Maurice Leblanc que nous avons actuellement \u00e0 disposition. Ils sont tous en format de poche.\" \/>\n<meta property=\"og:url\" content=\"https:\/\/chtululu.be\/index.php\/produit\/arsene-lupin-maurice-leblanc\/\" \/>\n<meta property=\"og:site_name\" content=\"Le Chtululu\" \/>\n<meta property=\"article:modified_time\" content=\"2021-03-26T09:02:04+00:00\" \/>\n<meta property=\"og:image\" content=\"https:\/\/chtululu.be\/wp-content\/uploads\/2020\/04\/lupin.jpg\" \/>\n\t<meta property=\"og:image:width\" content=\"960\" \/>\n\t<meta property=\"og:image:height\" content=\"720\" \/>\n\t<meta property=\"og:image:type\" content=\"image\/jpeg\" \/>\n<meta name=\"twitter:card\" content=\"summary_large_image\" \/>\n<script type=\"application\/ld+json\" class=\"yoast-schema-graph\">{\"@context\":\"https:\/\/schema.org\",\"@graph\":[{\"@type\":\"WebPage\",\"@id\":\"https:\/\/chtululu.be\/index.php\/produit\/arsene-lupin-maurice-leblanc\/\",\"url\":\"https:\/\/chtululu.be\/index.php\/produit\/arsene-lupin-maurice-leblanc\/\",\"name\":\"Ars\u00e8ne Lupin, gentleman cambrioleur (Maurice Leblanc)\",\"isPartOf\":{\"@id\":\"https:\/\/chtululu.be\/#website\"},\"primaryImageOfPage\":{\"@id\":\"https:\/\/chtululu.be\/index.php\/produit\/arsene-lupin-maurice-leblanc\/#primaryimage\"},\"image\":{\"@id\":\"https:\/\/chtululu.be\/index.php\/produit\/arsene-lupin-maurice-leblanc\/#primaryimage\"},\"thumbnailUrl\":\"https:\/\/chtululu.be\/wp-content\/uploads\/2020\/04\/lupin.jpg\",\"datePublished\":\"2020-04-02T12:23:55+00:00\",\"dateModified\":\"2021-03-26T09:02:04+00:00\",\"description\":\"D\u00e9couvrez notre liste d'Ars\u00e8ne Lupin de Maurice Leblanc que nous avons actuellement \u00e0 disposition. Ils sont tous en format de poche.\",\"breadcrumb\":{\"@id\":\"https:\/\/chtululu.be\/index.php\/produit\/arsene-lupin-maurice-leblanc\/#breadcrumb\"},\"inLanguage\":\"fr-FR\",\"potentialAction\":[{\"@type\":\"ReadAction\",\"target\":[\"https:\/\/chtululu.be\/index.php\/produit\/arsene-lupin-maurice-leblanc\/\"]}]},{\"@type\":\"ImageObject\",\"inLanguage\":\"fr-FR\",\"@id\":\"https:\/\/chtululu.be\/index.php\/produit\/arsene-lupin-maurice-leblanc\/#primaryimage\",\"url\":\"https:\/\/chtululu.be\/wp-content\/uploads\/2020\/04\/lupin.jpg\",\"contentUrl\":\"https:\/\/chtululu.be\/wp-content\/uploads\/2020\/04\/lupin.jpg\",\"width\":960,\"height\":720,\"caption\":\"Ars\u00e8ne Lupin\"},{\"@type\":\"BreadcrumbList\",\"@id\":\"https:\/\/chtululu.be\/index.php\/produit\/arsene-lupin-maurice-leblanc\/#breadcrumb\",\"itemListElement\":[{\"@type\":\"ListItem\",\"position\":1,\"name\":\"Accueil\",\"item\":\"https:\/\/chtululu.be\/\"},{\"@type\":\"ListItem\",\"position\":2,\"name\":\"Les livres\",\"item\":\"https:\/\/chtululu.be\/index.php\/livres-doccasion\/\"},{\"@type\":\"ListItem\",\"position\":3,\"name\":\"Ars\u00e8ne Lupin &#8211; Maurice Leblanc\"}]},{\"@type\":\"WebSite\",\"@id\":\"https:\/\/chtululu.be\/#website\",\"url\":\"https:\/\/chtululu.be\/\",\"name\":\"Le Chtululu\",\"description\":\"Votre librairie de seconde main \u00e0 Soignies\",\"publisher\":{\"@id\":\"https:\/\/chtululu.be\/#organization\"},\"potentialAction\":[{\"@type\":\"SearchAction\",\"target\":{\"@type\":\"EntryPoint\",\"urlTemplate\":\"https:\/\/chtululu.be\/?s={search_term_string}\"},\"query-input\":{\"@type\":\"PropertyValueSpecification\",\"valueRequired\":true,\"valueName\":\"search_term_string\"}}],\"inLanguage\":\"fr-FR\"},{\"@type\":\"Organization\",\"@id\":\"https:\/\/chtululu.be\/#organization\",\"name\":\"Le Chtululu\",\"url\":\"https:\/\/chtululu.be\/\",\"logo\":{\"@type\":\"ImageObject\",\"inLanguage\":\"fr-FR\",\"@id\":\"https:\/\/chtululu.be\/#\/schema\/logo\/image\/\",\"url\":\"https:\/\/chtululu.be\/wp-content\/uploads\/2016\/05\/logo-def-blanc.jpg\",\"contentUrl\":\"https:\/\/chtululu.be\/wp-content\/uploads\/2016\/05\/logo-def-blanc.jpg\",\"width\":2048,\"height\":1901,\"caption\":\"Le Chtululu\"},\"image\":{\"@id\":\"https:\/\/chtululu.be\/#\/schema\/logo\/image\/\"}}]}<\/script>\n<!-- \/ Yoast SEO plugin. -->","yoast_head_json":{"title":"Ars\u00e8ne Lupin, gentleman cambrioleur (Maurice Leblanc)","description":"D\u00e9couvrez notre liste d'Ars\u00e8ne Lupin de Maurice Leblanc que nous avons actuellement \u00e0 disposition. Ils sont tous en format de poche.","robots":{"index":"index","follow":"follow","max-snippet":"max-snippet:-1","max-image-preview":"max-image-preview:large","max-video-preview":"max-video-preview:-1"},"canonical":"https:\/\/chtululu.be\/index.php\/produit\/arsene-lupin-maurice-leblanc\/","og_locale":"fr_FR","og_type":"article","og_title":"Ars\u00e8ne Lupin, gentleman cambrioleur (Maurice Leblanc)","og_description":"D\u00e9couvrez notre liste d'Ars\u00e8ne Lupin de Maurice Leblanc que nous avons actuellement \u00e0 disposition. Ils sont tous en format de poche.","og_url":"https:\/\/chtululu.be\/index.php\/produit\/arsene-lupin-maurice-leblanc\/","og_site_name":"Le Chtululu","article_modified_time":"2021-03-26T09:02:04+00:00","og_image":[{"width":960,"height":720,"url":"https:\/\/chtululu.be\/wp-content\/uploads\/2020\/04\/lupin.jpg","type":"image\/jpeg"}],"twitter_card":"summary_large_image","schema":{"@context":"https:\/\/schema.org","@graph":[{"@type":"WebPage","@id":"https:\/\/chtululu.be\/index.php\/produit\/arsene-lupin-maurice-leblanc\/","url":"https:\/\/chtululu.be\/index.php\/produit\/arsene-lupin-maurice-leblanc\/","name":"Ars\u00e8ne Lupin, gentleman cambrioleur (Maurice Leblanc)","isPartOf":{"@id":"https:\/\/chtululu.be\/#website"},"primaryImageOfPage":{"@id":"https:\/\/chtululu.be\/index.php\/produit\/arsene-lupin-maurice-leblanc\/#primaryimage"},"image":{"@id":"https:\/\/chtululu.be\/index.php\/produit\/arsene-lupin-maurice-leblanc\/#primaryimage"},"thumbnailUrl":"https:\/\/chtululu.be\/wp-content\/uploads\/2020\/04\/lupin.jpg","datePublished":"2020-04-02T12:23:55+00:00","dateModified":"2021-03-26T09:02:04+00:00","description":"D\u00e9couvrez notre liste d'Ars\u00e8ne Lupin de Maurice Leblanc que nous avons actuellement \u00e0 disposition. Ils sont tous en format de poche.","breadcrumb":{"@id":"https:\/\/chtululu.be\/index.php\/produit\/arsene-lupin-maurice-leblanc\/#breadcrumb"},"inLanguage":"fr-FR","potentialAction":[{"@type":"ReadAction","target":["https:\/\/chtululu.be\/index.php\/produit\/arsene-lupin-maurice-leblanc\/"]}]},{"@type":"ImageObject","inLanguage":"fr-FR","@id":"https:\/\/chtululu.be\/index.php\/produit\/arsene-lupin-maurice-leblanc\/#primaryimage","url":"https:\/\/chtululu.be\/wp-content\/uploads\/2020\/04\/lupin.jpg","contentUrl":"https:\/\/chtululu.be\/wp-content\/uploads\/2020\/04\/lupin.jpg","width":960,"height":720,"caption":"Ars\u00e8ne Lupin"},{"@type":"BreadcrumbList","@id":"https:\/\/chtululu.be\/index.php\/produit\/arsene-lupin-maurice-leblanc\/#breadcrumb","itemListElement":[{"@type":"ListItem","position":1,"name":"Accueil","item":"https:\/\/chtululu.be\/"},{"@type":"ListItem","position":2,"name":"Les livres","item":"https:\/\/chtululu.be\/index.php\/livres-doccasion\/"},{"@type":"ListItem","position":3,"name":"Ars\u00e8ne Lupin &#8211; Maurice Leblanc"}]},{"@type":"WebSite","@id":"https:\/\/chtululu.be\/#website","url":"https:\/\/chtululu.be\/","name":"Le Chtululu","description":"Votre librairie de seconde main \u00e0 Soignies","publisher":{"@id":"https:\/\/chtululu.be\/#organization"},"potentialAction":[{"@type":"SearchAction","target":{"@type":"EntryPoint","urlTemplate":"https:\/\/chtululu.be\/?s={search_term_string}"},"query-input":{"@type":"PropertyValueSpecification","valueRequired":true,"valueName":"search_term_string"}}],"inLanguage":"fr-FR"},{"@type":"Organization","@id":"https:\/\/chtululu.be\/#organization","name":"Le Chtululu","url":"https:\/\/chtululu.be\/","logo":{"@type":"ImageObject","inLanguage":"fr-FR","@id":"https:\/\/chtululu.be\/#\/schema\/logo\/image\/","url":"https:\/\/chtululu.be\/wp-content\/uploads\/2016\/05\/logo-def-blanc.jpg","contentUrl":"https:\/\/chtululu.be\/wp-content\/uploads\/2016\/05\/logo-def-blanc.jpg","width":2048,"height":1901,"caption":"Le Chtululu"},"image":{"@id":"https:\/\/chtululu.be\/#\/schema\/logo\/image\/"}}]}},"_links":{"self":[{"href":"https:\/\/chtululu.be\/index.php\/wp-json\/wp\/v2\/product\/1601","targetHints":{"allow":["GET"]}}],"collection":[{"href":"https:\/\/chtululu.be\/index.php\/wp-json\/wp\/v2\/product"}],"about":[{"href":"https:\/\/chtululu.be\/index.php\/wp-json\/wp\/v2\/types\/product"}],"wp:featuredmedia":[{"embeddable":true,"href":"https:\/\/chtululu.be\/index.php\/wp-json\/wp\/v2\/media\/1602"}],"wp:attachment":[{"href":"https:\/\/chtululu.be\/index.php\/wp-json\/wp\/v2\/media?parent=1601"}],"wp:term":[{"taxonomy":"product_brand","embeddable":true,"href":"https:\/\/chtululu.be\/index.php\/wp-json\/wp\/v2\/product_brand?post=1601"},{"taxonomy":"product_cat","embeddable":true,"href":"https:\/\/chtululu.be\/index.php\/wp-json\/wp\/v2\/product_cat?post=1601"},{"taxonomy":"product_tag","embeddable":true,"href":"https:\/\/chtululu.be\/index.php\/wp-json\/wp\/v2\/product_tag?post=1601"}],"curies":[{"name":"wp","href":"https:\/\/api.w.org\/{rel}","templated":true}]}}