{"id":1589,"date":"2020-04-01T17:16:57","date_gmt":"2020-04-01T16:16:57","guid":{"rendered":"http:\/\/chtululu.be\/?post_type=product&#038;p=1589"},"modified":"2022-07-07T21:50:36","modified_gmt":"2022-07-07T20:50:36","slug":"histoires-damour-de-lhistoire-de-france-10-tomes","status":"publish","type":"product","link":"https:\/\/chtululu.be\/index.php\/produit\/histoires-damour-de-lhistoire-de-france-10-tomes\/","title":{"rendered":"Histoires d&rsquo;amour de l&rsquo;Histoire de France (10 tomes)"},"content":{"rendered":"<p>D\u00e9couvrez les 10 tomes de Histoires d&rsquo;amour de l&rsquo;Histoire de France de Guy Breton.<\/p>\n<p><strong>R\u00e9sum\u00e9 de l&rsquo;\u00e9diteur:<\/strong><\/p>\n<p>Les historiens qui r\u00e9digent les manuels scolaires font de l&rsquo;histoire de notre pays un r\u00e9cit fort ennuyeux car ils en \u00e9liminent la vie sentimentale de nos gouvernants, fussent-ils royaux. Pour eux, les \u00e9v\u00e9nements qui ont boulevers\u00e9 la France au cours des si\u00e8cles ne doivent avoir que des causes s\u00e9rieuses Ils se croiraient discr\u00e9dit\u00e9s de professer qu&rsquo;un roi a d\u00e9clar\u00e9 une guerre uniquement parce qu&rsquo;il \u00e9tait ivre de joie apr\u00e8s une nuit d&rsquo;amour.<\/p>\n<p>Un premier tome, Les amours qui ont fait la France, pr\u00e9sentait les aventures amoureuses du Ve au XVe si\u00e8cle. Un second, intitul\u00e9 Les Histoires d&rsquo;amour de l&rsquo;Histoire de France, celles du XVe et une partie du XVIe si\u00e8cle, essentiellement consacr\u00e9s aux r\u00e8gnes de Louis XI et d&rsquo;Henri III. Ce troisi\u00e8me tome est un des plus vivants et des plus croustillants. Il concerne le r\u00e8gne d&rsquo;Henri IV, le Vert Galant, le roi aux soixante-dix ma\u00eetresses, qui n&rsquo;aimait pas que la poule au pot.<br \/>\nIl fut l&rsquo;\u00e9poux de la reine Margot, elle-m\u00eame tr\u00e8s l\u00e9g\u00e8re et de Marie de M\u00e9dicis plus s\u00e9rieuse mais qui, apr\u00e8s la mort de son mari, aura sans doute des amants. Il est \u00e9galement consacr\u00e9 au r\u00e8gne de Louis XIII, \u00e0 l&rsquo;inclination de sa femme Anne d&rsquo;Autriche pour Buckingham, qui inspirera Les Trois Mousquetaires d&rsquo;Alexandre Dumas. Il s&rsquo;interroge aussi sur la v\u00e9ritable paternit\u00e9 de Louis XIV. Bref, cette histoire de France se lit comme un roman.<\/p>\n<p>Tome 1 : Les amours qui ont fait l&rsquo;Histoire<\/p>\n<p>Tome 2 :\u00a0D&rsquo;Anne de Beaulieu \u00e0 Marie Touchet<\/p>\n<p>Tome 3 :\u00a0\u00a0Dans l&rsquo;intimit\u00e9 des reines et des favorites<\/p>\n<p>Tome 4 : Du grand Cond\u00e9 au roi Soleil<\/p>\n<p>Tome 5 :\u00a0Le si\u00e8cle du libertinage<\/p>\n<p>Tome 6 :\u00a0Quand l&rsquo;amour \u00e9tait Sans-Culotte<\/p>\n<p>Tome 7 : Napol\u00e9on et les femmes<\/p>\n<p>Tome 8 :\u00a0\u00a0Napol\u00e9on et Marie-Louise<\/p>\n<p>Tome 9 : Eug\u00e9nie flirtait<\/p>\n<p>Tome 10 : Au temps de l&rsquo;Aiglon<\/p>\n","protected":false},"excerpt":{"rendered":"<p>D\u00e9couvrez les 10 tomes de Histoires d&rsquo;amour de l&rsquo;Histoire de France de Guy Breton. R\u00e9sum\u00e9 de l&rsquo;\u00e9diteur: Les historiens qui r\u00e9digent les manuels scolaires font de l&rsquo;histoire de notre pays un r\u00e9cit fort ennuyeux car ils en \u00e9liminent la vie sentimentale de nos gouvernants, fussent-ils royaux. Pour eux, les \u00e9v\u00e9nements qui ont boulevers\u00e9 la France&#8230; <\/p>\n","protected":false},"featured_media":1590,"template":"","meta":{"_acf_changed":false,"_exactmetrics_skip_tracking":false,"_exactmetrics_sitenote_active":false,"_exactmetrics_sitenote_note":"","_exactmetrics_sitenote_category":0},"product_brand":[],"product_cat":[320],"product_tag":[],"class_list":{"0":"post-1589","1":"product","2":"type-product","3":"status-publish","4":"has-post-thumbnail","6":"product_cat-integrales-collections","8":"first","9":"instock","10":"taxable","11":"shipping-taxable","12":"purchasable","13":"product-type-simple"},"acf":[],"yoast_head":"<!-- This site is optimized with the Yoast SEO plugin v26.6 - https:\/\/yoast.com\/wordpress\/plugins\/seo\/ -->\n<title>Histoires d&#039;amour de l&#039;Histoire de France - Guy Breton<\/title>\n<meta name=\"description\" content=\"D\u00e9couvrez les 10 tomes de la s\u00e9rie Histoires d&#039;amour de l&#039;Histoire de France de Guy Breton. Disponibles sur r\u00e9servation ou via livraison.\" \/>\n<meta name=\"robots\" content=\"index, follow, max-snippet:-1, max-image-preview:large, max-video-preview:-1\" \/>\n<link rel=\"canonical\" href=\"https:\/\/chtululu.be\/index.php\/produit\/histoires-damour-de-lhistoire-de-france-10-tomes\/\" \/>\n<meta property=\"og:locale\" content=\"fr_FR\" \/>\n<meta property=\"og:type\" content=\"article\" \/>\n<meta property=\"og:title\" content=\"Histoires d&#039;amour de l&#039;Histoire de France - Guy Breton\" \/>\n<meta property=\"og:description\" content=\"D\u00e9couvrez les 10 tomes de la s\u00e9rie Histoires d&#039;amour de l&#039;Histoire de France de Guy Breton. Disponibles sur r\u00e9servation ou via livraison.\" \/>\n<meta property=\"og:url\" content=\"https:\/\/chtululu.be\/index.php\/produit\/histoires-damour-de-lhistoire-de-france-10-tomes\/\" \/>\n<meta property=\"og:site_name\" content=\"Le Chtululu\" \/>\n<meta property=\"article:modified_time\" content=\"2022-07-07T20:50:36+00:00\" \/>\n<meta property=\"og:image\" content=\"https:\/\/chtululu.be\/wp-content\/uploads\/2020\/04\/breton.png\" \/>\n\t<meta property=\"og:image:width\" content=\"940\" \/>\n\t<meta property=\"og:image:height\" content=\"788\" \/>\n\t<meta property=\"og:image:type\" content=\"image\/png\" \/>\n<meta name=\"twitter:card\" content=\"summary_large_image\" \/>\n<meta name=\"twitter:label1\" content=\"Dur\u00e9e de lecture estim\u00e9e\" \/>\n\t<meta name=\"twitter:data1\" content=\"2 minutes\" \/>\n<script type=\"application\/ld+json\" class=\"yoast-schema-graph\">{\"@context\":\"https:\/\/schema.org\",\"@graph\":[{\"@type\":\"WebPage\",\"@id\":\"https:\/\/chtululu.be\/index.php\/produit\/histoires-damour-de-lhistoire-de-france-10-tomes\/\",\"url\":\"https:\/\/chtululu.be\/index.php\/produit\/histoires-damour-de-lhistoire-de-france-10-tomes\/\",\"name\":\"Histoires d'amour de l'Histoire de France - Guy Breton\",\"isPartOf\":{\"@id\":\"https:\/\/chtululu.be\/#website\"},\"primaryImageOfPage\":{\"@id\":\"https:\/\/chtululu.be\/index.php\/produit\/histoires-damour-de-lhistoire-de-france-10-tomes\/#primaryimage\"},\"image\":{\"@id\":\"https:\/\/chtululu.be\/index.php\/produit\/histoires-damour-de-lhistoire-de-france-10-tomes\/#primaryimage\"},\"thumbnailUrl\":\"https:\/\/chtululu.be\/wp-content\/uploads\/2020\/04\/breton.png\",\"datePublished\":\"2020-04-01T16:16:57+00:00\",\"dateModified\":\"2022-07-07T20:50:36+00:00\",\"description\":\"D\u00e9couvrez les 10 tomes de la s\u00e9rie Histoires d'amour de l'Histoire de France de Guy Breton. Disponibles sur r\u00e9servation ou via livraison.\",\"breadcrumb\":{\"@id\":\"https:\/\/chtululu.be\/index.php\/produit\/histoires-damour-de-lhistoire-de-france-10-tomes\/#breadcrumb\"},\"inLanguage\":\"fr-FR\",\"potentialAction\":[{\"@type\":\"ReadAction\",\"target\":[\"https:\/\/chtululu.be\/index.php\/produit\/histoires-damour-de-lhistoire-de-france-10-tomes\/\"]}]},{\"@type\":\"ImageObject\",\"inLanguage\":\"fr-FR\",\"@id\":\"https:\/\/chtululu.be\/index.php\/produit\/histoires-damour-de-lhistoire-de-france-10-tomes\/#primaryimage\",\"url\":\"https:\/\/chtululu.be\/wp-content\/uploads\/2020\/04\/breton.png\",\"contentUrl\":\"https:\/\/chtululu.be\/wp-content\/uploads\/2020\/04\/breton.png\",\"width\":940,\"height\":788,\"caption\":\"Guy Breton\"},{\"@type\":\"BreadcrumbList\",\"@id\":\"https:\/\/chtululu.be\/index.php\/produit\/histoires-damour-de-lhistoire-de-france-10-tomes\/#breadcrumb\",\"itemListElement\":[{\"@type\":\"ListItem\",\"position\":1,\"name\":\"Accueil\",\"item\":\"https:\/\/chtululu.be\/\"},{\"@type\":\"ListItem\",\"position\":2,\"name\":\"Les livres\",\"item\":\"https:\/\/chtululu.be\/index.php\/livres-doccasion\/\"},{\"@type\":\"ListItem\",\"position\":3,\"name\":\"Histoires d&rsquo;amour de l&rsquo;Histoire de France (10 tomes)\"}]},{\"@type\":\"WebSite\",\"@id\":\"https:\/\/chtululu.be\/#website\",\"url\":\"https:\/\/chtululu.be\/\",\"name\":\"Le Chtululu\",\"description\":\"Votre librairie de seconde main \u00e0 Soignies\",\"publisher\":{\"@id\":\"https:\/\/chtululu.be\/#organization\"},\"potentialAction\":[{\"@type\":\"SearchAction\",\"target\":{\"@type\":\"EntryPoint\",\"urlTemplate\":\"https:\/\/chtululu.be\/?s={search_term_string}\"},\"query-input\":{\"@type\":\"PropertyValueSpecification\",\"valueRequired\":true,\"valueName\":\"search_term_string\"}}],\"inLanguage\":\"fr-FR\"},{\"@type\":\"Organization\",\"@id\":\"https:\/\/chtululu.be\/#organization\",\"name\":\"Le Chtululu\",\"url\":\"https:\/\/chtululu.be\/\",\"logo\":{\"@type\":\"ImageObject\",\"inLanguage\":\"fr-FR\",\"@id\":\"https:\/\/chtululu.be\/#\/schema\/logo\/image\/\",\"url\":\"https:\/\/chtululu.be\/wp-content\/uploads\/2016\/05\/logo-def-blanc.jpg\",\"contentUrl\":\"https:\/\/chtululu.be\/wp-content\/uploads\/2016\/05\/logo-def-blanc.jpg\",\"width\":2048,\"height\":1901,\"caption\":\"Le Chtululu\"},\"image\":{\"@id\":\"https:\/\/chtululu.be\/#\/schema\/logo\/image\/\"}}]}<\/script>\n<!-- \/ Yoast SEO plugin. -->","yoast_head_json":{"title":"Histoires d'amour de l'Histoire de France - Guy Breton","description":"D\u00e9couvrez les 10 tomes de la s\u00e9rie Histoires d'amour de l'Histoire de France de Guy Breton. Disponibles sur r\u00e9servation ou via livraison.","robots":{"index":"index","follow":"follow","max-snippet":"max-snippet:-1","max-image-preview":"max-image-preview:large","max-video-preview":"max-video-preview:-1"},"canonical":"https:\/\/chtululu.be\/index.php\/produit\/histoires-damour-de-lhistoire-de-france-10-tomes\/","og_locale":"fr_FR","og_type":"article","og_title":"Histoires d'amour de l'Histoire de France - Guy Breton","og_description":"D\u00e9couvrez les 10 tomes de la s\u00e9rie Histoires d'amour de l'Histoire de France de Guy Breton. Disponibles sur r\u00e9servation ou via livraison.","og_url":"https:\/\/chtululu.be\/index.php\/produit\/histoires-damour-de-lhistoire-de-france-10-tomes\/","og_site_name":"Le Chtululu","article_modified_time":"2022-07-07T20:50:36+00:00","og_image":[{"width":940,"height":788,"url":"https:\/\/chtululu.be\/wp-content\/uploads\/2020\/04\/breton.png","type":"image\/png"}],"twitter_card":"summary_large_image","twitter_misc":{"Dur\u00e9e de lecture estim\u00e9e":"2 minutes"},"schema":{"@context":"https:\/\/schema.org","@graph":[{"@type":"WebPage","@id":"https:\/\/chtululu.be\/index.php\/produit\/histoires-damour-de-lhistoire-de-france-10-tomes\/","url":"https:\/\/chtululu.be\/index.php\/produit\/histoires-damour-de-lhistoire-de-france-10-tomes\/","name":"Histoires d'amour de l'Histoire de France - Guy Breton","isPartOf":{"@id":"https:\/\/chtululu.be\/#website"},"primaryImageOfPage":{"@id":"https:\/\/chtululu.be\/index.php\/produit\/histoires-damour-de-lhistoire-de-france-10-tomes\/#primaryimage"},"image":{"@id":"https:\/\/chtululu.be\/index.php\/produit\/histoires-damour-de-lhistoire-de-france-10-tomes\/#primaryimage"},"thumbnailUrl":"https:\/\/chtululu.be\/wp-content\/uploads\/2020\/04\/breton.png","datePublished":"2020-04-01T16:16:57+00:00","dateModified":"2022-07-07T20:50:36+00:00","description":"D\u00e9couvrez les 10 tomes de la s\u00e9rie Histoires d'amour de l'Histoire de France de Guy Breton. Disponibles sur r\u00e9servation ou via livraison.","breadcrumb":{"@id":"https:\/\/chtululu.be\/index.php\/produit\/histoires-damour-de-lhistoire-de-france-10-tomes\/#breadcrumb"},"inLanguage":"fr-FR","potentialAction":[{"@type":"ReadAction","target":["https:\/\/chtululu.be\/index.php\/produit\/histoires-damour-de-lhistoire-de-france-10-tomes\/"]}]},{"@type":"ImageObject","inLanguage":"fr-FR","@id":"https:\/\/chtululu.be\/index.php\/produit\/histoires-damour-de-lhistoire-de-france-10-tomes\/#primaryimage","url":"https:\/\/chtululu.be\/wp-content\/uploads\/2020\/04\/breton.png","contentUrl":"https:\/\/chtululu.be\/wp-content\/uploads\/2020\/04\/breton.png","width":940,"height":788,"caption":"Guy Breton"},{"@type":"BreadcrumbList","@id":"https:\/\/chtululu.be\/index.php\/produit\/histoires-damour-de-lhistoire-de-france-10-tomes\/#breadcrumb","itemListElement":[{"@type":"ListItem","position":1,"name":"Accueil","item":"https:\/\/chtululu.be\/"},{"@type":"ListItem","position":2,"name":"Les livres","item":"https:\/\/chtululu.be\/index.php\/livres-doccasion\/"},{"@type":"ListItem","position":3,"name":"Histoires d&rsquo;amour de l&rsquo;Histoire de France (10 tomes)"}]},{"@type":"WebSite","@id":"https:\/\/chtululu.be\/#website","url":"https:\/\/chtululu.be\/","name":"Le Chtululu","description":"Votre librairie de seconde main \u00e0 Soignies","publisher":{"@id":"https:\/\/chtululu.be\/#organization"},"potentialAction":[{"@type":"SearchAction","target":{"@type":"EntryPoint","urlTemplate":"https:\/\/chtululu.be\/?s={search_term_string}"},"query-input":{"@type":"PropertyValueSpecification","valueRequired":true,"valueName":"search_term_string"}}],"inLanguage":"fr-FR"},{"@type":"Organization","@id":"https:\/\/chtululu.be\/#organization","name":"Le Chtululu","url":"https:\/\/chtululu.be\/","logo":{"@type":"ImageObject","inLanguage":"fr-FR","@id":"https:\/\/chtululu.be\/#\/schema\/logo\/image\/","url":"https:\/\/chtululu.be\/wp-content\/uploads\/2016\/05\/logo-def-blanc.jpg","contentUrl":"https:\/\/chtululu.be\/wp-content\/uploads\/2016\/05\/logo-def-blanc.jpg","width":2048,"height":1901,"caption":"Le Chtululu"},"image":{"@id":"https:\/\/chtululu.be\/#\/schema\/logo\/image\/"}}]}},"_links":{"self":[{"href":"https:\/\/chtululu.be\/index.php\/wp-json\/wp\/v2\/product\/1589","targetHints":{"allow":["GET"]}}],"collection":[{"href":"https:\/\/chtululu.be\/index.php\/wp-json\/wp\/v2\/product"}],"about":[{"href":"https:\/\/chtululu.be\/index.php\/wp-json\/wp\/v2\/types\/product"}],"wp:featuredmedia":[{"embeddable":true,"href":"https:\/\/chtululu.be\/index.php\/wp-json\/wp\/v2\/media\/1590"}],"wp:attachment":[{"href":"https:\/\/chtululu.be\/index.php\/wp-json\/wp\/v2\/media?parent=1589"}],"wp:term":[{"taxonomy":"product_brand","embeddable":true,"href":"https:\/\/chtululu.be\/index.php\/wp-json\/wp\/v2\/product_brand?post=1589"},{"taxonomy":"product_cat","embeddable":true,"href":"https:\/\/chtululu.be\/index.php\/wp-json\/wp\/v2\/product_cat?post=1589"},{"taxonomy":"product_tag","embeddable":true,"href":"https:\/\/chtululu.be\/index.php\/wp-json\/wp\/v2\/product_tag?post=1589"}],"curies":[{"name":"wp","href":"https:\/\/api.w.org\/{rel}","templated":true}]}}