{"id":1578,"date":"2020-03-31T16:17:37","date_gmt":"2020-03-31T15:17:37","guid":{"rendered":"http:\/\/chtululu.be\/?post_type=product&#038;p=1578"},"modified":"2021-06-06T21:09:59","modified_gmt":"2021-06-06T20:09:59","slug":"17-livres-dh-g-wells","status":"publish","type":"product","link":"https:\/\/chtululu.be\/index.php\/produit\/17-livres-dh-g-wells\/","title":{"rendered":"17 livres d&rsquo;H.G. Wells"},"content":{"rendered":"<p>17 romans du c\u00e9l\u00e8bre H. G. Wells (l&rsquo;auteur de la Guerre des mondes).<\/p>\n<p>&#8211; L&rsquo;amour et M. Lewisham<br \/>\n&#8211; Mariage<br \/>\n&#8211; Le pays des Aveugles<span class=\"text_exposed_show\"><br \/>\n&#8211; La burlesque \u00e9quip\u00e9e du Cycliste<br \/>\n&#8211; Un homme averti en vaut deux<br \/>\n&#8211; Les roues de la chance<br \/>\n&#8211; Au temps de la Com\u00e8te<br \/>\n&#8211; Miss Waters<br \/>\n&#8211; Un r\u00eave&#8230; Une vie&#8230;<br \/>\n&#8211; Tony Bungay<br \/>\n&#8211; La guerre dans les Airs I et II<br \/>\n&#8211; Enfants des \u00e9toiles<br \/>\n&#8211; L&rsquo;histoire de M. Polly<br \/>\n&#8211; Les premiers hommes dans la lune<br \/>\n&#8211; Tr\u00e9sor dans la for\u00eat<br \/>\n&#8211; Le joueur de croquet<\/span><\/p>\n","protected":false},"excerpt":{"rendered":"<p>17 livres du c\u00e9l\u00e8bre et prolifique H.G. Wells.<\/p>\n","protected":false},"featured_media":1579,"template":"","meta":{"_acf_changed":false,"_exactmetrics_skip_tracking":false,"_exactmetrics_sitenote_active":false,"_exactmetrics_sitenote_note":"","_exactmetrics_sitenote_category":0},"product_brand":[],"product_cat":[320],"product_tag":[],"class_list":{"0":"post-1578","1":"product","2":"type-product","3":"status-publish","4":"has-post-thumbnail","6":"product_cat-integrales-collections","8":"first","9":"outofstock","10":"taxable","11":"shipping-taxable","12":"purchasable","13":"product-type-simple"},"acf":[],"yoast_head":"<!-- This site is optimized with the Yoast SEO plugin v26.6 - https:\/\/yoast.com\/wordpress\/plugins\/seo\/ -->\n<title>H.G. Wells : 17 livres du c\u00e9l\u00e8bre auteur de la Guerre des Mondes<\/title>\n<meta name=\"description\" content=\"D\u00e9couvrez 17 romans d&#039;H.G. Wells : Tony Bungay, La guerre dans les Airs I et II, Enfants des \u00e9toiles, Les premiers hommes dans la lune, etc.\" \/>\n<meta name=\"robots\" content=\"index, follow, max-snippet:-1, max-image-preview:large, max-video-preview:-1\" \/>\n<link rel=\"canonical\" href=\"https:\/\/chtululu.be\/index.php\/produit\/17-livres-dh-g-wells\/\" \/>\n<meta property=\"og:locale\" content=\"fr_FR\" \/>\n<meta property=\"og:type\" content=\"article\" \/>\n<meta property=\"og:title\" content=\"H.G. Wells : 17 livres du c\u00e9l\u00e8bre auteur de la Guerre des Mondes\" \/>\n<meta property=\"og:description\" content=\"D\u00e9couvrez 17 romans d&#039;H.G. Wells : Tony Bungay, La guerre dans les Airs I et II, Enfants des \u00e9toiles, Les premiers hommes dans la lune, etc.\" \/>\n<meta property=\"og:url\" content=\"https:\/\/chtululu.be\/index.php\/produit\/17-livres-dh-g-wells\/\" \/>\n<meta property=\"og:site_name\" content=\"Le Chtululu\" \/>\n<meta property=\"article:modified_time\" content=\"2021-06-06T20:09:59+00:00\" \/>\n<meta property=\"og:image\" content=\"https:\/\/chtululu.be\/wp-content\/uploads\/2020\/03\/Wells.png\" \/>\n\t<meta property=\"og:image:width\" content=\"940\" \/>\n\t<meta property=\"og:image:height\" content=\"788\" \/>\n\t<meta property=\"og:image:type\" content=\"image\/png\" \/>\n<meta name=\"twitter:card\" content=\"summary_large_image\" \/>\n<meta name=\"twitter:label1\" content=\"Dur\u00e9e de lecture estim\u00e9e\" \/>\n\t<meta name=\"twitter:data1\" content=\"1 minute\" \/>\n<script type=\"application\/ld+json\" class=\"yoast-schema-graph\">{\"@context\":\"https:\/\/schema.org\",\"@graph\":[{\"@type\":\"WebPage\",\"@id\":\"https:\/\/chtululu.be\/index.php\/produit\/17-livres-dh-g-wells\/\",\"url\":\"https:\/\/chtululu.be\/index.php\/produit\/17-livres-dh-g-wells\/\",\"name\":\"H.G. Wells : 17 livres du c\u00e9l\u00e8bre auteur de la Guerre des Mondes\",\"isPartOf\":{\"@id\":\"https:\/\/chtululu.be\/#website\"},\"primaryImageOfPage\":{\"@id\":\"https:\/\/chtululu.be\/index.php\/produit\/17-livres-dh-g-wells\/#primaryimage\"},\"image\":{\"@id\":\"https:\/\/chtululu.be\/index.php\/produit\/17-livres-dh-g-wells\/#primaryimage\"},\"thumbnailUrl\":\"https:\/\/chtululu.be\/wp-content\/uploads\/2020\/03\/Wells.png\",\"datePublished\":\"2020-03-31T15:17:37+00:00\",\"dateModified\":\"2021-06-06T20:09:59+00:00\",\"description\":\"D\u00e9couvrez 17 romans d'H.G. Wells : Tony Bungay, La guerre dans les Airs I et II, Enfants des \u00e9toiles, Les premiers hommes dans la lune, etc.\",\"breadcrumb\":{\"@id\":\"https:\/\/chtululu.be\/index.php\/produit\/17-livres-dh-g-wells\/#breadcrumb\"},\"inLanguage\":\"fr-FR\",\"potentialAction\":[{\"@type\":\"ReadAction\",\"target\":[\"https:\/\/chtululu.be\/index.php\/produit\/17-livres-dh-g-wells\/\"]}]},{\"@type\":\"ImageObject\",\"inLanguage\":\"fr-FR\",\"@id\":\"https:\/\/chtululu.be\/index.php\/produit\/17-livres-dh-g-wells\/#primaryimage\",\"url\":\"https:\/\/chtululu.be\/wp-content\/uploads\/2020\/03\/Wells.png\",\"contentUrl\":\"https:\/\/chtululu.be\/wp-content\/uploads\/2020\/03\/Wells.png\",\"width\":940,\"height\":788,\"caption\":\"Wells\"},{\"@type\":\"BreadcrumbList\",\"@id\":\"https:\/\/chtululu.be\/index.php\/produit\/17-livres-dh-g-wells\/#breadcrumb\",\"itemListElement\":[{\"@type\":\"ListItem\",\"position\":1,\"name\":\"Accueil\",\"item\":\"https:\/\/chtululu.be\/\"},{\"@type\":\"ListItem\",\"position\":2,\"name\":\"Les livres\",\"item\":\"https:\/\/chtululu.be\/index.php\/livres-doccasion\/\"},{\"@type\":\"ListItem\",\"position\":3,\"name\":\"17 livres d&rsquo;H.G. Wells\"}]},{\"@type\":\"WebSite\",\"@id\":\"https:\/\/chtululu.be\/#website\",\"url\":\"https:\/\/chtululu.be\/\",\"name\":\"Le Chtululu\",\"description\":\"Votre librairie de seconde main \u00e0 Soignies\",\"publisher\":{\"@id\":\"https:\/\/chtululu.be\/#organization\"},\"potentialAction\":[{\"@type\":\"SearchAction\",\"target\":{\"@type\":\"EntryPoint\",\"urlTemplate\":\"https:\/\/chtululu.be\/?s={search_term_string}\"},\"query-input\":{\"@type\":\"PropertyValueSpecification\",\"valueRequired\":true,\"valueName\":\"search_term_string\"}}],\"inLanguage\":\"fr-FR\"},{\"@type\":\"Organization\",\"@id\":\"https:\/\/chtululu.be\/#organization\",\"name\":\"Le Chtululu\",\"url\":\"https:\/\/chtululu.be\/\",\"logo\":{\"@type\":\"ImageObject\",\"inLanguage\":\"fr-FR\",\"@id\":\"https:\/\/chtululu.be\/#\/schema\/logo\/image\/\",\"url\":\"https:\/\/chtululu.be\/wp-content\/uploads\/2016\/05\/logo-def-blanc.jpg\",\"contentUrl\":\"https:\/\/chtululu.be\/wp-content\/uploads\/2016\/05\/logo-def-blanc.jpg\",\"width\":2048,\"height\":1901,\"caption\":\"Le Chtululu\"},\"image\":{\"@id\":\"https:\/\/chtululu.be\/#\/schema\/logo\/image\/\"}}]}<\/script>\n<!-- \/ Yoast SEO plugin. -->","yoast_head_json":{"title":"H.G. Wells : 17 livres du c\u00e9l\u00e8bre auteur de la Guerre des Mondes","description":"D\u00e9couvrez 17 romans d'H.G. Wells : Tony Bungay, La guerre dans les Airs I et II, Enfants des \u00e9toiles, Les premiers hommes dans la lune, etc.","robots":{"index":"index","follow":"follow","max-snippet":"max-snippet:-1","max-image-preview":"max-image-preview:large","max-video-preview":"max-video-preview:-1"},"canonical":"https:\/\/chtululu.be\/index.php\/produit\/17-livres-dh-g-wells\/","og_locale":"fr_FR","og_type":"article","og_title":"H.G. Wells : 17 livres du c\u00e9l\u00e8bre auteur de la Guerre des Mondes","og_description":"D\u00e9couvrez 17 romans d'H.G. Wells : Tony Bungay, La guerre dans les Airs I et II, Enfants des \u00e9toiles, Les premiers hommes dans la lune, etc.","og_url":"https:\/\/chtululu.be\/index.php\/produit\/17-livres-dh-g-wells\/","og_site_name":"Le Chtululu","article_modified_time":"2021-06-06T20:09:59+00:00","og_image":[{"width":940,"height":788,"url":"https:\/\/chtululu.be\/wp-content\/uploads\/2020\/03\/Wells.png","type":"image\/png"}],"twitter_card":"summary_large_image","twitter_misc":{"Dur\u00e9e de lecture estim\u00e9e":"1 minute"},"schema":{"@context":"https:\/\/schema.org","@graph":[{"@type":"WebPage","@id":"https:\/\/chtululu.be\/index.php\/produit\/17-livres-dh-g-wells\/","url":"https:\/\/chtululu.be\/index.php\/produit\/17-livres-dh-g-wells\/","name":"H.G. Wells : 17 livres du c\u00e9l\u00e8bre auteur de la Guerre des Mondes","isPartOf":{"@id":"https:\/\/chtululu.be\/#website"},"primaryImageOfPage":{"@id":"https:\/\/chtululu.be\/index.php\/produit\/17-livres-dh-g-wells\/#primaryimage"},"image":{"@id":"https:\/\/chtululu.be\/index.php\/produit\/17-livres-dh-g-wells\/#primaryimage"},"thumbnailUrl":"https:\/\/chtululu.be\/wp-content\/uploads\/2020\/03\/Wells.png","datePublished":"2020-03-31T15:17:37+00:00","dateModified":"2021-06-06T20:09:59+00:00","description":"D\u00e9couvrez 17 romans d'H.G. Wells : Tony Bungay, La guerre dans les Airs I et II, Enfants des \u00e9toiles, Les premiers hommes dans la lune, etc.","breadcrumb":{"@id":"https:\/\/chtululu.be\/index.php\/produit\/17-livres-dh-g-wells\/#breadcrumb"},"inLanguage":"fr-FR","potentialAction":[{"@type":"ReadAction","target":["https:\/\/chtululu.be\/index.php\/produit\/17-livres-dh-g-wells\/"]}]},{"@type":"ImageObject","inLanguage":"fr-FR","@id":"https:\/\/chtululu.be\/index.php\/produit\/17-livres-dh-g-wells\/#primaryimage","url":"https:\/\/chtululu.be\/wp-content\/uploads\/2020\/03\/Wells.png","contentUrl":"https:\/\/chtululu.be\/wp-content\/uploads\/2020\/03\/Wells.png","width":940,"height":788,"caption":"Wells"},{"@type":"BreadcrumbList","@id":"https:\/\/chtululu.be\/index.php\/produit\/17-livres-dh-g-wells\/#breadcrumb","itemListElement":[{"@type":"ListItem","position":1,"name":"Accueil","item":"https:\/\/chtululu.be\/"},{"@type":"ListItem","position":2,"name":"Les livres","item":"https:\/\/chtululu.be\/index.php\/livres-doccasion\/"},{"@type":"ListItem","position":3,"name":"17 livres d&rsquo;H.G. Wells"}]},{"@type":"WebSite","@id":"https:\/\/chtululu.be\/#website","url":"https:\/\/chtululu.be\/","name":"Le Chtululu","description":"Votre librairie de seconde main \u00e0 Soignies","publisher":{"@id":"https:\/\/chtululu.be\/#organization"},"potentialAction":[{"@type":"SearchAction","target":{"@type":"EntryPoint","urlTemplate":"https:\/\/chtululu.be\/?s={search_term_string}"},"query-input":{"@type":"PropertyValueSpecification","valueRequired":true,"valueName":"search_term_string"}}],"inLanguage":"fr-FR"},{"@type":"Organization","@id":"https:\/\/chtululu.be\/#organization","name":"Le Chtululu","url":"https:\/\/chtululu.be\/","logo":{"@type":"ImageObject","inLanguage":"fr-FR","@id":"https:\/\/chtululu.be\/#\/schema\/logo\/image\/","url":"https:\/\/chtululu.be\/wp-content\/uploads\/2016\/05\/logo-def-blanc.jpg","contentUrl":"https:\/\/chtululu.be\/wp-content\/uploads\/2016\/05\/logo-def-blanc.jpg","width":2048,"height":1901,"caption":"Le Chtululu"},"image":{"@id":"https:\/\/chtululu.be\/#\/schema\/logo\/image\/"}}]}},"_links":{"self":[{"href":"https:\/\/chtululu.be\/index.php\/wp-json\/wp\/v2\/product\/1578","targetHints":{"allow":["GET"]}}],"collection":[{"href":"https:\/\/chtululu.be\/index.php\/wp-json\/wp\/v2\/product"}],"about":[{"href":"https:\/\/chtululu.be\/index.php\/wp-json\/wp\/v2\/types\/product"}],"wp:featuredmedia":[{"embeddable":true,"href":"https:\/\/chtululu.be\/index.php\/wp-json\/wp\/v2\/media\/1579"}],"wp:attachment":[{"href":"https:\/\/chtululu.be\/index.php\/wp-json\/wp\/v2\/media?parent=1578"}],"wp:term":[{"taxonomy":"product_brand","embeddable":true,"href":"https:\/\/chtululu.be\/index.php\/wp-json\/wp\/v2\/product_brand?post=1578"},{"taxonomy":"product_cat","embeddable":true,"href":"https:\/\/chtululu.be\/index.php\/wp-json\/wp\/v2\/product_cat?post=1578"},{"taxonomy":"product_tag","embeddable":true,"href":"https:\/\/chtululu.be\/index.php\/wp-json\/wp\/v2\/product_tag?post=1578"}],"curies":[{"name":"wp","href":"https:\/\/api.w.org\/{rel}","templated":true}]}}