{"id":1493,"date":"2018-11-04T17:10:33","date_gmt":"2018-11-04T16:10:33","guid":{"rendered":"http:\/\/chtululu.be\/?post_type=product&#038;p=1493"},"modified":"2021-03-26T10:03:29","modified_gmt":"2021-03-26T09:03:29","slug":"headhunters","status":"publish","type":"product","link":"https:\/\/chtululu.be\/index.php\/produit\/headhunters\/","title":{"rendered":"Headhunters"},"content":{"rendered":"<p><strong>Headhunters &#8211; Jo Nesbo<\/strong><\/p>\n<p><b>LIE.<\/b><\/p>\n<p>Clever, wealthy, married to a beautiful woman: Roger Brown has it all. And his sideline as an art thief keeps him busy when his job as a corporate headhunter gets dull.<\/p>\n<p><b>STEAL.<\/b><\/p>\n<p>Then his wife introduces him to Clas Greve. Ambitious and talented, he\u2019s the perfect candidate for a top job Roger needs to fill \u2013 and the priceless painting he owns makes him the perfect target for a heist.<\/p>\n<p><b>MURDER?<\/b><\/p>\n<p>But soon Roger finds out that there\u2019s more to Greve than meets the eye, and it\u2019s not long before the hunter becomes the hunted\u2026<\/p>\n","protected":false},"excerpt":{"rendered":"<p><strong>Headhunters &#8211; Jo Nesbo<\/strong><\/p>\n","protected":false},"featured_media":1494,"template":"","meta":{"_acf_changed":false,"_exactmetrics_skip_tracking":false,"_exactmetrics_sitenote_active":false,"_exactmetrics_sitenote_note":"","_exactmetrics_sitenote_category":0},"product_brand":[],"product_cat":[335],"product_tag":[345,343,344],"class_list":{"0":"post-1493","1":"product","2":"type-product","3":"status-publish","4":"has-post-thumbnail","6":"product_cat-english-books","7":"product_tag-english-book","8":"product_tag-nesbo-jo","9":"product_tag-thriller","11":"first","12":"instock","13":"sold-individually","14":"taxable","15":"shipping-taxable","16":"purchasable","17":"product-type-simple"},"acf":[],"yoast_head":"<!-- This site is optimized with the Yoast SEO plugin v26.6 - https:\/\/yoast.com\/wordpress\/plugins\/seo\/ -->\n<title>Headhunters - Jo Nesbo (VO) - Chtululu \u00e0 la gare de Soignies<\/title>\n<meta name=\"description\" content=\"Envie de lire en anglais ? D\u00e9couvrez Headhunters de Jo Nesbo en version originale au Chtululu \u00e0 la gare de Soignies\" \/>\n<meta name=\"robots\" content=\"index, follow, max-snippet:-1, max-image-preview:large, max-video-preview:-1\" \/>\n<link rel=\"canonical\" href=\"https:\/\/chtululu.be\/index.php\/produit\/headhunters\/\" \/>\n<meta property=\"og:locale\" content=\"fr_FR\" \/>\n<meta property=\"og:type\" content=\"article\" \/>\n<meta property=\"og:title\" content=\"Headhunters - Jo Nesbo (VO) - Chtululu \u00e0 la gare de Soignies\" \/>\n<meta property=\"og:description\" content=\"Envie de lire en anglais ? D\u00e9couvrez Headhunters de Jo Nesbo en version originale au Chtululu \u00e0 la gare de Soignies\" \/>\n<meta property=\"og:url\" content=\"https:\/\/chtululu.be\/index.php\/produit\/headhunters\/\" \/>\n<meta property=\"og:site_name\" content=\"Le Chtululu\" \/>\n<meta property=\"article:modified_time\" content=\"2021-03-26T09:03:29+00:00\" \/>\n<meta property=\"og:image\" content=\"https:\/\/chtululu.be\/wp-content\/uploads\/2018\/11\/81R8o3OsLxL.jpg\" \/>\n\t<meta property=\"og:image:width\" content=\"300\" \/>\n\t<meta property=\"og:image:height\" content=\"461\" \/>\n\t<meta property=\"og:image:type\" content=\"image\/jpeg\" \/>\n<meta name=\"twitter:card\" content=\"summary_large_image\" \/>\n<meta name=\"twitter:label1\" content=\"Dur\u00e9e de lecture estim\u00e9e\" \/>\n\t<meta name=\"twitter:data1\" content=\"1 minute\" \/>\n<script type=\"application\/ld+json\" class=\"yoast-schema-graph\">{\"@context\":\"https:\/\/schema.org\",\"@graph\":[{\"@type\":\"WebPage\",\"@id\":\"https:\/\/chtululu.be\/index.php\/produit\/headhunters\/\",\"url\":\"https:\/\/chtululu.be\/index.php\/produit\/headhunters\/\",\"name\":\"Headhunters - Jo Nesbo (VO) - Chtululu \u00e0 la gare de Soignies\",\"isPartOf\":{\"@id\":\"https:\/\/chtululu.be\/#website\"},\"primaryImageOfPage\":{\"@id\":\"https:\/\/chtululu.be\/index.php\/produit\/headhunters\/#primaryimage\"},\"image\":{\"@id\":\"https:\/\/chtululu.be\/index.php\/produit\/headhunters\/#primaryimage\"},\"thumbnailUrl\":\"https:\/\/chtululu.be\/wp-content\/uploads\/2018\/11\/81R8o3OsLxL.jpg\",\"datePublished\":\"2018-11-04T16:10:33+00:00\",\"dateModified\":\"2021-03-26T09:03:29+00:00\",\"description\":\"Envie de lire en anglais ? D\u00e9couvrez Headhunters de Jo Nesbo en version originale au Chtululu \u00e0 la gare de Soignies\",\"breadcrumb\":{\"@id\":\"https:\/\/chtululu.be\/index.php\/produit\/headhunters\/#breadcrumb\"},\"inLanguage\":\"fr-FR\",\"potentialAction\":[{\"@type\":\"ReadAction\",\"target\":[\"https:\/\/chtululu.be\/index.php\/produit\/headhunters\/\"]}]},{\"@type\":\"ImageObject\",\"inLanguage\":\"fr-FR\",\"@id\":\"https:\/\/chtululu.be\/index.php\/produit\/headhunters\/#primaryimage\",\"url\":\"https:\/\/chtululu.be\/wp-content\/uploads\/2018\/11\/81R8o3OsLxL.jpg\",\"contentUrl\":\"https:\/\/chtululu.be\/wp-content\/uploads\/2018\/11\/81R8o3OsLxL.jpg\",\"width\":300,\"height\":461,\"caption\":\"Headhunters\"},{\"@type\":\"BreadcrumbList\",\"@id\":\"https:\/\/chtululu.be\/index.php\/produit\/headhunters\/#breadcrumb\",\"itemListElement\":[{\"@type\":\"ListItem\",\"position\":1,\"name\":\"Accueil\",\"item\":\"https:\/\/chtululu.be\/\"},{\"@type\":\"ListItem\",\"position\":2,\"name\":\"Les livres\",\"item\":\"https:\/\/chtululu.be\/index.php\/livres-doccasion\/\"},{\"@type\":\"ListItem\",\"position\":3,\"name\":\"Headhunters\"}]},{\"@type\":\"WebSite\",\"@id\":\"https:\/\/chtululu.be\/#website\",\"url\":\"https:\/\/chtululu.be\/\",\"name\":\"Le Chtululu\",\"description\":\"Votre librairie de seconde main \u00e0 Soignies\",\"publisher\":{\"@id\":\"https:\/\/chtululu.be\/#organization\"},\"potentialAction\":[{\"@type\":\"SearchAction\",\"target\":{\"@type\":\"EntryPoint\",\"urlTemplate\":\"https:\/\/chtululu.be\/?s={search_term_string}\"},\"query-input\":{\"@type\":\"PropertyValueSpecification\",\"valueRequired\":true,\"valueName\":\"search_term_string\"}}],\"inLanguage\":\"fr-FR\"},{\"@type\":\"Organization\",\"@id\":\"https:\/\/chtululu.be\/#organization\",\"name\":\"Le Chtululu\",\"url\":\"https:\/\/chtululu.be\/\",\"logo\":{\"@type\":\"ImageObject\",\"inLanguage\":\"fr-FR\",\"@id\":\"https:\/\/chtululu.be\/#\/schema\/logo\/image\/\",\"url\":\"https:\/\/chtululu.be\/wp-content\/uploads\/2016\/05\/logo-def-blanc.jpg\",\"contentUrl\":\"https:\/\/chtululu.be\/wp-content\/uploads\/2016\/05\/logo-def-blanc.jpg\",\"width\":2048,\"height\":1901,\"caption\":\"Le Chtululu\"},\"image\":{\"@id\":\"https:\/\/chtululu.be\/#\/schema\/logo\/image\/\"}}]}<\/script>\n<!-- \/ Yoast SEO plugin. -->","yoast_head_json":{"title":"Headhunters - Jo Nesbo (VO) - Chtululu \u00e0 la gare de Soignies","description":"Envie de lire en anglais ? D\u00e9couvrez Headhunters de Jo Nesbo en version originale au Chtululu \u00e0 la gare de Soignies","robots":{"index":"index","follow":"follow","max-snippet":"max-snippet:-1","max-image-preview":"max-image-preview:large","max-video-preview":"max-video-preview:-1"},"canonical":"https:\/\/chtululu.be\/index.php\/produit\/headhunters\/","og_locale":"fr_FR","og_type":"article","og_title":"Headhunters - Jo Nesbo (VO) - Chtululu \u00e0 la gare de Soignies","og_description":"Envie de lire en anglais ? D\u00e9couvrez Headhunters de Jo Nesbo en version originale au Chtululu \u00e0 la gare de Soignies","og_url":"https:\/\/chtululu.be\/index.php\/produit\/headhunters\/","og_site_name":"Le Chtululu","article_modified_time":"2021-03-26T09:03:29+00:00","og_image":[{"width":300,"height":461,"url":"https:\/\/chtululu.be\/wp-content\/uploads\/2018\/11\/81R8o3OsLxL.jpg","type":"image\/jpeg"}],"twitter_card":"summary_large_image","twitter_misc":{"Dur\u00e9e de lecture estim\u00e9e":"1 minute"},"schema":{"@context":"https:\/\/schema.org","@graph":[{"@type":"WebPage","@id":"https:\/\/chtululu.be\/index.php\/produit\/headhunters\/","url":"https:\/\/chtululu.be\/index.php\/produit\/headhunters\/","name":"Headhunters - Jo Nesbo (VO) - Chtululu \u00e0 la gare de Soignies","isPartOf":{"@id":"https:\/\/chtululu.be\/#website"},"primaryImageOfPage":{"@id":"https:\/\/chtululu.be\/index.php\/produit\/headhunters\/#primaryimage"},"image":{"@id":"https:\/\/chtululu.be\/index.php\/produit\/headhunters\/#primaryimage"},"thumbnailUrl":"https:\/\/chtululu.be\/wp-content\/uploads\/2018\/11\/81R8o3OsLxL.jpg","datePublished":"2018-11-04T16:10:33+00:00","dateModified":"2021-03-26T09:03:29+00:00","description":"Envie de lire en anglais ? D\u00e9couvrez Headhunters de Jo Nesbo en version originale au Chtululu \u00e0 la gare de Soignies","breadcrumb":{"@id":"https:\/\/chtululu.be\/index.php\/produit\/headhunters\/#breadcrumb"},"inLanguage":"fr-FR","potentialAction":[{"@type":"ReadAction","target":["https:\/\/chtululu.be\/index.php\/produit\/headhunters\/"]}]},{"@type":"ImageObject","inLanguage":"fr-FR","@id":"https:\/\/chtululu.be\/index.php\/produit\/headhunters\/#primaryimage","url":"https:\/\/chtululu.be\/wp-content\/uploads\/2018\/11\/81R8o3OsLxL.jpg","contentUrl":"https:\/\/chtululu.be\/wp-content\/uploads\/2018\/11\/81R8o3OsLxL.jpg","width":300,"height":461,"caption":"Headhunters"},{"@type":"BreadcrumbList","@id":"https:\/\/chtululu.be\/index.php\/produit\/headhunters\/#breadcrumb","itemListElement":[{"@type":"ListItem","position":1,"name":"Accueil","item":"https:\/\/chtululu.be\/"},{"@type":"ListItem","position":2,"name":"Les livres","item":"https:\/\/chtululu.be\/index.php\/livres-doccasion\/"},{"@type":"ListItem","position":3,"name":"Headhunters"}]},{"@type":"WebSite","@id":"https:\/\/chtululu.be\/#website","url":"https:\/\/chtululu.be\/","name":"Le Chtululu","description":"Votre librairie de seconde main \u00e0 Soignies","publisher":{"@id":"https:\/\/chtululu.be\/#organization"},"potentialAction":[{"@type":"SearchAction","target":{"@type":"EntryPoint","urlTemplate":"https:\/\/chtululu.be\/?s={search_term_string}"},"query-input":{"@type":"PropertyValueSpecification","valueRequired":true,"valueName":"search_term_string"}}],"inLanguage":"fr-FR"},{"@type":"Organization","@id":"https:\/\/chtululu.be\/#organization","name":"Le Chtululu","url":"https:\/\/chtululu.be\/","logo":{"@type":"ImageObject","inLanguage":"fr-FR","@id":"https:\/\/chtululu.be\/#\/schema\/logo\/image\/","url":"https:\/\/chtululu.be\/wp-content\/uploads\/2016\/05\/logo-def-blanc.jpg","contentUrl":"https:\/\/chtululu.be\/wp-content\/uploads\/2016\/05\/logo-def-blanc.jpg","width":2048,"height":1901,"caption":"Le Chtululu"},"image":{"@id":"https:\/\/chtululu.be\/#\/schema\/logo\/image\/"}}]}},"_links":{"self":[{"href":"https:\/\/chtululu.be\/index.php\/wp-json\/wp\/v2\/product\/1493","targetHints":{"allow":["GET"]}}],"collection":[{"href":"https:\/\/chtululu.be\/index.php\/wp-json\/wp\/v2\/product"}],"about":[{"href":"https:\/\/chtululu.be\/index.php\/wp-json\/wp\/v2\/types\/product"}],"wp:featuredmedia":[{"embeddable":true,"href":"https:\/\/chtululu.be\/index.php\/wp-json\/wp\/v2\/media\/1494"}],"wp:attachment":[{"href":"https:\/\/chtululu.be\/index.php\/wp-json\/wp\/v2\/media?parent=1493"}],"wp:term":[{"taxonomy":"product_brand","embeddable":true,"href":"https:\/\/chtululu.be\/index.php\/wp-json\/wp\/v2\/product_brand?post=1493"},{"taxonomy":"product_cat","embeddable":true,"href":"https:\/\/chtululu.be\/index.php\/wp-json\/wp\/v2\/product_cat?post=1493"},{"taxonomy":"product_tag","embeddable":true,"href":"https:\/\/chtululu.be\/index.php\/wp-json\/wp\/v2\/product_tag?post=1493"}],"curies":[{"name":"wp","href":"https:\/\/api.w.org\/{rel}","templated":true}]}}