{"id":1491,"date":"2018-11-04T17:04:57","date_gmt":"2018-11-04T16:04:57","guid":{"rendered":"http:\/\/chtululu.be\/?post_type=product&#038;p=1491"},"modified":"2021-03-26T10:03:39","modified_gmt":"2021-03-26T09:03:39","slug":"when-the-musics-over","status":"publish","type":"product","link":"https:\/\/chtululu.be\/index.php\/produit\/when-the-musics-over\/","title":{"rendered":"When the music&rsquo;s over"},"content":{"rendered":"<p>When the body of a young girl is found in a remote countryside lane, evidence suggests she was drugged, abused, and thrown from a moving van &#8212; before being beaten to death.<br \/>\nWhile DI Annie Cabbot investigates the circumstances in which a 14-year-old could possibly fall victim to such a crime, newly promoted DSI Alan Banks must do the same &#8212; but the crime Banks is investigating is the coldest of cases. Fifty years ag<small><i class=\"fa fa-arrow-down\"><\/i><\/small>o Linda Palmer was attacked by celebrity entertainer Danny Caxton, yet no investigation ever took place. Now Caxton stands accused, at the centre of a historical abuse investigation, and it&rsquo;s Banks&rsquo;s first task as superintendent to find the truth.<br \/>\nAs more women step forward with accounts of Caxton&rsquo;s manipulation, Banks must piece together decades-old evidence. With his investigation uncovering things from the past that would rather stay hidden, he will be led down a path even darker than the one he set out to investigate . . .<\/p>\n","protected":false},"excerpt":{"rendered":"<p><strong>When the music&rsquo;s over &#8211; Peter Robinson\u00a0<\/strong><\/p>\n<p><b>By one of the world&rsquo;s top writers of crime fiction,\u00a0<i>When the Music&rsquo;s Over<\/i>\u00a0&#8212; which takes on the sexual abuse of an adolescent girl by a celebrity in the entertainment world &#8212; is one of Robinson&rsquo;s strongest to date.<\/b><\/p>\n","protected":false},"featured_media":1492,"template":"","meta":{"_acf_changed":false,"_exactmetrics_skip_tracking":false,"_exactmetrics_sitenote_active":false,"_exactmetrics_sitenote_note":"","_exactmetrics_sitenote_category":0},"product_brand":[],"product_cat":[335],"product_tag":[345,346,344],"class_list":{"0":"post-1491","1":"product","2":"type-product","3":"status-publish","4":"has-post-thumbnail","6":"product_cat-english-books","7":"product_tag-english-book","8":"product_tag-robinson-peter","9":"product_tag-thriller","11":"first","12":"instock","13":"sold-individually","14":"taxable","15":"shipping-taxable","16":"purchasable","17":"product-type-simple"},"acf":[],"yoast_head":"<!-- This site is optimized with the Yoast SEO plugin v26.6 - https:\/\/yoast.com\/wordpress\/plugins\/seo\/ -->\n<title>When the music&#039;s over - Peter Robinson - Chtululu \u00e0 la gare de Soignies<\/title>\n<meta name=\"description\" content=\"Envie de lire en anglais ? D\u00e9couvrez When the music&#039;s over de Peter Robinson en version originale au Chtululu \u00e0 la gare de Soignies\" \/>\n<meta name=\"robots\" content=\"index, follow, max-snippet:-1, max-image-preview:large, max-video-preview:-1\" \/>\n<link rel=\"canonical\" href=\"https:\/\/chtululu.be\/index.php\/produit\/when-the-musics-over\/\" \/>\n<meta property=\"og:locale\" content=\"fr_FR\" \/>\n<meta property=\"og:type\" content=\"article\" \/>\n<meta property=\"og:title\" content=\"When the music&#039;s over - Peter Robinson - Chtululu \u00e0 la gare de Soignies\" \/>\n<meta property=\"og:description\" content=\"Envie de lire en anglais ? D\u00e9couvrez When the music&#039;s over de Peter Robinson en version originale au Chtululu \u00e0 la gare de Soignies\" \/>\n<meta property=\"og:url\" content=\"https:\/\/chtululu.be\/index.php\/produit\/when-the-musics-over\/\" \/>\n<meta property=\"og:site_name\" content=\"Le Chtululu\" \/>\n<meta property=\"article:modified_time\" content=\"2021-03-26T09:03:39+00:00\" \/>\n<meta property=\"og:image\" content=\"https:\/\/chtululu.be\/wp-content\/uploads\/2018\/11\/when-the-musics-over.jpg\" \/>\n\t<meta property=\"og:image:width\" content=\"300\" \/>\n\t<meta property=\"og:image:height\" content=\"462\" \/>\n\t<meta property=\"og:image:type\" content=\"image\/jpeg\" \/>\n<meta name=\"twitter:card\" content=\"summary_large_image\" \/>\n<meta name=\"twitter:label1\" content=\"Dur\u00e9e de lecture estim\u00e9e\" \/>\n\t<meta name=\"twitter:data1\" content=\"1 minute\" \/>\n<script type=\"application\/ld+json\" class=\"yoast-schema-graph\">{\"@context\":\"https:\/\/schema.org\",\"@graph\":[{\"@type\":\"WebPage\",\"@id\":\"https:\/\/chtululu.be\/index.php\/produit\/when-the-musics-over\/\",\"url\":\"https:\/\/chtululu.be\/index.php\/produit\/when-the-musics-over\/\",\"name\":\"When the music's over - Peter Robinson - Chtululu \u00e0 la gare de Soignies\",\"isPartOf\":{\"@id\":\"https:\/\/chtululu.be\/#website\"},\"primaryImageOfPage\":{\"@id\":\"https:\/\/chtululu.be\/index.php\/produit\/when-the-musics-over\/#primaryimage\"},\"image\":{\"@id\":\"https:\/\/chtululu.be\/index.php\/produit\/when-the-musics-over\/#primaryimage\"},\"thumbnailUrl\":\"https:\/\/chtululu.be\/wp-content\/uploads\/2018\/11\/when-the-musics-over.jpg\",\"datePublished\":\"2018-11-04T16:04:57+00:00\",\"dateModified\":\"2021-03-26T09:03:39+00:00\",\"description\":\"Envie de lire en anglais ? D\u00e9couvrez When the music's over de Peter Robinson en version originale au Chtululu \u00e0 la gare de Soignies\",\"breadcrumb\":{\"@id\":\"https:\/\/chtululu.be\/index.php\/produit\/when-the-musics-over\/#breadcrumb\"},\"inLanguage\":\"fr-FR\",\"potentialAction\":[{\"@type\":\"ReadAction\",\"target\":[\"https:\/\/chtululu.be\/index.php\/produit\/when-the-musics-over\/\"]}]},{\"@type\":\"ImageObject\",\"inLanguage\":\"fr-FR\",\"@id\":\"https:\/\/chtululu.be\/index.php\/produit\/when-the-musics-over\/#primaryimage\",\"url\":\"https:\/\/chtululu.be\/wp-content\/uploads\/2018\/11\/when-the-musics-over.jpg\",\"contentUrl\":\"https:\/\/chtululu.be\/wp-content\/uploads\/2018\/11\/when-the-musics-over.jpg\",\"width\":300,\"height\":462,\"caption\":\"When the music's over\"},{\"@type\":\"BreadcrumbList\",\"@id\":\"https:\/\/chtululu.be\/index.php\/produit\/when-the-musics-over\/#breadcrumb\",\"itemListElement\":[{\"@type\":\"ListItem\",\"position\":1,\"name\":\"Accueil\",\"item\":\"https:\/\/chtululu.be\/\"},{\"@type\":\"ListItem\",\"position\":2,\"name\":\"Les livres\",\"item\":\"https:\/\/chtululu.be\/index.php\/livres-doccasion\/\"},{\"@type\":\"ListItem\",\"position\":3,\"name\":\"When the music&rsquo;s over\"}]},{\"@type\":\"WebSite\",\"@id\":\"https:\/\/chtululu.be\/#website\",\"url\":\"https:\/\/chtululu.be\/\",\"name\":\"Le Chtululu\",\"description\":\"Votre librairie de seconde main \u00e0 Soignies\",\"publisher\":{\"@id\":\"https:\/\/chtululu.be\/#organization\"},\"potentialAction\":[{\"@type\":\"SearchAction\",\"target\":{\"@type\":\"EntryPoint\",\"urlTemplate\":\"https:\/\/chtululu.be\/?s={search_term_string}\"},\"query-input\":{\"@type\":\"PropertyValueSpecification\",\"valueRequired\":true,\"valueName\":\"search_term_string\"}}],\"inLanguage\":\"fr-FR\"},{\"@type\":\"Organization\",\"@id\":\"https:\/\/chtululu.be\/#organization\",\"name\":\"Le Chtululu\",\"url\":\"https:\/\/chtululu.be\/\",\"logo\":{\"@type\":\"ImageObject\",\"inLanguage\":\"fr-FR\",\"@id\":\"https:\/\/chtululu.be\/#\/schema\/logo\/image\/\",\"url\":\"https:\/\/chtululu.be\/wp-content\/uploads\/2016\/05\/logo-def-blanc.jpg\",\"contentUrl\":\"https:\/\/chtululu.be\/wp-content\/uploads\/2016\/05\/logo-def-blanc.jpg\",\"width\":2048,\"height\":1901,\"caption\":\"Le Chtululu\"},\"image\":{\"@id\":\"https:\/\/chtululu.be\/#\/schema\/logo\/image\/\"}}]}<\/script>\n<!-- \/ Yoast SEO plugin. -->","yoast_head_json":{"title":"When the music's over - Peter Robinson - Chtululu \u00e0 la gare de Soignies","description":"Envie de lire en anglais ? D\u00e9couvrez When the music's over de Peter Robinson en version originale au Chtululu \u00e0 la gare de Soignies","robots":{"index":"index","follow":"follow","max-snippet":"max-snippet:-1","max-image-preview":"max-image-preview:large","max-video-preview":"max-video-preview:-1"},"canonical":"https:\/\/chtululu.be\/index.php\/produit\/when-the-musics-over\/","og_locale":"fr_FR","og_type":"article","og_title":"When the music's over - Peter Robinson - Chtululu \u00e0 la gare de Soignies","og_description":"Envie de lire en anglais ? D\u00e9couvrez When the music's over de Peter Robinson en version originale au Chtululu \u00e0 la gare de Soignies","og_url":"https:\/\/chtululu.be\/index.php\/produit\/when-the-musics-over\/","og_site_name":"Le Chtululu","article_modified_time":"2021-03-26T09:03:39+00:00","og_image":[{"width":300,"height":462,"url":"https:\/\/chtululu.be\/wp-content\/uploads\/2018\/11\/when-the-musics-over.jpg","type":"image\/jpeg"}],"twitter_card":"summary_large_image","twitter_misc":{"Dur\u00e9e de lecture estim\u00e9e":"1 minute"},"schema":{"@context":"https:\/\/schema.org","@graph":[{"@type":"WebPage","@id":"https:\/\/chtululu.be\/index.php\/produit\/when-the-musics-over\/","url":"https:\/\/chtululu.be\/index.php\/produit\/when-the-musics-over\/","name":"When the music's over - Peter Robinson - Chtululu \u00e0 la gare de Soignies","isPartOf":{"@id":"https:\/\/chtululu.be\/#website"},"primaryImageOfPage":{"@id":"https:\/\/chtululu.be\/index.php\/produit\/when-the-musics-over\/#primaryimage"},"image":{"@id":"https:\/\/chtululu.be\/index.php\/produit\/when-the-musics-over\/#primaryimage"},"thumbnailUrl":"https:\/\/chtululu.be\/wp-content\/uploads\/2018\/11\/when-the-musics-over.jpg","datePublished":"2018-11-04T16:04:57+00:00","dateModified":"2021-03-26T09:03:39+00:00","description":"Envie de lire en anglais ? D\u00e9couvrez When the music's over de Peter Robinson en version originale au Chtululu \u00e0 la gare de Soignies","breadcrumb":{"@id":"https:\/\/chtululu.be\/index.php\/produit\/when-the-musics-over\/#breadcrumb"},"inLanguage":"fr-FR","potentialAction":[{"@type":"ReadAction","target":["https:\/\/chtululu.be\/index.php\/produit\/when-the-musics-over\/"]}]},{"@type":"ImageObject","inLanguage":"fr-FR","@id":"https:\/\/chtululu.be\/index.php\/produit\/when-the-musics-over\/#primaryimage","url":"https:\/\/chtululu.be\/wp-content\/uploads\/2018\/11\/when-the-musics-over.jpg","contentUrl":"https:\/\/chtululu.be\/wp-content\/uploads\/2018\/11\/when-the-musics-over.jpg","width":300,"height":462,"caption":"When the music's over"},{"@type":"BreadcrumbList","@id":"https:\/\/chtululu.be\/index.php\/produit\/when-the-musics-over\/#breadcrumb","itemListElement":[{"@type":"ListItem","position":1,"name":"Accueil","item":"https:\/\/chtululu.be\/"},{"@type":"ListItem","position":2,"name":"Les livres","item":"https:\/\/chtululu.be\/index.php\/livres-doccasion\/"},{"@type":"ListItem","position":3,"name":"When the music&rsquo;s over"}]},{"@type":"WebSite","@id":"https:\/\/chtululu.be\/#website","url":"https:\/\/chtululu.be\/","name":"Le Chtululu","description":"Votre librairie de seconde main \u00e0 Soignies","publisher":{"@id":"https:\/\/chtululu.be\/#organization"},"potentialAction":[{"@type":"SearchAction","target":{"@type":"EntryPoint","urlTemplate":"https:\/\/chtululu.be\/?s={search_term_string}"},"query-input":{"@type":"PropertyValueSpecification","valueRequired":true,"valueName":"search_term_string"}}],"inLanguage":"fr-FR"},{"@type":"Organization","@id":"https:\/\/chtululu.be\/#organization","name":"Le Chtululu","url":"https:\/\/chtululu.be\/","logo":{"@type":"ImageObject","inLanguage":"fr-FR","@id":"https:\/\/chtululu.be\/#\/schema\/logo\/image\/","url":"https:\/\/chtululu.be\/wp-content\/uploads\/2016\/05\/logo-def-blanc.jpg","contentUrl":"https:\/\/chtululu.be\/wp-content\/uploads\/2016\/05\/logo-def-blanc.jpg","width":2048,"height":1901,"caption":"Le Chtululu"},"image":{"@id":"https:\/\/chtululu.be\/#\/schema\/logo\/image\/"}}]}},"_links":{"self":[{"href":"https:\/\/chtululu.be\/index.php\/wp-json\/wp\/v2\/product\/1491","targetHints":{"allow":["GET"]}}],"collection":[{"href":"https:\/\/chtululu.be\/index.php\/wp-json\/wp\/v2\/product"}],"about":[{"href":"https:\/\/chtululu.be\/index.php\/wp-json\/wp\/v2\/types\/product"}],"wp:featuredmedia":[{"embeddable":true,"href":"https:\/\/chtululu.be\/index.php\/wp-json\/wp\/v2\/media\/1492"}],"wp:attachment":[{"href":"https:\/\/chtululu.be\/index.php\/wp-json\/wp\/v2\/media?parent=1491"}],"wp:term":[{"taxonomy":"product_brand","embeddable":true,"href":"https:\/\/chtululu.be\/index.php\/wp-json\/wp\/v2\/product_brand?post=1491"},{"taxonomy":"product_cat","embeddable":true,"href":"https:\/\/chtululu.be\/index.php\/wp-json\/wp\/v2\/product_cat?post=1491"},{"taxonomy":"product_tag","embeddable":true,"href":"https:\/\/chtululu.be\/index.php\/wp-json\/wp\/v2\/product_tag?post=1491"}],"curies":[{"name":"wp","href":"https:\/\/api.w.org\/{rel}","templated":true}]}}