{"id":1487,"date":"2018-11-04T16:56:59","date_gmt":"2018-11-04T15:56:59","guid":{"rendered":"http:\/\/chtululu.be\/?post_type=product&#038;p=1487"},"modified":"2021-03-26T10:03:54","modified_gmt":"2021-03-26T09:03:54","slug":"the-wrong-side-of-goodbye","status":"publish","type":"product","link":"https:\/\/chtululu.be\/index.php\/produit\/the-wrong-side-of-goodbye\/","title":{"rendered":"The wrong side of goodbye"},"content":{"rendered":"<p><span id=\"freeText686834076980471161\">Harry Bosch is California&rsquo;s newest private investigator. He doesn&rsquo;t advertise, he doesn&rsquo;t have an office, and he&rsquo;s picky about who he works for, but it doesn&rsquo;t matter. His chops from thirty years with the LAPD speak for themselves.<\/span><\/p>\n<p>Soon one of Southern California&rsquo;s biggest moguls comes calling. The reclusive billionaire is nearing the end of his life and is haunted by one regret. When he was young, he had a relationship with a Mexican girl, his great love. But soon after becoming pregnant, she disappeared. Did she have the baby? And if so, what happened to it?<\/p>\n<p>Desperate to know whether he has an heir, the dying magnate hires Bosch, the only person he can trust. With such a vast fortune at stake, Harry realizes that his mission could be risky not only for himself but for the one he&rsquo;s seeking. But as he begins to uncover the haunting story&#8211;and finds uncanny links to his own past&#8211;he knows he cannot rest until he finds the truth.<\/p>\n<p>At the same time, unable to leave cop work behind completely, he volunteers as an investigator for a tiny cash-strapped police department and finds himself tracking a serial rapist who is one of the most baffling and dangerous foes he has ever faced.<\/p>\n","protected":false},"excerpt":{"rendered":"<p>The wrong side of goodbye &#8211; Michael Connelly<\/p>\n","protected":false},"featured_media":1488,"template":"","meta":{"_acf_changed":false,"_exactmetrics_skip_tracking":false,"_exactmetrics_sitenote_active":false,"_exactmetrics_sitenote_note":"","_exactmetrics_sitenote_category":0},"product_brand":[],"product_cat":[335],"product_tag":[349,345,344],"class_list":{"0":"post-1487","1":"product","2":"type-product","3":"status-publish","4":"has-post-thumbnail","6":"product_cat-english-books","7":"product_tag-connelly-michael","8":"product_tag-english-book","9":"product_tag-thriller","11":"first","12":"instock","13":"taxable","14":"shipping-taxable","15":"purchasable","16":"product-type-simple"},"acf":[],"yoast_head":"<!-- This site is optimized with the Yoast SEO plugin v26.6 - https:\/\/yoast.com\/wordpress\/plugins\/seo\/ -->\n<title>The wrong side of goodbye - Michael Connelly - Chtululu \u00e0 Soignies<\/title>\n<meta name=\"description\" content=\"Envie de lire en anglais ? D\u00e9couvrez The wrong side of goodbye de Michael Connelly en version originale au Chtululu \u00e0 la gare de Soignies\" \/>\n<meta name=\"robots\" content=\"index, follow, max-snippet:-1, max-image-preview:large, max-video-preview:-1\" \/>\n<link rel=\"canonical\" href=\"https:\/\/chtululu.be\/index.php\/produit\/the-wrong-side-of-goodbye\/\" \/>\n<meta property=\"og:locale\" content=\"fr_FR\" \/>\n<meta property=\"og:type\" content=\"article\" \/>\n<meta property=\"og:title\" content=\"The wrong side of goodbye - Michael Connelly - Chtululu \u00e0 Soignies\" \/>\n<meta property=\"og:description\" content=\"Envie de lire en anglais ? D\u00e9couvrez The wrong side of goodbye de Michael Connelly en version originale au Chtululu \u00e0 la gare de Soignies\" \/>\n<meta property=\"og:url\" content=\"https:\/\/chtululu.be\/index.php\/produit\/the-wrong-side-of-goodbye\/\" \/>\n<meta property=\"og:site_name\" content=\"Le Chtululu\" \/>\n<meta property=\"article:modified_time\" content=\"2021-03-26T09:03:54+00:00\" \/>\n<meta property=\"og:image\" content=\"https:\/\/chtululu.be\/wp-content\/uploads\/2018\/11\/connelly.jpg\" \/>\n\t<meta property=\"og:image:width\" content=\"300\" \/>\n\t<meta property=\"og:image:height\" content=\"451\" \/>\n\t<meta property=\"og:image:type\" content=\"image\/jpeg\" \/>\n<meta name=\"twitter:card\" content=\"summary_large_image\" \/>\n<meta name=\"twitter:label1\" content=\"Dur\u00e9e de lecture estim\u00e9e\" \/>\n\t<meta name=\"twitter:data1\" content=\"1 minute\" \/>\n<script type=\"application\/ld+json\" class=\"yoast-schema-graph\">{\"@context\":\"https:\/\/schema.org\",\"@graph\":[{\"@type\":\"WebPage\",\"@id\":\"https:\/\/chtululu.be\/index.php\/produit\/the-wrong-side-of-goodbye\/\",\"url\":\"https:\/\/chtululu.be\/index.php\/produit\/the-wrong-side-of-goodbye\/\",\"name\":\"The wrong side of goodbye - Michael Connelly - Chtululu \u00e0 Soignies\",\"isPartOf\":{\"@id\":\"https:\/\/chtululu.be\/#website\"},\"primaryImageOfPage\":{\"@id\":\"https:\/\/chtululu.be\/index.php\/produit\/the-wrong-side-of-goodbye\/#primaryimage\"},\"image\":{\"@id\":\"https:\/\/chtululu.be\/index.php\/produit\/the-wrong-side-of-goodbye\/#primaryimage\"},\"thumbnailUrl\":\"https:\/\/chtululu.be\/wp-content\/uploads\/2018\/11\/connelly.jpg\",\"datePublished\":\"2018-11-04T15:56:59+00:00\",\"dateModified\":\"2021-03-26T09:03:54+00:00\",\"description\":\"Envie de lire en anglais ? D\u00e9couvrez The wrong side of goodbye de Michael Connelly en version originale au Chtululu \u00e0 la gare de Soignies\",\"breadcrumb\":{\"@id\":\"https:\/\/chtululu.be\/index.php\/produit\/the-wrong-side-of-goodbye\/#breadcrumb\"},\"inLanguage\":\"fr-FR\",\"potentialAction\":[{\"@type\":\"ReadAction\",\"target\":[\"https:\/\/chtululu.be\/index.php\/produit\/the-wrong-side-of-goodbye\/\"]}]},{\"@type\":\"ImageObject\",\"inLanguage\":\"fr-FR\",\"@id\":\"https:\/\/chtululu.be\/index.php\/produit\/the-wrong-side-of-goodbye\/#primaryimage\",\"url\":\"https:\/\/chtululu.be\/wp-content\/uploads\/2018\/11\/connelly.jpg\",\"contentUrl\":\"https:\/\/chtululu.be\/wp-content\/uploads\/2018\/11\/connelly.jpg\",\"width\":300,\"height\":451,\"caption\":\"The wrong side of goodbye\"},{\"@type\":\"BreadcrumbList\",\"@id\":\"https:\/\/chtululu.be\/index.php\/produit\/the-wrong-side-of-goodbye\/#breadcrumb\",\"itemListElement\":[{\"@type\":\"ListItem\",\"position\":1,\"name\":\"Accueil\",\"item\":\"https:\/\/chtululu.be\/\"},{\"@type\":\"ListItem\",\"position\":2,\"name\":\"Les livres\",\"item\":\"https:\/\/chtululu.be\/index.php\/livres-doccasion\/\"},{\"@type\":\"ListItem\",\"position\":3,\"name\":\"The wrong side of goodbye\"}]},{\"@type\":\"WebSite\",\"@id\":\"https:\/\/chtululu.be\/#website\",\"url\":\"https:\/\/chtululu.be\/\",\"name\":\"Le Chtululu\",\"description\":\"Votre librairie de seconde main \u00e0 Soignies\",\"publisher\":{\"@id\":\"https:\/\/chtululu.be\/#organization\"},\"potentialAction\":[{\"@type\":\"SearchAction\",\"target\":{\"@type\":\"EntryPoint\",\"urlTemplate\":\"https:\/\/chtululu.be\/?s={search_term_string}\"},\"query-input\":{\"@type\":\"PropertyValueSpecification\",\"valueRequired\":true,\"valueName\":\"search_term_string\"}}],\"inLanguage\":\"fr-FR\"},{\"@type\":\"Organization\",\"@id\":\"https:\/\/chtululu.be\/#organization\",\"name\":\"Le Chtululu\",\"url\":\"https:\/\/chtululu.be\/\",\"logo\":{\"@type\":\"ImageObject\",\"inLanguage\":\"fr-FR\",\"@id\":\"https:\/\/chtululu.be\/#\/schema\/logo\/image\/\",\"url\":\"https:\/\/chtululu.be\/wp-content\/uploads\/2016\/05\/logo-def-blanc.jpg\",\"contentUrl\":\"https:\/\/chtululu.be\/wp-content\/uploads\/2016\/05\/logo-def-blanc.jpg\",\"width\":2048,\"height\":1901,\"caption\":\"Le Chtululu\"},\"image\":{\"@id\":\"https:\/\/chtululu.be\/#\/schema\/logo\/image\/\"}}]}<\/script>\n<!-- \/ Yoast SEO plugin. -->","yoast_head_json":{"title":"The wrong side of goodbye - Michael Connelly - Chtululu \u00e0 Soignies","description":"Envie de lire en anglais ? D\u00e9couvrez The wrong side of goodbye de Michael Connelly en version originale au Chtululu \u00e0 la gare de Soignies","robots":{"index":"index","follow":"follow","max-snippet":"max-snippet:-1","max-image-preview":"max-image-preview:large","max-video-preview":"max-video-preview:-1"},"canonical":"https:\/\/chtululu.be\/index.php\/produit\/the-wrong-side-of-goodbye\/","og_locale":"fr_FR","og_type":"article","og_title":"The wrong side of goodbye - Michael Connelly - Chtululu \u00e0 Soignies","og_description":"Envie de lire en anglais ? D\u00e9couvrez The wrong side of goodbye de Michael Connelly en version originale au Chtululu \u00e0 la gare de Soignies","og_url":"https:\/\/chtululu.be\/index.php\/produit\/the-wrong-side-of-goodbye\/","og_site_name":"Le Chtululu","article_modified_time":"2021-03-26T09:03:54+00:00","og_image":[{"width":300,"height":451,"url":"https:\/\/chtululu.be\/wp-content\/uploads\/2018\/11\/connelly.jpg","type":"image\/jpeg"}],"twitter_card":"summary_large_image","twitter_misc":{"Dur\u00e9e de lecture estim\u00e9e":"1 minute"},"schema":{"@context":"https:\/\/schema.org","@graph":[{"@type":"WebPage","@id":"https:\/\/chtululu.be\/index.php\/produit\/the-wrong-side-of-goodbye\/","url":"https:\/\/chtululu.be\/index.php\/produit\/the-wrong-side-of-goodbye\/","name":"The wrong side of goodbye - Michael Connelly - Chtululu \u00e0 Soignies","isPartOf":{"@id":"https:\/\/chtululu.be\/#website"},"primaryImageOfPage":{"@id":"https:\/\/chtululu.be\/index.php\/produit\/the-wrong-side-of-goodbye\/#primaryimage"},"image":{"@id":"https:\/\/chtululu.be\/index.php\/produit\/the-wrong-side-of-goodbye\/#primaryimage"},"thumbnailUrl":"https:\/\/chtululu.be\/wp-content\/uploads\/2018\/11\/connelly.jpg","datePublished":"2018-11-04T15:56:59+00:00","dateModified":"2021-03-26T09:03:54+00:00","description":"Envie de lire en anglais ? D\u00e9couvrez The wrong side of goodbye de Michael Connelly en version originale au Chtululu \u00e0 la gare de Soignies","breadcrumb":{"@id":"https:\/\/chtululu.be\/index.php\/produit\/the-wrong-side-of-goodbye\/#breadcrumb"},"inLanguage":"fr-FR","potentialAction":[{"@type":"ReadAction","target":["https:\/\/chtululu.be\/index.php\/produit\/the-wrong-side-of-goodbye\/"]}]},{"@type":"ImageObject","inLanguage":"fr-FR","@id":"https:\/\/chtululu.be\/index.php\/produit\/the-wrong-side-of-goodbye\/#primaryimage","url":"https:\/\/chtululu.be\/wp-content\/uploads\/2018\/11\/connelly.jpg","contentUrl":"https:\/\/chtululu.be\/wp-content\/uploads\/2018\/11\/connelly.jpg","width":300,"height":451,"caption":"The wrong side of goodbye"},{"@type":"BreadcrumbList","@id":"https:\/\/chtululu.be\/index.php\/produit\/the-wrong-side-of-goodbye\/#breadcrumb","itemListElement":[{"@type":"ListItem","position":1,"name":"Accueil","item":"https:\/\/chtululu.be\/"},{"@type":"ListItem","position":2,"name":"Les livres","item":"https:\/\/chtululu.be\/index.php\/livres-doccasion\/"},{"@type":"ListItem","position":3,"name":"The wrong side of goodbye"}]},{"@type":"WebSite","@id":"https:\/\/chtululu.be\/#website","url":"https:\/\/chtululu.be\/","name":"Le Chtululu","description":"Votre librairie de seconde main \u00e0 Soignies","publisher":{"@id":"https:\/\/chtululu.be\/#organization"},"potentialAction":[{"@type":"SearchAction","target":{"@type":"EntryPoint","urlTemplate":"https:\/\/chtululu.be\/?s={search_term_string}"},"query-input":{"@type":"PropertyValueSpecification","valueRequired":true,"valueName":"search_term_string"}}],"inLanguage":"fr-FR"},{"@type":"Organization","@id":"https:\/\/chtululu.be\/#organization","name":"Le Chtululu","url":"https:\/\/chtululu.be\/","logo":{"@type":"ImageObject","inLanguage":"fr-FR","@id":"https:\/\/chtululu.be\/#\/schema\/logo\/image\/","url":"https:\/\/chtululu.be\/wp-content\/uploads\/2016\/05\/logo-def-blanc.jpg","contentUrl":"https:\/\/chtululu.be\/wp-content\/uploads\/2016\/05\/logo-def-blanc.jpg","width":2048,"height":1901,"caption":"Le Chtululu"},"image":{"@id":"https:\/\/chtululu.be\/#\/schema\/logo\/image\/"}}]}},"_links":{"self":[{"href":"https:\/\/chtululu.be\/index.php\/wp-json\/wp\/v2\/product\/1487","targetHints":{"allow":["GET"]}}],"collection":[{"href":"https:\/\/chtululu.be\/index.php\/wp-json\/wp\/v2\/product"}],"about":[{"href":"https:\/\/chtululu.be\/index.php\/wp-json\/wp\/v2\/types\/product"}],"wp:featuredmedia":[{"embeddable":true,"href":"https:\/\/chtululu.be\/index.php\/wp-json\/wp\/v2\/media\/1488"}],"wp:attachment":[{"href":"https:\/\/chtululu.be\/index.php\/wp-json\/wp\/v2\/media?parent=1487"}],"wp:term":[{"taxonomy":"product_brand","embeddable":true,"href":"https:\/\/chtululu.be\/index.php\/wp-json\/wp\/v2\/product_brand?post=1487"},{"taxonomy":"product_cat","embeddable":true,"href":"https:\/\/chtululu.be\/index.php\/wp-json\/wp\/v2\/product_cat?post=1487"},{"taxonomy":"product_tag","embeddable":true,"href":"https:\/\/chtululu.be\/index.php\/wp-json\/wp\/v2\/product_tag?post=1487"}],"curies":[{"name":"wp","href":"https:\/\/api.w.org\/{rel}","templated":true}]}}