{"id":1485,"date":"2018-11-04T16:53:26","date_gmt":"2018-11-04T15:53:26","guid":{"rendered":"http:\/\/chtululu.be\/?post_type=product&#038;p=1485"},"modified":"2021-03-26T10:04:44","modified_gmt":"2021-03-26T09:04:44","slug":"void-moon","status":"publish","type":"product","link":"https:\/\/chtululu.be\/index.php\/produit\/void-moon\/","title":{"rendered":"Void moon"},"content":{"rendered":"<p><strong>Void moon &#8211;\u00a0Michael Connelly<\/strong><\/p>\n<p>A young woman finds herself caught up in a scam which may cost her the one thing she values more than her life&#8230;.<\/p>\n<p>Cassie Black has been lured back to the criminal profession she gave up&#8211;robbing gamblers of their winnings&#8211;by a proposition that is just too good to miss. The job goes as planned except that the target has too much money. It can only mean someone very powerful is going to be very angry indeed.<\/p>\n<p>Cassie finds herself on the run from a killer who seems to know her every move in advance. Worse still, he is closing in on the one thing Cassie will do anything to protect.<\/p>\n","protected":false},"excerpt":{"rendered":"<p><strong>Void moon &#8211; Michael Connelly<\/strong><\/p>\n","protected":false},"featured_media":1486,"template":"","meta":{"_acf_changed":false,"_exactmetrics_skip_tracking":false,"_exactmetrics_sitenote_active":false,"_exactmetrics_sitenote_note":"","_exactmetrics_sitenote_category":0},"product_brand":[],"product_cat":[335],"product_tag":[349,345,344],"class_list":{"0":"post-1485","1":"product","2":"type-product","3":"status-publish","4":"has-post-thumbnail","6":"product_cat-english-books","7":"product_tag-connelly-michael","8":"product_tag-english-book","9":"product_tag-thriller","11":"first","12":"instock","13":"sold-individually","14":"taxable","15":"shipping-taxable","16":"purchasable","17":"product-type-simple"},"acf":[],"yoast_head":"<!-- This site is optimized with the Yoast SEO plugin v26.6 - https:\/\/yoast.com\/wordpress\/plugins\/seo\/ -->\n<title>Void moon - Michael Connelly - Chtululu \u00e0 la gare de Soignies<\/title>\n<meta name=\"description\" content=\"Envie de lire en anglais ? D\u00e9couvrez Void moon de Michael Connelly en version originale au Chtululu \u00e0 la gare de Soignies\" \/>\n<meta name=\"robots\" content=\"index, follow, max-snippet:-1, max-image-preview:large, max-video-preview:-1\" \/>\n<link rel=\"canonical\" href=\"https:\/\/chtululu.be\/index.php\/produit\/void-moon\/\" \/>\n<meta property=\"og:locale\" content=\"fr_FR\" \/>\n<meta property=\"og:type\" content=\"article\" \/>\n<meta property=\"og:title\" content=\"Void moon - Michael Connelly - Chtululu \u00e0 la gare de Soignies\" \/>\n<meta property=\"og:description\" content=\"Envie de lire en anglais ? D\u00e9couvrez Void moon de Michael Connelly en version originale au Chtululu \u00e0 la gare de Soignies\" \/>\n<meta property=\"og:url\" content=\"https:\/\/chtululu.be\/index.php\/produit\/void-moon\/\" \/>\n<meta property=\"og:site_name\" content=\"Le Chtululu\" \/>\n<meta property=\"article:modified_time\" content=\"2021-03-26T09:04:44+00:00\" \/>\n<meta property=\"og:image\" content=\"https:\/\/chtululu.be\/wp-content\/uploads\/2018\/11\/51YvTzvkL._SX323_BO1204203200_.jpg\" \/>\n\t<meta property=\"og:image:width\" content=\"300\" \/>\n\t<meta property=\"og:image:height\" content=\"461\" \/>\n\t<meta property=\"og:image:type\" content=\"image\/jpeg\" \/>\n<meta name=\"twitter:card\" content=\"summary_large_image\" \/>\n<meta name=\"twitter:label1\" content=\"Dur\u00e9e de lecture estim\u00e9e\" \/>\n\t<meta name=\"twitter:data1\" content=\"1 minute\" \/>\n<script type=\"application\/ld+json\" class=\"yoast-schema-graph\">{\"@context\":\"https:\/\/schema.org\",\"@graph\":[{\"@type\":\"WebPage\",\"@id\":\"https:\/\/chtululu.be\/index.php\/produit\/void-moon\/\",\"url\":\"https:\/\/chtululu.be\/index.php\/produit\/void-moon\/\",\"name\":\"Void moon - Michael Connelly - Chtululu \u00e0 la gare de Soignies\",\"isPartOf\":{\"@id\":\"https:\/\/chtululu.be\/#website\"},\"primaryImageOfPage\":{\"@id\":\"https:\/\/chtululu.be\/index.php\/produit\/void-moon\/#primaryimage\"},\"image\":{\"@id\":\"https:\/\/chtululu.be\/index.php\/produit\/void-moon\/#primaryimage\"},\"thumbnailUrl\":\"https:\/\/chtululu.be\/wp-content\/uploads\/2018\/11\/51YvTzvkL._SX323_BO1204203200_.jpg\",\"datePublished\":\"2018-11-04T15:53:26+00:00\",\"dateModified\":\"2021-03-26T09:04:44+00:00\",\"description\":\"Envie de lire en anglais ? D\u00e9couvrez Void moon de Michael Connelly en version originale au Chtululu \u00e0 la gare de Soignies\",\"breadcrumb\":{\"@id\":\"https:\/\/chtululu.be\/index.php\/produit\/void-moon\/#breadcrumb\"},\"inLanguage\":\"fr-FR\",\"potentialAction\":[{\"@type\":\"ReadAction\",\"target\":[\"https:\/\/chtululu.be\/index.php\/produit\/void-moon\/\"]}]},{\"@type\":\"ImageObject\",\"inLanguage\":\"fr-FR\",\"@id\":\"https:\/\/chtululu.be\/index.php\/produit\/void-moon\/#primaryimage\",\"url\":\"https:\/\/chtululu.be\/wp-content\/uploads\/2018\/11\/51YvTzvkL._SX323_BO1204203200_.jpg\",\"contentUrl\":\"https:\/\/chtululu.be\/wp-content\/uploads\/2018\/11\/51YvTzvkL._SX323_BO1204203200_.jpg\",\"width\":300,\"height\":461,\"caption\":\"Void moon\"},{\"@type\":\"BreadcrumbList\",\"@id\":\"https:\/\/chtululu.be\/index.php\/produit\/void-moon\/#breadcrumb\",\"itemListElement\":[{\"@type\":\"ListItem\",\"position\":1,\"name\":\"Accueil\",\"item\":\"https:\/\/chtululu.be\/\"},{\"@type\":\"ListItem\",\"position\":2,\"name\":\"Les livres\",\"item\":\"https:\/\/chtululu.be\/index.php\/livres-doccasion\/\"},{\"@type\":\"ListItem\",\"position\":3,\"name\":\"Void moon\"}]},{\"@type\":\"WebSite\",\"@id\":\"https:\/\/chtululu.be\/#website\",\"url\":\"https:\/\/chtululu.be\/\",\"name\":\"Le Chtululu\",\"description\":\"Votre librairie de seconde main \u00e0 Soignies\",\"publisher\":{\"@id\":\"https:\/\/chtululu.be\/#organization\"},\"potentialAction\":[{\"@type\":\"SearchAction\",\"target\":{\"@type\":\"EntryPoint\",\"urlTemplate\":\"https:\/\/chtululu.be\/?s={search_term_string}\"},\"query-input\":{\"@type\":\"PropertyValueSpecification\",\"valueRequired\":true,\"valueName\":\"search_term_string\"}}],\"inLanguage\":\"fr-FR\"},{\"@type\":\"Organization\",\"@id\":\"https:\/\/chtululu.be\/#organization\",\"name\":\"Le Chtululu\",\"url\":\"https:\/\/chtululu.be\/\",\"logo\":{\"@type\":\"ImageObject\",\"inLanguage\":\"fr-FR\",\"@id\":\"https:\/\/chtululu.be\/#\/schema\/logo\/image\/\",\"url\":\"https:\/\/chtululu.be\/wp-content\/uploads\/2016\/05\/logo-def-blanc.jpg\",\"contentUrl\":\"https:\/\/chtululu.be\/wp-content\/uploads\/2016\/05\/logo-def-blanc.jpg\",\"width\":2048,\"height\":1901,\"caption\":\"Le Chtululu\"},\"image\":{\"@id\":\"https:\/\/chtululu.be\/#\/schema\/logo\/image\/\"}}]}<\/script>\n<!-- \/ Yoast SEO plugin. -->","yoast_head_json":{"title":"Void moon - Michael Connelly - Chtululu \u00e0 la gare de Soignies","description":"Envie de lire en anglais ? D\u00e9couvrez Void moon de Michael Connelly en version originale au Chtululu \u00e0 la gare de Soignies","robots":{"index":"index","follow":"follow","max-snippet":"max-snippet:-1","max-image-preview":"max-image-preview:large","max-video-preview":"max-video-preview:-1"},"canonical":"https:\/\/chtululu.be\/index.php\/produit\/void-moon\/","og_locale":"fr_FR","og_type":"article","og_title":"Void moon - Michael Connelly - Chtululu \u00e0 la gare de Soignies","og_description":"Envie de lire en anglais ? D\u00e9couvrez Void moon de Michael Connelly en version originale au Chtululu \u00e0 la gare de Soignies","og_url":"https:\/\/chtululu.be\/index.php\/produit\/void-moon\/","og_site_name":"Le Chtululu","article_modified_time":"2021-03-26T09:04:44+00:00","og_image":[{"width":300,"height":461,"url":"https:\/\/chtululu.be\/wp-content\/uploads\/2018\/11\/51YvTzvkL._SX323_BO1204203200_.jpg","type":"image\/jpeg"}],"twitter_card":"summary_large_image","twitter_misc":{"Dur\u00e9e de lecture estim\u00e9e":"1 minute"},"schema":{"@context":"https:\/\/schema.org","@graph":[{"@type":"WebPage","@id":"https:\/\/chtululu.be\/index.php\/produit\/void-moon\/","url":"https:\/\/chtululu.be\/index.php\/produit\/void-moon\/","name":"Void moon - Michael Connelly - Chtululu \u00e0 la gare de Soignies","isPartOf":{"@id":"https:\/\/chtululu.be\/#website"},"primaryImageOfPage":{"@id":"https:\/\/chtululu.be\/index.php\/produit\/void-moon\/#primaryimage"},"image":{"@id":"https:\/\/chtululu.be\/index.php\/produit\/void-moon\/#primaryimage"},"thumbnailUrl":"https:\/\/chtululu.be\/wp-content\/uploads\/2018\/11\/51YvTzvkL._SX323_BO1204203200_.jpg","datePublished":"2018-11-04T15:53:26+00:00","dateModified":"2021-03-26T09:04:44+00:00","description":"Envie de lire en anglais ? D\u00e9couvrez Void moon de Michael Connelly en version originale au Chtululu \u00e0 la gare de Soignies","breadcrumb":{"@id":"https:\/\/chtululu.be\/index.php\/produit\/void-moon\/#breadcrumb"},"inLanguage":"fr-FR","potentialAction":[{"@type":"ReadAction","target":["https:\/\/chtululu.be\/index.php\/produit\/void-moon\/"]}]},{"@type":"ImageObject","inLanguage":"fr-FR","@id":"https:\/\/chtululu.be\/index.php\/produit\/void-moon\/#primaryimage","url":"https:\/\/chtululu.be\/wp-content\/uploads\/2018\/11\/51YvTzvkL._SX323_BO1204203200_.jpg","contentUrl":"https:\/\/chtululu.be\/wp-content\/uploads\/2018\/11\/51YvTzvkL._SX323_BO1204203200_.jpg","width":300,"height":461,"caption":"Void moon"},{"@type":"BreadcrumbList","@id":"https:\/\/chtululu.be\/index.php\/produit\/void-moon\/#breadcrumb","itemListElement":[{"@type":"ListItem","position":1,"name":"Accueil","item":"https:\/\/chtululu.be\/"},{"@type":"ListItem","position":2,"name":"Les livres","item":"https:\/\/chtululu.be\/index.php\/livres-doccasion\/"},{"@type":"ListItem","position":3,"name":"Void moon"}]},{"@type":"WebSite","@id":"https:\/\/chtululu.be\/#website","url":"https:\/\/chtululu.be\/","name":"Le Chtululu","description":"Votre librairie de seconde main \u00e0 Soignies","publisher":{"@id":"https:\/\/chtululu.be\/#organization"},"potentialAction":[{"@type":"SearchAction","target":{"@type":"EntryPoint","urlTemplate":"https:\/\/chtululu.be\/?s={search_term_string}"},"query-input":{"@type":"PropertyValueSpecification","valueRequired":true,"valueName":"search_term_string"}}],"inLanguage":"fr-FR"},{"@type":"Organization","@id":"https:\/\/chtululu.be\/#organization","name":"Le Chtululu","url":"https:\/\/chtululu.be\/","logo":{"@type":"ImageObject","inLanguage":"fr-FR","@id":"https:\/\/chtululu.be\/#\/schema\/logo\/image\/","url":"https:\/\/chtululu.be\/wp-content\/uploads\/2016\/05\/logo-def-blanc.jpg","contentUrl":"https:\/\/chtululu.be\/wp-content\/uploads\/2016\/05\/logo-def-blanc.jpg","width":2048,"height":1901,"caption":"Le Chtululu"},"image":{"@id":"https:\/\/chtululu.be\/#\/schema\/logo\/image\/"}}]}},"_links":{"self":[{"href":"https:\/\/chtululu.be\/index.php\/wp-json\/wp\/v2\/product\/1485","targetHints":{"allow":["GET"]}}],"collection":[{"href":"https:\/\/chtululu.be\/index.php\/wp-json\/wp\/v2\/product"}],"about":[{"href":"https:\/\/chtululu.be\/index.php\/wp-json\/wp\/v2\/types\/product"}],"wp:featuredmedia":[{"embeddable":true,"href":"https:\/\/chtululu.be\/index.php\/wp-json\/wp\/v2\/media\/1486"}],"wp:attachment":[{"href":"https:\/\/chtululu.be\/index.php\/wp-json\/wp\/v2\/media?parent=1485"}],"wp:term":[{"taxonomy":"product_brand","embeddable":true,"href":"https:\/\/chtululu.be\/index.php\/wp-json\/wp\/v2\/product_brand?post=1485"},{"taxonomy":"product_cat","embeddable":true,"href":"https:\/\/chtululu.be\/index.php\/wp-json\/wp\/v2\/product_cat?post=1485"},{"taxonomy":"product_tag","embeddable":true,"href":"https:\/\/chtululu.be\/index.php\/wp-json\/wp\/v2\/product_tag?post=1485"}],"curies":[{"name":"wp","href":"https:\/\/api.w.org\/{rel}","templated":true}]}}