{"id":1476,"date":"2018-11-04T16:15:01","date_gmt":"2018-11-04T15:15:01","guid":{"rendered":"http:\/\/chtululu.be\/?post_type=product&#038;p=1476"},"modified":"2021-03-26T10:05:17","modified_gmt":"2021-03-26T09:05:17","slug":"watching-the-dark","status":"publish","type":"product","link":"https:\/\/chtululu.be\/index.php\/produit\/watching-the-dark\/","title":{"rendered":"Watching the Dark"},"content":{"rendered":"<p><strong>Watching the Dark &#8211; Peter Robinson\u00a0<\/strong><\/p>\n<p><em>New York Times<\/em>\u00a0bestselling author Peter Robinson brings back Detective Chief Inspector Alan Banks and his colleague DI Annie Cabbot in a case riddled with corruption.<\/p>\n<p>A decorated policeman is murdered on the tranquil grounds of the St. Peter&rsquo;s Police Treatment Centre, shot through the heart with a crossbow arrow, and compromising photographs are discovered in his room.<\/p>\n<p>Detective Chief Inspector Alan Banks is well aware that he must handle the highly sensitive and dangerously explosive investigation with the utmost discretion. And as he digs deeper, he discovers that the murder may be linked to an unsolved missing persons case from six years earlier\u2014and the current crime may involve some very bad, crooked cops.<\/p>\n<p>A pulsating, electrifying novel of suspense\u00a0<em>Watching the Dark<\/em>\u00a0is one of Peter Robinson\u2019s finest novels.<\/p>\n","protected":false},"excerpt":{"rendered":"<p>Banks is back &#8211; And this time he&rsquo;s investigating the murder of one of his own.<\/p>\n","protected":false},"featured_media":1478,"template":"","meta":{"_acf_changed":false,"_exactmetrics_skip_tracking":false,"_exactmetrics_sitenote_active":false,"_exactmetrics_sitenote_note":"","_exactmetrics_sitenote_category":0},"product_brand":[],"product_cat":[335],"product_tag":[345,346,344],"class_list":{"0":"post-1476","1":"product","2":"type-product","3":"status-publish","4":"has-post-thumbnail","6":"product_cat-english-books","7":"product_tag-english-book","8":"product_tag-robinson-peter","9":"product_tag-thriller","11":"first","12":"instock","13":"taxable","14":"shipping-taxable","15":"purchasable","16":"product-type-simple"},"acf":[],"yoast_head":"<!-- This site is optimized with the Yoast SEO plugin v26.6 - https:\/\/yoast.com\/wordpress\/plugins\/seo\/ -->\n<title>Watching the Dark - Peter Robinson - Chtululu \u00e0 la gare de Soignies<\/title>\n<meta name=\"description\" content=\"Envie de lire en anglais ? D\u00e9couvrez Watching the Dark de Peter Robinson en version originale au Chtululu \u00e0 la gare de Soignies\" \/>\n<meta name=\"robots\" content=\"index, follow, max-snippet:-1, max-image-preview:large, max-video-preview:-1\" \/>\n<link rel=\"canonical\" href=\"https:\/\/chtululu.be\/index.php\/produit\/watching-the-dark\/\" \/>\n<meta property=\"og:locale\" content=\"fr_FR\" \/>\n<meta property=\"og:type\" content=\"article\" \/>\n<meta property=\"og:title\" content=\"Watching the Dark - Peter Robinson - Chtululu \u00e0 la gare de Soignies\" \/>\n<meta property=\"og:description\" content=\"Envie de lire en anglais ? D\u00e9couvrez Watching the Dark de Peter Robinson en version originale au Chtululu \u00e0 la gare de Soignies\" \/>\n<meta property=\"og:url\" content=\"https:\/\/chtululu.be\/index.php\/produit\/watching-the-dark\/\" \/>\n<meta property=\"og:site_name\" content=\"Le Chtululu\" \/>\n<meta property=\"article:modified_time\" content=\"2021-03-26T09:05:17+00:00\" \/>\n<meta property=\"og:image\" content=\"https:\/\/chtululu.be\/wp-content\/uploads\/2018\/11\/dark.jpg\" \/>\n\t<meta property=\"og:image:width\" content=\"300\" \/>\n\t<meta property=\"og:image:height\" content=\"459\" \/>\n\t<meta property=\"og:image:type\" content=\"image\/jpeg\" \/>\n<meta name=\"twitter:card\" content=\"summary_large_image\" \/>\n<meta name=\"twitter:label1\" content=\"Dur\u00e9e de lecture estim\u00e9e\" \/>\n\t<meta name=\"twitter:data1\" content=\"1 minute\" \/>\n<script type=\"application\/ld+json\" class=\"yoast-schema-graph\">{\"@context\":\"https:\/\/schema.org\",\"@graph\":[{\"@type\":\"WebPage\",\"@id\":\"https:\/\/chtululu.be\/index.php\/produit\/watching-the-dark\/\",\"url\":\"https:\/\/chtululu.be\/index.php\/produit\/watching-the-dark\/\",\"name\":\"Watching the Dark - Peter Robinson - Chtululu \u00e0 la gare de Soignies\",\"isPartOf\":{\"@id\":\"https:\/\/chtululu.be\/#website\"},\"primaryImageOfPage\":{\"@id\":\"https:\/\/chtululu.be\/index.php\/produit\/watching-the-dark\/#primaryimage\"},\"image\":{\"@id\":\"https:\/\/chtululu.be\/index.php\/produit\/watching-the-dark\/#primaryimage\"},\"thumbnailUrl\":\"https:\/\/chtululu.be\/wp-content\/uploads\/2018\/11\/dark.jpg\",\"datePublished\":\"2018-11-04T15:15:01+00:00\",\"dateModified\":\"2021-03-26T09:05:17+00:00\",\"description\":\"Envie de lire en anglais ? D\u00e9couvrez Watching the Dark de Peter Robinson en version originale au Chtululu \u00e0 la gare de Soignies\",\"breadcrumb\":{\"@id\":\"https:\/\/chtululu.be\/index.php\/produit\/watching-the-dark\/#breadcrumb\"},\"inLanguage\":\"fr-FR\",\"potentialAction\":[{\"@type\":\"ReadAction\",\"target\":[\"https:\/\/chtululu.be\/index.php\/produit\/watching-the-dark\/\"]}]},{\"@type\":\"ImageObject\",\"inLanguage\":\"fr-FR\",\"@id\":\"https:\/\/chtululu.be\/index.php\/produit\/watching-the-dark\/#primaryimage\",\"url\":\"https:\/\/chtululu.be\/wp-content\/uploads\/2018\/11\/dark.jpg\",\"contentUrl\":\"https:\/\/chtululu.be\/wp-content\/uploads\/2018\/11\/dark.jpg\",\"width\":300,\"height\":459,\"caption\":\"Watching the Dark\"},{\"@type\":\"BreadcrumbList\",\"@id\":\"https:\/\/chtululu.be\/index.php\/produit\/watching-the-dark\/#breadcrumb\",\"itemListElement\":[{\"@type\":\"ListItem\",\"position\":1,\"name\":\"Accueil\",\"item\":\"https:\/\/chtululu.be\/\"},{\"@type\":\"ListItem\",\"position\":2,\"name\":\"Les livres\",\"item\":\"https:\/\/chtululu.be\/index.php\/livres-doccasion\/\"},{\"@type\":\"ListItem\",\"position\":3,\"name\":\"Watching the Dark\"}]},{\"@type\":\"WebSite\",\"@id\":\"https:\/\/chtululu.be\/#website\",\"url\":\"https:\/\/chtululu.be\/\",\"name\":\"Le Chtululu\",\"description\":\"Votre librairie de seconde main \u00e0 Soignies\",\"publisher\":{\"@id\":\"https:\/\/chtululu.be\/#organization\"},\"potentialAction\":[{\"@type\":\"SearchAction\",\"target\":{\"@type\":\"EntryPoint\",\"urlTemplate\":\"https:\/\/chtululu.be\/?s={search_term_string}\"},\"query-input\":{\"@type\":\"PropertyValueSpecification\",\"valueRequired\":true,\"valueName\":\"search_term_string\"}}],\"inLanguage\":\"fr-FR\"},{\"@type\":\"Organization\",\"@id\":\"https:\/\/chtululu.be\/#organization\",\"name\":\"Le Chtululu\",\"url\":\"https:\/\/chtululu.be\/\",\"logo\":{\"@type\":\"ImageObject\",\"inLanguage\":\"fr-FR\",\"@id\":\"https:\/\/chtululu.be\/#\/schema\/logo\/image\/\",\"url\":\"https:\/\/chtululu.be\/wp-content\/uploads\/2016\/05\/logo-def-blanc.jpg\",\"contentUrl\":\"https:\/\/chtululu.be\/wp-content\/uploads\/2016\/05\/logo-def-blanc.jpg\",\"width\":2048,\"height\":1901,\"caption\":\"Le Chtululu\"},\"image\":{\"@id\":\"https:\/\/chtululu.be\/#\/schema\/logo\/image\/\"}}]}<\/script>\n<!-- \/ Yoast SEO plugin. -->","yoast_head_json":{"title":"Watching the Dark - Peter Robinson - Chtululu \u00e0 la gare de Soignies","description":"Envie de lire en anglais ? D\u00e9couvrez Watching the Dark de Peter Robinson en version originale au Chtululu \u00e0 la gare de Soignies","robots":{"index":"index","follow":"follow","max-snippet":"max-snippet:-1","max-image-preview":"max-image-preview:large","max-video-preview":"max-video-preview:-1"},"canonical":"https:\/\/chtululu.be\/index.php\/produit\/watching-the-dark\/","og_locale":"fr_FR","og_type":"article","og_title":"Watching the Dark - Peter Robinson - Chtululu \u00e0 la gare de Soignies","og_description":"Envie de lire en anglais ? D\u00e9couvrez Watching the Dark de Peter Robinson en version originale au Chtululu \u00e0 la gare de Soignies","og_url":"https:\/\/chtululu.be\/index.php\/produit\/watching-the-dark\/","og_site_name":"Le Chtululu","article_modified_time":"2021-03-26T09:05:17+00:00","og_image":[{"width":300,"height":459,"url":"https:\/\/chtululu.be\/wp-content\/uploads\/2018\/11\/dark.jpg","type":"image\/jpeg"}],"twitter_card":"summary_large_image","twitter_misc":{"Dur\u00e9e de lecture estim\u00e9e":"1 minute"},"schema":{"@context":"https:\/\/schema.org","@graph":[{"@type":"WebPage","@id":"https:\/\/chtululu.be\/index.php\/produit\/watching-the-dark\/","url":"https:\/\/chtululu.be\/index.php\/produit\/watching-the-dark\/","name":"Watching the Dark - Peter Robinson - Chtululu \u00e0 la gare de Soignies","isPartOf":{"@id":"https:\/\/chtululu.be\/#website"},"primaryImageOfPage":{"@id":"https:\/\/chtululu.be\/index.php\/produit\/watching-the-dark\/#primaryimage"},"image":{"@id":"https:\/\/chtululu.be\/index.php\/produit\/watching-the-dark\/#primaryimage"},"thumbnailUrl":"https:\/\/chtululu.be\/wp-content\/uploads\/2018\/11\/dark.jpg","datePublished":"2018-11-04T15:15:01+00:00","dateModified":"2021-03-26T09:05:17+00:00","description":"Envie de lire en anglais ? D\u00e9couvrez Watching the Dark de Peter Robinson en version originale au Chtululu \u00e0 la gare de Soignies","breadcrumb":{"@id":"https:\/\/chtululu.be\/index.php\/produit\/watching-the-dark\/#breadcrumb"},"inLanguage":"fr-FR","potentialAction":[{"@type":"ReadAction","target":["https:\/\/chtululu.be\/index.php\/produit\/watching-the-dark\/"]}]},{"@type":"ImageObject","inLanguage":"fr-FR","@id":"https:\/\/chtululu.be\/index.php\/produit\/watching-the-dark\/#primaryimage","url":"https:\/\/chtululu.be\/wp-content\/uploads\/2018\/11\/dark.jpg","contentUrl":"https:\/\/chtululu.be\/wp-content\/uploads\/2018\/11\/dark.jpg","width":300,"height":459,"caption":"Watching the Dark"},{"@type":"BreadcrumbList","@id":"https:\/\/chtululu.be\/index.php\/produit\/watching-the-dark\/#breadcrumb","itemListElement":[{"@type":"ListItem","position":1,"name":"Accueil","item":"https:\/\/chtululu.be\/"},{"@type":"ListItem","position":2,"name":"Les livres","item":"https:\/\/chtululu.be\/index.php\/livres-doccasion\/"},{"@type":"ListItem","position":3,"name":"Watching the Dark"}]},{"@type":"WebSite","@id":"https:\/\/chtululu.be\/#website","url":"https:\/\/chtululu.be\/","name":"Le Chtululu","description":"Votre librairie de seconde main \u00e0 Soignies","publisher":{"@id":"https:\/\/chtululu.be\/#organization"},"potentialAction":[{"@type":"SearchAction","target":{"@type":"EntryPoint","urlTemplate":"https:\/\/chtululu.be\/?s={search_term_string}"},"query-input":{"@type":"PropertyValueSpecification","valueRequired":true,"valueName":"search_term_string"}}],"inLanguage":"fr-FR"},{"@type":"Organization","@id":"https:\/\/chtululu.be\/#organization","name":"Le Chtululu","url":"https:\/\/chtululu.be\/","logo":{"@type":"ImageObject","inLanguage":"fr-FR","@id":"https:\/\/chtululu.be\/#\/schema\/logo\/image\/","url":"https:\/\/chtululu.be\/wp-content\/uploads\/2016\/05\/logo-def-blanc.jpg","contentUrl":"https:\/\/chtululu.be\/wp-content\/uploads\/2016\/05\/logo-def-blanc.jpg","width":2048,"height":1901,"caption":"Le Chtululu"},"image":{"@id":"https:\/\/chtululu.be\/#\/schema\/logo\/image\/"}}]}},"_links":{"self":[{"href":"https:\/\/chtululu.be\/index.php\/wp-json\/wp\/v2\/product\/1476","targetHints":{"allow":["GET"]}}],"collection":[{"href":"https:\/\/chtululu.be\/index.php\/wp-json\/wp\/v2\/product"}],"about":[{"href":"https:\/\/chtululu.be\/index.php\/wp-json\/wp\/v2\/types\/product"}],"wp:featuredmedia":[{"embeddable":true,"href":"https:\/\/chtululu.be\/index.php\/wp-json\/wp\/v2\/media\/1478"}],"wp:attachment":[{"href":"https:\/\/chtululu.be\/index.php\/wp-json\/wp\/v2\/media?parent=1476"}],"wp:term":[{"taxonomy":"product_brand","embeddable":true,"href":"https:\/\/chtululu.be\/index.php\/wp-json\/wp\/v2\/product_brand?post=1476"},{"taxonomy":"product_cat","embeddable":true,"href":"https:\/\/chtululu.be\/index.php\/wp-json\/wp\/v2\/product_cat?post=1476"},{"taxonomy":"product_tag","embeddable":true,"href":"https:\/\/chtululu.be\/index.php\/wp-json\/wp\/v2\/product_tag?post=1476"}],"curies":[{"name":"wp","href":"https:\/\/api.w.org\/{rel}","templated":true}]}}