{"id":1472,"date":"2018-10-21T16:11:07","date_gmt":"2018-10-21T15:11:07","guid":{"rendered":"http:\/\/chtululu.be\/?post_type=product&#038;p=1472"},"modified":"2021-03-26T10:05:26","modified_gmt":"2021-03-26T09:05:26","slug":"nemesis","status":"publish","type":"product","link":"https:\/\/chtululu.be\/index.php\/produit\/nemesis\/","title":{"rendered":"Nemesis"},"content":{"rendered":"<p><strong>Nemesis &#8211; Jo Nesbo<\/strong><\/p>\n<p><b>36 MILLION BOOKS SOLD WORLDWIDE<\/b><\/p>\n<p>How do you catch a killer when you&rsquo;re the number one suspect?<\/p>\n<p>A man is caught on CCTV, shooting dead a cashier at a bank. Detective Harry Hole begins his investigation, but after dinner with an old flame wakes up with no memory of the past 12 hours. Then the girl is found dead in mysterious circumstances and he beings to receive threatening emails: is someone trying to frame him for her death?<\/p>\n<p>As Harry fights to clear his name, the bank robberies continue with unparalleled savagery&#8230;<\/p>\n","protected":false},"excerpt":{"rendered":"<p>Nemesis &#8211; Jo Nesbo 36 MILLION BOOKS SOLD WORLDWIDE How do you catch a killer when you&rsquo;re the number one suspect? A man is caught on CCTV, shooting dead a cashier at a bank. Detective Harry Hole begins his investigation, but after dinner with an old flame wakes up with no memory of the past&#8230; <\/p>\n","protected":false},"featured_media":1475,"template":"","meta":{"_acf_changed":false,"_exactmetrics_skip_tracking":false,"_exactmetrics_sitenote_active":false,"_exactmetrics_sitenote_note":"","_exactmetrics_sitenote_category":0},"product_brand":[],"product_cat":[335],"product_tag":[345,343,344],"class_list":{"0":"post-1472","1":"product","2":"type-product","3":"status-publish","4":"has-post-thumbnail","6":"product_cat-english-books","7":"product_tag-english-book","8":"product_tag-nesbo-jo","9":"product_tag-thriller","11":"first","12":"instock","13":"taxable","14":"shipping-taxable","15":"purchasable","16":"product-type-simple"},"acf":[],"yoast_head":"<!-- This site is optimized with the Yoast SEO plugin v26.6 - https:\/\/yoast.com\/wordpress\/plugins\/seo\/ -->\n<title>Nemesis - Jo Nesbo - Chtululu \u00e0 la gare de Soignies<\/title>\n<meta name=\"description\" content=\"Envie de lire en anglais ? D\u00e9couvrez Nemesis de Jo Nesbo en version originale au Chtululu \u00e0 la gare de Soignies. Autres livres disponibles.\" \/>\n<meta name=\"robots\" content=\"index, follow, max-snippet:-1, max-image-preview:large, max-video-preview:-1\" \/>\n<link rel=\"canonical\" href=\"https:\/\/chtululu.be\/index.php\/produit\/nemesis\/\" \/>\n<meta property=\"og:locale\" content=\"fr_FR\" \/>\n<meta property=\"og:type\" content=\"article\" \/>\n<meta property=\"og:title\" content=\"Nemesis - Jo Nesbo - Chtululu \u00e0 la gare de Soignies\" \/>\n<meta property=\"og:description\" content=\"Envie de lire en anglais ? D\u00e9couvrez Nemesis de Jo Nesbo en version originale au Chtululu \u00e0 la gare de Soignies. Autres livres disponibles.\" \/>\n<meta property=\"og:url\" content=\"https:\/\/chtululu.be\/index.php\/produit\/nemesis\/\" \/>\n<meta property=\"og:site_name\" content=\"Le Chtululu\" \/>\n<meta property=\"article:modified_time\" content=\"2021-03-26T09:05:26+00:00\" \/>\n<meta property=\"og:image\" content=\"https:\/\/chtululu.be\/wp-content\/uploads\/2018\/10\/nemesis.jpg\" \/>\n\t<meta property=\"og:image:width\" content=\"300\" \/>\n\t<meta property=\"og:image:height\" content=\"463\" \/>\n\t<meta property=\"og:image:type\" content=\"image\/jpeg\" \/>\n<meta name=\"twitter:card\" content=\"summary_large_image\" \/>\n<script type=\"application\/ld+json\" class=\"yoast-schema-graph\">{\"@context\":\"https:\/\/schema.org\",\"@graph\":[{\"@type\":\"WebPage\",\"@id\":\"https:\/\/chtululu.be\/index.php\/produit\/nemesis\/\",\"url\":\"https:\/\/chtululu.be\/index.php\/produit\/nemesis\/\",\"name\":\"Nemesis - Jo Nesbo - Chtululu \u00e0 la gare de Soignies\",\"isPartOf\":{\"@id\":\"https:\/\/chtululu.be\/#website\"},\"primaryImageOfPage\":{\"@id\":\"https:\/\/chtululu.be\/index.php\/produit\/nemesis\/#primaryimage\"},\"image\":{\"@id\":\"https:\/\/chtululu.be\/index.php\/produit\/nemesis\/#primaryimage\"},\"thumbnailUrl\":\"https:\/\/chtululu.be\/wp-content\/uploads\/2018\/10\/nemesis.jpg\",\"datePublished\":\"2018-10-21T15:11:07+00:00\",\"dateModified\":\"2021-03-26T09:05:26+00:00\",\"description\":\"Envie de lire en anglais ? D\u00e9couvrez Nemesis de Jo Nesbo en version originale au Chtululu \u00e0 la gare de Soignies. Autres livres disponibles.\",\"breadcrumb\":{\"@id\":\"https:\/\/chtululu.be\/index.php\/produit\/nemesis\/#breadcrumb\"},\"inLanguage\":\"fr-FR\",\"potentialAction\":[{\"@type\":\"ReadAction\",\"target\":[\"https:\/\/chtululu.be\/index.php\/produit\/nemesis\/\"]}]},{\"@type\":\"ImageObject\",\"inLanguage\":\"fr-FR\",\"@id\":\"https:\/\/chtululu.be\/index.php\/produit\/nemesis\/#primaryimage\",\"url\":\"https:\/\/chtululu.be\/wp-content\/uploads\/2018\/10\/nemesis.jpg\",\"contentUrl\":\"https:\/\/chtululu.be\/wp-content\/uploads\/2018\/10\/nemesis.jpg\",\"width\":300,\"height\":463,\"caption\":\"Nemesis\"},{\"@type\":\"BreadcrumbList\",\"@id\":\"https:\/\/chtululu.be\/index.php\/produit\/nemesis\/#breadcrumb\",\"itemListElement\":[{\"@type\":\"ListItem\",\"position\":1,\"name\":\"Accueil\",\"item\":\"https:\/\/chtululu.be\/\"},{\"@type\":\"ListItem\",\"position\":2,\"name\":\"Les livres\",\"item\":\"https:\/\/chtululu.be\/index.php\/livres-doccasion\/\"},{\"@type\":\"ListItem\",\"position\":3,\"name\":\"Nemesis\"}]},{\"@type\":\"WebSite\",\"@id\":\"https:\/\/chtululu.be\/#website\",\"url\":\"https:\/\/chtululu.be\/\",\"name\":\"Le Chtululu\",\"description\":\"Votre librairie de seconde main \u00e0 Soignies\",\"publisher\":{\"@id\":\"https:\/\/chtululu.be\/#organization\"},\"potentialAction\":[{\"@type\":\"SearchAction\",\"target\":{\"@type\":\"EntryPoint\",\"urlTemplate\":\"https:\/\/chtululu.be\/?s={search_term_string}\"},\"query-input\":{\"@type\":\"PropertyValueSpecification\",\"valueRequired\":true,\"valueName\":\"search_term_string\"}}],\"inLanguage\":\"fr-FR\"},{\"@type\":\"Organization\",\"@id\":\"https:\/\/chtululu.be\/#organization\",\"name\":\"Le Chtululu\",\"url\":\"https:\/\/chtululu.be\/\",\"logo\":{\"@type\":\"ImageObject\",\"inLanguage\":\"fr-FR\",\"@id\":\"https:\/\/chtululu.be\/#\/schema\/logo\/image\/\",\"url\":\"https:\/\/chtululu.be\/wp-content\/uploads\/2016\/05\/logo-def-blanc.jpg\",\"contentUrl\":\"https:\/\/chtululu.be\/wp-content\/uploads\/2016\/05\/logo-def-blanc.jpg\",\"width\":2048,\"height\":1901,\"caption\":\"Le Chtululu\"},\"image\":{\"@id\":\"https:\/\/chtululu.be\/#\/schema\/logo\/image\/\"}}]}<\/script>\n<!-- \/ Yoast SEO plugin. -->","yoast_head_json":{"title":"Nemesis - Jo Nesbo - Chtululu \u00e0 la gare de Soignies","description":"Envie de lire en anglais ? D\u00e9couvrez Nemesis de Jo Nesbo en version originale au Chtululu \u00e0 la gare de Soignies. Autres livres disponibles.","robots":{"index":"index","follow":"follow","max-snippet":"max-snippet:-1","max-image-preview":"max-image-preview:large","max-video-preview":"max-video-preview:-1"},"canonical":"https:\/\/chtululu.be\/index.php\/produit\/nemesis\/","og_locale":"fr_FR","og_type":"article","og_title":"Nemesis - Jo Nesbo - Chtululu \u00e0 la gare de Soignies","og_description":"Envie de lire en anglais ? D\u00e9couvrez Nemesis de Jo Nesbo en version originale au Chtululu \u00e0 la gare de Soignies. Autres livres disponibles.","og_url":"https:\/\/chtululu.be\/index.php\/produit\/nemesis\/","og_site_name":"Le Chtululu","article_modified_time":"2021-03-26T09:05:26+00:00","og_image":[{"width":300,"height":463,"url":"https:\/\/chtululu.be\/wp-content\/uploads\/2018\/10\/nemesis.jpg","type":"image\/jpeg"}],"twitter_card":"summary_large_image","schema":{"@context":"https:\/\/schema.org","@graph":[{"@type":"WebPage","@id":"https:\/\/chtululu.be\/index.php\/produit\/nemesis\/","url":"https:\/\/chtululu.be\/index.php\/produit\/nemesis\/","name":"Nemesis - Jo Nesbo - Chtululu \u00e0 la gare de Soignies","isPartOf":{"@id":"https:\/\/chtululu.be\/#website"},"primaryImageOfPage":{"@id":"https:\/\/chtululu.be\/index.php\/produit\/nemesis\/#primaryimage"},"image":{"@id":"https:\/\/chtululu.be\/index.php\/produit\/nemesis\/#primaryimage"},"thumbnailUrl":"https:\/\/chtululu.be\/wp-content\/uploads\/2018\/10\/nemesis.jpg","datePublished":"2018-10-21T15:11:07+00:00","dateModified":"2021-03-26T09:05:26+00:00","description":"Envie de lire en anglais ? D\u00e9couvrez Nemesis de Jo Nesbo en version originale au Chtululu \u00e0 la gare de Soignies. Autres livres disponibles.","breadcrumb":{"@id":"https:\/\/chtululu.be\/index.php\/produit\/nemesis\/#breadcrumb"},"inLanguage":"fr-FR","potentialAction":[{"@type":"ReadAction","target":["https:\/\/chtululu.be\/index.php\/produit\/nemesis\/"]}]},{"@type":"ImageObject","inLanguage":"fr-FR","@id":"https:\/\/chtululu.be\/index.php\/produit\/nemesis\/#primaryimage","url":"https:\/\/chtululu.be\/wp-content\/uploads\/2018\/10\/nemesis.jpg","contentUrl":"https:\/\/chtululu.be\/wp-content\/uploads\/2018\/10\/nemesis.jpg","width":300,"height":463,"caption":"Nemesis"},{"@type":"BreadcrumbList","@id":"https:\/\/chtululu.be\/index.php\/produit\/nemesis\/#breadcrumb","itemListElement":[{"@type":"ListItem","position":1,"name":"Accueil","item":"https:\/\/chtululu.be\/"},{"@type":"ListItem","position":2,"name":"Les livres","item":"https:\/\/chtululu.be\/index.php\/livres-doccasion\/"},{"@type":"ListItem","position":3,"name":"Nemesis"}]},{"@type":"WebSite","@id":"https:\/\/chtululu.be\/#website","url":"https:\/\/chtululu.be\/","name":"Le Chtululu","description":"Votre librairie de seconde main \u00e0 Soignies","publisher":{"@id":"https:\/\/chtululu.be\/#organization"},"potentialAction":[{"@type":"SearchAction","target":{"@type":"EntryPoint","urlTemplate":"https:\/\/chtululu.be\/?s={search_term_string}"},"query-input":{"@type":"PropertyValueSpecification","valueRequired":true,"valueName":"search_term_string"}}],"inLanguage":"fr-FR"},{"@type":"Organization","@id":"https:\/\/chtululu.be\/#organization","name":"Le Chtululu","url":"https:\/\/chtululu.be\/","logo":{"@type":"ImageObject","inLanguage":"fr-FR","@id":"https:\/\/chtululu.be\/#\/schema\/logo\/image\/","url":"https:\/\/chtululu.be\/wp-content\/uploads\/2016\/05\/logo-def-blanc.jpg","contentUrl":"https:\/\/chtululu.be\/wp-content\/uploads\/2016\/05\/logo-def-blanc.jpg","width":2048,"height":1901,"caption":"Le Chtululu"},"image":{"@id":"https:\/\/chtululu.be\/#\/schema\/logo\/image\/"}}]}},"_links":{"self":[{"href":"https:\/\/chtululu.be\/index.php\/wp-json\/wp\/v2\/product\/1472","targetHints":{"allow":["GET"]}}],"collection":[{"href":"https:\/\/chtululu.be\/index.php\/wp-json\/wp\/v2\/product"}],"about":[{"href":"https:\/\/chtululu.be\/index.php\/wp-json\/wp\/v2\/types\/product"}],"wp:featuredmedia":[{"embeddable":true,"href":"https:\/\/chtululu.be\/index.php\/wp-json\/wp\/v2\/media\/1475"}],"wp:attachment":[{"href":"https:\/\/chtululu.be\/index.php\/wp-json\/wp\/v2\/media?parent=1472"}],"wp:term":[{"taxonomy":"product_brand","embeddable":true,"href":"https:\/\/chtululu.be\/index.php\/wp-json\/wp\/v2\/product_brand?post=1472"},{"taxonomy":"product_cat","embeddable":true,"href":"https:\/\/chtululu.be\/index.php\/wp-json\/wp\/v2\/product_cat?post=1472"},{"taxonomy":"product_tag","embeddable":true,"href":"https:\/\/chtululu.be\/index.php\/wp-json\/wp\/v2\/product_tag?post=1472"}],"curies":[{"name":"wp","href":"https:\/\/api.w.org\/{rel}","templated":true}]}}