{"id":1210,"date":"2017-05-13T10:35:38","date_gmt":"2017-05-13T09:35:38","guid":{"rendered":"http:\/\/chtululu.be\/index.php\/produit\/bosphore-et-fais-reluire\/"},"modified":"2022-12-03T20:46:40","modified_gmt":"2022-12-03T19:46:40","slug":"bosphore-et-fais-reluire","status":"publish","type":"product","link":"https:\/\/chtululu.be\/index.php\/produit\/bosphore-et-fais-reluire\/","title":{"rendered":"Bosphore et fais reluire"},"content":{"rendered":"","protected":false},"excerpt":{"rendered":"<p><strong>San-Antonio<\/strong><br \/>\nMa F\u00e9licie ch\u00e9rie,<br \/>\nJe t&rsquo;\u00e9cris d&rsquo;Istanbul o\u00f9 je vis des choses que tu auras du mal \u00e0 croire lorsque je te les raconterai.<br \/>\nJamais, de toute ma carri\u00e8re, je n&rsquo;aurai eu tant d&rsquo;ennemis sur le dos \u00e0 la fois. On peut dire que je bois le calife jusqu&rsquo;\u00e0 l&rsquo;hallali ! Je travaille en \u00ab poule \u00bb avec Violette, une nouvelle inspectrice \u00ab form\u00e9e \u00bb par le Vieux. B\u00e9ru a compl\u00e8tement d\u00e9fonc\u00e9 le fondement d&rsquo;une employ\u00e9e du consulat. Mathias a les poches bourr\u00e9es de gadgets qui ridiculiseraient James Bond. Quant \u00e0 J\u00e9r\u00e9mie Blanc, il devient raciste ! Mais comme dit Violette : \u00ab L\u0092un dans l\u0092autre, on s\u0092en sort \u00bb.<br \/>\nJe ne me souviens pas si, la derni\u00e8re fois que tu m\u0092as fait une blanquette, tu avais bien mis un jaune d\u0092oeuf dedans ? Le mieux est que tu m\u0092en refasses une autre quand je rentrerai. En attendant, je Bosphore !<br \/>\nGrosses bises,<br \/>\nTon fils pour la vie.<br \/>\nAntoine.<\/p>\n","protected":false},"featured_media":1211,"template":"","meta":{"_acf_changed":false,"_exactmetrics_skip_tracking":false,"_exactmetrics_sitenote_active":false,"_exactmetrics_sitenote_note":"","_exactmetrics_sitenote_category":0},"product_brand":[],"product_cat":[385],"product_tag":[110],"class_list":{"0":"post-1210","1":"product","2":"type-product","3":"status-publish","4":"has-post-thumbnail","6":"product_cat-thrillers-policiers","7":"product_tag-san-antonio","9":"first","10":"outofstock","11":"sold-individually","12":"taxable","13":"shipping-taxable","14":"purchasable","15":"product-type-simple"},"acf":[],"yoast_head":"<!-- This site is optimized with the Yoast SEO plugin v26.6 - https:\/\/yoast.com\/wordpress\/plugins\/seo\/ -->\n<title>Bosphore et fais reluire - Le Chtululu<\/title>\n<meta name=\"robots\" content=\"index, follow, max-snippet:-1, max-image-preview:large, max-video-preview:-1\" \/>\n<link rel=\"canonical\" href=\"https:\/\/chtululu.be\/index.php\/produit\/bosphore-et-fais-reluire\/\" \/>\n<meta property=\"og:locale\" content=\"fr_FR\" \/>\n<meta property=\"og:type\" content=\"article\" \/>\n<meta property=\"og:title\" content=\"Bosphore et fais reluire - Le Chtululu\" \/>\n<meta property=\"og:description\" content=\"San-Antonio Ma F\u00e9licie ch\u00e9rie, Je t&#039;\u00e9cris d&#039;Istanbul o\u00f9 je vis des choses que tu auras du mal \u00e0 croire lorsque je te les raconterai. Jamais, de toute ma carri\u00e8re, je n&#039;aurai eu tant d&#039;ennemis sur le dos \u00e0 la fois. On peut dire que je bois le calife jusqu&#039;\u00e0 l&#039;hallali ! Je travaille en \u00ab poule \u00bb avec Violette, une nouvelle inspectrice \u00ab form\u00e9e \u00bb par le Vieux. B\u00e9ru a compl\u00e8tement d\u00e9fonc\u00e9 le fondement d&#039;une employ\u00e9e du consulat. Mathias a les poches bourr\u00e9es de gadgets qui ridiculiseraient James Bond. Quant \u00e0 J\u00e9r\u00e9mie Blanc, il devient raciste ! Mais comme dit Violette : \u00ab L\u0092un dans l\u0092autre, on s\u0092en sort \u00bb. Je ne me souviens pas si, la derni\u00e8re fois que tu m\u0092as fait une blanquette, tu avais bien mis un jaune d\u0092oeuf dedans ? Le mieux est que tu m\u0092en refasses une autre quand je rentrerai. En attendant, je Bosphore ! Grosses bises, Ton fils pour la vie. Antoine.\" \/>\n<meta property=\"og:url\" content=\"https:\/\/chtululu.be\/index.php\/produit\/bosphore-et-fais-reluire\/\" \/>\n<meta property=\"og:site_name\" content=\"Le Chtululu\" \/>\n<meta property=\"article:modified_time\" content=\"2022-12-03T19:46:40+00:00\" \/>\n<meta property=\"og:image\" content=\"https:\/\/chtululu.be\/wp-content\/uploads\/2017\/05\/CVT_Bosphore-et-fais-reluire_6997.jpeg\" \/>\n\t<meta property=\"og:image:width\" content=\"200\" \/>\n\t<meta property=\"og:image:height\" content=\"321\" \/>\n\t<meta property=\"og:image:type\" content=\"image\/jpeg\" \/>\n<meta name=\"twitter:card\" content=\"summary_large_image\" \/>\n<script type=\"application\/ld+json\" class=\"yoast-schema-graph\">{\"@context\":\"https:\/\/schema.org\",\"@graph\":[{\"@type\":\"WebPage\",\"@id\":\"https:\/\/chtululu.be\/index.php\/produit\/bosphore-et-fais-reluire\/\",\"url\":\"https:\/\/chtululu.be\/index.php\/produit\/bosphore-et-fais-reluire\/\",\"name\":\"Bosphore et fais reluire - Le Chtululu\",\"isPartOf\":{\"@id\":\"https:\/\/chtululu.be\/#website\"},\"primaryImageOfPage\":{\"@id\":\"https:\/\/chtululu.be\/index.php\/produit\/bosphore-et-fais-reluire\/#primaryimage\"},\"image\":{\"@id\":\"https:\/\/chtululu.be\/index.php\/produit\/bosphore-et-fais-reluire\/#primaryimage\"},\"thumbnailUrl\":\"https:\/\/chtululu.be\/wp-content\/uploads\/2017\/05\/CVT_Bosphore-et-fais-reluire_6997.jpeg\",\"datePublished\":\"2017-05-13T09:35:38+00:00\",\"dateModified\":\"2022-12-03T19:46:40+00:00\",\"breadcrumb\":{\"@id\":\"https:\/\/chtululu.be\/index.php\/produit\/bosphore-et-fais-reluire\/#breadcrumb\"},\"inLanguage\":\"fr-FR\",\"potentialAction\":[{\"@type\":\"ReadAction\",\"target\":[\"https:\/\/chtululu.be\/index.php\/produit\/bosphore-et-fais-reluire\/\"]}]},{\"@type\":\"ImageObject\",\"inLanguage\":\"fr-FR\",\"@id\":\"https:\/\/chtululu.be\/index.php\/produit\/bosphore-et-fais-reluire\/#primaryimage\",\"url\":\"https:\/\/chtululu.be\/wp-content\/uploads\/2017\/05\/CVT_Bosphore-et-fais-reluire_6997.jpeg\",\"contentUrl\":\"https:\/\/chtululu.be\/wp-content\/uploads\/2017\/05\/CVT_Bosphore-et-fais-reluire_6997.jpeg\",\"width\":200,\"height\":321,\"caption\":\"Bosphore\"},{\"@type\":\"BreadcrumbList\",\"@id\":\"https:\/\/chtululu.be\/index.php\/produit\/bosphore-et-fais-reluire\/#breadcrumb\",\"itemListElement\":[{\"@type\":\"ListItem\",\"position\":1,\"name\":\"Accueil\",\"item\":\"https:\/\/chtululu.be\/\"},{\"@type\":\"ListItem\",\"position\":2,\"name\":\"Les livres\",\"item\":\"https:\/\/chtululu.be\/index.php\/livres-doccasion\/\"},{\"@type\":\"ListItem\",\"position\":3,\"name\":\"Bosphore et fais reluire\"}]},{\"@type\":\"WebSite\",\"@id\":\"https:\/\/chtululu.be\/#website\",\"url\":\"https:\/\/chtululu.be\/\",\"name\":\"Le Chtululu\",\"description\":\"Votre librairie de seconde main \u00e0 Soignies\",\"publisher\":{\"@id\":\"https:\/\/chtululu.be\/#organization\"},\"potentialAction\":[{\"@type\":\"SearchAction\",\"target\":{\"@type\":\"EntryPoint\",\"urlTemplate\":\"https:\/\/chtululu.be\/?s={search_term_string}\"},\"query-input\":{\"@type\":\"PropertyValueSpecification\",\"valueRequired\":true,\"valueName\":\"search_term_string\"}}],\"inLanguage\":\"fr-FR\"},{\"@type\":\"Organization\",\"@id\":\"https:\/\/chtululu.be\/#organization\",\"name\":\"Le Chtululu\",\"url\":\"https:\/\/chtululu.be\/\",\"logo\":{\"@type\":\"ImageObject\",\"inLanguage\":\"fr-FR\",\"@id\":\"https:\/\/chtululu.be\/#\/schema\/logo\/image\/\",\"url\":\"https:\/\/chtululu.be\/wp-content\/uploads\/2016\/05\/logo-def-blanc.jpg\",\"contentUrl\":\"https:\/\/chtululu.be\/wp-content\/uploads\/2016\/05\/logo-def-blanc.jpg\",\"width\":2048,\"height\":1901,\"caption\":\"Le Chtululu\"},\"image\":{\"@id\":\"https:\/\/chtululu.be\/#\/schema\/logo\/image\/\"}}]}<\/script>\n<!-- \/ Yoast SEO plugin. -->","yoast_head_json":{"title":"Bosphore et fais reluire - Le Chtululu","robots":{"index":"index","follow":"follow","max-snippet":"max-snippet:-1","max-image-preview":"max-image-preview:large","max-video-preview":"max-video-preview:-1"},"canonical":"https:\/\/chtululu.be\/index.php\/produit\/bosphore-et-fais-reluire\/","og_locale":"fr_FR","og_type":"article","og_title":"Bosphore et fais reluire - Le Chtululu","og_description":"San-Antonio Ma F\u00e9licie ch\u00e9rie, Je t'\u00e9cris d'Istanbul o\u00f9 je vis des choses que tu auras du mal \u00e0 croire lorsque je te les raconterai. Jamais, de toute ma carri\u00e8re, je n'aurai eu tant d'ennemis sur le dos \u00e0 la fois. On peut dire que je bois le calife jusqu'\u00e0 l'hallali ! Je travaille en \u00ab poule \u00bb avec Violette, une nouvelle inspectrice \u00ab form\u00e9e \u00bb par le Vieux. B\u00e9ru a compl\u00e8tement d\u00e9fonc\u00e9 le fondement d'une employ\u00e9e du consulat. Mathias a les poches bourr\u00e9es de gadgets qui ridiculiseraient James Bond. Quant \u00e0 J\u00e9r\u00e9mie Blanc, il devient raciste ! Mais comme dit Violette : \u00ab L\u0092un dans l\u0092autre, on s\u0092en sort \u00bb. Je ne me souviens pas si, la derni\u00e8re fois que tu m\u0092as fait une blanquette, tu avais bien mis un jaune d\u0092oeuf dedans ? Le mieux est que tu m\u0092en refasses une autre quand je rentrerai. En attendant, je Bosphore ! Grosses bises, Ton fils pour la vie. Antoine.","og_url":"https:\/\/chtululu.be\/index.php\/produit\/bosphore-et-fais-reluire\/","og_site_name":"Le Chtululu","article_modified_time":"2022-12-03T19:46:40+00:00","og_image":[{"width":200,"height":321,"url":"https:\/\/chtululu.be\/wp-content\/uploads\/2017\/05\/CVT_Bosphore-et-fais-reluire_6997.jpeg","type":"image\/jpeg"}],"twitter_card":"summary_large_image","schema":{"@context":"https:\/\/schema.org","@graph":[{"@type":"WebPage","@id":"https:\/\/chtululu.be\/index.php\/produit\/bosphore-et-fais-reluire\/","url":"https:\/\/chtululu.be\/index.php\/produit\/bosphore-et-fais-reluire\/","name":"Bosphore et fais reluire - Le Chtululu","isPartOf":{"@id":"https:\/\/chtululu.be\/#website"},"primaryImageOfPage":{"@id":"https:\/\/chtululu.be\/index.php\/produit\/bosphore-et-fais-reluire\/#primaryimage"},"image":{"@id":"https:\/\/chtululu.be\/index.php\/produit\/bosphore-et-fais-reluire\/#primaryimage"},"thumbnailUrl":"https:\/\/chtululu.be\/wp-content\/uploads\/2017\/05\/CVT_Bosphore-et-fais-reluire_6997.jpeg","datePublished":"2017-05-13T09:35:38+00:00","dateModified":"2022-12-03T19:46:40+00:00","breadcrumb":{"@id":"https:\/\/chtululu.be\/index.php\/produit\/bosphore-et-fais-reluire\/#breadcrumb"},"inLanguage":"fr-FR","potentialAction":[{"@type":"ReadAction","target":["https:\/\/chtululu.be\/index.php\/produit\/bosphore-et-fais-reluire\/"]}]},{"@type":"ImageObject","inLanguage":"fr-FR","@id":"https:\/\/chtululu.be\/index.php\/produit\/bosphore-et-fais-reluire\/#primaryimage","url":"https:\/\/chtululu.be\/wp-content\/uploads\/2017\/05\/CVT_Bosphore-et-fais-reluire_6997.jpeg","contentUrl":"https:\/\/chtululu.be\/wp-content\/uploads\/2017\/05\/CVT_Bosphore-et-fais-reluire_6997.jpeg","width":200,"height":321,"caption":"Bosphore"},{"@type":"BreadcrumbList","@id":"https:\/\/chtululu.be\/index.php\/produit\/bosphore-et-fais-reluire\/#breadcrumb","itemListElement":[{"@type":"ListItem","position":1,"name":"Accueil","item":"https:\/\/chtululu.be\/"},{"@type":"ListItem","position":2,"name":"Les livres","item":"https:\/\/chtululu.be\/index.php\/livres-doccasion\/"},{"@type":"ListItem","position":3,"name":"Bosphore et fais reluire"}]},{"@type":"WebSite","@id":"https:\/\/chtululu.be\/#website","url":"https:\/\/chtululu.be\/","name":"Le Chtululu","description":"Votre librairie de seconde main \u00e0 Soignies","publisher":{"@id":"https:\/\/chtululu.be\/#organization"},"potentialAction":[{"@type":"SearchAction","target":{"@type":"EntryPoint","urlTemplate":"https:\/\/chtululu.be\/?s={search_term_string}"},"query-input":{"@type":"PropertyValueSpecification","valueRequired":true,"valueName":"search_term_string"}}],"inLanguage":"fr-FR"},{"@type":"Organization","@id":"https:\/\/chtululu.be\/#organization","name":"Le Chtululu","url":"https:\/\/chtululu.be\/","logo":{"@type":"ImageObject","inLanguage":"fr-FR","@id":"https:\/\/chtululu.be\/#\/schema\/logo\/image\/","url":"https:\/\/chtululu.be\/wp-content\/uploads\/2016\/05\/logo-def-blanc.jpg","contentUrl":"https:\/\/chtululu.be\/wp-content\/uploads\/2016\/05\/logo-def-blanc.jpg","width":2048,"height":1901,"caption":"Le Chtululu"},"image":{"@id":"https:\/\/chtululu.be\/#\/schema\/logo\/image\/"}}]}},"_links":{"self":[{"href":"https:\/\/chtululu.be\/index.php\/wp-json\/wp\/v2\/product\/1210","targetHints":{"allow":["GET"]}}],"collection":[{"href":"https:\/\/chtululu.be\/index.php\/wp-json\/wp\/v2\/product"}],"about":[{"href":"https:\/\/chtululu.be\/index.php\/wp-json\/wp\/v2\/types\/product"}],"wp:featuredmedia":[{"embeddable":true,"href":"https:\/\/chtululu.be\/index.php\/wp-json\/wp\/v2\/media\/1211"}],"wp:attachment":[{"href":"https:\/\/chtululu.be\/index.php\/wp-json\/wp\/v2\/media?parent=1210"}],"wp:term":[{"taxonomy":"product_brand","embeddable":true,"href":"https:\/\/chtululu.be\/index.php\/wp-json\/wp\/v2\/product_brand?post=1210"},{"taxonomy":"product_cat","embeddable":true,"href":"https:\/\/chtululu.be\/index.php\/wp-json\/wp\/v2\/product_cat?post=1210"},{"taxonomy":"product_tag","embeddable":true,"href":"https:\/\/chtululu.be\/index.php\/wp-json\/wp\/v2\/product_tag?post=1210"}],"curies":[{"name":"wp","href":"https:\/\/api.w.org\/{rel}","templated":true}]}}