{"id":1207,"date":"2017-05-13T10:35:36","date_gmt":"2017-05-13T09:35:36","guid":{"rendered":"http:\/\/chtululu.be\/index.php\/produit\/la-queue-en-trompette\/"},"modified":"2022-12-03T20:46:40","modified_gmt":"2022-12-03T19:46:40","slug":"la-queue-en-trompette","status":"publish","type":"product","link":"https:\/\/chtululu.be\/index.php\/produit\/la-queue-en-trompette\/","title":{"rendered":"La queue en trompette"},"content":{"rendered":"","protected":false},"excerpt":{"rendered":"<p><strong>San-Antonio<\/strong><br \/>\nD&rsquo;apr\u00e8s certains renseignements que j&rsquo;ai obtenus, il y a deux bassets-hound dans la vie de San-Antonio. Le premier \u00e9tait une chienne nomm\u00e9e J\u00e9zabelle, mais qu&rsquo;il appelait Belle tout court. Elle est morte pour avoir mang\u00e9 une taupe empoisonn\u00e9e. Le deuxi\u00e8me, c&rsquo;est moi : Salami. Malgr\u00e9 mes origines britanniques, je sors d&rsquo;un \u00e9levage italien dirig\u00e9 par un ancien chef de la Police romaine.<\/p>\n<p>Je dispose de plusieurs particularit\u00e9s dont la principale est de comprendre couramment le langage humain, voire m\u00eame de le parler pour peu qu&rsquo;on \u00e9tablisse un code.<\/p>\n<p>Autre singularit\u00e9 de mon personnage : je pr\u00e9f\u00e8re les femmes aux chiennes, bien que je n&rsquo;ai pas eu l&rsquo;occasion d&rsquo;en consommer \u00e0 ce jour.<\/p>\n<p>Encore un fait saillant : je ne r\u00e9ponds pas quand on me siffle. Mon h\u00e9r\u00e9dit\u00e9 anglaise, sans doute. Au restaurant, j\u0092abomine \u00ab la gamelle \u00e0 M\u00e9dor \u00bb sous la table. G\u00e9n\u00e9ralement, je prends mon repas assis sur une chaise, en face de San-A. J\u0092ai encore beaucoup, beaucoup d\u0092autres choses pas tristes \u00e0 r\u00e9v\u00e9ler ; mais je ne vais pas r\u00e9sumer au dos d\u0092une couverture ce que mon connard de ma\u00eetre a racont\u00e9 en trois cents pages !<\/p>\n<p>Il aurait l\u0092air de quoi ?<\/p>\n","protected":false},"featured_media":1216,"template":"","meta":{"_acf_changed":false,"_exactmetrics_skip_tracking":false,"_exactmetrics_sitenote_active":false,"_exactmetrics_sitenote_note":"","_exactmetrics_sitenote_category":0},"product_brand":[],"product_cat":[385],"product_tag":[109,110],"class_list":{"0":"post-1207","1":"product","2":"type-product","3":"status-publish","4":"has-post-thumbnail","6":"product_cat-thrillers-policiers","7":"product_tag-dard-frederic","8":"product_tag-san-antonio","10":"first","11":"outofstock","12":"sold-individually","13":"taxable","14":"shipping-taxable","15":"purchasable","16":"product-type-simple"},"acf":[],"yoast_head":"<!-- This site is optimized with the Yoast SEO plugin v26.6 - https:\/\/yoast.com\/wordpress\/plugins\/seo\/ -->\n<title>La queue en trompette - Le Chtululu<\/title>\n<meta name=\"robots\" content=\"index, follow, max-snippet:-1, max-image-preview:large, max-video-preview:-1\" \/>\n<link rel=\"canonical\" href=\"https:\/\/chtululu.be\/index.php\/produit\/la-queue-en-trompette\/\" \/>\n<meta property=\"og:locale\" content=\"fr_FR\" \/>\n<meta property=\"og:type\" content=\"article\" \/>\n<meta property=\"og:title\" content=\"La queue en trompette - Le Chtululu\" \/>\n<meta property=\"og:description\" content=\"San-Antonio D&#039;apr\u00e8s certains renseignements que j&#039;ai obtenus, il y a deux bassets-hound dans la vie de San-Antonio. Le premier \u00e9tait une chienne nomm\u00e9e J\u00e9zabelle, mais qu&#039;il appelait Belle tout court. Elle est morte pour avoir mang\u00e9 une taupe empoisonn\u00e9e. Le deuxi\u00e8me, c&#039;est moi : Salami. Malgr\u00e9 mes origines britanniques, je sors d&#039;un \u00e9levage italien dirig\u00e9 par un ancien chef de la Police romaine.  Je dispose de plusieurs particularit\u00e9s dont la principale est de comprendre couramment le langage humain, voire m\u00eame de le parler pour peu qu&#039;on \u00e9tablisse un code.  Autre singularit\u00e9 de mon personnage : je pr\u00e9f\u00e8re les femmes aux chiennes, bien que je n&#039;ai pas eu l&#039;occasion d&#039;en consommer \u00e0 ce jour.  Encore un fait saillant : je ne r\u00e9ponds pas quand on me siffle. Mon h\u00e9r\u00e9dit\u00e9 anglaise, sans doute. Au restaurant, j\u0092abomine \u00ab la gamelle \u00e0 M\u00e9dor \u00bb sous la table. G\u00e9n\u00e9ralement, je prends mon repas assis sur une chaise, en face de San-A. J\u0092ai encore beaucoup, beaucoup d\u0092autres choses pas tristes \u00e0 r\u00e9v\u00e9ler ; mais je ne vais pas r\u00e9sumer au dos d\u0092une couverture ce que mon connard de ma\u00eetre a racont\u00e9 en trois cents pages !  Il aurait l\u0092air de quoi ?\" \/>\n<meta property=\"og:url\" content=\"https:\/\/chtululu.be\/index.php\/produit\/la-queue-en-trompette\/\" \/>\n<meta property=\"og:site_name\" content=\"Le Chtululu\" \/>\n<meta property=\"article:modified_time\" content=\"2022-12-03T19:46:40+00:00\" \/>\n<meta property=\"og:image\" content=\"https:\/\/chtululu.be\/wp-content\/uploads\/2017\/05\/La-queue-en-trompette.jpg\" \/>\n\t<meta property=\"og:image:width\" content=\"200\" \/>\n\t<meta property=\"og:image:height\" content=\"329\" \/>\n\t<meta property=\"og:image:type\" content=\"image\/jpeg\" \/>\n<meta name=\"twitter:card\" content=\"summary_large_image\" \/>\n<script type=\"application\/ld+json\" class=\"yoast-schema-graph\">{\"@context\":\"https:\/\/schema.org\",\"@graph\":[{\"@type\":\"WebPage\",\"@id\":\"https:\/\/chtululu.be\/index.php\/produit\/la-queue-en-trompette\/\",\"url\":\"https:\/\/chtululu.be\/index.php\/produit\/la-queue-en-trompette\/\",\"name\":\"La queue en trompette - Le Chtululu\",\"isPartOf\":{\"@id\":\"https:\/\/chtululu.be\/#website\"},\"primaryImageOfPage\":{\"@id\":\"https:\/\/chtululu.be\/index.php\/produit\/la-queue-en-trompette\/#primaryimage\"},\"image\":{\"@id\":\"https:\/\/chtululu.be\/index.php\/produit\/la-queue-en-trompette\/#primaryimage\"},\"thumbnailUrl\":\"https:\/\/chtululu.be\/wp-content\/uploads\/2017\/05\/La-queue-en-trompette.jpg\",\"datePublished\":\"2017-05-13T09:35:36+00:00\",\"dateModified\":\"2022-12-03T19:46:40+00:00\",\"breadcrumb\":{\"@id\":\"https:\/\/chtululu.be\/index.php\/produit\/la-queue-en-trompette\/#breadcrumb\"},\"inLanguage\":\"fr-FR\",\"potentialAction\":[{\"@type\":\"ReadAction\",\"target\":[\"https:\/\/chtululu.be\/index.php\/produit\/la-queue-en-trompette\/\"]}]},{\"@type\":\"ImageObject\",\"inLanguage\":\"fr-FR\",\"@id\":\"https:\/\/chtululu.be\/index.php\/produit\/la-queue-en-trompette\/#primaryimage\",\"url\":\"https:\/\/chtululu.be\/wp-content\/uploads\/2017\/05\/La-queue-en-trompette.jpg\",\"contentUrl\":\"https:\/\/chtululu.be\/wp-content\/uploads\/2017\/05\/La-queue-en-trompette.jpg\",\"width\":200,\"height\":329},{\"@type\":\"BreadcrumbList\",\"@id\":\"https:\/\/chtululu.be\/index.php\/produit\/la-queue-en-trompette\/#breadcrumb\",\"itemListElement\":[{\"@type\":\"ListItem\",\"position\":1,\"name\":\"Accueil\",\"item\":\"https:\/\/chtululu.be\/\"},{\"@type\":\"ListItem\",\"position\":2,\"name\":\"Les livres\",\"item\":\"https:\/\/chtululu.be\/index.php\/livres-doccasion\/\"},{\"@type\":\"ListItem\",\"position\":3,\"name\":\"La queue en trompette\"}]},{\"@type\":\"WebSite\",\"@id\":\"https:\/\/chtululu.be\/#website\",\"url\":\"https:\/\/chtululu.be\/\",\"name\":\"Le Chtululu\",\"description\":\"Votre librairie de seconde main \u00e0 Soignies\",\"publisher\":{\"@id\":\"https:\/\/chtululu.be\/#organization\"},\"potentialAction\":[{\"@type\":\"SearchAction\",\"target\":{\"@type\":\"EntryPoint\",\"urlTemplate\":\"https:\/\/chtululu.be\/?s={search_term_string}\"},\"query-input\":{\"@type\":\"PropertyValueSpecification\",\"valueRequired\":true,\"valueName\":\"search_term_string\"}}],\"inLanguage\":\"fr-FR\"},{\"@type\":\"Organization\",\"@id\":\"https:\/\/chtululu.be\/#organization\",\"name\":\"Le Chtululu\",\"url\":\"https:\/\/chtululu.be\/\",\"logo\":{\"@type\":\"ImageObject\",\"inLanguage\":\"fr-FR\",\"@id\":\"https:\/\/chtululu.be\/#\/schema\/logo\/image\/\",\"url\":\"https:\/\/chtululu.be\/wp-content\/uploads\/2016\/05\/logo-def-blanc.jpg\",\"contentUrl\":\"https:\/\/chtululu.be\/wp-content\/uploads\/2016\/05\/logo-def-blanc.jpg\",\"width\":2048,\"height\":1901,\"caption\":\"Le Chtululu\"},\"image\":{\"@id\":\"https:\/\/chtululu.be\/#\/schema\/logo\/image\/\"}}]}<\/script>\n<!-- \/ Yoast SEO plugin. -->","yoast_head_json":{"title":"La queue en trompette - Le Chtululu","robots":{"index":"index","follow":"follow","max-snippet":"max-snippet:-1","max-image-preview":"max-image-preview:large","max-video-preview":"max-video-preview:-1"},"canonical":"https:\/\/chtululu.be\/index.php\/produit\/la-queue-en-trompette\/","og_locale":"fr_FR","og_type":"article","og_title":"La queue en trompette - Le Chtululu","og_description":"San-Antonio D'apr\u00e8s certains renseignements que j'ai obtenus, il y a deux bassets-hound dans la vie de San-Antonio. Le premier \u00e9tait une chienne nomm\u00e9e J\u00e9zabelle, mais qu'il appelait Belle tout court. Elle est morte pour avoir mang\u00e9 une taupe empoisonn\u00e9e. Le deuxi\u00e8me, c'est moi : Salami. Malgr\u00e9 mes origines britanniques, je sors d'un \u00e9levage italien dirig\u00e9 par un ancien chef de la Police romaine.  Je dispose de plusieurs particularit\u00e9s dont la principale est de comprendre couramment le langage humain, voire m\u00eame de le parler pour peu qu'on \u00e9tablisse un code.  Autre singularit\u00e9 de mon personnage : je pr\u00e9f\u00e8re les femmes aux chiennes, bien que je n'ai pas eu l'occasion d'en consommer \u00e0 ce jour.  Encore un fait saillant : je ne r\u00e9ponds pas quand on me siffle. Mon h\u00e9r\u00e9dit\u00e9 anglaise, sans doute. Au restaurant, j\u0092abomine \u00ab la gamelle \u00e0 M\u00e9dor \u00bb sous la table. G\u00e9n\u00e9ralement, je prends mon repas assis sur une chaise, en face de San-A. J\u0092ai encore beaucoup, beaucoup d\u0092autres choses pas tristes \u00e0 r\u00e9v\u00e9ler ; mais je ne vais pas r\u00e9sumer au dos d\u0092une couverture ce que mon connard de ma\u00eetre a racont\u00e9 en trois cents pages !  Il aurait l\u0092air de quoi ?","og_url":"https:\/\/chtululu.be\/index.php\/produit\/la-queue-en-trompette\/","og_site_name":"Le Chtululu","article_modified_time":"2022-12-03T19:46:40+00:00","og_image":[{"width":200,"height":329,"url":"https:\/\/chtululu.be\/wp-content\/uploads\/2017\/05\/La-queue-en-trompette.jpg","type":"image\/jpeg"}],"twitter_card":"summary_large_image","schema":{"@context":"https:\/\/schema.org","@graph":[{"@type":"WebPage","@id":"https:\/\/chtululu.be\/index.php\/produit\/la-queue-en-trompette\/","url":"https:\/\/chtululu.be\/index.php\/produit\/la-queue-en-trompette\/","name":"La queue en trompette - Le Chtululu","isPartOf":{"@id":"https:\/\/chtululu.be\/#website"},"primaryImageOfPage":{"@id":"https:\/\/chtululu.be\/index.php\/produit\/la-queue-en-trompette\/#primaryimage"},"image":{"@id":"https:\/\/chtululu.be\/index.php\/produit\/la-queue-en-trompette\/#primaryimage"},"thumbnailUrl":"https:\/\/chtululu.be\/wp-content\/uploads\/2017\/05\/La-queue-en-trompette.jpg","datePublished":"2017-05-13T09:35:36+00:00","dateModified":"2022-12-03T19:46:40+00:00","breadcrumb":{"@id":"https:\/\/chtululu.be\/index.php\/produit\/la-queue-en-trompette\/#breadcrumb"},"inLanguage":"fr-FR","potentialAction":[{"@type":"ReadAction","target":["https:\/\/chtululu.be\/index.php\/produit\/la-queue-en-trompette\/"]}]},{"@type":"ImageObject","inLanguage":"fr-FR","@id":"https:\/\/chtululu.be\/index.php\/produit\/la-queue-en-trompette\/#primaryimage","url":"https:\/\/chtululu.be\/wp-content\/uploads\/2017\/05\/La-queue-en-trompette.jpg","contentUrl":"https:\/\/chtululu.be\/wp-content\/uploads\/2017\/05\/La-queue-en-trompette.jpg","width":200,"height":329},{"@type":"BreadcrumbList","@id":"https:\/\/chtululu.be\/index.php\/produit\/la-queue-en-trompette\/#breadcrumb","itemListElement":[{"@type":"ListItem","position":1,"name":"Accueil","item":"https:\/\/chtululu.be\/"},{"@type":"ListItem","position":2,"name":"Les livres","item":"https:\/\/chtululu.be\/index.php\/livres-doccasion\/"},{"@type":"ListItem","position":3,"name":"La queue en trompette"}]},{"@type":"WebSite","@id":"https:\/\/chtululu.be\/#website","url":"https:\/\/chtululu.be\/","name":"Le Chtululu","description":"Votre librairie de seconde main \u00e0 Soignies","publisher":{"@id":"https:\/\/chtululu.be\/#organization"},"potentialAction":[{"@type":"SearchAction","target":{"@type":"EntryPoint","urlTemplate":"https:\/\/chtululu.be\/?s={search_term_string}"},"query-input":{"@type":"PropertyValueSpecification","valueRequired":true,"valueName":"search_term_string"}}],"inLanguage":"fr-FR"},{"@type":"Organization","@id":"https:\/\/chtululu.be\/#organization","name":"Le Chtululu","url":"https:\/\/chtululu.be\/","logo":{"@type":"ImageObject","inLanguage":"fr-FR","@id":"https:\/\/chtululu.be\/#\/schema\/logo\/image\/","url":"https:\/\/chtululu.be\/wp-content\/uploads\/2016\/05\/logo-def-blanc.jpg","contentUrl":"https:\/\/chtululu.be\/wp-content\/uploads\/2016\/05\/logo-def-blanc.jpg","width":2048,"height":1901,"caption":"Le Chtululu"},"image":{"@id":"https:\/\/chtululu.be\/#\/schema\/logo\/image\/"}}]}},"_links":{"self":[{"href":"https:\/\/chtululu.be\/index.php\/wp-json\/wp\/v2\/product\/1207","targetHints":{"allow":["GET"]}}],"collection":[{"href":"https:\/\/chtululu.be\/index.php\/wp-json\/wp\/v2\/product"}],"about":[{"href":"https:\/\/chtululu.be\/index.php\/wp-json\/wp\/v2\/types\/product"}],"wp:featuredmedia":[{"embeddable":true,"href":"https:\/\/chtululu.be\/index.php\/wp-json\/wp\/v2\/media\/1216"}],"wp:attachment":[{"href":"https:\/\/chtululu.be\/index.php\/wp-json\/wp\/v2\/media?parent=1207"}],"wp:term":[{"taxonomy":"product_brand","embeddable":true,"href":"https:\/\/chtululu.be\/index.php\/wp-json\/wp\/v2\/product_brand?post=1207"},{"taxonomy":"product_cat","embeddable":true,"href":"https:\/\/chtululu.be\/index.php\/wp-json\/wp\/v2\/product_cat?post=1207"},{"taxonomy":"product_tag","embeddable":true,"href":"https:\/\/chtululu.be\/index.php\/wp-json\/wp\/v2\/product_tag?post=1207"}],"curies":[{"name":"wp","href":"https:\/\/api.w.org\/{rel}","templated":true}]}}