{"id":1074,"date":"2017-03-07T21:56:55","date_gmt":"2017-03-07T20:56:55","guid":{"rendered":"http:\/\/chtululu.be\/index.php\/produit\/les-jupes-culottes\/"},"modified":"2017-03-07T22:00:45","modified_gmt":"2017-03-07T21:00:45","slug":"les-jupes-culottes","status":"publish","type":"product","link":"https:\/\/chtululu.be\/index.php\/produit\/les-jupes-culottes\/","title":{"rendered":"Les jupes-culottes"},"content":{"rendered":"","protected":false},"excerpt":{"rendered":"<p><strong>Dorin Fran\u00e7oise<\/strong><br \/>\n\u00ab\u00a0Les jupes-culottes\u00a0\u00bb&#8230; Lauranne appelle ainsi les femmes qui, comme elle, travaillent et vivent \u00e0 la mani\u00e8re des hommes, sans pour autant renoncer \u00e0 leur f\u00e9minit\u00e9: les femmes \u00ab\u00a0qui ont le c\u009cur en jupe et la t\u00eate en culotte\u00a0\u00bb.<br \/>\nEt Lauranne appr\u00e9cie intens\u00e9ment cette dualit\u00e9 diriger de main de ma\u00eetre les instituts L.L. (sauna, mise en forme, gym) et jouir de sa libert\u00e9 de femme ind\u00e9pendante, parfois fantasque, sans pr\u00e9jug\u00e9s ni tabous. Sa rencontre avec Philippe risque cependant de tout remettre en question: un amant s\u00e9duisant, certes, et d&rsquo;une jolie fougue, mais qui bient\u00f4t r\u00eave d&rsquo;\u00eatre un mari &#8211; sinon dominateur, du moins protecteur. Non, pas question! Humour et patience, lucidit\u00e9 et modestie, Philippe va tout mettre en oeuvre pour la convaincre qu&rsquo;elle peut l&rsquo;aimer sans cesser d&rsquo;\u00eatre elle-m\u00eame.<\/p>\n","protected":false},"featured_media":1066,"template":"","meta":{"_acf_changed":false,"_exactmetrics_skip_tracking":false,"_exactmetrics_sitenote_active":false,"_exactmetrics_sitenote_note":"","_exactmetrics_sitenote_category":0},"product_brand":[],"product_cat":[24],"product_tag":[115],"class_list":{"0":"post-1074","1":"product","2":"type-product","3":"status-publish","4":"has-post-thumbnail","6":"product_cat-roman","7":"product_tag-dorin-francoise","9":"first","10":"instock","11":"sold-individually","12":"taxable","13":"shipping-taxable","14":"purchasable","15":"product-type-simple"},"acf":[],"yoast_head":"<!-- This site is optimized with the Yoast SEO plugin v26.6 - https:\/\/yoast.com\/wordpress\/plugins\/seo\/ -->\n<title>Les jupes-culottes - Le Chtululu<\/title>\n<meta name=\"robots\" content=\"index, follow, max-snippet:-1, max-image-preview:large, max-video-preview:-1\" \/>\n<link rel=\"canonical\" href=\"https:\/\/chtululu.be\/index.php\/produit\/les-jupes-culottes\/\" \/>\n<meta property=\"og:locale\" content=\"fr_FR\" \/>\n<meta property=\"og:type\" content=\"article\" \/>\n<meta property=\"og:title\" content=\"Les jupes-culottes - Le Chtululu\" \/>\n<meta property=\"og:description\" content=\"Dorin Fran\u00e7oise &quot;Les jupes-culottes&quot;... Lauranne appelle ainsi les femmes qui, comme elle, travaillent et vivent \u00e0 la mani\u00e8re des hommes, sans pour autant renoncer \u00e0 leur f\u00e9minit\u00e9: les femmes &quot;qui ont le c\u009cur en jupe et la t\u00eate en culotte&quot;. Et Lauranne appr\u00e9cie intens\u00e9ment cette dualit\u00e9 diriger de main de ma\u00eetre les instituts L.L. (sauna, mise en forme, gym) et jouir de sa libert\u00e9 de femme ind\u00e9pendante, parfois fantasque, sans pr\u00e9jug\u00e9s ni tabous. Sa rencontre avec Philippe risque cependant de tout remettre en question: un amant s\u00e9duisant, certes, et d&#039;une jolie fougue, mais qui bient\u00f4t r\u00eave d&#039;\u00eatre un mari - sinon dominateur, du moins protecteur. Non, pas question! Humour et patience, lucidit\u00e9 et modestie, Philippe va tout mettre en oeuvre pour la convaincre qu&#039;elle peut l&#039;aimer sans cesser d&#039;\u00eatre elle-m\u00eame.\" \/>\n<meta property=\"og:url\" content=\"https:\/\/chtululu.be\/index.php\/produit\/les-jupes-culottes\/\" \/>\n<meta property=\"og:site_name\" content=\"Le Chtululu\" \/>\n<meta property=\"article:modified_time\" content=\"2017-03-07T21:00:45+00:00\" \/>\n<meta property=\"og:image\" content=\"https:\/\/chtululu.be\/wp-content\/uploads\/2017\/03\/jupe-culotte.jpg\" \/>\n\t<meta property=\"og:image:width\" content=\"200\" \/>\n\t<meta property=\"og:image:height\" content=\"277\" \/>\n\t<meta property=\"og:image:type\" content=\"image\/jpeg\" \/>\n<meta name=\"twitter:card\" content=\"summary_large_image\" \/>\n<script type=\"application\/ld+json\" class=\"yoast-schema-graph\">{\"@context\":\"https:\/\/schema.org\",\"@graph\":[{\"@type\":\"WebPage\",\"@id\":\"https:\/\/chtululu.be\/index.php\/produit\/les-jupes-culottes\/\",\"url\":\"https:\/\/chtululu.be\/index.php\/produit\/les-jupes-culottes\/\",\"name\":\"Les jupes-culottes - Le Chtululu\",\"isPartOf\":{\"@id\":\"https:\/\/chtululu.be\/#website\"},\"primaryImageOfPage\":{\"@id\":\"https:\/\/chtululu.be\/index.php\/produit\/les-jupes-culottes\/#primaryimage\"},\"image\":{\"@id\":\"https:\/\/chtululu.be\/index.php\/produit\/les-jupes-culottes\/#primaryimage\"},\"thumbnailUrl\":\"https:\/\/chtululu.be\/wp-content\/uploads\/2017\/03\/jupe-culotte.jpg\",\"datePublished\":\"2017-03-07T20:56:55+00:00\",\"dateModified\":\"2017-03-07T21:00:45+00:00\",\"breadcrumb\":{\"@id\":\"https:\/\/chtululu.be\/index.php\/produit\/les-jupes-culottes\/#breadcrumb\"},\"inLanguage\":\"fr-FR\",\"potentialAction\":[{\"@type\":\"ReadAction\",\"target\":[\"https:\/\/chtululu.be\/index.php\/produit\/les-jupes-culottes\/\"]}]},{\"@type\":\"ImageObject\",\"inLanguage\":\"fr-FR\",\"@id\":\"https:\/\/chtululu.be\/index.php\/produit\/les-jupes-culottes\/#primaryimage\",\"url\":\"https:\/\/chtululu.be\/wp-content\/uploads\/2017\/03\/jupe-culotte.jpg\",\"contentUrl\":\"https:\/\/chtululu.be\/wp-content\/uploads\/2017\/03\/jupe-culotte.jpg\",\"width\":200,\"height\":277},{\"@type\":\"BreadcrumbList\",\"@id\":\"https:\/\/chtululu.be\/index.php\/produit\/les-jupes-culottes\/#breadcrumb\",\"itemListElement\":[{\"@type\":\"ListItem\",\"position\":1,\"name\":\"Accueil\",\"item\":\"https:\/\/chtululu.be\/\"},{\"@type\":\"ListItem\",\"position\":2,\"name\":\"Les livres\",\"item\":\"https:\/\/chtululu.be\/index.php\/livres-doccasion\/\"},{\"@type\":\"ListItem\",\"position\":3,\"name\":\"Les jupes-culottes\"}]},{\"@type\":\"WebSite\",\"@id\":\"https:\/\/chtululu.be\/#website\",\"url\":\"https:\/\/chtululu.be\/\",\"name\":\"Le Chtululu\",\"description\":\"Votre librairie de seconde main \u00e0 Soignies\",\"publisher\":{\"@id\":\"https:\/\/chtululu.be\/#organization\"},\"potentialAction\":[{\"@type\":\"SearchAction\",\"target\":{\"@type\":\"EntryPoint\",\"urlTemplate\":\"https:\/\/chtululu.be\/?s={search_term_string}\"},\"query-input\":{\"@type\":\"PropertyValueSpecification\",\"valueRequired\":true,\"valueName\":\"search_term_string\"}}],\"inLanguage\":\"fr-FR\"},{\"@type\":\"Organization\",\"@id\":\"https:\/\/chtululu.be\/#organization\",\"name\":\"Le Chtululu\",\"url\":\"https:\/\/chtululu.be\/\",\"logo\":{\"@type\":\"ImageObject\",\"inLanguage\":\"fr-FR\",\"@id\":\"https:\/\/chtululu.be\/#\/schema\/logo\/image\/\",\"url\":\"https:\/\/chtululu.be\/wp-content\/uploads\/2016\/05\/logo-def-blanc.jpg\",\"contentUrl\":\"https:\/\/chtululu.be\/wp-content\/uploads\/2016\/05\/logo-def-blanc.jpg\",\"width\":2048,\"height\":1901,\"caption\":\"Le Chtululu\"},\"image\":{\"@id\":\"https:\/\/chtululu.be\/#\/schema\/logo\/image\/\"}}]}<\/script>\n<!-- \/ Yoast SEO plugin. -->","yoast_head_json":{"title":"Les jupes-culottes - Le Chtululu","robots":{"index":"index","follow":"follow","max-snippet":"max-snippet:-1","max-image-preview":"max-image-preview:large","max-video-preview":"max-video-preview:-1"},"canonical":"https:\/\/chtululu.be\/index.php\/produit\/les-jupes-culottes\/","og_locale":"fr_FR","og_type":"article","og_title":"Les jupes-culottes - Le Chtululu","og_description":"Dorin Fran\u00e7oise \"Les jupes-culottes\"... Lauranne appelle ainsi les femmes qui, comme elle, travaillent et vivent \u00e0 la mani\u00e8re des hommes, sans pour autant renoncer \u00e0 leur f\u00e9minit\u00e9: les femmes \"qui ont le c\u009cur en jupe et la t\u00eate en culotte\". Et Lauranne appr\u00e9cie intens\u00e9ment cette dualit\u00e9 diriger de main de ma\u00eetre les instituts L.L. (sauna, mise en forme, gym) et jouir de sa libert\u00e9 de femme ind\u00e9pendante, parfois fantasque, sans pr\u00e9jug\u00e9s ni tabous. Sa rencontre avec Philippe risque cependant de tout remettre en question: un amant s\u00e9duisant, certes, et d'une jolie fougue, mais qui bient\u00f4t r\u00eave d'\u00eatre un mari - sinon dominateur, du moins protecteur. Non, pas question! Humour et patience, lucidit\u00e9 et modestie, Philippe va tout mettre en oeuvre pour la convaincre qu'elle peut l'aimer sans cesser d'\u00eatre elle-m\u00eame.","og_url":"https:\/\/chtululu.be\/index.php\/produit\/les-jupes-culottes\/","og_site_name":"Le Chtululu","article_modified_time":"2017-03-07T21:00:45+00:00","og_image":[{"width":200,"height":277,"url":"https:\/\/chtululu.be\/wp-content\/uploads\/2017\/03\/jupe-culotte.jpg","type":"image\/jpeg"}],"twitter_card":"summary_large_image","schema":{"@context":"https:\/\/schema.org","@graph":[{"@type":"WebPage","@id":"https:\/\/chtululu.be\/index.php\/produit\/les-jupes-culottes\/","url":"https:\/\/chtululu.be\/index.php\/produit\/les-jupes-culottes\/","name":"Les jupes-culottes - Le Chtululu","isPartOf":{"@id":"https:\/\/chtululu.be\/#website"},"primaryImageOfPage":{"@id":"https:\/\/chtululu.be\/index.php\/produit\/les-jupes-culottes\/#primaryimage"},"image":{"@id":"https:\/\/chtululu.be\/index.php\/produit\/les-jupes-culottes\/#primaryimage"},"thumbnailUrl":"https:\/\/chtululu.be\/wp-content\/uploads\/2017\/03\/jupe-culotte.jpg","datePublished":"2017-03-07T20:56:55+00:00","dateModified":"2017-03-07T21:00:45+00:00","breadcrumb":{"@id":"https:\/\/chtululu.be\/index.php\/produit\/les-jupes-culottes\/#breadcrumb"},"inLanguage":"fr-FR","potentialAction":[{"@type":"ReadAction","target":["https:\/\/chtululu.be\/index.php\/produit\/les-jupes-culottes\/"]}]},{"@type":"ImageObject","inLanguage":"fr-FR","@id":"https:\/\/chtululu.be\/index.php\/produit\/les-jupes-culottes\/#primaryimage","url":"https:\/\/chtululu.be\/wp-content\/uploads\/2017\/03\/jupe-culotte.jpg","contentUrl":"https:\/\/chtululu.be\/wp-content\/uploads\/2017\/03\/jupe-culotte.jpg","width":200,"height":277},{"@type":"BreadcrumbList","@id":"https:\/\/chtululu.be\/index.php\/produit\/les-jupes-culottes\/#breadcrumb","itemListElement":[{"@type":"ListItem","position":1,"name":"Accueil","item":"https:\/\/chtululu.be\/"},{"@type":"ListItem","position":2,"name":"Les livres","item":"https:\/\/chtululu.be\/index.php\/livres-doccasion\/"},{"@type":"ListItem","position":3,"name":"Les jupes-culottes"}]},{"@type":"WebSite","@id":"https:\/\/chtululu.be\/#website","url":"https:\/\/chtululu.be\/","name":"Le Chtululu","description":"Votre librairie de seconde main \u00e0 Soignies","publisher":{"@id":"https:\/\/chtululu.be\/#organization"},"potentialAction":[{"@type":"SearchAction","target":{"@type":"EntryPoint","urlTemplate":"https:\/\/chtululu.be\/?s={search_term_string}"},"query-input":{"@type":"PropertyValueSpecification","valueRequired":true,"valueName":"search_term_string"}}],"inLanguage":"fr-FR"},{"@type":"Organization","@id":"https:\/\/chtululu.be\/#organization","name":"Le Chtululu","url":"https:\/\/chtululu.be\/","logo":{"@type":"ImageObject","inLanguage":"fr-FR","@id":"https:\/\/chtululu.be\/#\/schema\/logo\/image\/","url":"https:\/\/chtululu.be\/wp-content\/uploads\/2016\/05\/logo-def-blanc.jpg","contentUrl":"https:\/\/chtululu.be\/wp-content\/uploads\/2016\/05\/logo-def-blanc.jpg","width":2048,"height":1901,"caption":"Le Chtululu"},"image":{"@id":"https:\/\/chtululu.be\/#\/schema\/logo\/image\/"}}]}},"_links":{"self":[{"href":"https:\/\/chtululu.be\/index.php\/wp-json\/wp\/v2\/product\/1074","targetHints":{"allow":["GET"]}}],"collection":[{"href":"https:\/\/chtululu.be\/index.php\/wp-json\/wp\/v2\/product"}],"about":[{"href":"https:\/\/chtululu.be\/index.php\/wp-json\/wp\/v2\/types\/product"}],"wp:featuredmedia":[{"embeddable":true,"href":"https:\/\/chtululu.be\/index.php\/wp-json\/wp\/v2\/media\/1066"}],"wp:attachment":[{"href":"https:\/\/chtululu.be\/index.php\/wp-json\/wp\/v2\/media?parent=1074"}],"wp:term":[{"taxonomy":"product_brand","embeddable":true,"href":"https:\/\/chtululu.be\/index.php\/wp-json\/wp\/v2\/product_brand?post=1074"},{"taxonomy":"product_cat","embeddable":true,"href":"https:\/\/chtululu.be\/index.php\/wp-json\/wp\/v2\/product_cat?post=1074"},{"taxonomy":"product_tag","embeddable":true,"href":"https:\/\/chtululu.be\/index.php\/wp-json\/wp\/v2\/product_tag?post=1074"}],"curies":[{"name":"wp","href":"https:\/\/api.w.org\/{rel}","templated":true}]}}