{"id":1072,"date":"2017-03-07T21:56:53","date_gmt":"2017-03-07T20:56:53","guid":{"rendered":"http:\/\/chtululu.be\/index.php\/produit\/larracheuse-de-dents\/"},"modified":"2017-03-07T22:03:41","modified_gmt":"2017-03-07T21:03:41","slug":"larracheuse-de-dents","status":"publish","type":"product","link":"https:\/\/chtululu.be\/index.php\/produit\/larracheuse-de-dents\/","title":{"rendered":"L&rsquo;arracheuse de dents"},"content":{"rendered":"","protected":false},"excerpt":{"rendered":"<p><strong>Giesbert Franz-Olivier<\/strong><br \/>\nSous le plancher de sa maison de famille, un professeur retrouve par hasard les M\u00e9moires in\u00e9dits de son a\u00efeule Lucile Bradsock, r\u00e9fugi\u00e9e en pleine R\u00e9volution fran\u00e7aise chez un c\u00e9l\u00e8bre dentiste parisien qui lui a appris le m\u00e9tier.<br \/>\nSa vie claque comme une \u00e9pop\u00e9e. Devenue l\u0092une des premi\u00e8res femmes dentistes de l\u0092Histoire, cette scandaleuse soigne Robespierre aussi bien que le fils du roi, avant de partir en Am\u00e9rique sur un bateau n\u00e9grier.<br \/>\nGr\u00e2ce \u00e0 ses talents de praticienne et au fil de ses aventures entre les deux continents, Lucile rencontre Louis XVI, Washington, La Fayette ou Napol\u00e9on, tous d\u00e9crits sous un jour inattendu. Prenant fait et cause pour les esclaves du Sud ou les Indiens de l\u0092Ouest, ce Monte-Cristo en jupons cherche toujours \u00e0 infl\u00e9chir le cours de l\u0092Histoire sans oublier de redresser les torts et de faire justice elle-m\u00eame.<br \/>\nInfatigable s\u00e9ductrice, Lucile Bradsock professe un go\u00fbt immod\u00e9r\u00e9 de l\u0092amour et des hommes. Sa devise : \u00abMerci la vie!\u00bb Cette odyss\u00e9e truculente est finalement un hymne \u00e0 la joie.<\/p>\n","protected":false},"featured_media":1068,"template":"","meta":{"_acf_changed":false,"_exactmetrics_skip_tracking":false,"_exactmetrics_sitenote_active":false,"_exactmetrics_sitenote_note":"","_exactmetrics_sitenote_category":0},"product_brand":[],"product_cat":[24],"product_tag":[285],"class_list":{"0":"post-1072","1":"product","2":"type-product","3":"status-publish","4":"has-post-thumbnail","6":"product_cat-roman","7":"product_tag-giesbert-franz-olivier","9":"first","10":"instock","11":"sold-individually","12":"taxable","13":"shipping-taxable","14":"purchasable","15":"product-type-simple"},"acf":[],"yoast_head":"<!-- This site is optimized with the Yoast SEO plugin v26.6 - https:\/\/yoast.com\/wordpress\/plugins\/seo\/ -->\n<title>L&#039;arracheuse de dents - Le Chtululu<\/title>\n<meta name=\"robots\" content=\"index, follow, max-snippet:-1, max-image-preview:large, max-video-preview:-1\" \/>\n<link rel=\"canonical\" href=\"https:\/\/chtululu.be\/index.php\/produit\/larracheuse-de-dents\/\" \/>\n<meta property=\"og:locale\" content=\"fr_FR\" \/>\n<meta property=\"og:type\" content=\"article\" \/>\n<meta property=\"og:title\" content=\"L&#039;arracheuse de dents - Le Chtululu\" \/>\n<meta property=\"og:description\" content=\"Giesbert Franz-Olivier Sous le plancher de sa maison de famille, un professeur retrouve par hasard les M\u00e9moires in\u00e9dits de son a\u00efeule Lucile Bradsock, r\u00e9fugi\u00e9e en pleine R\u00e9volution fran\u00e7aise chez un c\u00e9l\u00e8bre dentiste parisien qui lui a appris le m\u00e9tier. Sa vie claque comme une \u00e9pop\u00e9e. Devenue l\u0092une des premi\u00e8res femmes dentistes de l\u0092Histoire, cette scandaleuse soigne Robespierre aussi bien que le fils du roi, avant de partir en Am\u00e9rique sur un bateau n\u00e9grier. Gr\u00e2ce \u00e0 ses talents de praticienne et au fil de ses aventures entre les deux continents, Lucile rencontre Louis XVI, Washington, La Fayette ou Napol\u00e9on, tous d\u00e9crits sous un jour inattendu. Prenant fait et cause pour les esclaves du Sud ou les Indiens de l\u0092Ouest, ce Monte-Cristo en jupons cherche toujours \u00e0 infl\u00e9chir le cours de l\u0092Histoire sans oublier de redresser les torts et de faire justice elle-m\u00eame. Infatigable s\u00e9ductrice, Lucile Bradsock professe un go\u00fbt immod\u00e9r\u00e9 de l\u0092amour et des hommes. Sa devise : \u00abMerci la vie!\u00bb Cette odyss\u00e9e truculente est finalement un hymne \u00e0 la joie.\" \/>\n<meta property=\"og:url\" content=\"https:\/\/chtululu.be\/index.php\/produit\/larracheuse-de-dents\/\" \/>\n<meta property=\"og:site_name\" content=\"Le Chtululu\" \/>\n<meta property=\"article:modified_time\" content=\"2017-03-07T21:03:41+00:00\" \/>\n<meta property=\"og:image\" content=\"https:\/\/chtululu.be\/wp-content\/uploads\/2017\/03\/arracheuse.jpg\" \/>\n\t<meta property=\"og:image:width\" content=\"200\" \/>\n\t<meta property=\"og:image:height\" content=\"295\" \/>\n\t<meta property=\"og:image:type\" content=\"image\/jpeg\" \/>\n<meta name=\"twitter:card\" content=\"summary_large_image\" \/>\n<script type=\"application\/ld+json\" class=\"yoast-schema-graph\">{\"@context\":\"https:\/\/schema.org\",\"@graph\":[{\"@type\":\"WebPage\",\"@id\":\"https:\/\/chtululu.be\/index.php\/produit\/larracheuse-de-dents\/\",\"url\":\"https:\/\/chtululu.be\/index.php\/produit\/larracheuse-de-dents\/\",\"name\":\"L'arracheuse de dents - Le Chtululu\",\"isPartOf\":{\"@id\":\"https:\/\/chtululu.be\/#website\"},\"primaryImageOfPage\":{\"@id\":\"https:\/\/chtululu.be\/index.php\/produit\/larracheuse-de-dents\/#primaryimage\"},\"image\":{\"@id\":\"https:\/\/chtululu.be\/index.php\/produit\/larracheuse-de-dents\/#primaryimage\"},\"thumbnailUrl\":\"https:\/\/chtululu.be\/wp-content\/uploads\/2017\/03\/arracheuse.jpg\",\"datePublished\":\"2017-03-07T20:56:53+00:00\",\"dateModified\":\"2017-03-07T21:03:41+00:00\",\"breadcrumb\":{\"@id\":\"https:\/\/chtululu.be\/index.php\/produit\/larracheuse-de-dents\/#breadcrumb\"},\"inLanguage\":\"fr-FR\",\"potentialAction\":[{\"@type\":\"ReadAction\",\"target\":[\"https:\/\/chtululu.be\/index.php\/produit\/larracheuse-de-dents\/\"]}]},{\"@type\":\"ImageObject\",\"inLanguage\":\"fr-FR\",\"@id\":\"https:\/\/chtululu.be\/index.php\/produit\/larracheuse-de-dents\/#primaryimage\",\"url\":\"https:\/\/chtululu.be\/wp-content\/uploads\/2017\/03\/arracheuse.jpg\",\"contentUrl\":\"https:\/\/chtululu.be\/wp-content\/uploads\/2017\/03\/arracheuse.jpg\",\"width\":200,\"height\":295},{\"@type\":\"BreadcrumbList\",\"@id\":\"https:\/\/chtululu.be\/index.php\/produit\/larracheuse-de-dents\/#breadcrumb\",\"itemListElement\":[{\"@type\":\"ListItem\",\"position\":1,\"name\":\"Accueil\",\"item\":\"https:\/\/chtululu.be\/\"},{\"@type\":\"ListItem\",\"position\":2,\"name\":\"Les livres\",\"item\":\"https:\/\/chtululu.be\/index.php\/livres-doccasion\/\"},{\"@type\":\"ListItem\",\"position\":3,\"name\":\"L&rsquo;arracheuse de dents\"}]},{\"@type\":\"WebSite\",\"@id\":\"https:\/\/chtululu.be\/#website\",\"url\":\"https:\/\/chtululu.be\/\",\"name\":\"Le Chtululu\",\"description\":\"Votre librairie de seconde main \u00e0 Soignies\",\"publisher\":{\"@id\":\"https:\/\/chtululu.be\/#organization\"},\"potentialAction\":[{\"@type\":\"SearchAction\",\"target\":{\"@type\":\"EntryPoint\",\"urlTemplate\":\"https:\/\/chtululu.be\/?s={search_term_string}\"},\"query-input\":{\"@type\":\"PropertyValueSpecification\",\"valueRequired\":true,\"valueName\":\"search_term_string\"}}],\"inLanguage\":\"fr-FR\"},{\"@type\":\"Organization\",\"@id\":\"https:\/\/chtululu.be\/#organization\",\"name\":\"Le Chtululu\",\"url\":\"https:\/\/chtululu.be\/\",\"logo\":{\"@type\":\"ImageObject\",\"inLanguage\":\"fr-FR\",\"@id\":\"https:\/\/chtululu.be\/#\/schema\/logo\/image\/\",\"url\":\"https:\/\/chtululu.be\/wp-content\/uploads\/2016\/05\/logo-def-blanc.jpg\",\"contentUrl\":\"https:\/\/chtululu.be\/wp-content\/uploads\/2016\/05\/logo-def-blanc.jpg\",\"width\":2048,\"height\":1901,\"caption\":\"Le Chtululu\"},\"image\":{\"@id\":\"https:\/\/chtululu.be\/#\/schema\/logo\/image\/\"}}]}<\/script>\n<!-- \/ Yoast SEO plugin. -->","yoast_head_json":{"title":"L'arracheuse de dents - Le Chtululu","robots":{"index":"index","follow":"follow","max-snippet":"max-snippet:-1","max-image-preview":"max-image-preview:large","max-video-preview":"max-video-preview:-1"},"canonical":"https:\/\/chtululu.be\/index.php\/produit\/larracheuse-de-dents\/","og_locale":"fr_FR","og_type":"article","og_title":"L'arracheuse de dents - Le Chtululu","og_description":"Giesbert Franz-Olivier Sous le plancher de sa maison de famille, un professeur retrouve par hasard les M\u00e9moires in\u00e9dits de son a\u00efeule Lucile Bradsock, r\u00e9fugi\u00e9e en pleine R\u00e9volution fran\u00e7aise chez un c\u00e9l\u00e8bre dentiste parisien qui lui a appris le m\u00e9tier. Sa vie claque comme une \u00e9pop\u00e9e. Devenue l\u0092une des premi\u00e8res femmes dentistes de l\u0092Histoire, cette scandaleuse soigne Robespierre aussi bien que le fils du roi, avant de partir en Am\u00e9rique sur un bateau n\u00e9grier. Gr\u00e2ce \u00e0 ses talents de praticienne et au fil de ses aventures entre les deux continents, Lucile rencontre Louis XVI, Washington, La Fayette ou Napol\u00e9on, tous d\u00e9crits sous un jour inattendu. Prenant fait et cause pour les esclaves du Sud ou les Indiens de l\u0092Ouest, ce Monte-Cristo en jupons cherche toujours \u00e0 infl\u00e9chir le cours de l\u0092Histoire sans oublier de redresser les torts et de faire justice elle-m\u00eame. Infatigable s\u00e9ductrice, Lucile Bradsock professe un go\u00fbt immod\u00e9r\u00e9 de l\u0092amour et des hommes. Sa devise : \u00abMerci la vie!\u00bb Cette odyss\u00e9e truculente est finalement un hymne \u00e0 la joie.","og_url":"https:\/\/chtululu.be\/index.php\/produit\/larracheuse-de-dents\/","og_site_name":"Le Chtululu","article_modified_time":"2017-03-07T21:03:41+00:00","og_image":[{"width":200,"height":295,"url":"https:\/\/chtululu.be\/wp-content\/uploads\/2017\/03\/arracheuse.jpg","type":"image\/jpeg"}],"twitter_card":"summary_large_image","schema":{"@context":"https:\/\/schema.org","@graph":[{"@type":"WebPage","@id":"https:\/\/chtululu.be\/index.php\/produit\/larracheuse-de-dents\/","url":"https:\/\/chtululu.be\/index.php\/produit\/larracheuse-de-dents\/","name":"L'arracheuse de dents - Le Chtululu","isPartOf":{"@id":"https:\/\/chtululu.be\/#website"},"primaryImageOfPage":{"@id":"https:\/\/chtululu.be\/index.php\/produit\/larracheuse-de-dents\/#primaryimage"},"image":{"@id":"https:\/\/chtululu.be\/index.php\/produit\/larracheuse-de-dents\/#primaryimage"},"thumbnailUrl":"https:\/\/chtululu.be\/wp-content\/uploads\/2017\/03\/arracheuse.jpg","datePublished":"2017-03-07T20:56:53+00:00","dateModified":"2017-03-07T21:03:41+00:00","breadcrumb":{"@id":"https:\/\/chtululu.be\/index.php\/produit\/larracheuse-de-dents\/#breadcrumb"},"inLanguage":"fr-FR","potentialAction":[{"@type":"ReadAction","target":["https:\/\/chtululu.be\/index.php\/produit\/larracheuse-de-dents\/"]}]},{"@type":"ImageObject","inLanguage":"fr-FR","@id":"https:\/\/chtululu.be\/index.php\/produit\/larracheuse-de-dents\/#primaryimage","url":"https:\/\/chtululu.be\/wp-content\/uploads\/2017\/03\/arracheuse.jpg","contentUrl":"https:\/\/chtululu.be\/wp-content\/uploads\/2017\/03\/arracheuse.jpg","width":200,"height":295},{"@type":"BreadcrumbList","@id":"https:\/\/chtululu.be\/index.php\/produit\/larracheuse-de-dents\/#breadcrumb","itemListElement":[{"@type":"ListItem","position":1,"name":"Accueil","item":"https:\/\/chtululu.be\/"},{"@type":"ListItem","position":2,"name":"Les livres","item":"https:\/\/chtululu.be\/index.php\/livres-doccasion\/"},{"@type":"ListItem","position":3,"name":"L&rsquo;arracheuse de dents"}]},{"@type":"WebSite","@id":"https:\/\/chtululu.be\/#website","url":"https:\/\/chtululu.be\/","name":"Le Chtululu","description":"Votre librairie de seconde main \u00e0 Soignies","publisher":{"@id":"https:\/\/chtululu.be\/#organization"},"potentialAction":[{"@type":"SearchAction","target":{"@type":"EntryPoint","urlTemplate":"https:\/\/chtululu.be\/?s={search_term_string}"},"query-input":{"@type":"PropertyValueSpecification","valueRequired":true,"valueName":"search_term_string"}}],"inLanguage":"fr-FR"},{"@type":"Organization","@id":"https:\/\/chtululu.be\/#organization","name":"Le Chtululu","url":"https:\/\/chtululu.be\/","logo":{"@type":"ImageObject","inLanguage":"fr-FR","@id":"https:\/\/chtululu.be\/#\/schema\/logo\/image\/","url":"https:\/\/chtululu.be\/wp-content\/uploads\/2016\/05\/logo-def-blanc.jpg","contentUrl":"https:\/\/chtululu.be\/wp-content\/uploads\/2016\/05\/logo-def-blanc.jpg","width":2048,"height":1901,"caption":"Le Chtululu"},"image":{"@id":"https:\/\/chtululu.be\/#\/schema\/logo\/image\/"}}]}},"_links":{"self":[{"href":"https:\/\/chtululu.be\/index.php\/wp-json\/wp\/v2\/product\/1072","targetHints":{"allow":["GET"]}}],"collection":[{"href":"https:\/\/chtululu.be\/index.php\/wp-json\/wp\/v2\/product"}],"about":[{"href":"https:\/\/chtululu.be\/index.php\/wp-json\/wp\/v2\/types\/product"}],"wp:featuredmedia":[{"embeddable":true,"href":"https:\/\/chtululu.be\/index.php\/wp-json\/wp\/v2\/media\/1068"}],"wp:attachment":[{"href":"https:\/\/chtululu.be\/index.php\/wp-json\/wp\/v2\/media?parent=1072"}],"wp:term":[{"taxonomy":"product_brand","embeddable":true,"href":"https:\/\/chtululu.be\/index.php\/wp-json\/wp\/v2\/product_brand?post=1072"},{"taxonomy":"product_cat","embeddable":true,"href":"https:\/\/chtululu.be\/index.php\/wp-json\/wp\/v2\/product_cat?post=1072"},{"taxonomy":"product_tag","embeddable":true,"href":"https:\/\/chtululu.be\/index.php\/wp-json\/wp\/v2\/product_tag?post=1072"}],"curies":[{"name":"wp","href":"https:\/\/api.w.org\/{rel}","templated":true}]}}