{"id":1062,"date":"2017-03-06T17:00:05","date_gmt":"2017-03-06T16:00:05","guid":{"rendered":"http:\/\/chtululu.be\/index.php\/produit\/baby-sitter-blues\/"},"modified":"2017-03-06T17:01:04","modified_gmt":"2017-03-06T16:01:04","slug":"baby-sitter-blues","status":"publish","type":"product","link":"https:\/\/chtululu.be\/index.php\/produit\/baby-sitter-blues\/","title":{"rendered":"Baby-sitter blues"},"content":{"rendered":"","protected":false},"excerpt":{"rendered":"<p><strong>Murail Marie-Aude<\/strong><br \/>\nComment faire quand on veut absolument le m\u00eame magn\u00e9toscope que les copains, et qu&rsquo;on ne d\u00e9passe pas les cent francs d&rsquo;argent de poche par mois?<\/p>\n<p>\u00c9milien d\u00e9cide de se lancer dans le baby-sitting. A vingt francs de l&rsquo;heure, il a calcul\u00e9 qu&rsquo;il serait bient\u00f4t au bout de ses peines. Il se fait une r\u00e9putation de raconteur d&rsquo;histoires et potasse sa nouvelle bible: \u00ab\u00a0Comprendre et aimer son enfant\u00a0\u00bb. Il affronte Martin qui dit toujours non, et Axel qui dit: \u00ab\u00a0Tu ne m&rsquo;attraperas pas.\u00a0\u00bb<\/p>\n<p>Il aime surtout Anthony, qui a seulement six mois. Seulement voil\u00e0, avec l&rsquo;entr\u00e9e en troisi\u00e8me, la situation se corse, et la m\u00e8re d&rsquo;\u00c9milien supprime t\u00e9l\u00e9vision et baby-sitting.<\/p>\n<p>\u00c9milien se reconvertit, donne des cours de fran\u00e7ais \u00e0 une fille qui fait plus de fautes qu&rsquo;on ne peut en inventer m\u00eame expr\u00e8s, pr\u00e9pare des r\u00e9dactions idiotes, ce qui le m\u00e8ne tout droit dans le grenier d&rsquo;Amandine.<\/p>\n<p>Et l\u00e0, \u00e7a se complique, parce qu&rsquo;Amandine est vraiment une fille bizarre. Retrouvez Emilien dans: \u00ab\u00a0Le Tr\u00e9sor de mon p\u00e8re\u00a0\u00bb, \u00ab\u00a0Le Clocher d&rsquo;Abgall\u00a0\u00bb, \u00ab\u00a0Au bonheur des larmes\u00a0\u00bb, \u00ab\u00a0Un s\u00e9ducteur n\u00e9\u00a0\u00bb, \u00ab\u00a0Sans sucre merci\u00a0\u00bb, \u00ab\u00a0Nos amours ne vont pas si mal\u00a0\u00bb.<\/p>\n","protected":false},"featured_media":1054,"template":"","meta":{"_acf_changed":false,"_exactmetrics_skip_tracking":false,"_exactmetrics_sitenote_active":false,"_exactmetrics_sitenote_note":"","_exactmetrics_sitenote_category":0},"product_brand":[],"product_cat":[280],"product_tag":[282],"class_list":{"0":"post-1062","1":"product","2":"type-product","3":"status-publish","4":"has-post-thumbnail","6":"product_cat-jeunesse","7":"product_tag-murail-marie-aude","9":"first","10":"instock","11":"sold-individually","12":"taxable","13":"shipping-taxable","14":"purchasable","15":"product-type-simple"},"acf":[],"yoast_head":"<!-- This site is optimized with the Yoast SEO plugin v26.6 - https:\/\/yoast.com\/wordpress\/plugins\/seo\/ -->\n<title>Baby-sitter blues - Le Chtululu<\/title>\n<meta name=\"robots\" content=\"index, follow, max-snippet:-1, max-image-preview:large, max-video-preview:-1\" \/>\n<link rel=\"canonical\" href=\"https:\/\/chtululu.be\/index.php\/produit\/baby-sitter-blues\/\" \/>\n<meta property=\"og:locale\" content=\"fr_FR\" \/>\n<meta property=\"og:type\" content=\"article\" \/>\n<meta property=\"og:title\" content=\"Baby-sitter blues - Le Chtululu\" \/>\n<meta property=\"og:description\" content=\"Murail Marie-Aude Comment faire quand on veut absolument le m\u00eame magn\u00e9toscope que les copains, et qu&#039;on ne d\u00e9passe pas les cent francs d&#039;argent de poche par mois?  \u00c9milien d\u00e9cide de se lancer dans le baby-sitting. A vingt francs de l&#039;heure, il a calcul\u00e9 qu&#039;il serait bient\u00f4t au bout de ses peines. Il se fait une r\u00e9putation de raconteur d&#039;histoires et potasse sa nouvelle bible: &quot;Comprendre et aimer son enfant&quot;. Il affronte Martin qui dit toujours non, et Axel qui dit: &quot;Tu ne m&#039;attraperas pas.&quot;  Il aime surtout Anthony, qui a seulement six mois. Seulement voil\u00e0, avec l&#039;entr\u00e9e en troisi\u00e8me, la situation se corse, et la m\u00e8re d&#039;\u00c9milien supprime t\u00e9l\u00e9vision et baby-sitting.  \u00c9milien se reconvertit, donne des cours de fran\u00e7ais \u00e0 une fille qui fait plus de fautes qu&#039;on ne peut en inventer m\u00eame expr\u00e8s, pr\u00e9pare des r\u00e9dactions idiotes, ce qui le m\u00e8ne tout droit dans le grenier d&#039;Amandine.  Et l\u00e0, \u00e7a se complique, parce qu&#039;Amandine est vraiment une fille bizarre. Retrouvez Emilien dans: &quot;Le Tr\u00e9sor de mon p\u00e8re&quot;, &quot;Le Clocher d&#039;Abgall&quot;, &quot;Au bonheur des larmes&quot;, &quot;Un s\u00e9ducteur n\u00e9&quot;, &quot;Sans sucre merci&quot;, &quot;Nos amours ne vont pas si mal&quot;.\" \/>\n<meta property=\"og:url\" content=\"https:\/\/chtululu.be\/index.php\/produit\/baby-sitter-blues\/\" \/>\n<meta property=\"og:site_name\" content=\"Le Chtululu\" \/>\n<meta property=\"article:modified_time\" content=\"2017-03-06T16:01:04+00:00\" \/>\n<meta property=\"og:image\" content=\"https:\/\/chtululu.be\/wp-content\/uploads\/2017\/03\/Baby-sitter-blues.jpg\" \/>\n\t<meta property=\"og:image:width\" content=\"200\" \/>\n\t<meta property=\"og:image:height\" content=\"307\" \/>\n\t<meta property=\"og:image:type\" content=\"image\/jpeg\" \/>\n<meta name=\"twitter:card\" content=\"summary_large_image\" \/>\n<script type=\"application\/ld+json\" class=\"yoast-schema-graph\">{\"@context\":\"https:\/\/schema.org\",\"@graph\":[{\"@type\":\"WebPage\",\"@id\":\"https:\/\/chtululu.be\/index.php\/produit\/baby-sitter-blues\/\",\"url\":\"https:\/\/chtululu.be\/index.php\/produit\/baby-sitter-blues\/\",\"name\":\"Baby-sitter blues - Le Chtululu\",\"isPartOf\":{\"@id\":\"https:\/\/chtululu.be\/#website\"},\"primaryImageOfPage\":{\"@id\":\"https:\/\/chtululu.be\/index.php\/produit\/baby-sitter-blues\/#primaryimage\"},\"image\":{\"@id\":\"https:\/\/chtululu.be\/index.php\/produit\/baby-sitter-blues\/#primaryimage\"},\"thumbnailUrl\":\"https:\/\/chtululu.be\/wp-content\/uploads\/2017\/03\/Baby-sitter-blues.jpg\",\"datePublished\":\"2017-03-06T16:00:05+00:00\",\"dateModified\":\"2017-03-06T16:01:04+00:00\",\"breadcrumb\":{\"@id\":\"https:\/\/chtululu.be\/index.php\/produit\/baby-sitter-blues\/#breadcrumb\"},\"inLanguage\":\"fr-FR\",\"potentialAction\":[{\"@type\":\"ReadAction\",\"target\":[\"https:\/\/chtululu.be\/index.php\/produit\/baby-sitter-blues\/\"]}]},{\"@type\":\"ImageObject\",\"inLanguage\":\"fr-FR\",\"@id\":\"https:\/\/chtululu.be\/index.php\/produit\/baby-sitter-blues\/#primaryimage\",\"url\":\"https:\/\/chtululu.be\/wp-content\/uploads\/2017\/03\/Baby-sitter-blues.jpg\",\"contentUrl\":\"https:\/\/chtululu.be\/wp-content\/uploads\/2017\/03\/Baby-sitter-blues.jpg\",\"width\":200,\"height\":307},{\"@type\":\"BreadcrumbList\",\"@id\":\"https:\/\/chtululu.be\/index.php\/produit\/baby-sitter-blues\/#breadcrumb\",\"itemListElement\":[{\"@type\":\"ListItem\",\"position\":1,\"name\":\"Accueil\",\"item\":\"https:\/\/chtululu.be\/\"},{\"@type\":\"ListItem\",\"position\":2,\"name\":\"Les livres\",\"item\":\"https:\/\/chtululu.be\/index.php\/livres-doccasion\/\"},{\"@type\":\"ListItem\",\"position\":3,\"name\":\"Baby-sitter blues\"}]},{\"@type\":\"WebSite\",\"@id\":\"https:\/\/chtululu.be\/#website\",\"url\":\"https:\/\/chtululu.be\/\",\"name\":\"Le Chtululu\",\"description\":\"Votre librairie de seconde main \u00e0 Soignies\",\"publisher\":{\"@id\":\"https:\/\/chtululu.be\/#organization\"},\"potentialAction\":[{\"@type\":\"SearchAction\",\"target\":{\"@type\":\"EntryPoint\",\"urlTemplate\":\"https:\/\/chtululu.be\/?s={search_term_string}\"},\"query-input\":{\"@type\":\"PropertyValueSpecification\",\"valueRequired\":true,\"valueName\":\"search_term_string\"}}],\"inLanguage\":\"fr-FR\"},{\"@type\":\"Organization\",\"@id\":\"https:\/\/chtululu.be\/#organization\",\"name\":\"Le Chtululu\",\"url\":\"https:\/\/chtululu.be\/\",\"logo\":{\"@type\":\"ImageObject\",\"inLanguage\":\"fr-FR\",\"@id\":\"https:\/\/chtululu.be\/#\/schema\/logo\/image\/\",\"url\":\"https:\/\/chtululu.be\/wp-content\/uploads\/2016\/05\/logo-def-blanc.jpg\",\"contentUrl\":\"https:\/\/chtululu.be\/wp-content\/uploads\/2016\/05\/logo-def-blanc.jpg\",\"width\":2048,\"height\":1901,\"caption\":\"Le Chtululu\"},\"image\":{\"@id\":\"https:\/\/chtululu.be\/#\/schema\/logo\/image\/\"}}]}<\/script>\n<!-- \/ Yoast SEO plugin. -->","yoast_head_json":{"title":"Baby-sitter blues - Le Chtululu","robots":{"index":"index","follow":"follow","max-snippet":"max-snippet:-1","max-image-preview":"max-image-preview:large","max-video-preview":"max-video-preview:-1"},"canonical":"https:\/\/chtululu.be\/index.php\/produit\/baby-sitter-blues\/","og_locale":"fr_FR","og_type":"article","og_title":"Baby-sitter blues - Le Chtululu","og_description":"Murail Marie-Aude Comment faire quand on veut absolument le m\u00eame magn\u00e9toscope que les copains, et qu'on ne d\u00e9passe pas les cent francs d'argent de poche par mois?  \u00c9milien d\u00e9cide de se lancer dans le baby-sitting. A vingt francs de l'heure, il a calcul\u00e9 qu'il serait bient\u00f4t au bout de ses peines. Il se fait une r\u00e9putation de raconteur d'histoires et potasse sa nouvelle bible: \"Comprendre et aimer son enfant\". Il affronte Martin qui dit toujours non, et Axel qui dit: \"Tu ne m'attraperas pas.\"  Il aime surtout Anthony, qui a seulement six mois. Seulement voil\u00e0, avec l'entr\u00e9e en troisi\u00e8me, la situation se corse, et la m\u00e8re d'\u00c9milien supprime t\u00e9l\u00e9vision et baby-sitting.  \u00c9milien se reconvertit, donne des cours de fran\u00e7ais \u00e0 une fille qui fait plus de fautes qu'on ne peut en inventer m\u00eame expr\u00e8s, pr\u00e9pare des r\u00e9dactions idiotes, ce qui le m\u00e8ne tout droit dans le grenier d'Amandine.  Et l\u00e0, \u00e7a se complique, parce qu'Amandine est vraiment une fille bizarre. Retrouvez Emilien dans: \"Le Tr\u00e9sor de mon p\u00e8re\", \"Le Clocher d'Abgall\", \"Au bonheur des larmes\", \"Un s\u00e9ducteur n\u00e9\", \"Sans sucre merci\", \"Nos amours ne vont pas si mal\".","og_url":"https:\/\/chtululu.be\/index.php\/produit\/baby-sitter-blues\/","og_site_name":"Le Chtululu","article_modified_time":"2017-03-06T16:01:04+00:00","og_image":[{"width":200,"height":307,"url":"https:\/\/chtululu.be\/wp-content\/uploads\/2017\/03\/Baby-sitter-blues.jpg","type":"image\/jpeg"}],"twitter_card":"summary_large_image","schema":{"@context":"https:\/\/schema.org","@graph":[{"@type":"WebPage","@id":"https:\/\/chtululu.be\/index.php\/produit\/baby-sitter-blues\/","url":"https:\/\/chtululu.be\/index.php\/produit\/baby-sitter-blues\/","name":"Baby-sitter blues - Le Chtululu","isPartOf":{"@id":"https:\/\/chtululu.be\/#website"},"primaryImageOfPage":{"@id":"https:\/\/chtululu.be\/index.php\/produit\/baby-sitter-blues\/#primaryimage"},"image":{"@id":"https:\/\/chtululu.be\/index.php\/produit\/baby-sitter-blues\/#primaryimage"},"thumbnailUrl":"https:\/\/chtululu.be\/wp-content\/uploads\/2017\/03\/Baby-sitter-blues.jpg","datePublished":"2017-03-06T16:00:05+00:00","dateModified":"2017-03-06T16:01:04+00:00","breadcrumb":{"@id":"https:\/\/chtululu.be\/index.php\/produit\/baby-sitter-blues\/#breadcrumb"},"inLanguage":"fr-FR","potentialAction":[{"@type":"ReadAction","target":["https:\/\/chtululu.be\/index.php\/produit\/baby-sitter-blues\/"]}]},{"@type":"ImageObject","inLanguage":"fr-FR","@id":"https:\/\/chtululu.be\/index.php\/produit\/baby-sitter-blues\/#primaryimage","url":"https:\/\/chtululu.be\/wp-content\/uploads\/2017\/03\/Baby-sitter-blues.jpg","contentUrl":"https:\/\/chtululu.be\/wp-content\/uploads\/2017\/03\/Baby-sitter-blues.jpg","width":200,"height":307},{"@type":"BreadcrumbList","@id":"https:\/\/chtululu.be\/index.php\/produit\/baby-sitter-blues\/#breadcrumb","itemListElement":[{"@type":"ListItem","position":1,"name":"Accueil","item":"https:\/\/chtululu.be\/"},{"@type":"ListItem","position":2,"name":"Les livres","item":"https:\/\/chtululu.be\/index.php\/livres-doccasion\/"},{"@type":"ListItem","position":3,"name":"Baby-sitter blues"}]},{"@type":"WebSite","@id":"https:\/\/chtululu.be\/#website","url":"https:\/\/chtululu.be\/","name":"Le Chtululu","description":"Votre librairie de seconde main \u00e0 Soignies","publisher":{"@id":"https:\/\/chtululu.be\/#organization"},"potentialAction":[{"@type":"SearchAction","target":{"@type":"EntryPoint","urlTemplate":"https:\/\/chtululu.be\/?s={search_term_string}"},"query-input":{"@type":"PropertyValueSpecification","valueRequired":true,"valueName":"search_term_string"}}],"inLanguage":"fr-FR"},{"@type":"Organization","@id":"https:\/\/chtululu.be\/#organization","name":"Le Chtululu","url":"https:\/\/chtululu.be\/","logo":{"@type":"ImageObject","inLanguage":"fr-FR","@id":"https:\/\/chtululu.be\/#\/schema\/logo\/image\/","url":"https:\/\/chtululu.be\/wp-content\/uploads\/2016\/05\/logo-def-blanc.jpg","contentUrl":"https:\/\/chtululu.be\/wp-content\/uploads\/2016\/05\/logo-def-blanc.jpg","width":2048,"height":1901,"caption":"Le Chtululu"},"image":{"@id":"https:\/\/chtululu.be\/#\/schema\/logo\/image\/"}}]}},"_links":{"self":[{"href":"https:\/\/chtululu.be\/index.php\/wp-json\/wp\/v2\/product\/1062","targetHints":{"allow":["GET"]}}],"collection":[{"href":"https:\/\/chtululu.be\/index.php\/wp-json\/wp\/v2\/product"}],"about":[{"href":"https:\/\/chtululu.be\/index.php\/wp-json\/wp\/v2\/types\/product"}],"wp:featuredmedia":[{"embeddable":true,"href":"https:\/\/chtululu.be\/index.php\/wp-json\/wp\/v2\/media\/1054"}],"wp:attachment":[{"href":"https:\/\/chtululu.be\/index.php\/wp-json\/wp\/v2\/media?parent=1062"}],"wp:term":[{"taxonomy":"product_brand","embeddable":true,"href":"https:\/\/chtululu.be\/index.php\/wp-json\/wp\/v2\/product_brand?post=1062"},{"taxonomy":"product_cat","embeddable":true,"href":"https:\/\/chtululu.be\/index.php\/wp-json\/wp\/v2\/product_cat?post=1062"},{"taxonomy":"product_tag","embeddable":true,"href":"https:\/\/chtululu.be\/index.php\/wp-json\/wp\/v2\/product_tag?post=1062"}],"curies":[{"name":"wp","href":"https:\/\/api.w.org\/{rel}","templated":true}]}}