{"id":1061,"date":"2017-03-06T17:00:04","date_gmt":"2017-03-06T16:00:04","guid":{"rendered":"http:\/\/chtululu.be\/index.php\/produit\/dinky-rouge-sang\/"},"modified":"2017-03-06T17:01:47","modified_gmt":"2017-03-06T16:01:47","slug":"dinky-rouge-sang","status":"publish","type":"product","link":"https:\/\/chtululu.be\/index.php\/produit\/dinky-rouge-sang\/","title":{"rendered":"Dinky rouge sang"},"content":{"rendered":"","protected":false},"excerpt":{"rendered":"<p><strong>Murail Marie-Aude<\/strong><br \/>\nPourquoi cette grimace de peur d\u00e9forme-t-elle le visage de Fran\u00e7ois Roque ? Qu&rsquo;est-ce qui a pu pousser ce p\u00e8re de famille \u00e0 quitter, sans crier gare, femme et enfants ? Quand percera-t-on enfin le myst\u00e8re des origines de la civilisation \u00e9trusque ?<\/p>\n<p>Mais pourquoi Nils Hazard se pose-t-il tant de questions ? Sans doute parce qu&rsquo;il aime trouver des r\u00e9ponses. Pourquoi ? \u00c7a, il a ses raisons&#8230; Dinky rouge sang est un polar atypique. Marie-Aude Murail y dresse le portrait d&rsquo;un homme. Ou plut\u00f4t, elle y trace son itin\u00e9raire.<\/p>\n<p>Dans une premi\u00e8re partie tr\u00e8s angoissante, le jeune Nils Hazard (il a treize ans) raconte son enfance et le douloureux secret qui l&rsquo;entoure.<\/p>\n<p>Dans une seconde partie plus l\u00e9g\u00e8re et pleine de suspense, Nils accepte son destin. Il devient chasseur d&rsquo;\u00e9nigmes.<\/p>\n","protected":false},"featured_media":1050,"template":"","meta":{"_acf_changed":false,"_exactmetrics_skip_tracking":false,"_exactmetrics_sitenote_active":false,"_exactmetrics_sitenote_note":"","_exactmetrics_sitenote_category":0},"product_brand":[],"product_cat":[280],"product_tag":[282],"class_list":{"0":"post-1061","1":"product","2":"type-product","3":"status-publish","4":"has-post-thumbnail","6":"product_cat-jeunesse","7":"product_tag-murail-marie-aude","9":"first","10":"instock","11":"sold-individually","12":"taxable","13":"shipping-taxable","14":"purchasable","15":"product-type-simple"},"acf":[],"yoast_head":"<!-- This site is optimized with the Yoast SEO plugin v26.6 - https:\/\/yoast.com\/wordpress\/plugins\/seo\/ -->\n<title>Dinky rouge sang - Le Chtululu<\/title>\n<meta name=\"robots\" content=\"index, follow, max-snippet:-1, max-image-preview:large, max-video-preview:-1\" \/>\n<link rel=\"canonical\" href=\"https:\/\/chtululu.be\/index.php\/produit\/dinky-rouge-sang\/\" \/>\n<meta property=\"og:locale\" content=\"fr_FR\" \/>\n<meta property=\"og:type\" content=\"article\" \/>\n<meta property=\"og:title\" content=\"Dinky rouge sang - Le Chtululu\" \/>\n<meta property=\"og:description\" content=\"Murail Marie-Aude Pourquoi cette grimace de peur d\u00e9forme-t-elle le visage de Fran\u00e7ois Roque ? Qu&#039;est-ce qui a pu pousser ce p\u00e8re de famille \u00e0 quitter, sans crier gare, femme et enfants ? Quand percera-t-on enfin le myst\u00e8re des origines de la civilisation \u00e9trusque ?  Mais pourquoi Nils Hazard se pose-t-il tant de questions ? Sans doute parce qu&#039;il aime trouver des r\u00e9ponses. Pourquoi ? \u00c7a, il a ses raisons... Dinky rouge sang est un polar atypique. Marie-Aude Murail y dresse le portrait d&#039;un homme. Ou plut\u00f4t, elle y trace son itin\u00e9raire.  Dans une premi\u00e8re partie tr\u00e8s angoissante, le jeune Nils Hazard (il a treize ans) raconte son enfance et le douloureux secret qui l&#039;entoure.  Dans une seconde partie plus l\u00e9g\u00e8re et pleine de suspense, Nils accepte son destin. Il devient chasseur d&#039;\u00e9nigmes.\" \/>\n<meta property=\"og:url\" content=\"https:\/\/chtululu.be\/index.php\/produit\/dinky-rouge-sang\/\" \/>\n<meta property=\"og:site_name\" content=\"Le Chtululu\" \/>\n<meta property=\"article:modified_time\" content=\"2017-03-06T16:01:47+00:00\" \/>\n<meta property=\"og:image\" content=\"https:\/\/chtululu.be\/wp-content\/uploads\/2017\/03\/dinky.jpg\" \/>\n\t<meta property=\"og:image:width\" content=\"200\" \/>\n\t<meta property=\"og:image:height\" content=\"306\" \/>\n\t<meta property=\"og:image:type\" content=\"image\/jpeg\" \/>\n<meta name=\"twitter:card\" content=\"summary_large_image\" \/>\n<script type=\"application\/ld+json\" class=\"yoast-schema-graph\">{\"@context\":\"https:\/\/schema.org\",\"@graph\":[{\"@type\":\"WebPage\",\"@id\":\"https:\/\/chtululu.be\/index.php\/produit\/dinky-rouge-sang\/\",\"url\":\"https:\/\/chtululu.be\/index.php\/produit\/dinky-rouge-sang\/\",\"name\":\"Dinky rouge sang - Le Chtululu\",\"isPartOf\":{\"@id\":\"https:\/\/chtululu.be\/#website\"},\"primaryImageOfPage\":{\"@id\":\"https:\/\/chtululu.be\/index.php\/produit\/dinky-rouge-sang\/#primaryimage\"},\"image\":{\"@id\":\"https:\/\/chtululu.be\/index.php\/produit\/dinky-rouge-sang\/#primaryimage\"},\"thumbnailUrl\":\"https:\/\/chtululu.be\/wp-content\/uploads\/2017\/03\/dinky.jpg\",\"datePublished\":\"2017-03-06T16:00:04+00:00\",\"dateModified\":\"2017-03-06T16:01:47+00:00\",\"breadcrumb\":{\"@id\":\"https:\/\/chtululu.be\/index.php\/produit\/dinky-rouge-sang\/#breadcrumb\"},\"inLanguage\":\"fr-FR\",\"potentialAction\":[{\"@type\":\"ReadAction\",\"target\":[\"https:\/\/chtululu.be\/index.php\/produit\/dinky-rouge-sang\/\"]}]},{\"@type\":\"ImageObject\",\"inLanguage\":\"fr-FR\",\"@id\":\"https:\/\/chtululu.be\/index.php\/produit\/dinky-rouge-sang\/#primaryimage\",\"url\":\"https:\/\/chtululu.be\/wp-content\/uploads\/2017\/03\/dinky.jpg\",\"contentUrl\":\"https:\/\/chtululu.be\/wp-content\/uploads\/2017\/03\/dinky.jpg\",\"width\":200,\"height\":306},{\"@type\":\"BreadcrumbList\",\"@id\":\"https:\/\/chtululu.be\/index.php\/produit\/dinky-rouge-sang\/#breadcrumb\",\"itemListElement\":[{\"@type\":\"ListItem\",\"position\":1,\"name\":\"Accueil\",\"item\":\"https:\/\/chtululu.be\/\"},{\"@type\":\"ListItem\",\"position\":2,\"name\":\"Les livres\",\"item\":\"https:\/\/chtululu.be\/index.php\/livres-doccasion\/\"},{\"@type\":\"ListItem\",\"position\":3,\"name\":\"Dinky rouge sang\"}]},{\"@type\":\"WebSite\",\"@id\":\"https:\/\/chtululu.be\/#website\",\"url\":\"https:\/\/chtululu.be\/\",\"name\":\"Le Chtululu\",\"description\":\"Votre librairie de seconde main \u00e0 Soignies\",\"publisher\":{\"@id\":\"https:\/\/chtululu.be\/#organization\"},\"potentialAction\":[{\"@type\":\"SearchAction\",\"target\":{\"@type\":\"EntryPoint\",\"urlTemplate\":\"https:\/\/chtululu.be\/?s={search_term_string}\"},\"query-input\":{\"@type\":\"PropertyValueSpecification\",\"valueRequired\":true,\"valueName\":\"search_term_string\"}}],\"inLanguage\":\"fr-FR\"},{\"@type\":\"Organization\",\"@id\":\"https:\/\/chtululu.be\/#organization\",\"name\":\"Le Chtululu\",\"url\":\"https:\/\/chtululu.be\/\",\"logo\":{\"@type\":\"ImageObject\",\"inLanguage\":\"fr-FR\",\"@id\":\"https:\/\/chtululu.be\/#\/schema\/logo\/image\/\",\"url\":\"https:\/\/chtululu.be\/wp-content\/uploads\/2016\/05\/logo-def-blanc.jpg\",\"contentUrl\":\"https:\/\/chtululu.be\/wp-content\/uploads\/2016\/05\/logo-def-blanc.jpg\",\"width\":2048,\"height\":1901,\"caption\":\"Le Chtululu\"},\"image\":{\"@id\":\"https:\/\/chtululu.be\/#\/schema\/logo\/image\/\"}}]}<\/script>\n<!-- \/ Yoast SEO plugin. -->","yoast_head_json":{"title":"Dinky rouge sang - Le Chtululu","robots":{"index":"index","follow":"follow","max-snippet":"max-snippet:-1","max-image-preview":"max-image-preview:large","max-video-preview":"max-video-preview:-1"},"canonical":"https:\/\/chtululu.be\/index.php\/produit\/dinky-rouge-sang\/","og_locale":"fr_FR","og_type":"article","og_title":"Dinky rouge sang - Le Chtululu","og_description":"Murail Marie-Aude Pourquoi cette grimace de peur d\u00e9forme-t-elle le visage de Fran\u00e7ois Roque ? Qu'est-ce qui a pu pousser ce p\u00e8re de famille \u00e0 quitter, sans crier gare, femme et enfants ? Quand percera-t-on enfin le myst\u00e8re des origines de la civilisation \u00e9trusque ?  Mais pourquoi Nils Hazard se pose-t-il tant de questions ? Sans doute parce qu'il aime trouver des r\u00e9ponses. Pourquoi ? \u00c7a, il a ses raisons... Dinky rouge sang est un polar atypique. Marie-Aude Murail y dresse le portrait d'un homme. Ou plut\u00f4t, elle y trace son itin\u00e9raire.  Dans une premi\u00e8re partie tr\u00e8s angoissante, le jeune Nils Hazard (il a treize ans) raconte son enfance et le douloureux secret qui l'entoure.  Dans une seconde partie plus l\u00e9g\u00e8re et pleine de suspense, Nils accepte son destin. Il devient chasseur d'\u00e9nigmes.","og_url":"https:\/\/chtululu.be\/index.php\/produit\/dinky-rouge-sang\/","og_site_name":"Le Chtululu","article_modified_time":"2017-03-06T16:01:47+00:00","og_image":[{"width":200,"height":306,"url":"https:\/\/chtululu.be\/wp-content\/uploads\/2017\/03\/dinky.jpg","type":"image\/jpeg"}],"twitter_card":"summary_large_image","schema":{"@context":"https:\/\/schema.org","@graph":[{"@type":"WebPage","@id":"https:\/\/chtululu.be\/index.php\/produit\/dinky-rouge-sang\/","url":"https:\/\/chtululu.be\/index.php\/produit\/dinky-rouge-sang\/","name":"Dinky rouge sang - Le Chtululu","isPartOf":{"@id":"https:\/\/chtululu.be\/#website"},"primaryImageOfPage":{"@id":"https:\/\/chtululu.be\/index.php\/produit\/dinky-rouge-sang\/#primaryimage"},"image":{"@id":"https:\/\/chtululu.be\/index.php\/produit\/dinky-rouge-sang\/#primaryimage"},"thumbnailUrl":"https:\/\/chtululu.be\/wp-content\/uploads\/2017\/03\/dinky.jpg","datePublished":"2017-03-06T16:00:04+00:00","dateModified":"2017-03-06T16:01:47+00:00","breadcrumb":{"@id":"https:\/\/chtululu.be\/index.php\/produit\/dinky-rouge-sang\/#breadcrumb"},"inLanguage":"fr-FR","potentialAction":[{"@type":"ReadAction","target":["https:\/\/chtululu.be\/index.php\/produit\/dinky-rouge-sang\/"]}]},{"@type":"ImageObject","inLanguage":"fr-FR","@id":"https:\/\/chtululu.be\/index.php\/produit\/dinky-rouge-sang\/#primaryimage","url":"https:\/\/chtululu.be\/wp-content\/uploads\/2017\/03\/dinky.jpg","contentUrl":"https:\/\/chtululu.be\/wp-content\/uploads\/2017\/03\/dinky.jpg","width":200,"height":306},{"@type":"BreadcrumbList","@id":"https:\/\/chtululu.be\/index.php\/produit\/dinky-rouge-sang\/#breadcrumb","itemListElement":[{"@type":"ListItem","position":1,"name":"Accueil","item":"https:\/\/chtululu.be\/"},{"@type":"ListItem","position":2,"name":"Les livres","item":"https:\/\/chtululu.be\/index.php\/livres-doccasion\/"},{"@type":"ListItem","position":3,"name":"Dinky rouge sang"}]},{"@type":"WebSite","@id":"https:\/\/chtululu.be\/#website","url":"https:\/\/chtululu.be\/","name":"Le Chtululu","description":"Votre librairie de seconde main \u00e0 Soignies","publisher":{"@id":"https:\/\/chtululu.be\/#organization"},"potentialAction":[{"@type":"SearchAction","target":{"@type":"EntryPoint","urlTemplate":"https:\/\/chtululu.be\/?s={search_term_string}"},"query-input":{"@type":"PropertyValueSpecification","valueRequired":true,"valueName":"search_term_string"}}],"inLanguage":"fr-FR"},{"@type":"Organization","@id":"https:\/\/chtululu.be\/#organization","name":"Le Chtululu","url":"https:\/\/chtululu.be\/","logo":{"@type":"ImageObject","inLanguage":"fr-FR","@id":"https:\/\/chtululu.be\/#\/schema\/logo\/image\/","url":"https:\/\/chtululu.be\/wp-content\/uploads\/2016\/05\/logo-def-blanc.jpg","contentUrl":"https:\/\/chtululu.be\/wp-content\/uploads\/2016\/05\/logo-def-blanc.jpg","width":2048,"height":1901,"caption":"Le Chtululu"},"image":{"@id":"https:\/\/chtululu.be\/#\/schema\/logo\/image\/"}}]}},"_links":{"self":[{"href":"https:\/\/chtululu.be\/index.php\/wp-json\/wp\/v2\/product\/1061","targetHints":{"allow":["GET"]}}],"collection":[{"href":"https:\/\/chtululu.be\/index.php\/wp-json\/wp\/v2\/product"}],"about":[{"href":"https:\/\/chtululu.be\/index.php\/wp-json\/wp\/v2\/types\/product"}],"wp:featuredmedia":[{"embeddable":true,"href":"https:\/\/chtululu.be\/index.php\/wp-json\/wp\/v2\/media\/1050"}],"wp:attachment":[{"href":"https:\/\/chtululu.be\/index.php\/wp-json\/wp\/v2\/media?parent=1061"}],"wp:term":[{"taxonomy":"product_brand","embeddable":true,"href":"https:\/\/chtululu.be\/index.php\/wp-json\/wp\/v2\/product_brand?post=1061"},{"taxonomy":"product_cat","embeddable":true,"href":"https:\/\/chtululu.be\/index.php\/wp-json\/wp\/v2\/product_cat?post=1061"},{"taxonomy":"product_tag","embeddable":true,"href":"https:\/\/chtululu.be\/index.php\/wp-json\/wp\/v2\/product_tag?post=1061"}],"curies":[{"name":"wp","href":"https:\/\/api.w.org\/{rel}","templated":true}]}}