{"id":1060,"date":"2017-03-06T17:00:03","date_gmt":"2017-03-06T16:00:03","guid":{"rendered":"http:\/\/chtululu.be\/index.php\/produit\/maite-coiffure\/"},"modified":"2017-03-06T17:02:33","modified_gmt":"2017-03-06T16:02:33","slug":"maite-coiffure","status":"publish","type":"product","link":"https:\/\/chtululu.be\/index.php\/produit\/maite-coiffure\/","title":{"rendered":"Ma\u00eft\u00e9 Coiffure"},"content":{"rendered":"","protected":false},"excerpt":{"rendered":"<p><strong>Murail Marie-Aude<\/strong><br \/>\nLouis Feyri\u00e8res doit faire un stage d\u0092une semaine, comme tous les \u00e9l\u00e8ves de troisi\u00e8me. O\u00f9 ? Il n\u0092en sait rien. Ce qui est s\u00fbr, c\u0092est qu\u0092il n\u0092aime pas l\u0092\u00e9cole et qu\u0092il ne se sent bon \u00e0 rien.<\/p>\n<p>\u00ab\u00a0J\u0092ai ma coiffeuse qui prend des apprentis, dit Bonne-Maman, lors d\u0092un repas de famille. Stagiaire, c\u0092est presque pareil.\u00a0\u00bb Coiffeur ? C\u0092est pour les rat\u00e9s, les analphab\u00e8tes, d\u00e9cr\u00e8te M. Feyri\u00e8res qui, lui, est chirurgien.<\/p>\n<p>Louis se tait. Souvent. Mais il observe. Tout le temps. Comme il n\u0092a rien trouv\u00e9 d\u0092autre, il entre comme stagiaire chez Ma\u00eft\u00e9 Coiffure.<\/p>\n<p>Et le voil\u00e0 qui se d\u00e9couvre ponctuel, travailleur, entreprenant, dou\u00e9 !<\/p>\n<p>L\u0092atmosph\u00e8re de fi\u00e8vre joyeuse, les conversations avec les clientes, les odeurs des laques et des colorants, le carillon de la porte, les petits soucis et les grands drames de Mme Ma\u00eft\u00e9, Fifi, Clara et Garance, tout l\u0092attire au salon.<\/p>\n<p>Il s\u0092y sent bien, chez lui. D\u00e8s le deuxi\u00e8me jour, Louis sait qu\u0092il aura envie de rester plus d\u0092une semaine chez Ma\u00eft\u00e9 Coiffure. M\u00eame si son p\u00e8re s\u0092y oppose.<\/p>\n","protected":false},"featured_media":1051,"template":"","meta":{"_acf_changed":false,"_exactmetrics_skip_tracking":false,"_exactmetrics_sitenote_active":false,"_exactmetrics_sitenote_note":"","_exactmetrics_sitenote_category":0},"product_brand":[],"product_cat":[280],"product_tag":[282],"class_list":{"0":"post-1060","1":"product","2":"type-product","3":"status-publish","4":"has-post-thumbnail","6":"product_cat-jeunesse","7":"product_tag-murail-marie-aude","9":"first","10":"instock","11":"sold-individually","12":"taxable","13":"shipping-taxable","14":"purchasable","15":"product-type-simple"},"acf":[],"yoast_head":"<!-- This site is optimized with the Yoast SEO plugin v26.6 - https:\/\/yoast.com\/wordpress\/plugins\/seo\/ -->\n<title>Ma\u00eft\u00e9 Coiffure - Le Chtululu<\/title>\n<meta name=\"robots\" content=\"index, follow, max-snippet:-1, max-image-preview:large, max-video-preview:-1\" \/>\n<link rel=\"canonical\" href=\"https:\/\/chtululu.be\/index.php\/produit\/maite-coiffure\/\" \/>\n<meta property=\"og:locale\" content=\"fr_FR\" \/>\n<meta property=\"og:type\" content=\"article\" \/>\n<meta property=\"og:title\" content=\"Ma\u00eft\u00e9 Coiffure - Le Chtululu\" \/>\n<meta property=\"og:description\" content=\"Murail Marie-Aude Louis Feyri\u00e8res doit faire un stage d\u0092une semaine, comme tous les \u00e9l\u00e8ves de troisi\u00e8me. O\u00f9 ? Il n\u0092en sait rien. Ce qui est s\u00fbr, c\u0092est qu\u0092il n\u0092aime pas l\u0092\u00e9cole et qu\u0092il ne se sent bon \u00e0 rien.  &quot;J\u0092ai ma coiffeuse qui prend des apprentis, dit Bonne-Maman, lors d\u0092un repas de famille. Stagiaire, c\u0092est presque pareil.&quot; Coiffeur ? C\u0092est pour les rat\u00e9s, les analphab\u00e8tes, d\u00e9cr\u00e8te M. Feyri\u00e8res qui, lui, est chirurgien.  Louis se tait. Souvent. Mais il observe. Tout le temps. Comme il n\u0092a rien trouv\u00e9 d\u0092autre, il entre comme stagiaire chez Ma\u00eft\u00e9 Coiffure.  Et le voil\u00e0 qui se d\u00e9couvre ponctuel, travailleur, entreprenant, dou\u00e9 !  L\u0092atmosph\u00e8re de fi\u00e8vre joyeuse, les conversations avec les clientes, les odeurs des laques et des colorants, le carillon de la porte, les petits soucis et les grands drames de Mme Ma\u00eft\u00e9, Fifi, Clara et Garance, tout l\u0092attire au salon.  Il s\u0092y sent bien, chez lui. D\u00e8s le deuxi\u00e8me jour, Louis sait qu\u0092il aura envie de rester plus d\u0092une semaine chez Ma\u00eft\u00e9 Coiffure. M\u00eame si son p\u00e8re s\u0092y oppose.\" \/>\n<meta property=\"og:url\" content=\"https:\/\/chtululu.be\/index.php\/produit\/maite-coiffure\/\" \/>\n<meta property=\"og:site_name\" content=\"Le Chtululu\" \/>\n<meta property=\"article:modified_time\" content=\"2017-03-06T16:02:33+00:00\" \/>\n<meta property=\"og:image\" content=\"https:\/\/chtululu.be\/wp-content\/uploads\/2017\/03\/maite.jpg\" \/>\n\t<meta property=\"og:image:width\" content=\"200\" \/>\n\t<meta property=\"og:image:height\" content=\"305\" \/>\n\t<meta property=\"og:image:type\" content=\"image\/jpeg\" \/>\n<meta name=\"twitter:card\" content=\"summary_large_image\" \/>\n<script type=\"application\/ld+json\" class=\"yoast-schema-graph\">{\"@context\":\"https:\/\/schema.org\",\"@graph\":[{\"@type\":\"WebPage\",\"@id\":\"https:\/\/chtululu.be\/index.php\/produit\/maite-coiffure\/\",\"url\":\"https:\/\/chtululu.be\/index.php\/produit\/maite-coiffure\/\",\"name\":\"Ma\u00eft\u00e9 Coiffure - Le Chtululu\",\"isPartOf\":{\"@id\":\"https:\/\/chtululu.be\/#website\"},\"primaryImageOfPage\":{\"@id\":\"https:\/\/chtululu.be\/index.php\/produit\/maite-coiffure\/#primaryimage\"},\"image\":{\"@id\":\"https:\/\/chtululu.be\/index.php\/produit\/maite-coiffure\/#primaryimage\"},\"thumbnailUrl\":\"https:\/\/chtululu.be\/wp-content\/uploads\/2017\/03\/maite.jpg\",\"datePublished\":\"2017-03-06T16:00:03+00:00\",\"dateModified\":\"2017-03-06T16:02:33+00:00\",\"breadcrumb\":{\"@id\":\"https:\/\/chtululu.be\/index.php\/produit\/maite-coiffure\/#breadcrumb\"},\"inLanguage\":\"fr-FR\",\"potentialAction\":[{\"@type\":\"ReadAction\",\"target\":[\"https:\/\/chtululu.be\/index.php\/produit\/maite-coiffure\/\"]}]},{\"@type\":\"ImageObject\",\"inLanguage\":\"fr-FR\",\"@id\":\"https:\/\/chtululu.be\/index.php\/produit\/maite-coiffure\/#primaryimage\",\"url\":\"https:\/\/chtululu.be\/wp-content\/uploads\/2017\/03\/maite.jpg\",\"contentUrl\":\"https:\/\/chtululu.be\/wp-content\/uploads\/2017\/03\/maite.jpg\",\"width\":200,\"height\":305},{\"@type\":\"BreadcrumbList\",\"@id\":\"https:\/\/chtululu.be\/index.php\/produit\/maite-coiffure\/#breadcrumb\",\"itemListElement\":[{\"@type\":\"ListItem\",\"position\":1,\"name\":\"Accueil\",\"item\":\"https:\/\/chtululu.be\/\"},{\"@type\":\"ListItem\",\"position\":2,\"name\":\"Les livres\",\"item\":\"https:\/\/chtululu.be\/index.php\/livres-doccasion\/\"},{\"@type\":\"ListItem\",\"position\":3,\"name\":\"Ma\u00eft\u00e9 Coiffure\"}]},{\"@type\":\"WebSite\",\"@id\":\"https:\/\/chtululu.be\/#website\",\"url\":\"https:\/\/chtululu.be\/\",\"name\":\"Le Chtululu\",\"description\":\"Votre librairie de seconde main \u00e0 Soignies\",\"publisher\":{\"@id\":\"https:\/\/chtululu.be\/#organization\"},\"potentialAction\":[{\"@type\":\"SearchAction\",\"target\":{\"@type\":\"EntryPoint\",\"urlTemplate\":\"https:\/\/chtululu.be\/?s={search_term_string}\"},\"query-input\":{\"@type\":\"PropertyValueSpecification\",\"valueRequired\":true,\"valueName\":\"search_term_string\"}}],\"inLanguage\":\"fr-FR\"},{\"@type\":\"Organization\",\"@id\":\"https:\/\/chtululu.be\/#organization\",\"name\":\"Le Chtululu\",\"url\":\"https:\/\/chtululu.be\/\",\"logo\":{\"@type\":\"ImageObject\",\"inLanguage\":\"fr-FR\",\"@id\":\"https:\/\/chtululu.be\/#\/schema\/logo\/image\/\",\"url\":\"https:\/\/chtululu.be\/wp-content\/uploads\/2016\/05\/logo-def-blanc.jpg\",\"contentUrl\":\"https:\/\/chtululu.be\/wp-content\/uploads\/2016\/05\/logo-def-blanc.jpg\",\"width\":2048,\"height\":1901,\"caption\":\"Le Chtululu\"},\"image\":{\"@id\":\"https:\/\/chtululu.be\/#\/schema\/logo\/image\/\"}}]}<\/script>\n<!-- \/ Yoast SEO plugin. -->","yoast_head_json":{"title":"Ma\u00eft\u00e9 Coiffure - Le Chtululu","robots":{"index":"index","follow":"follow","max-snippet":"max-snippet:-1","max-image-preview":"max-image-preview:large","max-video-preview":"max-video-preview:-1"},"canonical":"https:\/\/chtululu.be\/index.php\/produit\/maite-coiffure\/","og_locale":"fr_FR","og_type":"article","og_title":"Ma\u00eft\u00e9 Coiffure - Le Chtululu","og_description":"Murail Marie-Aude Louis Feyri\u00e8res doit faire un stage d\u0092une semaine, comme tous les \u00e9l\u00e8ves de troisi\u00e8me. O\u00f9 ? Il n\u0092en sait rien. Ce qui est s\u00fbr, c\u0092est qu\u0092il n\u0092aime pas l\u0092\u00e9cole et qu\u0092il ne se sent bon \u00e0 rien.  \"J\u0092ai ma coiffeuse qui prend des apprentis, dit Bonne-Maman, lors d\u0092un repas de famille. Stagiaire, c\u0092est presque pareil.\" Coiffeur ? C\u0092est pour les rat\u00e9s, les analphab\u00e8tes, d\u00e9cr\u00e8te M. Feyri\u00e8res qui, lui, est chirurgien.  Louis se tait. Souvent. Mais il observe. Tout le temps. Comme il n\u0092a rien trouv\u00e9 d\u0092autre, il entre comme stagiaire chez Ma\u00eft\u00e9 Coiffure.  Et le voil\u00e0 qui se d\u00e9couvre ponctuel, travailleur, entreprenant, dou\u00e9 !  L\u0092atmosph\u00e8re de fi\u00e8vre joyeuse, les conversations avec les clientes, les odeurs des laques et des colorants, le carillon de la porte, les petits soucis et les grands drames de Mme Ma\u00eft\u00e9, Fifi, Clara et Garance, tout l\u0092attire au salon.  Il s\u0092y sent bien, chez lui. D\u00e8s le deuxi\u00e8me jour, Louis sait qu\u0092il aura envie de rester plus d\u0092une semaine chez Ma\u00eft\u00e9 Coiffure. M\u00eame si son p\u00e8re s\u0092y oppose.","og_url":"https:\/\/chtululu.be\/index.php\/produit\/maite-coiffure\/","og_site_name":"Le Chtululu","article_modified_time":"2017-03-06T16:02:33+00:00","og_image":[{"width":200,"height":305,"url":"https:\/\/chtululu.be\/wp-content\/uploads\/2017\/03\/maite.jpg","type":"image\/jpeg"}],"twitter_card":"summary_large_image","schema":{"@context":"https:\/\/schema.org","@graph":[{"@type":"WebPage","@id":"https:\/\/chtululu.be\/index.php\/produit\/maite-coiffure\/","url":"https:\/\/chtululu.be\/index.php\/produit\/maite-coiffure\/","name":"Ma\u00eft\u00e9 Coiffure - Le Chtululu","isPartOf":{"@id":"https:\/\/chtululu.be\/#website"},"primaryImageOfPage":{"@id":"https:\/\/chtululu.be\/index.php\/produit\/maite-coiffure\/#primaryimage"},"image":{"@id":"https:\/\/chtululu.be\/index.php\/produit\/maite-coiffure\/#primaryimage"},"thumbnailUrl":"https:\/\/chtululu.be\/wp-content\/uploads\/2017\/03\/maite.jpg","datePublished":"2017-03-06T16:00:03+00:00","dateModified":"2017-03-06T16:02:33+00:00","breadcrumb":{"@id":"https:\/\/chtululu.be\/index.php\/produit\/maite-coiffure\/#breadcrumb"},"inLanguage":"fr-FR","potentialAction":[{"@type":"ReadAction","target":["https:\/\/chtululu.be\/index.php\/produit\/maite-coiffure\/"]}]},{"@type":"ImageObject","inLanguage":"fr-FR","@id":"https:\/\/chtululu.be\/index.php\/produit\/maite-coiffure\/#primaryimage","url":"https:\/\/chtululu.be\/wp-content\/uploads\/2017\/03\/maite.jpg","contentUrl":"https:\/\/chtululu.be\/wp-content\/uploads\/2017\/03\/maite.jpg","width":200,"height":305},{"@type":"BreadcrumbList","@id":"https:\/\/chtululu.be\/index.php\/produit\/maite-coiffure\/#breadcrumb","itemListElement":[{"@type":"ListItem","position":1,"name":"Accueil","item":"https:\/\/chtululu.be\/"},{"@type":"ListItem","position":2,"name":"Les livres","item":"https:\/\/chtululu.be\/index.php\/livres-doccasion\/"},{"@type":"ListItem","position":3,"name":"Ma\u00eft\u00e9 Coiffure"}]},{"@type":"WebSite","@id":"https:\/\/chtululu.be\/#website","url":"https:\/\/chtululu.be\/","name":"Le Chtululu","description":"Votre librairie de seconde main \u00e0 Soignies","publisher":{"@id":"https:\/\/chtululu.be\/#organization"},"potentialAction":[{"@type":"SearchAction","target":{"@type":"EntryPoint","urlTemplate":"https:\/\/chtululu.be\/?s={search_term_string}"},"query-input":{"@type":"PropertyValueSpecification","valueRequired":true,"valueName":"search_term_string"}}],"inLanguage":"fr-FR"},{"@type":"Organization","@id":"https:\/\/chtululu.be\/#organization","name":"Le Chtululu","url":"https:\/\/chtululu.be\/","logo":{"@type":"ImageObject","inLanguage":"fr-FR","@id":"https:\/\/chtululu.be\/#\/schema\/logo\/image\/","url":"https:\/\/chtululu.be\/wp-content\/uploads\/2016\/05\/logo-def-blanc.jpg","contentUrl":"https:\/\/chtululu.be\/wp-content\/uploads\/2016\/05\/logo-def-blanc.jpg","width":2048,"height":1901,"caption":"Le Chtululu"},"image":{"@id":"https:\/\/chtululu.be\/#\/schema\/logo\/image\/"}}]}},"_links":{"self":[{"href":"https:\/\/chtululu.be\/index.php\/wp-json\/wp\/v2\/product\/1060","targetHints":{"allow":["GET"]}}],"collection":[{"href":"https:\/\/chtululu.be\/index.php\/wp-json\/wp\/v2\/product"}],"about":[{"href":"https:\/\/chtululu.be\/index.php\/wp-json\/wp\/v2\/types\/product"}],"wp:featuredmedia":[{"embeddable":true,"href":"https:\/\/chtululu.be\/index.php\/wp-json\/wp\/v2\/media\/1051"}],"wp:attachment":[{"href":"https:\/\/chtululu.be\/index.php\/wp-json\/wp\/v2\/media?parent=1060"}],"wp:term":[{"taxonomy":"product_brand","embeddable":true,"href":"https:\/\/chtululu.be\/index.php\/wp-json\/wp\/v2\/product_brand?post=1060"},{"taxonomy":"product_cat","embeddable":true,"href":"https:\/\/chtululu.be\/index.php\/wp-json\/wp\/v2\/product_cat?post=1060"},{"taxonomy":"product_tag","embeddable":true,"href":"https:\/\/chtululu.be\/index.php\/wp-json\/wp\/v2\/product_tag?post=1060"}],"curies":[{"name":"wp","href":"https:\/\/api.w.org\/{rel}","templated":true}]}}