{"id":1055,"date":"2017-03-06T17:00:00","date_gmt":"2017-03-06T16:00:00","guid":{"rendered":"http:\/\/chtululu.be\/index.php\/produit\/lassassin-est-au-college\/"},"modified":"2017-03-06T17:07:18","modified_gmt":"2017-03-06T16:07:18","slug":"lassassin-est-au-college","status":"publish","type":"product","link":"https:\/\/chtululu.be\/index.php\/produit\/lassassin-est-au-college\/","title":{"rendered":"L&rsquo;assassin est au coll\u00e8ge"},"content":{"rendered":"","protected":false},"excerpt":{"rendered":"<p><strong>Murail Marie-Aude<\/strong><br \/>\nQui est responsable des \u00e9v\u00e9nements inqui\u00e9tants qui agitent le coll\u00e8ge Saint-Prix? Qui est l&rsquo;auteur des lettres anonymes envoy\u00e9es \u00e0 M. Agnelle, le directeur, et pourquoi ce dernier semble-t-il au bord de la folie?<br \/>\nQui s&rsquo;amuse \u00e0 voler les copies dans les casiers des professeurs, et \u00e0 les noter avec du sang humain en guise d&rsquo;encre ? Pourquoi Claire Delmas, \u00e9l\u00e8ve de sixi\u00e8me 2, \u00e9crit-elle dans une r\u00e9daction qu&rsquo;elle se fait toujours assassiner? Et pourquoi saute-t-elle par la fen\u00eatre quelques jours plus tard ? Et quelle &#8230;<br \/>\nLire la suite est la fonction du d\u00e9nomm\u00e9 Alcatraz? Pour r\u00e9soudre ces \u00e9nigmes, c&rsquo;est \u00e0 Nils Hazard et Catherine Roque, le d\u00e9tective \u00e9troscologue et la championne d&rsquo;arts martiaux, le fameux tandem de Dinky rouge sang, que l&rsquo;inspecteur Berthier fait appel. Ils acceptent, Mais c&rsquo;est un oui qu&rsquo;ils auraient de nombreuses raisons de regretter.<\/p>\n","protected":false},"featured_media":1048,"template":"","meta":{"_acf_changed":false,"_exactmetrics_skip_tracking":false,"_exactmetrics_sitenote_active":false,"_exactmetrics_sitenote_note":"","_exactmetrics_sitenote_category":0},"product_brand":[],"product_cat":[280],"product_tag":[282],"class_list":{"0":"post-1055","1":"product","2":"type-product","3":"status-publish","4":"has-post-thumbnail","6":"product_cat-jeunesse","7":"product_tag-murail-marie-aude","9":"first","10":"instock","11":"sold-individually","12":"taxable","13":"shipping-taxable","14":"purchasable","15":"product-type-simple"},"acf":[],"yoast_head":"<!-- This site is optimized with the Yoast SEO plugin v26.6 - https:\/\/yoast.com\/wordpress\/plugins\/seo\/ -->\n<title>L&#039;assassin est au coll\u00e8ge - Le Chtululu<\/title>\n<meta name=\"robots\" content=\"index, follow, max-snippet:-1, max-image-preview:large, max-video-preview:-1\" \/>\n<link rel=\"canonical\" href=\"https:\/\/chtululu.be\/index.php\/produit\/lassassin-est-au-college\/\" \/>\n<meta property=\"og:locale\" content=\"fr_FR\" \/>\n<meta property=\"og:type\" content=\"article\" \/>\n<meta property=\"og:title\" content=\"L&#039;assassin est au coll\u00e8ge - Le Chtululu\" \/>\n<meta property=\"og:description\" content=\"Murail Marie-Aude Qui est responsable des \u00e9v\u00e9nements inqui\u00e9tants qui agitent le coll\u00e8ge Saint-Prix? Qui est l&#039;auteur des lettres anonymes envoy\u00e9es \u00e0 M. Agnelle, le directeur, et pourquoi ce dernier semble-t-il au bord de la folie? Qui s&#039;amuse \u00e0 voler les copies dans les casiers des professeurs, et \u00e0 les noter avec du sang humain en guise d&#039;encre ? Pourquoi Claire Delmas, \u00e9l\u00e8ve de sixi\u00e8me 2, \u00e9crit-elle dans une r\u00e9daction qu&#039;elle se fait toujours assassiner? Et pourquoi saute-t-elle par la fen\u00eatre quelques jours plus tard ? Et quelle ... Lire la suite est la fonction du d\u00e9nomm\u00e9 Alcatraz? Pour r\u00e9soudre ces \u00e9nigmes, c&#039;est \u00e0 Nils Hazard et Catherine Roque, le d\u00e9tective \u00e9troscologue et la championne d&#039;arts martiaux, le fameux tandem de Dinky rouge sang, que l&#039;inspecteur Berthier fait appel. Ils acceptent, Mais c&#039;est un oui qu&#039;ils auraient de nombreuses raisons de regretter.\" \/>\n<meta property=\"og:url\" content=\"https:\/\/chtululu.be\/index.php\/produit\/lassassin-est-au-college\/\" \/>\n<meta property=\"og:site_name\" content=\"Le Chtululu\" \/>\n<meta property=\"article:modified_time\" content=\"2017-03-06T16:07:18+00:00\" \/>\n<meta property=\"og:image\" content=\"https:\/\/chtululu.be\/wp-content\/uploads\/2017\/03\/assassin.jpg\" \/>\n\t<meta property=\"og:image:width\" content=\"200\" \/>\n\t<meta property=\"og:image:height\" content=\"310\" \/>\n\t<meta property=\"og:image:type\" content=\"image\/jpeg\" \/>\n<meta name=\"twitter:card\" content=\"summary_large_image\" \/>\n<script type=\"application\/ld+json\" class=\"yoast-schema-graph\">{\"@context\":\"https:\/\/schema.org\",\"@graph\":[{\"@type\":\"WebPage\",\"@id\":\"https:\/\/chtululu.be\/index.php\/produit\/lassassin-est-au-college\/\",\"url\":\"https:\/\/chtululu.be\/index.php\/produit\/lassassin-est-au-college\/\",\"name\":\"L'assassin est au coll\u00e8ge - Le Chtululu\",\"isPartOf\":{\"@id\":\"https:\/\/chtululu.be\/#website\"},\"primaryImageOfPage\":{\"@id\":\"https:\/\/chtululu.be\/index.php\/produit\/lassassin-est-au-college\/#primaryimage\"},\"image\":{\"@id\":\"https:\/\/chtululu.be\/index.php\/produit\/lassassin-est-au-college\/#primaryimage\"},\"thumbnailUrl\":\"https:\/\/chtululu.be\/wp-content\/uploads\/2017\/03\/assassin.jpg\",\"datePublished\":\"2017-03-06T16:00:00+00:00\",\"dateModified\":\"2017-03-06T16:07:18+00:00\",\"breadcrumb\":{\"@id\":\"https:\/\/chtululu.be\/index.php\/produit\/lassassin-est-au-college\/#breadcrumb\"},\"inLanguage\":\"fr-FR\",\"potentialAction\":[{\"@type\":\"ReadAction\",\"target\":[\"https:\/\/chtululu.be\/index.php\/produit\/lassassin-est-au-college\/\"]}]},{\"@type\":\"ImageObject\",\"inLanguage\":\"fr-FR\",\"@id\":\"https:\/\/chtululu.be\/index.php\/produit\/lassassin-est-au-college\/#primaryimage\",\"url\":\"https:\/\/chtululu.be\/wp-content\/uploads\/2017\/03\/assassin.jpg\",\"contentUrl\":\"https:\/\/chtululu.be\/wp-content\/uploads\/2017\/03\/assassin.jpg\",\"width\":200,\"height\":310},{\"@type\":\"BreadcrumbList\",\"@id\":\"https:\/\/chtululu.be\/index.php\/produit\/lassassin-est-au-college\/#breadcrumb\",\"itemListElement\":[{\"@type\":\"ListItem\",\"position\":1,\"name\":\"Accueil\",\"item\":\"https:\/\/chtululu.be\/\"},{\"@type\":\"ListItem\",\"position\":2,\"name\":\"Les livres\",\"item\":\"https:\/\/chtululu.be\/index.php\/livres-doccasion\/\"},{\"@type\":\"ListItem\",\"position\":3,\"name\":\"L&rsquo;assassin est au coll\u00e8ge\"}]},{\"@type\":\"WebSite\",\"@id\":\"https:\/\/chtululu.be\/#website\",\"url\":\"https:\/\/chtululu.be\/\",\"name\":\"Le Chtululu\",\"description\":\"Votre librairie de seconde main \u00e0 Soignies\",\"publisher\":{\"@id\":\"https:\/\/chtululu.be\/#organization\"},\"potentialAction\":[{\"@type\":\"SearchAction\",\"target\":{\"@type\":\"EntryPoint\",\"urlTemplate\":\"https:\/\/chtululu.be\/?s={search_term_string}\"},\"query-input\":{\"@type\":\"PropertyValueSpecification\",\"valueRequired\":true,\"valueName\":\"search_term_string\"}}],\"inLanguage\":\"fr-FR\"},{\"@type\":\"Organization\",\"@id\":\"https:\/\/chtululu.be\/#organization\",\"name\":\"Le Chtululu\",\"url\":\"https:\/\/chtululu.be\/\",\"logo\":{\"@type\":\"ImageObject\",\"inLanguage\":\"fr-FR\",\"@id\":\"https:\/\/chtululu.be\/#\/schema\/logo\/image\/\",\"url\":\"https:\/\/chtululu.be\/wp-content\/uploads\/2016\/05\/logo-def-blanc.jpg\",\"contentUrl\":\"https:\/\/chtululu.be\/wp-content\/uploads\/2016\/05\/logo-def-blanc.jpg\",\"width\":2048,\"height\":1901,\"caption\":\"Le Chtululu\"},\"image\":{\"@id\":\"https:\/\/chtululu.be\/#\/schema\/logo\/image\/\"}}]}<\/script>\n<!-- \/ Yoast SEO plugin. -->","yoast_head_json":{"title":"L'assassin est au coll\u00e8ge - Le Chtululu","robots":{"index":"index","follow":"follow","max-snippet":"max-snippet:-1","max-image-preview":"max-image-preview:large","max-video-preview":"max-video-preview:-1"},"canonical":"https:\/\/chtululu.be\/index.php\/produit\/lassassin-est-au-college\/","og_locale":"fr_FR","og_type":"article","og_title":"L'assassin est au coll\u00e8ge - Le Chtululu","og_description":"Murail Marie-Aude Qui est responsable des \u00e9v\u00e9nements inqui\u00e9tants qui agitent le coll\u00e8ge Saint-Prix? Qui est l'auteur des lettres anonymes envoy\u00e9es \u00e0 M. Agnelle, le directeur, et pourquoi ce dernier semble-t-il au bord de la folie? Qui s'amuse \u00e0 voler les copies dans les casiers des professeurs, et \u00e0 les noter avec du sang humain en guise d'encre ? Pourquoi Claire Delmas, \u00e9l\u00e8ve de sixi\u00e8me 2, \u00e9crit-elle dans une r\u00e9daction qu'elle se fait toujours assassiner? Et pourquoi saute-t-elle par la fen\u00eatre quelques jours plus tard ? Et quelle ... Lire la suite est la fonction du d\u00e9nomm\u00e9 Alcatraz? Pour r\u00e9soudre ces \u00e9nigmes, c'est \u00e0 Nils Hazard et Catherine Roque, le d\u00e9tective \u00e9troscologue et la championne d'arts martiaux, le fameux tandem de Dinky rouge sang, que l'inspecteur Berthier fait appel. Ils acceptent, Mais c'est un oui qu'ils auraient de nombreuses raisons de regretter.","og_url":"https:\/\/chtululu.be\/index.php\/produit\/lassassin-est-au-college\/","og_site_name":"Le Chtululu","article_modified_time":"2017-03-06T16:07:18+00:00","og_image":[{"width":200,"height":310,"url":"https:\/\/chtululu.be\/wp-content\/uploads\/2017\/03\/assassin.jpg","type":"image\/jpeg"}],"twitter_card":"summary_large_image","schema":{"@context":"https:\/\/schema.org","@graph":[{"@type":"WebPage","@id":"https:\/\/chtululu.be\/index.php\/produit\/lassassin-est-au-college\/","url":"https:\/\/chtululu.be\/index.php\/produit\/lassassin-est-au-college\/","name":"L'assassin est au coll\u00e8ge - Le Chtululu","isPartOf":{"@id":"https:\/\/chtululu.be\/#website"},"primaryImageOfPage":{"@id":"https:\/\/chtululu.be\/index.php\/produit\/lassassin-est-au-college\/#primaryimage"},"image":{"@id":"https:\/\/chtululu.be\/index.php\/produit\/lassassin-est-au-college\/#primaryimage"},"thumbnailUrl":"https:\/\/chtululu.be\/wp-content\/uploads\/2017\/03\/assassin.jpg","datePublished":"2017-03-06T16:00:00+00:00","dateModified":"2017-03-06T16:07:18+00:00","breadcrumb":{"@id":"https:\/\/chtululu.be\/index.php\/produit\/lassassin-est-au-college\/#breadcrumb"},"inLanguage":"fr-FR","potentialAction":[{"@type":"ReadAction","target":["https:\/\/chtululu.be\/index.php\/produit\/lassassin-est-au-college\/"]}]},{"@type":"ImageObject","inLanguage":"fr-FR","@id":"https:\/\/chtululu.be\/index.php\/produit\/lassassin-est-au-college\/#primaryimage","url":"https:\/\/chtululu.be\/wp-content\/uploads\/2017\/03\/assassin.jpg","contentUrl":"https:\/\/chtululu.be\/wp-content\/uploads\/2017\/03\/assassin.jpg","width":200,"height":310},{"@type":"BreadcrumbList","@id":"https:\/\/chtululu.be\/index.php\/produit\/lassassin-est-au-college\/#breadcrumb","itemListElement":[{"@type":"ListItem","position":1,"name":"Accueil","item":"https:\/\/chtululu.be\/"},{"@type":"ListItem","position":2,"name":"Les livres","item":"https:\/\/chtululu.be\/index.php\/livres-doccasion\/"},{"@type":"ListItem","position":3,"name":"L&rsquo;assassin est au coll\u00e8ge"}]},{"@type":"WebSite","@id":"https:\/\/chtululu.be\/#website","url":"https:\/\/chtululu.be\/","name":"Le Chtululu","description":"Votre librairie de seconde main \u00e0 Soignies","publisher":{"@id":"https:\/\/chtululu.be\/#organization"},"potentialAction":[{"@type":"SearchAction","target":{"@type":"EntryPoint","urlTemplate":"https:\/\/chtululu.be\/?s={search_term_string}"},"query-input":{"@type":"PropertyValueSpecification","valueRequired":true,"valueName":"search_term_string"}}],"inLanguage":"fr-FR"},{"@type":"Organization","@id":"https:\/\/chtululu.be\/#organization","name":"Le Chtululu","url":"https:\/\/chtululu.be\/","logo":{"@type":"ImageObject","inLanguage":"fr-FR","@id":"https:\/\/chtululu.be\/#\/schema\/logo\/image\/","url":"https:\/\/chtululu.be\/wp-content\/uploads\/2016\/05\/logo-def-blanc.jpg","contentUrl":"https:\/\/chtululu.be\/wp-content\/uploads\/2016\/05\/logo-def-blanc.jpg","width":2048,"height":1901,"caption":"Le Chtululu"},"image":{"@id":"https:\/\/chtululu.be\/#\/schema\/logo\/image\/"}}]}},"_links":{"self":[{"href":"https:\/\/chtululu.be\/index.php\/wp-json\/wp\/v2\/product\/1055","targetHints":{"allow":["GET"]}}],"collection":[{"href":"https:\/\/chtululu.be\/index.php\/wp-json\/wp\/v2\/product"}],"about":[{"href":"https:\/\/chtululu.be\/index.php\/wp-json\/wp\/v2\/types\/product"}],"wp:featuredmedia":[{"embeddable":true,"href":"https:\/\/chtululu.be\/index.php\/wp-json\/wp\/v2\/media\/1048"}],"wp:attachment":[{"href":"https:\/\/chtululu.be\/index.php\/wp-json\/wp\/v2\/media?parent=1055"}],"wp:term":[{"taxonomy":"product_brand","embeddable":true,"href":"https:\/\/chtululu.be\/index.php\/wp-json\/wp\/v2\/product_brand?post=1055"},{"taxonomy":"product_cat","embeddable":true,"href":"https:\/\/chtululu.be\/index.php\/wp-json\/wp\/v2\/product_cat?post=1055"},{"taxonomy":"product_tag","embeddable":true,"href":"https:\/\/chtululu.be\/index.php\/wp-json\/wp\/v2\/product_tag?post=1055"}],"curies":[{"name":"wp","href":"https:\/\/api.w.org\/{rel}","templated":true}]}}