{"id":1039,"date":"2017-02-28T11:21:36","date_gmt":"2017-02-28T10:21:36","guid":{"rendered":"http:\/\/chtululu.be\/index.php\/produit\/un-petit-reconstituant\/"},"modified":"2017-02-28T11:32:36","modified_gmt":"2017-02-28T10:32:36","slug":"un-petit-reconstituant","status":"publish","type":"product","link":"https:\/\/chtululu.be\/index.php\/produit\/un-petit-reconstituant\/","title":{"rendered":"Un petit reconstituant"},"content":{"rendered":"","protected":false},"excerpt":{"rendered":"<p><strong>George Elizabeth<\/strong><br \/>\nTrois nouvelles, trois r\u00e9cits sur les faiblesses des hommes et des femmes et&#8230; trois r\u00e9ussites !<br \/>\nLorsqu&rsquo;il s&rsquo;agit de d\u00e9cortiquer les m\u00e9canismes de l&rsquo;\u00e2me humaine, Elizabeth George se r\u00e9v\u00e8le aussi \u00e0 l&rsquo;aise dans le cent m\u00e8tres que dans la course de fond. Convoitise, jalousie, d\u00e9sir effr\u00e9n\u00e9 de r\u00e9ussite, autant de mobiles puissants pour inciter les protagonistes \u00e0 passer \u00e0 l&rsquo;acte et \u00e9liminer physiquement l&#8217;emp\u00eacheur de tourner en rond.<\/p>\n","protected":false},"featured_media":1031,"template":"","meta":{"_acf_changed":false,"_exactmetrics_skip_tracking":false,"_exactmetrics_sitenote_active":false,"_exactmetrics_sitenote_note":"","_exactmetrics_sitenote_category":0},"product_brand":[],"product_cat":[24],"product_tag":[271],"class_list":{"0":"post-1039","1":"product","2":"type-product","3":"status-publish","4":"has-post-thumbnail","6":"product_cat-roman","7":"product_tag-george-elizabeth","9":"first","10":"instock","11":"sold-individually","12":"taxable","13":"shipping-taxable","14":"purchasable","15":"product-type-simple"},"acf":[],"yoast_head":"<!-- This site is optimized with the Yoast SEO plugin v26.6 - https:\/\/yoast.com\/wordpress\/plugins\/seo\/ -->\n<title>Un petit reconstituant - Le Chtululu<\/title>\n<meta name=\"robots\" content=\"index, follow, max-snippet:-1, max-image-preview:large, max-video-preview:-1\" \/>\n<link rel=\"canonical\" href=\"https:\/\/chtululu.be\/index.php\/produit\/un-petit-reconstituant\/\" \/>\n<meta property=\"og:locale\" content=\"fr_FR\" \/>\n<meta property=\"og:type\" content=\"article\" \/>\n<meta property=\"og:title\" content=\"Un petit reconstituant - Le Chtululu\" \/>\n<meta property=\"og:description\" content=\"George Elizabeth Trois nouvelles, trois r\u00e9cits sur les faiblesses des hommes et des femmes et... trois r\u00e9ussites ! Lorsqu&#039;il s&#039;agit de d\u00e9cortiquer les m\u00e9canismes de l&#039;\u00e2me humaine, Elizabeth George se r\u00e9v\u00e8le aussi \u00e0 l&#039;aise dans le cent m\u00e8tres que dans la course de fond. Convoitise, jalousie, d\u00e9sir effr\u00e9n\u00e9 de r\u00e9ussite, autant de mobiles puissants pour inciter les protagonistes \u00e0 passer \u00e0 l&#039;acte et \u00e9liminer physiquement l&#039;emp\u00eacheur de tourner en rond.\" \/>\n<meta property=\"og:url\" content=\"https:\/\/chtululu.be\/index.php\/produit\/un-petit-reconstituant\/\" \/>\n<meta property=\"og:site_name\" content=\"Le Chtululu\" \/>\n<meta property=\"article:modified_time\" content=\"2017-02-28T10:32:36+00:00\" \/>\n<meta property=\"og:image\" content=\"https:\/\/chtululu.be\/wp-content\/uploads\/2017\/02\/reconstituant.jpg\" \/>\n\t<meta property=\"og:image:width\" content=\"200\" \/>\n\t<meta property=\"og:image:height\" content=\"327\" \/>\n\t<meta property=\"og:image:type\" content=\"image\/jpeg\" \/>\n<meta name=\"twitter:card\" content=\"summary_large_image\" \/>\n<script type=\"application\/ld+json\" class=\"yoast-schema-graph\">{\"@context\":\"https:\/\/schema.org\",\"@graph\":[{\"@type\":\"WebPage\",\"@id\":\"https:\/\/chtululu.be\/index.php\/produit\/un-petit-reconstituant\/\",\"url\":\"https:\/\/chtululu.be\/index.php\/produit\/un-petit-reconstituant\/\",\"name\":\"Un petit reconstituant - Le Chtululu\",\"isPartOf\":{\"@id\":\"https:\/\/chtululu.be\/#website\"},\"primaryImageOfPage\":{\"@id\":\"https:\/\/chtululu.be\/index.php\/produit\/un-petit-reconstituant\/#primaryimage\"},\"image\":{\"@id\":\"https:\/\/chtululu.be\/index.php\/produit\/un-petit-reconstituant\/#primaryimage\"},\"thumbnailUrl\":\"https:\/\/chtululu.be\/wp-content\/uploads\/2017\/02\/reconstituant.jpg\",\"datePublished\":\"2017-02-28T10:21:36+00:00\",\"dateModified\":\"2017-02-28T10:32:36+00:00\",\"breadcrumb\":{\"@id\":\"https:\/\/chtululu.be\/index.php\/produit\/un-petit-reconstituant\/#breadcrumb\"},\"inLanguage\":\"fr-FR\",\"potentialAction\":[{\"@type\":\"ReadAction\",\"target\":[\"https:\/\/chtululu.be\/index.php\/produit\/un-petit-reconstituant\/\"]}]},{\"@type\":\"ImageObject\",\"inLanguage\":\"fr-FR\",\"@id\":\"https:\/\/chtululu.be\/index.php\/produit\/un-petit-reconstituant\/#primaryimage\",\"url\":\"https:\/\/chtululu.be\/wp-content\/uploads\/2017\/02\/reconstituant.jpg\",\"contentUrl\":\"https:\/\/chtululu.be\/wp-content\/uploads\/2017\/02\/reconstituant.jpg\",\"width\":200,\"height\":327},{\"@type\":\"BreadcrumbList\",\"@id\":\"https:\/\/chtululu.be\/index.php\/produit\/un-petit-reconstituant\/#breadcrumb\",\"itemListElement\":[{\"@type\":\"ListItem\",\"position\":1,\"name\":\"Accueil\",\"item\":\"https:\/\/chtululu.be\/\"},{\"@type\":\"ListItem\",\"position\":2,\"name\":\"Les livres\",\"item\":\"https:\/\/chtululu.be\/index.php\/livres-doccasion\/\"},{\"@type\":\"ListItem\",\"position\":3,\"name\":\"Un petit reconstituant\"}]},{\"@type\":\"WebSite\",\"@id\":\"https:\/\/chtululu.be\/#website\",\"url\":\"https:\/\/chtululu.be\/\",\"name\":\"Le Chtululu\",\"description\":\"Votre librairie de seconde main \u00e0 Soignies\",\"publisher\":{\"@id\":\"https:\/\/chtululu.be\/#organization\"},\"potentialAction\":[{\"@type\":\"SearchAction\",\"target\":{\"@type\":\"EntryPoint\",\"urlTemplate\":\"https:\/\/chtululu.be\/?s={search_term_string}\"},\"query-input\":{\"@type\":\"PropertyValueSpecification\",\"valueRequired\":true,\"valueName\":\"search_term_string\"}}],\"inLanguage\":\"fr-FR\"},{\"@type\":\"Organization\",\"@id\":\"https:\/\/chtululu.be\/#organization\",\"name\":\"Le Chtululu\",\"url\":\"https:\/\/chtululu.be\/\",\"logo\":{\"@type\":\"ImageObject\",\"inLanguage\":\"fr-FR\",\"@id\":\"https:\/\/chtululu.be\/#\/schema\/logo\/image\/\",\"url\":\"https:\/\/chtululu.be\/wp-content\/uploads\/2016\/05\/logo-def-blanc.jpg\",\"contentUrl\":\"https:\/\/chtululu.be\/wp-content\/uploads\/2016\/05\/logo-def-blanc.jpg\",\"width\":2048,\"height\":1901,\"caption\":\"Le Chtululu\"},\"image\":{\"@id\":\"https:\/\/chtululu.be\/#\/schema\/logo\/image\/\"}}]}<\/script>\n<!-- \/ Yoast SEO plugin. -->","yoast_head_json":{"title":"Un petit reconstituant - Le Chtululu","robots":{"index":"index","follow":"follow","max-snippet":"max-snippet:-1","max-image-preview":"max-image-preview:large","max-video-preview":"max-video-preview:-1"},"canonical":"https:\/\/chtululu.be\/index.php\/produit\/un-petit-reconstituant\/","og_locale":"fr_FR","og_type":"article","og_title":"Un petit reconstituant - Le Chtululu","og_description":"George Elizabeth Trois nouvelles, trois r\u00e9cits sur les faiblesses des hommes et des femmes et... trois r\u00e9ussites ! Lorsqu'il s'agit de d\u00e9cortiquer les m\u00e9canismes de l'\u00e2me humaine, Elizabeth George se r\u00e9v\u00e8le aussi \u00e0 l'aise dans le cent m\u00e8tres que dans la course de fond. Convoitise, jalousie, d\u00e9sir effr\u00e9n\u00e9 de r\u00e9ussite, autant de mobiles puissants pour inciter les protagonistes \u00e0 passer \u00e0 l'acte et \u00e9liminer physiquement l'emp\u00eacheur de tourner en rond.","og_url":"https:\/\/chtululu.be\/index.php\/produit\/un-petit-reconstituant\/","og_site_name":"Le Chtululu","article_modified_time":"2017-02-28T10:32:36+00:00","og_image":[{"width":200,"height":327,"url":"https:\/\/chtululu.be\/wp-content\/uploads\/2017\/02\/reconstituant.jpg","type":"image\/jpeg"}],"twitter_card":"summary_large_image","schema":{"@context":"https:\/\/schema.org","@graph":[{"@type":"WebPage","@id":"https:\/\/chtululu.be\/index.php\/produit\/un-petit-reconstituant\/","url":"https:\/\/chtululu.be\/index.php\/produit\/un-petit-reconstituant\/","name":"Un petit reconstituant - Le Chtululu","isPartOf":{"@id":"https:\/\/chtululu.be\/#website"},"primaryImageOfPage":{"@id":"https:\/\/chtululu.be\/index.php\/produit\/un-petit-reconstituant\/#primaryimage"},"image":{"@id":"https:\/\/chtululu.be\/index.php\/produit\/un-petit-reconstituant\/#primaryimage"},"thumbnailUrl":"https:\/\/chtululu.be\/wp-content\/uploads\/2017\/02\/reconstituant.jpg","datePublished":"2017-02-28T10:21:36+00:00","dateModified":"2017-02-28T10:32:36+00:00","breadcrumb":{"@id":"https:\/\/chtululu.be\/index.php\/produit\/un-petit-reconstituant\/#breadcrumb"},"inLanguage":"fr-FR","potentialAction":[{"@type":"ReadAction","target":["https:\/\/chtululu.be\/index.php\/produit\/un-petit-reconstituant\/"]}]},{"@type":"ImageObject","inLanguage":"fr-FR","@id":"https:\/\/chtululu.be\/index.php\/produit\/un-petit-reconstituant\/#primaryimage","url":"https:\/\/chtululu.be\/wp-content\/uploads\/2017\/02\/reconstituant.jpg","contentUrl":"https:\/\/chtululu.be\/wp-content\/uploads\/2017\/02\/reconstituant.jpg","width":200,"height":327},{"@type":"BreadcrumbList","@id":"https:\/\/chtululu.be\/index.php\/produit\/un-petit-reconstituant\/#breadcrumb","itemListElement":[{"@type":"ListItem","position":1,"name":"Accueil","item":"https:\/\/chtululu.be\/"},{"@type":"ListItem","position":2,"name":"Les livres","item":"https:\/\/chtululu.be\/index.php\/livres-doccasion\/"},{"@type":"ListItem","position":3,"name":"Un petit reconstituant"}]},{"@type":"WebSite","@id":"https:\/\/chtululu.be\/#website","url":"https:\/\/chtululu.be\/","name":"Le Chtululu","description":"Votre librairie de seconde main \u00e0 Soignies","publisher":{"@id":"https:\/\/chtululu.be\/#organization"},"potentialAction":[{"@type":"SearchAction","target":{"@type":"EntryPoint","urlTemplate":"https:\/\/chtululu.be\/?s={search_term_string}"},"query-input":{"@type":"PropertyValueSpecification","valueRequired":true,"valueName":"search_term_string"}}],"inLanguage":"fr-FR"},{"@type":"Organization","@id":"https:\/\/chtululu.be\/#organization","name":"Le Chtululu","url":"https:\/\/chtululu.be\/","logo":{"@type":"ImageObject","inLanguage":"fr-FR","@id":"https:\/\/chtululu.be\/#\/schema\/logo\/image\/","url":"https:\/\/chtululu.be\/wp-content\/uploads\/2016\/05\/logo-def-blanc.jpg","contentUrl":"https:\/\/chtululu.be\/wp-content\/uploads\/2016\/05\/logo-def-blanc.jpg","width":2048,"height":1901,"caption":"Le Chtululu"},"image":{"@id":"https:\/\/chtululu.be\/#\/schema\/logo\/image\/"}}]}},"_links":{"self":[{"href":"https:\/\/chtululu.be\/index.php\/wp-json\/wp\/v2\/product\/1039","targetHints":{"allow":["GET"]}}],"collection":[{"href":"https:\/\/chtululu.be\/index.php\/wp-json\/wp\/v2\/product"}],"about":[{"href":"https:\/\/chtululu.be\/index.php\/wp-json\/wp\/v2\/types\/product"}],"wp:featuredmedia":[{"embeddable":true,"href":"https:\/\/chtululu.be\/index.php\/wp-json\/wp\/v2\/media\/1031"}],"wp:attachment":[{"href":"https:\/\/chtululu.be\/index.php\/wp-json\/wp\/v2\/media?parent=1039"}],"wp:term":[{"taxonomy":"product_brand","embeddable":true,"href":"https:\/\/chtululu.be\/index.php\/wp-json\/wp\/v2\/product_brand?post=1039"},{"taxonomy":"product_cat","embeddable":true,"href":"https:\/\/chtululu.be\/index.php\/wp-json\/wp\/v2\/product_cat?post=1039"},{"taxonomy":"product_tag","embeddable":true,"href":"https:\/\/chtululu.be\/index.php\/wp-json\/wp\/v2\/product_tag?post=1039"}],"curies":[{"name":"wp","href":"https:\/\/api.w.org\/{rel}","templated":true}]}}