{"id":1014,"date":"2017-02-25T18:46:17","date_gmt":"2017-02-25T17:46:17","guid":{"rendered":"http:\/\/chtululu.be\/index.php\/produit\/les-bois-de-battandiere\/"},"modified":"2017-02-25T18:55:13","modified_gmt":"2017-02-25T17:55:13","slug":"les-bois-de-battandiere","status":"publish","type":"product","link":"https:\/\/chtululu.be\/index.php\/produit\/les-bois-de-battandiere\/","title":{"rendered":"Les bois de Battandi\u00e8re"},"content":{"rendered":"","protected":false},"excerpt":{"rendered":"<p><strong>Bourdin Fran\u00e7oise<\/strong><br \/>\nDepuis la mort de Martial Battandier, son premier \u00e9poux, L\u00e9a dirige l&rsquo;exploitation foresti\u00e8re qu&rsquo;il lui a l\u00e9gu\u00e9e, en plein coeur du Jura. Seule pour g\u00e9rer le domaine, n&rsquo;ayant ni l&rsquo;autorit\u00e9 ni l&rsquo;exp\u00e9rience de son d\u00e9funt mari, elle n&rsquo;est pas vraiment la bienvenue dans l&rsquo;univers masculin des b\u00fbcherons et des d\u00e9bardeurs. D\u00e9termin\u00e9e et courageuse, elle fait appel \u00e0 Rapha\u00ebl, un ing\u00e9nieur des Eaux et For\u00eats qui va l&rsquo;aider \u00e0 surmonter les difficult\u00e9s et lui apprendre le m\u00e9tier de forestier.<br \/>\nMais L\u00e9a doit aussi se battre pour sauver sa famille. Tristan, son second mari, est hant\u00e9 par l&rsquo;image omnipr\u00e9sente de Martial et se sent \u00e9cart\u00e9 du cercle familial. Il d\u00e9laisse sa propre entreprise, sombrant chaque jour un peu plus dans l&rsquo;alcoolisme.<br \/>\nLasse d&rsquo;avoir \u00e0 supporter ses faiblesses, L\u00e9a finit par se d\u00e9tacher de Tristan&#8230; Mais quand son proche entourage lui sugg\u00e8re de le quitter, elle h\u00e9site \u00e0 prendre une d\u00e9cision qui pourrait mettre en p\u00e9ril son exploitation. Seule dans la tourmente, parviendra-t-elle \u00e0 se lib\u00e9rer des d\u00e9mons du pass\u00e9 et \u00e0 s&rsquo;affranchir des conventions ?<\/p>\n","protected":false},"featured_media":1006,"template":"","meta":{"_acf_changed":false,"_exactmetrics_skip_tracking":false,"_exactmetrics_sitenote_active":false,"_exactmetrics_sitenote_note":"","_exactmetrics_sitenote_category":0},"product_brand":[],"product_cat":[24],"product_tag":[65],"class_list":{"0":"post-1014","1":"product","2":"type-product","3":"status-publish","4":"has-post-thumbnail","6":"product_cat-roman","7":"product_tag-bourdin-francoise","9":"first","10":"instock","11":"sold-individually","12":"taxable","13":"shipping-taxable","14":"purchasable","15":"product-type-simple"},"acf":[],"yoast_head":"<!-- This site is optimized with the Yoast SEO plugin v26.6 - https:\/\/yoast.com\/wordpress\/plugins\/seo\/ -->\n<title>Les bois de Battandi\u00e8re - Le Chtululu<\/title>\n<meta name=\"robots\" content=\"index, follow, max-snippet:-1, max-image-preview:large, max-video-preview:-1\" \/>\n<link rel=\"canonical\" href=\"https:\/\/chtululu.be\/index.php\/produit\/les-bois-de-battandiere\/\" \/>\n<meta property=\"og:locale\" content=\"fr_FR\" \/>\n<meta property=\"og:type\" content=\"article\" \/>\n<meta property=\"og:title\" content=\"Les bois de Battandi\u00e8re - Le Chtululu\" \/>\n<meta property=\"og:description\" content=\"Bourdin Fran\u00e7oise Depuis la mort de Martial Battandier, son premier \u00e9poux, L\u00e9a dirige l&#039;exploitation foresti\u00e8re qu&#039;il lui a l\u00e9gu\u00e9e, en plein coeur du Jura. Seule pour g\u00e9rer le domaine, n&#039;ayant ni l&#039;autorit\u00e9 ni l&#039;exp\u00e9rience de son d\u00e9funt mari, elle n&#039;est pas vraiment la bienvenue dans l&#039;univers masculin des b\u00fbcherons et des d\u00e9bardeurs. D\u00e9termin\u00e9e et courageuse, elle fait appel \u00e0 Rapha\u00ebl, un ing\u00e9nieur des Eaux et For\u00eats qui va l&#039;aider \u00e0 surmonter les difficult\u00e9s et lui apprendre le m\u00e9tier de forestier. Mais L\u00e9a doit aussi se battre pour sauver sa famille. Tristan, son second mari, est hant\u00e9 par l&#039;image omnipr\u00e9sente de Martial et se sent \u00e9cart\u00e9 du cercle familial. Il d\u00e9laisse sa propre entreprise, sombrant chaque jour un peu plus dans l&#039;alcoolisme. Lasse d&#039;avoir \u00e0 supporter ses faiblesses, L\u00e9a finit par se d\u00e9tacher de Tristan... Mais quand son proche entourage lui sugg\u00e8re de le quitter, elle h\u00e9site \u00e0 prendre une d\u00e9cision qui pourrait mettre en p\u00e9ril son exploitation. Seule dans la tourmente, parviendra-t-elle \u00e0 se lib\u00e9rer des d\u00e9mons du pass\u00e9 et \u00e0 s&#039;affranchir des conventions ?\" \/>\n<meta property=\"og:url\" content=\"https:\/\/chtululu.be\/index.php\/produit\/les-bois-de-battandiere\/\" \/>\n<meta property=\"og:site_name\" content=\"Le Chtululu\" \/>\n<meta property=\"article:modified_time\" content=\"2017-02-25T17:55:13+00:00\" \/>\n<meta property=\"og:image\" content=\"https:\/\/chtululu.be\/wp-content\/uploads\/2017\/02\/bois-1.jpg\" \/>\n\t<meta property=\"og:image:width\" content=\"200\" \/>\n\t<meta property=\"og:image:height\" content=\"319\" \/>\n\t<meta property=\"og:image:type\" content=\"image\/jpeg\" \/>\n<meta name=\"twitter:card\" content=\"summary_large_image\" \/>\n<script type=\"application\/ld+json\" class=\"yoast-schema-graph\">{\"@context\":\"https:\/\/schema.org\",\"@graph\":[{\"@type\":\"WebPage\",\"@id\":\"https:\/\/chtululu.be\/index.php\/produit\/les-bois-de-battandiere\/\",\"url\":\"https:\/\/chtululu.be\/index.php\/produit\/les-bois-de-battandiere\/\",\"name\":\"Les bois de Battandi\u00e8re - Le Chtululu\",\"isPartOf\":{\"@id\":\"https:\/\/chtululu.be\/#website\"},\"primaryImageOfPage\":{\"@id\":\"https:\/\/chtululu.be\/index.php\/produit\/les-bois-de-battandiere\/#primaryimage\"},\"image\":{\"@id\":\"https:\/\/chtululu.be\/index.php\/produit\/les-bois-de-battandiere\/#primaryimage\"},\"thumbnailUrl\":\"https:\/\/chtululu.be\/wp-content\/uploads\/2017\/02\/bois-1.jpg\",\"datePublished\":\"2017-02-25T17:46:17+00:00\",\"dateModified\":\"2017-02-25T17:55:13+00:00\",\"breadcrumb\":{\"@id\":\"https:\/\/chtululu.be\/index.php\/produit\/les-bois-de-battandiere\/#breadcrumb\"},\"inLanguage\":\"fr-FR\",\"potentialAction\":[{\"@type\":\"ReadAction\",\"target\":[\"https:\/\/chtululu.be\/index.php\/produit\/les-bois-de-battandiere\/\"]}]},{\"@type\":\"ImageObject\",\"inLanguage\":\"fr-FR\",\"@id\":\"https:\/\/chtululu.be\/index.php\/produit\/les-bois-de-battandiere\/#primaryimage\",\"url\":\"https:\/\/chtululu.be\/wp-content\/uploads\/2017\/02\/bois-1.jpg\",\"contentUrl\":\"https:\/\/chtululu.be\/wp-content\/uploads\/2017\/02\/bois-1.jpg\",\"width\":200,\"height\":319},{\"@type\":\"BreadcrumbList\",\"@id\":\"https:\/\/chtululu.be\/index.php\/produit\/les-bois-de-battandiere\/#breadcrumb\",\"itemListElement\":[{\"@type\":\"ListItem\",\"position\":1,\"name\":\"Accueil\",\"item\":\"https:\/\/chtululu.be\/\"},{\"@type\":\"ListItem\",\"position\":2,\"name\":\"Les livres\",\"item\":\"https:\/\/chtululu.be\/index.php\/livres-doccasion\/\"},{\"@type\":\"ListItem\",\"position\":3,\"name\":\"Les bois de Battandi\u00e8re\"}]},{\"@type\":\"WebSite\",\"@id\":\"https:\/\/chtululu.be\/#website\",\"url\":\"https:\/\/chtululu.be\/\",\"name\":\"Le Chtululu\",\"description\":\"Votre librairie de seconde main \u00e0 Soignies\",\"publisher\":{\"@id\":\"https:\/\/chtululu.be\/#organization\"},\"potentialAction\":[{\"@type\":\"SearchAction\",\"target\":{\"@type\":\"EntryPoint\",\"urlTemplate\":\"https:\/\/chtululu.be\/?s={search_term_string}\"},\"query-input\":{\"@type\":\"PropertyValueSpecification\",\"valueRequired\":true,\"valueName\":\"search_term_string\"}}],\"inLanguage\":\"fr-FR\"},{\"@type\":\"Organization\",\"@id\":\"https:\/\/chtululu.be\/#organization\",\"name\":\"Le Chtululu\",\"url\":\"https:\/\/chtululu.be\/\",\"logo\":{\"@type\":\"ImageObject\",\"inLanguage\":\"fr-FR\",\"@id\":\"https:\/\/chtululu.be\/#\/schema\/logo\/image\/\",\"url\":\"https:\/\/chtululu.be\/wp-content\/uploads\/2016\/05\/logo-def-blanc.jpg\",\"contentUrl\":\"https:\/\/chtululu.be\/wp-content\/uploads\/2016\/05\/logo-def-blanc.jpg\",\"width\":2048,\"height\":1901,\"caption\":\"Le Chtululu\"},\"image\":{\"@id\":\"https:\/\/chtululu.be\/#\/schema\/logo\/image\/\"}}]}<\/script>\n<!-- \/ Yoast SEO plugin. -->","yoast_head_json":{"title":"Les bois de Battandi\u00e8re - Le Chtululu","robots":{"index":"index","follow":"follow","max-snippet":"max-snippet:-1","max-image-preview":"max-image-preview:large","max-video-preview":"max-video-preview:-1"},"canonical":"https:\/\/chtululu.be\/index.php\/produit\/les-bois-de-battandiere\/","og_locale":"fr_FR","og_type":"article","og_title":"Les bois de Battandi\u00e8re - Le Chtululu","og_description":"Bourdin Fran\u00e7oise Depuis la mort de Martial Battandier, son premier \u00e9poux, L\u00e9a dirige l'exploitation foresti\u00e8re qu'il lui a l\u00e9gu\u00e9e, en plein coeur du Jura. Seule pour g\u00e9rer le domaine, n'ayant ni l'autorit\u00e9 ni l'exp\u00e9rience de son d\u00e9funt mari, elle n'est pas vraiment la bienvenue dans l'univers masculin des b\u00fbcherons et des d\u00e9bardeurs. D\u00e9termin\u00e9e et courageuse, elle fait appel \u00e0 Rapha\u00ebl, un ing\u00e9nieur des Eaux et For\u00eats qui va l'aider \u00e0 surmonter les difficult\u00e9s et lui apprendre le m\u00e9tier de forestier. Mais L\u00e9a doit aussi se battre pour sauver sa famille. Tristan, son second mari, est hant\u00e9 par l'image omnipr\u00e9sente de Martial et se sent \u00e9cart\u00e9 du cercle familial. Il d\u00e9laisse sa propre entreprise, sombrant chaque jour un peu plus dans l'alcoolisme. Lasse d'avoir \u00e0 supporter ses faiblesses, L\u00e9a finit par se d\u00e9tacher de Tristan... Mais quand son proche entourage lui sugg\u00e8re de le quitter, elle h\u00e9site \u00e0 prendre une d\u00e9cision qui pourrait mettre en p\u00e9ril son exploitation. Seule dans la tourmente, parviendra-t-elle \u00e0 se lib\u00e9rer des d\u00e9mons du pass\u00e9 et \u00e0 s'affranchir des conventions ?","og_url":"https:\/\/chtululu.be\/index.php\/produit\/les-bois-de-battandiere\/","og_site_name":"Le Chtululu","article_modified_time":"2017-02-25T17:55:13+00:00","og_image":[{"width":200,"height":319,"url":"https:\/\/chtululu.be\/wp-content\/uploads\/2017\/02\/bois-1.jpg","type":"image\/jpeg"}],"twitter_card":"summary_large_image","schema":{"@context":"https:\/\/schema.org","@graph":[{"@type":"WebPage","@id":"https:\/\/chtululu.be\/index.php\/produit\/les-bois-de-battandiere\/","url":"https:\/\/chtululu.be\/index.php\/produit\/les-bois-de-battandiere\/","name":"Les bois de Battandi\u00e8re - Le Chtululu","isPartOf":{"@id":"https:\/\/chtululu.be\/#website"},"primaryImageOfPage":{"@id":"https:\/\/chtululu.be\/index.php\/produit\/les-bois-de-battandiere\/#primaryimage"},"image":{"@id":"https:\/\/chtululu.be\/index.php\/produit\/les-bois-de-battandiere\/#primaryimage"},"thumbnailUrl":"https:\/\/chtululu.be\/wp-content\/uploads\/2017\/02\/bois-1.jpg","datePublished":"2017-02-25T17:46:17+00:00","dateModified":"2017-02-25T17:55:13+00:00","breadcrumb":{"@id":"https:\/\/chtululu.be\/index.php\/produit\/les-bois-de-battandiere\/#breadcrumb"},"inLanguage":"fr-FR","potentialAction":[{"@type":"ReadAction","target":["https:\/\/chtululu.be\/index.php\/produit\/les-bois-de-battandiere\/"]}]},{"@type":"ImageObject","inLanguage":"fr-FR","@id":"https:\/\/chtululu.be\/index.php\/produit\/les-bois-de-battandiere\/#primaryimage","url":"https:\/\/chtululu.be\/wp-content\/uploads\/2017\/02\/bois-1.jpg","contentUrl":"https:\/\/chtululu.be\/wp-content\/uploads\/2017\/02\/bois-1.jpg","width":200,"height":319},{"@type":"BreadcrumbList","@id":"https:\/\/chtululu.be\/index.php\/produit\/les-bois-de-battandiere\/#breadcrumb","itemListElement":[{"@type":"ListItem","position":1,"name":"Accueil","item":"https:\/\/chtululu.be\/"},{"@type":"ListItem","position":2,"name":"Les livres","item":"https:\/\/chtululu.be\/index.php\/livres-doccasion\/"},{"@type":"ListItem","position":3,"name":"Les bois de Battandi\u00e8re"}]},{"@type":"WebSite","@id":"https:\/\/chtululu.be\/#website","url":"https:\/\/chtululu.be\/","name":"Le Chtululu","description":"Votre librairie de seconde main \u00e0 Soignies","publisher":{"@id":"https:\/\/chtululu.be\/#organization"},"potentialAction":[{"@type":"SearchAction","target":{"@type":"EntryPoint","urlTemplate":"https:\/\/chtululu.be\/?s={search_term_string}"},"query-input":{"@type":"PropertyValueSpecification","valueRequired":true,"valueName":"search_term_string"}}],"inLanguage":"fr-FR"},{"@type":"Organization","@id":"https:\/\/chtululu.be\/#organization","name":"Le Chtululu","url":"https:\/\/chtululu.be\/","logo":{"@type":"ImageObject","inLanguage":"fr-FR","@id":"https:\/\/chtululu.be\/#\/schema\/logo\/image\/","url":"https:\/\/chtululu.be\/wp-content\/uploads\/2016\/05\/logo-def-blanc.jpg","contentUrl":"https:\/\/chtululu.be\/wp-content\/uploads\/2016\/05\/logo-def-blanc.jpg","width":2048,"height":1901,"caption":"Le Chtululu"},"image":{"@id":"https:\/\/chtululu.be\/#\/schema\/logo\/image\/"}}]}},"_links":{"self":[{"href":"https:\/\/chtululu.be\/index.php\/wp-json\/wp\/v2\/product\/1014","targetHints":{"allow":["GET"]}}],"collection":[{"href":"https:\/\/chtululu.be\/index.php\/wp-json\/wp\/v2\/product"}],"about":[{"href":"https:\/\/chtululu.be\/index.php\/wp-json\/wp\/v2\/types\/product"}],"wp:featuredmedia":[{"embeddable":true,"href":"https:\/\/chtululu.be\/index.php\/wp-json\/wp\/v2\/media\/1006"}],"wp:attachment":[{"href":"https:\/\/chtululu.be\/index.php\/wp-json\/wp\/v2\/media?parent=1014"}],"wp:term":[{"taxonomy":"product_brand","embeddable":true,"href":"https:\/\/chtululu.be\/index.php\/wp-json\/wp\/v2\/product_brand?post=1014"},{"taxonomy":"product_cat","embeddable":true,"href":"https:\/\/chtululu.be\/index.php\/wp-json\/wp\/v2\/product_cat?post=1014"},{"taxonomy":"product_tag","embeddable":true,"href":"https:\/\/chtululu.be\/index.php\/wp-json\/wp\/v2\/product_tag?post=1014"}],"curies":[{"name":"wp","href":"https:\/\/api.w.org\/{rel}","templated":true}]}}