{"id":1010,"date":"2017-02-25T18:46:13","date_gmt":"2017-02-25T17:46:13","guid":{"rendered":"http:\/\/chtululu.be\/index.php\/produit\/nom-de-jeune-fille\/"},"modified":"2017-02-25T19:00:30","modified_gmt":"2017-02-25T18:00:30","slug":"nom-de-jeune-fille","status":"publish","type":"product","link":"https:\/\/chtululu.be\/index.php\/produit\/nom-de-jeune-fille\/","title":{"rendered":"Nom de jeune fille"},"content":{"rendered":"","protected":false},"excerpt":{"rendered":"<p><strong>Bourdin Fran\u00e7oise<\/strong><br \/>\nPour se consacrer \u00e0 son \u00e9poux, Mathieu, un grand patron en cardiologie, et \u00e0 ses deux enfants, Val\u00e9rie a renonc\u00e9 \u00e0 une prometteuse carri\u00e8re de m\u00e9decin. A Rouen, elle m\u00e8ne l&rsquo;existence dor\u00e9e d&rsquo;une femme de notable, jusqu&rsquo;au jour o\u00f9 elle d\u00e9couvre qu&rsquo;elle est une femme tromp\u00e9e.<\/p>\n<p>Bravant la fureur de son mari, elle quitte le domicile conjugal avec ses enfants et entame une proc\u00e9dure de divorce. Mais, \u00e0 trente-sept ans, retrouver une ind\u00e9pendance mat\u00e9rielle et reconstruire une vie affective tout en pr\u00e9servant ses enfants est un parcours douloureux et sem\u00e9 d&#8217;emb\u00fbches. S&rsquo;imposer \u00e0 nouveau dans le milieu m\u00e9dical en reprenant ses \u00e9tudes devient alors pour Val\u00e9rie un v\u00e9ritable d\u00e9fi. D&rsquo;autant que Mathieu, qui ne supporte pas d&rsquo;avoir \u00e9t\u00e9 \u00e9conduit, va tout faire pour reconqu\u00e9rir sa femme et l&#8217;emp\u00eacher de r\u00e9int\u00e9grer l&rsquo;h\u00f4pital.<\/p>\n<p>Malgr\u00e9 l&rsquo;aide or\u00e9cieuse de Ludovic, un brillant et s\u00e9duisant avocat, Val\u00e9rie obtiendra-t-elle enfin le droit de regagner sa libert\u00e9?<\/p>\n","protected":false},"featured_media":1004,"template":"","meta":{"_acf_changed":false,"_exactmetrics_skip_tracking":false,"_exactmetrics_sitenote_active":false,"_exactmetrics_sitenote_note":"","_exactmetrics_sitenote_category":0},"product_brand":[],"product_cat":[24],"product_tag":[65],"class_list":{"0":"post-1010","1":"product","2":"type-product","3":"status-publish","4":"has-post-thumbnail","6":"product_cat-roman","7":"product_tag-bourdin-francoise","9":"first","10":"instock","11":"sold-individually","12":"taxable","13":"shipping-taxable","14":"purchasable","15":"product-type-simple"},"acf":[],"yoast_head":"<!-- This site is optimized with the Yoast SEO plugin v26.6 - https:\/\/yoast.com\/wordpress\/plugins\/seo\/ -->\n<title>Nom de jeune fille - Le Chtululu<\/title>\n<meta name=\"robots\" content=\"index, follow, max-snippet:-1, max-image-preview:large, max-video-preview:-1\" \/>\n<link rel=\"canonical\" href=\"https:\/\/chtululu.be\/index.php\/produit\/nom-de-jeune-fille\/\" \/>\n<meta property=\"og:locale\" content=\"fr_FR\" \/>\n<meta property=\"og:type\" content=\"article\" \/>\n<meta property=\"og:title\" content=\"Nom de jeune fille - Le Chtululu\" \/>\n<meta property=\"og:description\" content=\"Bourdin Fran\u00e7oise Pour se consacrer \u00e0 son \u00e9poux, Mathieu, un grand patron en cardiologie, et \u00e0 ses deux enfants, Val\u00e9rie a renonc\u00e9 \u00e0 une prometteuse carri\u00e8re de m\u00e9decin. A Rouen, elle m\u00e8ne l&#039;existence dor\u00e9e d&#039;une femme de notable, jusqu&#039;au jour o\u00f9 elle d\u00e9couvre qu&#039;elle est une femme tromp\u00e9e.  Bravant la fureur de son mari, elle quitte le domicile conjugal avec ses enfants et entame une proc\u00e9dure de divorce. Mais, \u00e0 trente-sept ans, retrouver une ind\u00e9pendance mat\u00e9rielle et reconstruire une vie affective tout en pr\u00e9servant ses enfants est un parcours douloureux et sem\u00e9 d&#039;emb\u00fbches. S&#039;imposer \u00e0 nouveau dans le milieu m\u00e9dical en reprenant ses \u00e9tudes devient alors pour Val\u00e9rie un v\u00e9ritable d\u00e9fi. D&#039;autant que Mathieu, qui ne supporte pas d&#039;avoir \u00e9t\u00e9 \u00e9conduit, va tout faire pour reconqu\u00e9rir sa femme et l&#039;emp\u00eacher de r\u00e9int\u00e9grer l&#039;h\u00f4pital.  Malgr\u00e9 l&#039;aide or\u00e9cieuse de Ludovic, un brillant et s\u00e9duisant avocat, Val\u00e9rie obtiendra-t-elle enfin le droit de regagner sa libert\u00e9?\" \/>\n<meta property=\"og:url\" content=\"https:\/\/chtululu.be\/index.php\/produit\/nom-de-jeune-fille\/\" \/>\n<meta property=\"og:site_name\" content=\"Le Chtululu\" \/>\n<meta property=\"article:modified_time\" content=\"2017-02-25T18:00:30+00:00\" \/>\n<meta property=\"og:image\" content=\"https:\/\/chtululu.be\/wp-content\/uploads\/2017\/02\/bourdin.jpg\" \/>\n\t<meta property=\"og:image:width\" content=\"200\" \/>\n\t<meta property=\"og:image:height\" content=\"298\" \/>\n\t<meta property=\"og:image:type\" content=\"image\/jpeg\" \/>\n<meta name=\"twitter:card\" content=\"summary_large_image\" \/>\n<script type=\"application\/ld+json\" class=\"yoast-schema-graph\">{\"@context\":\"https:\/\/schema.org\",\"@graph\":[{\"@type\":\"WebPage\",\"@id\":\"https:\/\/chtululu.be\/index.php\/produit\/nom-de-jeune-fille\/\",\"url\":\"https:\/\/chtululu.be\/index.php\/produit\/nom-de-jeune-fille\/\",\"name\":\"Nom de jeune fille - Le Chtululu\",\"isPartOf\":{\"@id\":\"https:\/\/chtululu.be\/#website\"},\"primaryImageOfPage\":{\"@id\":\"https:\/\/chtululu.be\/index.php\/produit\/nom-de-jeune-fille\/#primaryimage\"},\"image\":{\"@id\":\"https:\/\/chtululu.be\/index.php\/produit\/nom-de-jeune-fille\/#primaryimage\"},\"thumbnailUrl\":\"https:\/\/chtululu.be\/wp-content\/uploads\/2017\/02\/bourdin.jpg\",\"datePublished\":\"2017-02-25T17:46:13+00:00\",\"dateModified\":\"2017-02-25T18:00:30+00:00\",\"breadcrumb\":{\"@id\":\"https:\/\/chtululu.be\/index.php\/produit\/nom-de-jeune-fille\/#breadcrumb\"},\"inLanguage\":\"fr-FR\",\"potentialAction\":[{\"@type\":\"ReadAction\",\"target\":[\"https:\/\/chtululu.be\/index.php\/produit\/nom-de-jeune-fille\/\"]}]},{\"@type\":\"ImageObject\",\"inLanguage\":\"fr-FR\",\"@id\":\"https:\/\/chtululu.be\/index.php\/produit\/nom-de-jeune-fille\/#primaryimage\",\"url\":\"https:\/\/chtululu.be\/wp-content\/uploads\/2017\/02\/bourdin.jpg\",\"contentUrl\":\"https:\/\/chtululu.be\/wp-content\/uploads\/2017\/02\/bourdin.jpg\",\"width\":200,\"height\":298},{\"@type\":\"BreadcrumbList\",\"@id\":\"https:\/\/chtululu.be\/index.php\/produit\/nom-de-jeune-fille\/#breadcrumb\",\"itemListElement\":[{\"@type\":\"ListItem\",\"position\":1,\"name\":\"Accueil\",\"item\":\"https:\/\/chtululu.be\/\"},{\"@type\":\"ListItem\",\"position\":2,\"name\":\"Les livres\",\"item\":\"https:\/\/chtululu.be\/index.php\/livres-doccasion\/\"},{\"@type\":\"ListItem\",\"position\":3,\"name\":\"Nom de jeune fille\"}]},{\"@type\":\"WebSite\",\"@id\":\"https:\/\/chtululu.be\/#website\",\"url\":\"https:\/\/chtululu.be\/\",\"name\":\"Le Chtululu\",\"description\":\"Votre librairie de seconde main \u00e0 Soignies\",\"publisher\":{\"@id\":\"https:\/\/chtululu.be\/#organization\"},\"potentialAction\":[{\"@type\":\"SearchAction\",\"target\":{\"@type\":\"EntryPoint\",\"urlTemplate\":\"https:\/\/chtululu.be\/?s={search_term_string}\"},\"query-input\":{\"@type\":\"PropertyValueSpecification\",\"valueRequired\":true,\"valueName\":\"search_term_string\"}}],\"inLanguage\":\"fr-FR\"},{\"@type\":\"Organization\",\"@id\":\"https:\/\/chtululu.be\/#organization\",\"name\":\"Le Chtululu\",\"url\":\"https:\/\/chtululu.be\/\",\"logo\":{\"@type\":\"ImageObject\",\"inLanguage\":\"fr-FR\",\"@id\":\"https:\/\/chtululu.be\/#\/schema\/logo\/image\/\",\"url\":\"https:\/\/chtululu.be\/wp-content\/uploads\/2016\/05\/logo-def-blanc.jpg\",\"contentUrl\":\"https:\/\/chtululu.be\/wp-content\/uploads\/2016\/05\/logo-def-blanc.jpg\",\"width\":2048,\"height\":1901,\"caption\":\"Le Chtululu\"},\"image\":{\"@id\":\"https:\/\/chtululu.be\/#\/schema\/logo\/image\/\"}}]}<\/script>\n<!-- \/ Yoast SEO plugin. -->","yoast_head_json":{"title":"Nom de jeune fille - Le Chtululu","robots":{"index":"index","follow":"follow","max-snippet":"max-snippet:-1","max-image-preview":"max-image-preview:large","max-video-preview":"max-video-preview:-1"},"canonical":"https:\/\/chtululu.be\/index.php\/produit\/nom-de-jeune-fille\/","og_locale":"fr_FR","og_type":"article","og_title":"Nom de jeune fille - Le Chtululu","og_description":"Bourdin Fran\u00e7oise Pour se consacrer \u00e0 son \u00e9poux, Mathieu, un grand patron en cardiologie, et \u00e0 ses deux enfants, Val\u00e9rie a renonc\u00e9 \u00e0 une prometteuse carri\u00e8re de m\u00e9decin. A Rouen, elle m\u00e8ne l'existence dor\u00e9e d'une femme de notable, jusqu'au jour o\u00f9 elle d\u00e9couvre qu'elle est une femme tromp\u00e9e.  Bravant la fureur de son mari, elle quitte le domicile conjugal avec ses enfants et entame une proc\u00e9dure de divorce. Mais, \u00e0 trente-sept ans, retrouver une ind\u00e9pendance mat\u00e9rielle et reconstruire une vie affective tout en pr\u00e9servant ses enfants est un parcours douloureux et sem\u00e9 d'emb\u00fbches. S'imposer \u00e0 nouveau dans le milieu m\u00e9dical en reprenant ses \u00e9tudes devient alors pour Val\u00e9rie un v\u00e9ritable d\u00e9fi. D'autant que Mathieu, qui ne supporte pas d'avoir \u00e9t\u00e9 \u00e9conduit, va tout faire pour reconqu\u00e9rir sa femme et l'emp\u00eacher de r\u00e9int\u00e9grer l'h\u00f4pital.  Malgr\u00e9 l'aide or\u00e9cieuse de Ludovic, un brillant et s\u00e9duisant avocat, Val\u00e9rie obtiendra-t-elle enfin le droit de regagner sa libert\u00e9?","og_url":"https:\/\/chtululu.be\/index.php\/produit\/nom-de-jeune-fille\/","og_site_name":"Le Chtululu","article_modified_time":"2017-02-25T18:00:30+00:00","og_image":[{"width":200,"height":298,"url":"https:\/\/chtululu.be\/wp-content\/uploads\/2017\/02\/bourdin.jpg","type":"image\/jpeg"}],"twitter_card":"summary_large_image","schema":{"@context":"https:\/\/schema.org","@graph":[{"@type":"WebPage","@id":"https:\/\/chtululu.be\/index.php\/produit\/nom-de-jeune-fille\/","url":"https:\/\/chtululu.be\/index.php\/produit\/nom-de-jeune-fille\/","name":"Nom de jeune fille - Le Chtululu","isPartOf":{"@id":"https:\/\/chtululu.be\/#website"},"primaryImageOfPage":{"@id":"https:\/\/chtululu.be\/index.php\/produit\/nom-de-jeune-fille\/#primaryimage"},"image":{"@id":"https:\/\/chtululu.be\/index.php\/produit\/nom-de-jeune-fille\/#primaryimage"},"thumbnailUrl":"https:\/\/chtululu.be\/wp-content\/uploads\/2017\/02\/bourdin.jpg","datePublished":"2017-02-25T17:46:13+00:00","dateModified":"2017-02-25T18:00:30+00:00","breadcrumb":{"@id":"https:\/\/chtululu.be\/index.php\/produit\/nom-de-jeune-fille\/#breadcrumb"},"inLanguage":"fr-FR","potentialAction":[{"@type":"ReadAction","target":["https:\/\/chtululu.be\/index.php\/produit\/nom-de-jeune-fille\/"]}]},{"@type":"ImageObject","inLanguage":"fr-FR","@id":"https:\/\/chtululu.be\/index.php\/produit\/nom-de-jeune-fille\/#primaryimage","url":"https:\/\/chtululu.be\/wp-content\/uploads\/2017\/02\/bourdin.jpg","contentUrl":"https:\/\/chtululu.be\/wp-content\/uploads\/2017\/02\/bourdin.jpg","width":200,"height":298},{"@type":"BreadcrumbList","@id":"https:\/\/chtululu.be\/index.php\/produit\/nom-de-jeune-fille\/#breadcrumb","itemListElement":[{"@type":"ListItem","position":1,"name":"Accueil","item":"https:\/\/chtululu.be\/"},{"@type":"ListItem","position":2,"name":"Les livres","item":"https:\/\/chtululu.be\/index.php\/livres-doccasion\/"},{"@type":"ListItem","position":3,"name":"Nom de jeune fille"}]},{"@type":"WebSite","@id":"https:\/\/chtululu.be\/#website","url":"https:\/\/chtululu.be\/","name":"Le Chtululu","description":"Votre librairie de seconde main \u00e0 Soignies","publisher":{"@id":"https:\/\/chtululu.be\/#organization"},"potentialAction":[{"@type":"SearchAction","target":{"@type":"EntryPoint","urlTemplate":"https:\/\/chtululu.be\/?s={search_term_string}"},"query-input":{"@type":"PropertyValueSpecification","valueRequired":true,"valueName":"search_term_string"}}],"inLanguage":"fr-FR"},{"@type":"Organization","@id":"https:\/\/chtululu.be\/#organization","name":"Le Chtululu","url":"https:\/\/chtululu.be\/","logo":{"@type":"ImageObject","inLanguage":"fr-FR","@id":"https:\/\/chtululu.be\/#\/schema\/logo\/image\/","url":"https:\/\/chtululu.be\/wp-content\/uploads\/2016\/05\/logo-def-blanc.jpg","contentUrl":"https:\/\/chtululu.be\/wp-content\/uploads\/2016\/05\/logo-def-blanc.jpg","width":2048,"height":1901,"caption":"Le Chtululu"},"image":{"@id":"https:\/\/chtululu.be\/#\/schema\/logo\/image\/"}}]}},"_links":{"self":[{"href":"https:\/\/chtululu.be\/index.php\/wp-json\/wp\/v2\/product\/1010","targetHints":{"allow":["GET"]}}],"collection":[{"href":"https:\/\/chtululu.be\/index.php\/wp-json\/wp\/v2\/product"}],"about":[{"href":"https:\/\/chtululu.be\/index.php\/wp-json\/wp\/v2\/types\/product"}],"wp:featuredmedia":[{"embeddable":true,"href":"https:\/\/chtululu.be\/index.php\/wp-json\/wp\/v2\/media\/1004"}],"wp:attachment":[{"href":"https:\/\/chtululu.be\/index.php\/wp-json\/wp\/v2\/media?parent=1010"}],"wp:term":[{"taxonomy":"product_brand","embeddable":true,"href":"https:\/\/chtululu.be\/index.php\/wp-json\/wp\/v2\/product_brand?post=1010"},{"taxonomy":"product_cat","embeddable":true,"href":"https:\/\/chtululu.be\/index.php\/wp-json\/wp\/v2\/product_cat?post=1010"},{"taxonomy":"product_tag","embeddable":true,"href":"https:\/\/chtululu.be\/index.php\/wp-json\/wp\/v2\/product_tag?post=1010"}],"curies":[{"name":"wp","href":"https:\/\/api.w.org\/{rel}","templated":true}]}}