{"id":550,"date":"2017-01-02T13:45:01","date_gmt":"2017-01-02T12:45:01","guid":{"rendered":"http:\/\/chtululu.be\/index.php\/panier\/"},"modified":"2021-09-19T14:53:24","modified_gmt":"2021-09-19T13:53:24","slug":"panier","status":"publish","type":"page","link":"https:\/\/chtululu.be\/index.php\/panier\/","title":{"rendered":"Panier"},"content":{"rendered":"<p><strong>R\u00e9servation<\/strong><br \/>\nR\u00e9servez d\u00e8s \u00e0 pr\u00e9sent le(s) livre(s) que vous souhaitez acqu\u00e9rir et <strong>venez le(s) chercher \u00e0 la gare de Soignies<\/strong>. Un e-mail vous sera envoy\u00e9 d\u00e8s que votre commande sera pr\u00eate. Le paiement se fera sur place (via bancontact ou en liquide).<\/p>\n<p><strong>Livraison<\/strong><br \/>\nLa livraison est possible avec les frais bpost en vigueur en plus du prix indiqu\u00e9 (sauf pour les box). Le paiement se fera par virement. Nous vous contacterons pour les donn\u00e9es bancaires apr\u00e8s v\u00e9rification du stock.<\/p>\n\n","protected":false},"excerpt":{"rendered":"<p>R\u00e9servation R\u00e9servez d\u00e8s \u00e0 pr\u00e9sent le(s) livre(s) que vous souhaitez acqu\u00e9rir et venez le(s) chercher \u00e0 la gare de Soignies. Un e-mail vous sera envoy\u00e9 d\u00e8s que votre commande sera pr\u00eate. Le paiement se fera sur place (via bancontact ou en liquide). Livraison La livraison est possible avec les frais bpost en vigueur en plus&#8230; <\/p>\n","protected":false},"author":1,"featured_media":0,"parent":0,"menu_order":0,"comment_status":"closed","ping_status":"closed","template":"","meta":{"_acf_changed":false,"_exactmetrics_skip_tracking":false,"_exactmetrics_sitenote_active":false,"_exactmetrics_sitenote_note":"","_exactmetrics_sitenote_category":0,"footnotes":""},"class_list":["post-550","page","type-page","status-publish","hentry"],"acf":[],"yoast_head":"<!-- This site is optimized with the Yoast SEO plugin v26.6 - https:\/\/yoast.com\/wordpress\/plugins\/seo\/ -->\n<title>Panier - Le Chtululu<\/title>\n<meta name=\"robots\" content=\"index, follow, max-snippet:-1, max-image-preview:large, max-video-preview:-1\" \/>\n<link rel=\"canonical\" href=\"https:\/\/chtululu.be\/index.php\/panier\/\" \/>\n<meta property=\"og:locale\" content=\"fr_FR\" \/>\n<meta property=\"og:type\" content=\"article\" \/>\n<meta property=\"og:title\" content=\"Panier - Le Chtululu\" \/>\n<meta property=\"og:description\" content=\"R\u00e9servation R\u00e9servez d\u00e8s \u00e0 pr\u00e9sent le(s) livre(s) que vous souhaitez acqu\u00e9rir et venez le(s) chercher \u00e0 la gare de Soignies. Un e-mail vous sera envoy\u00e9 d\u00e8s que votre commande sera pr\u00eate. Le paiement se fera sur place (via bancontact ou en liquide). Livraison La livraison est possible avec les frais bpost en vigueur en plus...\" \/>\n<meta property=\"og:url\" content=\"https:\/\/chtululu.be\/index.php\/panier\/\" \/>\n<meta property=\"og:site_name\" content=\"Le Chtululu\" \/>\n<meta property=\"article:modified_time\" content=\"2021-09-19T13:53:24+00:00\" \/>\n<meta name=\"twitter:card\" content=\"summary_large_image\" \/>\n<meta name=\"twitter:label1\" content=\"Dur\u00e9e de lecture estim\u00e9e\" \/>\n\t<meta name=\"twitter:data1\" content=\"1 minute\" \/>\n<script type=\"application\/ld+json\" class=\"yoast-schema-graph\">{\"@context\":\"https:\/\/schema.org\",\"@graph\":[{\"@type\":\"WebPage\",\"@id\":\"https:\/\/chtululu.be\/index.php\/panier\/\",\"url\":\"https:\/\/chtululu.be\/index.php\/panier\/\",\"name\":\"Panier - Le Chtululu\",\"isPartOf\":{\"@id\":\"https:\/\/chtululu.be\/#website\"},\"datePublished\":\"2017-01-02T12:45:01+00:00\",\"dateModified\":\"2021-09-19T13:53:24+00:00\",\"breadcrumb\":{\"@id\":\"https:\/\/chtululu.be\/index.php\/panier\/#breadcrumb\"},\"inLanguage\":\"fr-FR\",\"potentialAction\":[{\"@type\":\"ReadAction\",\"target\":[\"https:\/\/chtululu.be\/index.php\/panier\/\"]}]},{\"@type\":\"BreadcrumbList\",\"@id\":\"https:\/\/chtululu.be\/index.php\/panier\/#breadcrumb\",\"itemListElement\":[{\"@type\":\"ListItem\",\"position\":1,\"name\":\"Accueil\",\"item\":\"https:\/\/chtululu.be\/\"},{\"@type\":\"ListItem\",\"position\":2,\"name\":\"Panier\"}]},{\"@type\":\"WebSite\",\"@id\":\"https:\/\/chtululu.be\/#website\",\"url\":\"https:\/\/chtululu.be\/\",\"name\":\"Le Chtululu\",\"description\":\"Votre librairie de seconde main \u00e0 Soignies\",\"publisher\":{\"@id\":\"https:\/\/chtululu.be\/#organization\"},\"potentialAction\":[{\"@type\":\"SearchAction\",\"target\":{\"@type\":\"EntryPoint\",\"urlTemplate\":\"https:\/\/chtululu.be\/?s={search_term_string}\"},\"query-input\":{\"@type\":\"PropertyValueSpecification\",\"valueRequired\":true,\"valueName\":\"search_term_string\"}}],\"inLanguage\":\"fr-FR\"},{\"@type\":\"Organization\",\"@id\":\"https:\/\/chtululu.be\/#organization\",\"name\":\"Le Chtululu\",\"url\":\"https:\/\/chtululu.be\/\",\"logo\":{\"@type\":\"ImageObject\",\"inLanguage\":\"fr-FR\",\"@id\":\"https:\/\/chtululu.be\/#\/schema\/logo\/image\/\",\"url\":\"https:\/\/chtululu.be\/wp-content\/uploads\/2016\/05\/logo-def-blanc.jpg\",\"contentUrl\":\"https:\/\/chtululu.be\/wp-content\/uploads\/2016\/05\/logo-def-blanc.jpg\",\"width\":2048,\"height\":1901,\"caption\":\"Le Chtululu\"},\"image\":{\"@id\":\"https:\/\/chtululu.be\/#\/schema\/logo\/image\/\"}}]}<\/script>\n<!-- \/ Yoast SEO plugin. -->","yoast_head_json":{"title":"Panier - Le Chtululu","robots":{"index":"index","follow":"follow","max-snippet":"max-snippet:-1","max-image-preview":"max-image-preview:large","max-video-preview":"max-video-preview:-1"},"canonical":"https:\/\/chtululu.be\/index.php\/panier\/","og_locale":"fr_FR","og_type":"article","og_title":"Panier - Le Chtululu","og_description":"R\u00e9servation R\u00e9servez d\u00e8s \u00e0 pr\u00e9sent le(s) livre(s) que vous souhaitez acqu\u00e9rir et venez le(s) chercher \u00e0 la gare de Soignies. Un e-mail vous sera envoy\u00e9 d\u00e8s que votre commande sera pr\u00eate. Le paiement se fera sur place (via bancontact ou en liquide). Livraison La livraison est possible avec les frais bpost en vigueur en plus...","og_url":"https:\/\/chtululu.be\/index.php\/panier\/","og_site_name":"Le Chtululu","article_modified_time":"2021-09-19T13:53:24+00:00","twitter_card":"summary_large_image","twitter_misc":{"Dur\u00e9e de lecture estim\u00e9e":"1 minute"},"schema":{"@context":"https:\/\/schema.org","@graph":[{"@type":"WebPage","@id":"https:\/\/chtululu.be\/index.php\/panier\/","url":"https:\/\/chtululu.be\/index.php\/panier\/","name":"Panier - Le Chtululu","isPartOf":{"@id":"https:\/\/chtululu.be\/#website"},"datePublished":"2017-01-02T12:45:01+00:00","dateModified":"2021-09-19T13:53:24+00:00","breadcrumb":{"@id":"https:\/\/chtululu.be\/index.php\/panier\/#breadcrumb"},"inLanguage":"fr-FR","potentialAction":[{"@type":"ReadAction","target":["https:\/\/chtululu.be\/index.php\/panier\/"]}]},{"@type":"BreadcrumbList","@id":"https:\/\/chtululu.be\/index.php\/panier\/#breadcrumb","itemListElement":[{"@type":"ListItem","position":1,"name":"Accueil","item":"https:\/\/chtululu.be\/"},{"@type":"ListItem","position":2,"name":"Panier"}]},{"@type":"WebSite","@id":"https:\/\/chtululu.be\/#website","url":"https:\/\/chtululu.be\/","name":"Le Chtululu","description":"Votre librairie de seconde main \u00e0 Soignies","publisher":{"@id":"https:\/\/chtululu.be\/#organization"},"potentialAction":[{"@type":"SearchAction","target":{"@type":"EntryPoint","urlTemplate":"https:\/\/chtululu.be\/?s={search_term_string}"},"query-input":{"@type":"PropertyValueSpecification","valueRequired":true,"valueName":"search_term_string"}}],"inLanguage":"fr-FR"},{"@type":"Organization","@id":"https:\/\/chtululu.be\/#organization","name":"Le Chtululu","url":"https:\/\/chtululu.be\/","logo":{"@type":"ImageObject","inLanguage":"fr-FR","@id":"https:\/\/chtululu.be\/#\/schema\/logo\/image\/","url":"https:\/\/chtululu.be\/wp-content\/uploads\/2016\/05\/logo-def-blanc.jpg","contentUrl":"https:\/\/chtululu.be\/wp-content\/uploads\/2016\/05\/logo-def-blanc.jpg","width":2048,"height":1901,"caption":"Le Chtululu"},"image":{"@id":"https:\/\/chtululu.be\/#\/schema\/logo\/image\/"}}]}},"_links":{"self":[{"href":"https:\/\/chtululu.be\/index.php\/wp-json\/wp\/v2\/pages\/550","targetHints":{"allow":["GET"]}}],"collection":[{"href":"https:\/\/chtululu.be\/index.php\/wp-json\/wp\/v2\/pages"}],"about":[{"href":"https:\/\/chtululu.be\/index.php\/wp-json\/wp\/v2\/types\/page"}],"author":[{"embeddable":true,"href":"https:\/\/chtululu.be\/index.php\/wp-json\/wp\/v2\/users\/1"}],"replies":[{"embeddable":true,"href":"https:\/\/chtululu.be\/index.php\/wp-json\/wp\/v2\/comments?post=550"}],"version-history":[{"count":9,"href":"https:\/\/chtululu.be\/index.php\/wp-json\/wp\/v2\/pages\/550\/revisions"}],"predecessor-version":[{"id":2862,"href":"https:\/\/chtululu.be\/index.php\/wp-json\/wp\/v2\/pages\/550\/revisions\/2862"}],"wp:attachment":[{"href":"https:\/\/chtululu.be\/index.php\/wp-json\/wp\/v2\/media?parent=550"}],"curies":[{"name":"wp","href":"https:\/\/api.w.org\/{rel}","templated":true}]}}