{"id":2,"date":"2016-01-20T16:23:41","date_gmt":"2016-01-20T15:23:41","guid":{"rendered":"http:\/\/chtululu.be\/?page_id=2"},"modified":"2020-12-03T22:58:41","modified_gmt":"2020-12-03T21:58:41","slug":"librairie","status":"publish","type":"page","link":"https:\/\/chtululu.be\/index.php\/librairie\/","title":{"rendered":"Le Chtululu"},"content":{"rendered":"<h2><strong>Le Chtululu combine le meilleur des deux mondes : le livre et la gourmandise.<\/strong><\/h2>\n<p>Votre train a du retard ? Vous avez oubli\u00e9 votre livre ? Vous avez un petit creux ? Chtululu est l\u00e0 pour vous aider \u00e0 patienter \u00e0 la gare de Soignies.<\/p>\n<h2 style=\"text-align: center;\">Les p\u00e2tisseries<\/h2>\n<p>&nbsp;<\/p>\n<p>&nbsp;<\/p>\n<h2><strong>Qu&rsquo;allez-vous y retrouver ?<\/strong><\/h2>\n<div class=\"su-list\" style=\"margin-left:0px\">\n<ul>\n<li><i class=\"sui sui-bookmark\" style=\"color:#d37201\"><\/i> Une\u00a0s\u00e9lection de livres de seconde main et neufs \u00e0 bas prix.<\/li>\n<li><i class=\"sui sui-bookmark\" style=\"color:#d37201\"><\/i> Une s\u00e9lection de p\u00e2tisseries pratiques \u00e0 emporter : brownies, cookies, donuts, tartelettes au citron, muffin, etc.<\/li>\n<li><i class=\"sui sui-bookmark\" style=\"color:#d37201\"><\/i> Le petit d\u00e9jeuner : des viennoiseries, des smoothies, des fruits, des yaourts, etc.<\/li>\n<li><i class=\"sui sui-bookmark\" style=\"color:#d37201\"><\/i> Les produits Oxfam : jus de fruit et du chocolat.<\/li>\n<li><i class=\"sui sui-bookmark\" style=\"color:#d37201\"><\/i> Caf\u00e9, th\u00e9, chocolat chaud maison.<\/li>\n<li><i class=\"sui sui-bookmark\" style=\"color:#d37201\"><\/i> Des boissons fra\u00eeches.<\/li>\n<li><i class=\"sui sui-bookmark\" style=\"color:#d37201\"><\/i> De la soupe maison avec des l\u00e9gumes de saison issus de l&rsquo;agriculture naturelle.<span style=\"line-height: 1.5;\"><\/div><\/span><\/li>\n<\/ul>\n<h2><\/h2>\n<h2><\/h2>\n<h2><\/h2>\n","protected":false},"excerpt":{"rendered":"<p>Le Chtululu combine le meilleur des deux mondes : le livre et la gourmandise. Votre train a du retard ? Vous avez oubli\u00e9 votre livre ? Vous avez un petit creux ? Chtululu est l\u00e0 pour vous aider \u00e0 patienter \u00e0 la gare de Soignies. Les p\u00e2tisseries &nbsp; &nbsp; Qu&rsquo;allez-vous y retrouver ?<\/p>\n","protected":false},"author":1,"featured_media":134,"parent":0,"menu_order":0,"comment_status":"closed","ping_status":"closed","template":"","meta":{"_acf_changed":false,"_exactmetrics_skip_tracking":false,"_exactmetrics_sitenote_active":false,"_exactmetrics_sitenote_note":"","_exactmetrics_sitenote_category":0,"footnotes":""},"class_list":["post-2","page","type-page","status-publish","has-post-thumbnail","hentry"],"acf":[],"yoast_head":"<!-- This site is optimized with the Yoast SEO plugin v26.6 - https:\/\/yoast.com\/wordpress\/plugins\/seo\/ -->\n<title>Le Chtululu \u00e0 la gare de Soignies - Livres de seconde main &amp; gourmandise<\/title>\n<meta name=\"description\" content=\"Le Chtululu \u00e0 la gare de Soignies combine le meilleur des deux mondes : le livre de seconde main et la gourmandise.\" \/>\n<meta name=\"robots\" content=\"index, follow, max-snippet:-1, max-image-preview:large, max-video-preview:-1\" \/>\n<link rel=\"canonical\" href=\"https:\/\/chtululu.be\/index.php\/librairie\/\" \/>\n<meta property=\"og:locale\" content=\"fr_FR\" \/>\n<meta property=\"og:type\" content=\"article\" \/>\n<meta property=\"og:title\" content=\"Le Chtululu \u00e0 la gare de Soignies - Livres de seconde main &amp; gourmandise\" \/>\n<meta property=\"og:description\" content=\"Le Chtululu \u00e0 la gare de Soignies combine le meilleur des deux mondes : le livre de seconde main et la gourmandise.\" \/>\n<meta property=\"og:url\" content=\"https:\/\/chtululu.be\/index.php\/librairie\/\" \/>\n<meta property=\"og:site_name\" content=\"Le Chtululu\" \/>\n<meta property=\"article:modified_time\" content=\"2020-12-03T21:58:41+00:00\" \/>\n<meta property=\"og:image\" content=\"https:\/\/chtululu.be\/wp-content\/uploads\/2016\/01\/train.jpg\" \/>\n\t<meta property=\"og:image:width\" content=\"1170\" \/>\n\t<meta property=\"og:image:height\" content=\"500\" \/>\n\t<meta property=\"og:image:type\" content=\"image\/jpeg\" \/>\n<meta name=\"twitter:card\" content=\"summary_large_image\" \/>\n<meta name=\"twitter:label1\" content=\"Dur\u00e9e de lecture estim\u00e9e\" \/>\n\t<meta name=\"twitter:data1\" content=\"1 minute\" \/>\n<script type=\"application\/ld+json\" class=\"yoast-schema-graph\">{\"@context\":\"https:\/\/schema.org\",\"@graph\":[{\"@type\":\"WebPage\",\"@id\":\"https:\/\/chtululu.be\/index.php\/librairie\/\",\"url\":\"https:\/\/chtululu.be\/index.php\/librairie\/\",\"name\":\"Le Chtululu \u00e0 la gare de Soignies - Livres de seconde main & gourmandise\",\"isPartOf\":{\"@id\":\"https:\/\/chtululu.be\/#website\"},\"primaryImageOfPage\":{\"@id\":\"https:\/\/chtululu.be\/index.php\/librairie\/#primaryimage\"},\"image\":{\"@id\":\"https:\/\/chtululu.be\/index.php\/librairie\/#primaryimage\"},\"thumbnailUrl\":\"https:\/\/chtululu.be\/wp-content\/uploads\/2016\/01\/train.jpg\",\"datePublished\":\"2016-01-20T15:23:41+00:00\",\"dateModified\":\"2020-12-03T21:58:41+00:00\",\"description\":\"Le Chtululu \u00e0 la gare de Soignies combine le meilleur des deux mondes : le livre de seconde main et la gourmandise.\",\"breadcrumb\":{\"@id\":\"https:\/\/chtululu.be\/index.php\/librairie\/#breadcrumb\"},\"inLanguage\":\"fr-FR\",\"potentialAction\":[{\"@type\":\"ReadAction\",\"target\":[\"https:\/\/chtululu.be\/index.php\/librairie\/\"]}]},{\"@type\":\"ImageObject\",\"inLanguage\":\"fr-FR\",\"@id\":\"https:\/\/chtululu.be\/index.php\/librairie\/#primaryimage\",\"url\":\"https:\/\/chtululu.be\/wp-content\/uploads\/2016\/01\/train.jpg\",\"contentUrl\":\"https:\/\/chtululu.be\/wp-content\/uploads\/2016\/01\/train.jpg\",\"width\":1170,\"height\":500},{\"@type\":\"BreadcrumbList\",\"@id\":\"https:\/\/chtululu.be\/index.php\/librairie\/#breadcrumb\",\"itemListElement\":[{\"@type\":\"ListItem\",\"position\":1,\"name\":\"Accueil\",\"item\":\"https:\/\/chtululu.be\/\"},{\"@type\":\"ListItem\",\"position\":2,\"name\":\"Le Chtululu\"}]},{\"@type\":\"WebSite\",\"@id\":\"https:\/\/chtululu.be\/#website\",\"url\":\"https:\/\/chtululu.be\/\",\"name\":\"Le Chtululu\",\"description\":\"Votre librairie de seconde main \u00e0 Soignies\",\"publisher\":{\"@id\":\"https:\/\/chtululu.be\/#organization\"},\"potentialAction\":[{\"@type\":\"SearchAction\",\"target\":{\"@type\":\"EntryPoint\",\"urlTemplate\":\"https:\/\/chtululu.be\/?s={search_term_string}\"},\"query-input\":{\"@type\":\"PropertyValueSpecification\",\"valueRequired\":true,\"valueName\":\"search_term_string\"}}],\"inLanguage\":\"fr-FR\"},{\"@type\":\"Organization\",\"@id\":\"https:\/\/chtululu.be\/#organization\",\"name\":\"Le Chtululu\",\"url\":\"https:\/\/chtululu.be\/\",\"logo\":{\"@type\":\"ImageObject\",\"inLanguage\":\"fr-FR\",\"@id\":\"https:\/\/chtululu.be\/#\/schema\/logo\/image\/\",\"url\":\"https:\/\/chtululu.be\/wp-content\/uploads\/2016\/05\/logo-def-blanc.jpg\",\"contentUrl\":\"https:\/\/chtululu.be\/wp-content\/uploads\/2016\/05\/logo-def-blanc.jpg\",\"width\":2048,\"height\":1901,\"caption\":\"Le Chtululu\"},\"image\":{\"@id\":\"https:\/\/chtululu.be\/#\/schema\/logo\/image\/\"}}]}<\/script>\n<!-- \/ Yoast SEO plugin. -->","yoast_head_json":{"title":"Le Chtululu \u00e0 la gare de Soignies - Livres de seconde main & gourmandise","description":"Le Chtululu \u00e0 la gare de Soignies combine le meilleur des deux mondes : le livre de seconde main et la gourmandise.","robots":{"index":"index","follow":"follow","max-snippet":"max-snippet:-1","max-image-preview":"max-image-preview:large","max-video-preview":"max-video-preview:-1"},"canonical":"https:\/\/chtululu.be\/index.php\/librairie\/","og_locale":"fr_FR","og_type":"article","og_title":"Le Chtululu \u00e0 la gare de Soignies - Livres de seconde main & gourmandise","og_description":"Le Chtululu \u00e0 la gare de Soignies combine le meilleur des deux mondes : le livre de seconde main et la gourmandise.","og_url":"https:\/\/chtululu.be\/index.php\/librairie\/","og_site_name":"Le Chtululu","article_modified_time":"2020-12-03T21:58:41+00:00","og_image":[{"width":1170,"height":500,"url":"https:\/\/chtululu.be\/wp-content\/uploads\/2016\/01\/train.jpg","type":"image\/jpeg"}],"twitter_card":"summary_large_image","twitter_misc":{"Dur\u00e9e de lecture estim\u00e9e":"1 minute"},"schema":{"@context":"https:\/\/schema.org","@graph":[{"@type":"WebPage","@id":"https:\/\/chtululu.be\/index.php\/librairie\/","url":"https:\/\/chtululu.be\/index.php\/librairie\/","name":"Le Chtululu \u00e0 la gare de Soignies - Livres de seconde main & gourmandise","isPartOf":{"@id":"https:\/\/chtululu.be\/#website"},"primaryImageOfPage":{"@id":"https:\/\/chtululu.be\/index.php\/librairie\/#primaryimage"},"image":{"@id":"https:\/\/chtululu.be\/index.php\/librairie\/#primaryimage"},"thumbnailUrl":"https:\/\/chtululu.be\/wp-content\/uploads\/2016\/01\/train.jpg","datePublished":"2016-01-20T15:23:41+00:00","dateModified":"2020-12-03T21:58:41+00:00","description":"Le Chtululu \u00e0 la gare de Soignies combine le meilleur des deux mondes : le livre de seconde main et la gourmandise.","breadcrumb":{"@id":"https:\/\/chtululu.be\/index.php\/librairie\/#breadcrumb"},"inLanguage":"fr-FR","potentialAction":[{"@type":"ReadAction","target":["https:\/\/chtululu.be\/index.php\/librairie\/"]}]},{"@type":"ImageObject","inLanguage":"fr-FR","@id":"https:\/\/chtululu.be\/index.php\/librairie\/#primaryimage","url":"https:\/\/chtululu.be\/wp-content\/uploads\/2016\/01\/train.jpg","contentUrl":"https:\/\/chtululu.be\/wp-content\/uploads\/2016\/01\/train.jpg","width":1170,"height":500},{"@type":"BreadcrumbList","@id":"https:\/\/chtululu.be\/index.php\/librairie\/#breadcrumb","itemListElement":[{"@type":"ListItem","position":1,"name":"Accueil","item":"https:\/\/chtululu.be\/"},{"@type":"ListItem","position":2,"name":"Le Chtululu"}]},{"@type":"WebSite","@id":"https:\/\/chtululu.be\/#website","url":"https:\/\/chtululu.be\/","name":"Le Chtululu","description":"Votre librairie de seconde main \u00e0 Soignies","publisher":{"@id":"https:\/\/chtululu.be\/#organization"},"potentialAction":[{"@type":"SearchAction","target":{"@type":"EntryPoint","urlTemplate":"https:\/\/chtululu.be\/?s={search_term_string}"},"query-input":{"@type":"PropertyValueSpecification","valueRequired":true,"valueName":"search_term_string"}}],"inLanguage":"fr-FR"},{"@type":"Organization","@id":"https:\/\/chtululu.be\/#organization","name":"Le Chtululu","url":"https:\/\/chtululu.be\/","logo":{"@type":"ImageObject","inLanguage":"fr-FR","@id":"https:\/\/chtululu.be\/#\/schema\/logo\/image\/","url":"https:\/\/chtululu.be\/wp-content\/uploads\/2016\/05\/logo-def-blanc.jpg","contentUrl":"https:\/\/chtululu.be\/wp-content\/uploads\/2016\/05\/logo-def-blanc.jpg","width":2048,"height":1901,"caption":"Le Chtululu"},"image":{"@id":"https:\/\/chtululu.be\/#\/schema\/logo\/image\/"}}]}},"_links":{"self":[{"href":"https:\/\/chtululu.be\/index.php\/wp-json\/wp\/v2\/pages\/2","targetHints":{"allow":["GET"]}}],"collection":[{"href":"https:\/\/chtululu.be\/index.php\/wp-json\/wp\/v2\/pages"}],"about":[{"href":"https:\/\/chtululu.be\/index.php\/wp-json\/wp\/v2\/types\/page"}],"author":[{"embeddable":true,"href":"https:\/\/chtululu.be\/index.php\/wp-json\/wp\/v2\/users\/1"}],"replies":[{"embeddable":true,"href":"https:\/\/chtululu.be\/index.php\/wp-json\/wp\/v2\/comments?post=2"}],"version-history":[{"count":27,"href":"https:\/\/chtululu.be\/index.php\/wp-json\/wp\/v2\/pages\/2\/revisions"}],"predecessor-version":[{"id":1783,"href":"https:\/\/chtululu.be\/index.php\/wp-json\/wp\/v2\/pages\/2\/revisions\/1783"}],"wp:featuredmedia":[{"embeddable":true,"href":"https:\/\/chtululu.be\/index.php\/wp-json\/wp\/v2\/media\/134"}],"wp:attachment":[{"href":"https:\/\/chtululu.be\/index.php\/wp-json\/wp\/v2\/media?parent=2"}],"curies":[{"name":"wp","href":"https:\/\/api.w.org\/{rel}","templated":true}]}}