{"id":1155,"date":"2017-04-17T12:36:17","date_gmt":"2017-04-17T11:36:17","guid":{"rendered":"http:\/\/chtululu.be\/?page_id=1155"},"modified":"2022-08-21T20:18:49","modified_gmt":"2022-08-21T19:18:49","slug":"conditions-generales-de-vente","status":"publish","type":"page","link":"https:\/\/chtululu.be\/index.php\/conditions-generales-de-vente\/","title":{"rendered":"Conditions g\u00e9n\u00e9rales de vente"},"content":{"rendered":"<h2><strong>Article 1<\/strong><strong>\u00a0\u2013 Identit\u00e9 du commer\u00e7ant<\/strong><\/h2>\n<p>Le Chtululu<br \/>\nTerry Gersdorff<br \/>\n96 rue de la Station \u00e0 7060 Soignies<br \/>\n0488\/40 40 28<br \/>\ninfo@chtululu.be<br \/>\nBE0649 776 076<\/p>\n<h2><strong>Article 2<\/strong><strong>\u00a0\u2013 Application des Pr\u00e9sentes conditions g\u00e9n\u00e9rales de vente (CGV)<\/strong><\/h2>\n<ol>\n<li>Les pr\u00e9sentes Conditions G\u00e9n\u00e9rales de vente (ci-apr\u00e8s \u00ab\u00a0CGV\u00a0\u00bb) sont conclues entre d\u2019une part, le Chtululu.be et d\u2019autre part, toute personne physique ou morale souhaitant effectuer une r\u00e9servation sur le Site du Chtululu.be (ci-apr\u00e8s le \u00ab\u00a0Site\u00a0\u00bb), d\u00e9nomm\u00e9e ci-apr\u00e8s \u00ab\u00a0le Client\u00a0\u00bb.<\/li>\n<li>Les Parties conviennent que leurs relations seront r\u00e9gies exclusivement et sans r\u00e9serve par les Pr\u00e9sentes CGV.<\/li>\n<li>Le fait pour le Client de valider une r\u00e9servation sur le Site emporte acceptation pleine et enti\u00e8re des pr\u00e9sentes CGV dont le Client reconna\u00eet explicitement avoir pris connaissance pr\u00e9alablement \u00e0 la conclusion d\u2019une R\u00e9servation.<\/li>\n<li>Compte tenu des \u00e9volutions \u00e9ventuelles du site, le Chtululu se r\u00e9serve le droit de modifier, \u00e0 tout moment ses CGV par simple modification en ligne, \u00e9tant entendu que de telles modifications seront inapplicables aux Commandes pass\u00e9es ant\u00e9rieurement \u00e0 ladite modification. L\u2019utilisation continue du site faisant suite \u00e0 la publication des modifications implique que le Client accepte et marque d\u2019ores et d\u00e9j\u00e0 son accord sur lesdites modifications des CGV.<\/li>\n<li>Si pour une quelconque raison une des clauses des Pr\u00e9sentes CGV devait \u00eatre d\u00e9clar\u00e9e inapplicable, cette inapplicabilit\u00e9 n&rsquo;affecterait pas l&rsquo;application des autres clauses desdites CGV.<\/li>\n<\/ol>\n<h2><strong>Article 3<\/strong><strong>\u00a0\u2013\u00a0Objet<\/strong><\/h2>\n<p>Les Pr\u00e9sentes CGV visent \u00e0 d\u00e9finir les conditions et modalit\u00e9s de r\u00e9servation entre le Chtululu.be et le Client. Elles r\u00e8glent toutes les \u00e9tapes n\u00e9cessaires \u00e0 la passation de la R\u00e9servation et assurent le suivi de cette R\u00e9servation\u00a0entre les Parties.<\/p>\n<h2><strong>Article 4<\/strong><strong>\u00a0\u2013\u00a0Articles en vente<\/strong><\/h2>\n<p>Les produits du Site sont des livres, BD, mangas ou encyclop\u00e9dies de seconde main. Par cons\u00e9quent, le nombre d&rsquo;exemplaire par produit est limit\u00e9 et variable selon les rentr\u00e9es du stock.<\/p>\n<h2><strong>Article 5<\/strong><strong>\u00a0\u2013\u00a0Prix<\/strong><\/h2>\n<p>Tous les prix affich\u00e9s sur le site internet sont TVA inclus, sous r\u00e9serve de fautes de frappe ou d&rsquo;erreurs.<\/p>\n<h2><strong>Article 6<\/strong><strong>\u00a0\u2013\u00a0Proc\u00e9dure de\u00a0r\u00e9servation<\/strong><\/h2>\n<ol>\n<li>Le Site propose uniquement la r\u00e9servation des livres du catalogue non expos\u00e9s \u00e0 la vente sur place.<\/li>\n<li>Le visiteur du Site peut r\u00e9aliser une r\u00e9servation en suivant la proc\u00e9dure suivante.<\/li>\n<\/ol>\n<p><em>S\u00e9lection du produit<\/em><br \/>\nVous pouvez effectuer une recherche dans notre catalogue gr\u00e2ce aux cat\u00e9gories situ\u00e9es \u00e0 droite de la page &lsquo;Les Livres d&rsquo;occasion&rsquo; (<a href=\"http:\/\/chtululu.be\/index.php\/boutique\/\">ici<\/a>). Vous pouvez, pour chaque produit, obtenir une fiche contenant de plus amples informations au sujet de celui-ci. Chaque produit propos\u00e9 sur le site est d\u00e9crit de bonne foi et le plus fid\u00e8lement possible. Pour r\u00e9server le produit, cliquez sur le lien \u00ab Ajouter au panier \u00bb.<\/p>\n<p>Vous pouvez \u00e9galement commander un certain nombre de produits \u00e0 la une via la page d\u2019accueil.<\/p>\n<p><em>Nombre d\u2019exemplaires <\/em><br \/>\nLes produits sont, sauf exception, disponibles qu&rsquo;en un seul exemplaire. Le stock n&rsquo;est pas garanti.<\/p>\n<p><em>Identification du visiteur<\/em><br \/>\nSi le client n\u2019est pas encore identifi\u00e9, il doit s\u2019identifier pendant la proc\u00e9dure de r\u00e9servation\u00a0afin de pouvoir r\u00e9server\u00a0les produits dans son panier.<\/p>\n<p>En cas d\u2019erreur dans le formulaire d\u2019enregistrement, un message d\u2019erreur appara\u00eet.<\/p>\n<p><em>Confirmation de la r\u00e9servation<\/em><br \/>\nApr\u00e8s l\u2019identification, le client voit un r\u00e9sum\u00e9 de sa commande, avec les coordonn\u00e9es de facturation et de livraison.<\/p>\n<p>\u00c0 cette \u00e9tape, toutes les donn\u00e9es peuvent encore \u00eatre modifi\u00e9es.<\/p>\n<p>Ce n\u2019est qu\u2019apr\u00e8s avoir cliqu\u00e9 sur \u00ab Proc\u00e9der \u00e0 la commande \u00bb que le client a finalis\u00e9 la r\u00e9servation. Le client re\u00e7oit un message de confirmation de sa r\u00e9servation. Le r\u00e9sum\u00e9 de sa commande lui est \u00e9galement envoy\u00e9 par e-mail.<\/p>\n<h2><strong>Article 7<\/strong><strong>\u00a0\u2013 Retrait en magasin<\/strong><\/h2>\n<ol>\n<li>Le Client doit venir chercher sa r\u00e9servation \u00e0 la gare de Soignies (96 rue de la Station). Les envois postaux sont accept\u00e9s. Les frais de transports sont \u00e0 ajouter aux prix affich\u00e9s et suivent les tarifs en vigueur chez bpost.<\/li>\n<li>Le Client est soumis \u00e0 venir chercher sa r\u00e9servation dans les 15 jours \u00e0 dater de la date de la r\u00e9servation. Au-del\u00e0 de ces 15 jours, la r\u00e9servation est consid\u00e9r\u00e9e comme nulle.<\/li>\n<li>Pour enlever sa r\u00e9servation, le Client devra pr\u00e9senter le bordereau de commande re\u00e7u par e-mail.<\/li>\n<\/ol>\n<h2><strong>Article 8<\/strong><strong>\u00a0\u2013\u00a0Paiement<\/strong><\/h2>\n<p>Pour le retrait en magasin, le paiement est \u00e0 effectuer sur place, \u00e0 la remise du produit. Le paiement est possible par Bancontact ou en liquide.<\/p>\n<p>Pour une commande avec livraison, le paiement se fait par virement bancaire. Les donn\u00e9es bancaires du Chtululu sont pr\u00e9cis\u00e9es au Client par e-mail apr\u00e8s v\u00e9rification du stock.<\/p>\n<h2><strong>Article 9<\/strong><strong>\u00a0&#8211; Droit de r\u00e9tractation\u00a0<\/strong><\/h2>\n<p>Si l&rsquo;\u00e9tat du livre ne correspond pas \u00e0 la description faite sur le site, le Client peut se r\u00e9tracter au moment du retrait en magasin.<\/p>\n<h2><strong>Article 10<\/strong><strong>\u00a0&#8211; Litiges<\/strong><\/h2>\n<p>Les contrats, conclus entre le Chtululu.be et le Client auxquels se rapportent les pr\u00e9sentes conditions g\u00e9n\u00e9rales, sont r\u00e9gis exclusivement par le droit belge.<\/p>\n<h2><strong>Article\u00a0<\/strong><strong>11<\/strong><strong>\u00a0\u2013 Traitement des donn\u00e9es personnelles et respect de la vie priv\u00e9e<\/strong><\/h2>\n<ol style=\"list-style-type: disc;\">\n<li>Le Client garantit de fournir des donn\u00e9es personnelles correctes et compl\u00e8tes lors de la Commande via le Site ou lors de son inscription \u00e0 d\u2019autres services propos\u00e9s sur le Site. Le Chtululu.be garantit la confidentialit\u00e9 de toutes les donn\u00e9es fournies \u00e0 l\u2019occasion de l\u2019inscription du Client sur le Site. La r\u00e9colte lesdites donn\u00e9es \u00e0 caract\u00e8re personnel sur son Site pour les finalit\u00e9s suivantes :\n<ul style=\"list-style-type: disc;\">\n<li class=\"first\">constitution d\u2019une base de donn\u00e9es \u00ab\u00a0Clients\u00a0\u00bb<\/li>\n<li class=\"last\">envoi de Newsletters aux Clients souhaitant les recevoir, et qui s\u2019inscrivent.<\/li>\n<\/ul>\n<p>Le Chtululu.be est responsable du traitement des donn\u00e9es. En aucun cas le Chtululu.be n\u2019utilisera les donn\u00e9es r\u00e9colt\u00e9es \u00e0 des fins de direct marketing.<\/p>\n<p>Selon les dispositions de la loi Vie priv\u00e9e (08\/12\/1998), le Client dispose d\u2019un droit d\u2019acc\u00e8s, de contr\u00f4le, de rectification, et \u00e9ventuellement de suppression de ses donn\u00e9es \u00e0 caract\u00e8re personnel qui seraient inexactes, incompl\u00e8tes ou non pertinentes. Toute demande \u00e0 cet \u00e9gard peut \u00eatre adress\u00e9e au Chtululu.be par <a href=\"mailto:info@chtululu.be\">e-mail<\/a>.<\/li>\n<\/ol>\n","protected":false},"excerpt":{"rendered":"<p>Article 1\u00a0\u2013 Identit\u00e9 du commer\u00e7ant Le Chtululu Terry Gersdorff 96 rue de la Station \u00e0 7060 Soignies 0488\/40 40 28 info@chtululu.be BE0649 776 076 Article 2\u00a0\u2013 Application des Pr\u00e9sentes conditions g\u00e9n\u00e9rales de vente (CGV) Les pr\u00e9sentes Conditions G\u00e9n\u00e9rales de vente (ci-apr\u00e8s \u00ab\u00a0CGV\u00a0\u00bb) sont conclues entre d\u2019une part, le Chtululu.be et d\u2019autre part, toute personne physique&#8230; <\/p>\n","protected":false},"author":1,"featured_media":0,"parent":0,"menu_order":0,"comment_status":"closed","ping_status":"closed","template":"","meta":{"_acf_changed":false,"_exactmetrics_skip_tracking":false,"_exactmetrics_sitenote_active":false,"_exactmetrics_sitenote_note":"","_exactmetrics_sitenote_category":0,"footnotes":""},"class_list":["post-1155","page","type-page","status-publish","hentry"],"acf":[],"yoast_head":"<!-- This site is optimized with the Yoast SEO plugin v26.6 - https:\/\/yoast.com\/wordpress\/plugins\/seo\/ -->\n<title>Conditions g\u00e9n\u00e9rales de vente - Le Chtululu<\/title>\n<meta name=\"robots\" content=\"index, follow, max-snippet:-1, max-image-preview:large, max-video-preview:-1\" \/>\n<link rel=\"canonical\" href=\"https:\/\/chtululu.be\/index.php\/conditions-generales-de-vente\/\" \/>\n<meta property=\"og:locale\" content=\"fr_FR\" \/>\n<meta property=\"og:type\" content=\"article\" \/>\n<meta property=\"og:title\" content=\"Conditions g\u00e9n\u00e9rales de vente - Le Chtululu\" \/>\n<meta property=\"og:description\" content=\"Article 1\u00a0\u2013 Identit\u00e9 du commer\u00e7ant Le Chtululu Terry Gersdorff 96 rue de la Station \u00e0 7060 Soignies 0488\/40 40 28 info@chtululu.be BE0649 776 076 Article 2\u00a0\u2013 Application des Pr\u00e9sentes conditions g\u00e9n\u00e9rales de vente (CGV) Les pr\u00e9sentes Conditions G\u00e9n\u00e9rales de vente (ci-apr\u00e8s \u00ab\u00a0CGV\u00a0\u00bb) sont conclues entre d\u2019une part, le Chtululu.be et d\u2019autre part, toute personne physique...\" \/>\n<meta property=\"og:url\" content=\"https:\/\/chtululu.be\/index.php\/conditions-generales-de-vente\/\" \/>\n<meta property=\"og:site_name\" content=\"Le Chtululu\" \/>\n<meta property=\"article:modified_time\" content=\"2022-08-21T19:18:49+00:00\" \/>\n<meta name=\"twitter:card\" content=\"summary_large_image\" \/>\n<meta name=\"twitter:label1\" content=\"Dur\u00e9e de lecture estim\u00e9e\" \/>\n\t<meta name=\"twitter:data1\" content=\"5 minutes\" \/>\n<script type=\"application\/ld+json\" class=\"yoast-schema-graph\">{\"@context\":\"https:\/\/schema.org\",\"@graph\":[{\"@type\":\"WebPage\",\"@id\":\"https:\/\/chtululu.be\/index.php\/conditions-generales-de-vente\/\",\"url\":\"https:\/\/chtululu.be\/index.php\/conditions-generales-de-vente\/\",\"name\":\"Conditions g\u00e9n\u00e9rales de vente - Le Chtululu\",\"isPartOf\":{\"@id\":\"https:\/\/chtululu.be\/#website\"},\"datePublished\":\"2017-04-17T11:36:17+00:00\",\"dateModified\":\"2022-08-21T19:18:49+00:00\",\"breadcrumb\":{\"@id\":\"https:\/\/chtululu.be\/index.php\/conditions-generales-de-vente\/#breadcrumb\"},\"inLanguage\":\"fr-FR\",\"potentialAction\":[{\"@type\":\"ReadAction\",\"target\":[\"https:\/\/chtululu.be\/index.php\/conditions-generales-de-vente\/\"]}]},{\"@type\":\"BreadcrumbList\",\"@id\":\"https:\/\/chtululu.be\/index.php\/conditions-generales-de-vente\/#breadcrumb\",\"itemListElement\":[{\"@type\":\"ListItem\",\"position\":1,\"name\":\"Accueil\",\"item\":\"https:\/\/chtululu.be\/\"},{\"@type\":\"ListItem\",\"position\":2,\"name\":\"Conditions g\u00e9n\u00e9rales de vente\"}]},{\"@type\":\"WebSite\",\"@id\":\"https:\/\/chtululu.be\/#website\",\"url\":\"https:\/\/chtululu.be\/\",\"name\":\"Le Chtululu\",\"description\":\"Votre librairie de seconde main \u00e0 Soignies\",\"publisher\":{\"@id\":\"https:\/\/chtululu.be\/#organization\"},\"potentialAction\":[{\"@type\":\"SearchAction\",\"target\":{\"@type\":\"EntryPoint\",\"urlTemplate\":\"https:\/\/chtululu.be\/?s={search_term_string}\"},\"query-input\":{\"@type\":\"PropertyValueSpecification\",\"valueRequired\":true,\"valueName\":\"search_term_string\"}}],\"inLanguage\":\"fr-FR\"},{\"@type\":\"Organization\",\"@id\":\"https:\/\/chtululu.be\/#organization\",\"name\":\"Le Chtululu\",\"url\":\"https:\/\/chtululu.be\/\",\"logo\":{\"@type\":\"ImageObject\",\"inLanguage\":\"fr-FR\",\"@id\":\"https:\/\/chtululu.be\/#\/schema\/logo\/image\/\",\"url\":\"https:\/\/chtululu.be\/wp-content\/uploads\/2016\/05\/logo-def-blanc.jpg\",\"contentUrl\":\"https:\/\/chtululu.be\/wp-content\/uploads\/2016\/05\/logo-def-blanc.jpg\",\"width\":2048,\"height\":1901,\"caption\":\"Le Chtululu\"},\"image\":{\"@id\":\"https:\/\/chtululu.be\/#\/schema\/logo\/image\/\"}}]}<\/script>\n<!-- \/ Yoast SEO plugin. -->","yoast_head_json":{"title":"Conditions g\u00e9n\u00e9rales de vente - Le Chtululu","robots":{"index":"index","follow":"follow","max-snippet":"max-snippet:-1","max-image-preview":"max-image-preview:large","max-video-preview":"max-video-preview:-1"},"canonical":"https:\/\/chtululu.be\/index.php\/conditions-generales-de-vente\/","og_locale":"fr_FR","og_type":"article","og_title":"Conditions g\u00e9n\u00e9rales de vente - Le Chtululu","og_description":"Article 1\u00a0\u2013 Identit\u00e9 du commer\u00e7ant Le Chtululu Terry Gersdorff 96 rue de la Station \u00e0 7060 Soignies 0488\/40 40 28 info@chtululu.be BE0649 776 076 Article 2\u00a0\u2013 Application des Pr\u00e9sentes conditions g\u00e9n\u00e9rales de vente (CGV) Les pr\u00e9sentes Conditions G\u00e9n\u00e9rales de vente (ci-apr\u00e8s \u00ab\u00a0CGV\u00a0\u00bb) sont conclues entre d\u2019une part, le Chtululu.be et d\u2019autre part, toute personne physique...","og_url":"https:\/\/chtululu.be\/index.php\/conditions-generales-de-vente\/","og_site_name":"Le Chtululu","article_modified_time":"2022-08-21T19:18:49+00:00","twitter_card":"summary_large_image","twitter_misc":{"Dur\u00e9e de lecture estim\u00e9e":"5 minutes"},"schema":{"@context":"https:\/\/schema.org","@graph":[{"@type":"WebPage","@id":"https:\/\/chtululu.be\/index.php\/conditions-generales-de-vente\/","url":"https:\/\/chtululu.be\/index.php\/conditions-generales-de-vente\/","name":"Conditions g\u00e9n\u00e9rales de vente - Le Chtululu","isPartOf":{"@id":"https:\/\/chtululu.be\/#website"},"datePublished":"2017-04-17T11:36:17+00:00","dateModified":"2022-08-21T19:18:49+00:00","breadcrumb":{"@id":"https:\/\/chtululu.be\/index.php\/conditions-generales-de-vente\/#breadcrumb"},"inLanguage":"fr-FR","potentialAction":[{"@type":"ReadAction","target":["https:\/\/chtululu.be\/index.php\/conditions-generales-de-vente\/"]}]},{"@type":"BreadcrumbList","@id":"https:\/\/chtululu.be\/index.php\/conditions-generales-de-vente\/#breadcrumb","itemListElement":[{"@type":"ListItem","position":1,"name":"Accueil","item":"https:\/\/chtululu.be\/"},{"@type":"ListItem","position":2,"name":"Conditions g\u00e9n\u00e9rales de vente"}]},{"@type":"WebSite","@id":"https:\/\/chtululu.be\/#website","url":"https:\/\/chtululu.be\/","name":"Le Chtululu","description":"Votre librairie de seconde main \u00e0 Soignies","publisher":{"@id":"https:\/\/chtululu.be\/#organization"},"potentialAction":[{"@type":"SearchAction","target":{"@type":"EntryPoint","urlTemplate":"https:\/\/chtululu.be\/?s={search_term_string}"},"query-input":{"@type":"PropertyValueSpecification","valueRequired":true,"valueName":"search_term_string"}}],"inLanguage":"fr-FR"},{"@type":"Organization","@id":"https:\/\/chtululu.be\/#organization","name":"Le Chtululu","url":"https:\/\/chtululu.be\/","logo":{"@type":"ImageObject","inLanguage":"fr-FR","@id":"https:\/\/chtululu.be\/#\/schema\/logo\/image\/","url":"https:\/\/chtululu.be\/wp-content\/uploads\/2016\/05\/logo-def-blanc.jpg","contentUrl":"https:\/\/chtululu.be\/wp-content\/uploads\/2016\/05\/logo-def-blanc.jpg","width":2048,"height":1901,"caption":"Le Chtululu"},"image":{"@id":"https:\/\/chtululu.be\/#\/schema\/logo\/image\/"}}]}},"_links":{"self":[{"href":"https:\/\/chtululu.be\/index.php\/wp-json\/wp\/v2\/pages\/1155","targetHints":{"allow":["GET"]}}],"collection":[{"href":"https:\/\/chtululu.be\/index.php\/wp-json\/wp\/v2\/pages"}],"about":[{"href":"https:\/\/chtululu.be\/index.php\/wp-json\/wp\/v2\/types\/page"}],"author":[{"embeddable":true,"href":"https:\/\/chtululu.be\/index.php\/wp-json\/wp\/v2\/users\/1"}],"replies":[{"embeddable":true,"href":"https:\/\/chtululu.be\/index.php\/wp-json\/wp\/v2\/comments?post=1155"}],"version-history":[{"count":8,"href":"https:\/\/chtululu.be\/index.php\/wp-json\/wp\/v2\/pages\/1155\/revisions"}],"predecessor-version":[{"id":3189,"href":"https:\/\/chtululu.be\/index.php\/wp-json\/wp\/v2\/pages\/1155\/revisions\/3189"}],"wp:attachment":[{"href":"https:\/\/chtululu.be\/index.php\/wp-json\/wp\/v2\/media?parent=1155"}],"curies":[{"name":"wp","href":"https:\/\/api.w.org\/{rel}","templated":true}]}}